{"id":498,"date":"2016-11-24T20:05:01","date_gmt":"2016-11-24T20:05:01","guid":{"rendered":"https:\/\/carnival-ticketrio.com\/?page_id=498"},"modified":"2025-08-22T13:51:14","modified_gmt":"2025-08-22T13:51:14","slug":"rio-carnaval-ingressos","status":"publish","type":"page","link":"https:\/\/carnival.ticketrio.com.br\/pt\/rio-carnaval-ingressos\/","title":{"rendered":"Ingressos Samb\u00f3dromo Rio"},"content":{"rendered":"<h1>Ticket Rio Carnaval 2026<\/h1>\n<h2>Acesse a nossa loja virtual (em portugu\u00eas) em <a href=\"https:\/\/loja.ticketrio.com.br\">https:\/\/loja.ticketrio.com.br<\/a> e compre o seu Ingresso de Carnaval Samb\u00f3dromo Rio com todo Conforto e Seguran\u00e7a.<\/h2>\n<div id=\"panel-0-0-0\" class=\"panel widget widget_text panel-first-child\">\n<div class=\"textwidget\" style=\"text-align: justify;\"><strong><br \/>\nA Ticket Rio faz parte do Carnaval do Rio h\u00e1 mais de 10 anos. Nossa ag\u00eancia de viagens \u00e9 especializada na venda de ingressos para o Carnaval do Rio Samb\u00f3dromo e est\u00e1 localizada em uma loja f\u00edsica em um dos mais populares centros comerciais da Barra da Tijuca. Oferecemos todos os tipos de ingressos para a Sapuca\u00ed. Nosso pacote inclui brindes, transfer (em alguns pacotes), e qualquer assistente que voc\u00ea possa precisar. Desfrute do maior espet\u00e1culo na Terra nos assentos da Arquibancada, Frisas, Camarotes e Super Camarotes VIP lounge. <\/strong><\/div>\n<\/div>\n<div id=\"panel-0-0-1\" class=\"panel widget widget_button panel-last-child\">&nbsp;<\/div>\n<p><img loading=\"lazy\" decoding=\"async\" class=\"size-medium wp-image-82 alignleft\" src=\"https:\/\/carnival-ticketrio.com\/wp-content\/uploads\/2016\/10\/Frisas-view-with-color-indification-cropped-min-500x500-300x300.jpg\" alt=\"frisas-view-with-color-indification-cropped-min-500x500\" width=\"300\" height=\"300\" srcset=\"https:\/\/carnival.ticketrio.com.br\/wp-content\/uploads\/2016\/10\/Frisas-view-with-color-indification-cropped-min-500x500-300x300.jpg 300w, https:\/\/carnival.ticketrio.com.br\/wp-content\/uploads\/2016\/10\/Frisas-view-with-color-indification-cropped-min-500x500-150x150.jpg 150w, https:\/\/carnival.ticketrio.com.br\/wp-content\/uploads\/2016\/10\/Frisas-view-with-color-indification-cropped-min-500x500.jpg 500w\" sizes=\"auto, (max-width: 300px) 100vw, 300px\" \/><img loading=\"lazy\" decoding=\"async\" class=\"size-medium wp-image-83 alignleft\" src=\"https:\/\/carnival-ticketrio.com\/wp-content\/uploads\/2016\/10\/View-of-Arquibancadas-with-color-indicators-cropped-min-500x500-300x300.jpg\" alt=\"view-of-arquibancadas-with-color-indicators-cropped-min-500x500\" width=\"300\" height=\"300\" srcset=\"https:\/\/carnival.ticketrio.com.br\/wp-content\/uploads\/2016\/10\/View-of-Arquibancadas-with-color-indicators-cropped-min-500x500-300x300.jpg 300w, https:\/\/carnival.ticketrio.com.br\/wp-content\/uploads\/2016\/10\/View-of-Arquibancadas-with-color-indicators-cropped-min-500x500-150x150.jpg 150w, https:\/\/carnival.ticketrio.com.br\/wp-content\/uploads\/2016\/10\/View-of-Arquibancadas-with-color-indicators-cropped-min-500x500.jpg 500w\" sizes=\"auto, (max-width: 300px) 100vw, 300px\" \/><\/p>\n<p style=\"text-align: justify;\">Com trinta mil participantes fazendo o samba ao longo da pista de meia milha, e um espa\u00e7o grande o suficiente para acomodar mais de 90.000 espectadores, o <a href=\"https:\/\/www.carnavalticketrio.com\/rio-carnival-tickets-sambodrome-guide\">Samb\u00f3dromo<\/a> \u00e9, sem d\u00favida, o maior espet\u00e1culo na terra. O est\u00e1dio foi projetado especialmente para a parada do Samba no carnaval de Rio com um n\u00famero de setores independentes com assentos de frisas e as arquibancadas em ambos os lados da pista do desfile. Por raz\u00f5es variadas, o est\u00e1dio \u00e9 o favorito de todos os designers de carnaval, que mant\u00eam o Samb\u00f3dromo em mente ao criar seu tema para o Carnaval. A atmosfera no Samb\u00f3dromo em noites de Carnaval \u00e9 verdadeiramente eletrizante. O est\u00e1dio \u00e9 bem iluminado com efeitos especiais, enquanto os aplausos retumbantes dos espectadores e os ritmos pulsantes dos batimentos de samba pode ser ouvido por quil\u00f4metros ao redor.<\/p>\n<p style=\"text-align: justify;\"><strong>Rio Carnaval Ingressos&nbsp;<\/strong><\/p>\n<p>O Samb\u00f3dromo do Rio \u00e9 dividido em 5 classe de servi\u00e7os prestados. Os ingressos podem ser comprados de acordo com o or\u00e7amento que voc\u00ea possui. Todos os tipos de ingressos de carnaval s\u00e3o bons, mas a escolha realmente depende do que voc\u00ea est\u00e1 procurando. Abaixo voc\u00ea encontrar\u00e1 algumas informa\u00e7\u00f5es sobre os assentos de Arquibancadas, Frisas, Cadeira de Pista, &nbsp;Camarotes e Super Camarotes.<\/p>\n<p><img loading=\"lazy\" decoding=\"async\" class=\"size-medium wp-image-117 alignleft\" src=\"https:\/\/carnival-ticketrio.com\/wp-content\/uploads\/2016\/10\/13-300x200.jpg\" alt=\"13\" width=\"300\" height=\"200\" srcset=\"https:\/\/carnival.ticketrio.com.br\/wp-content\/uploads\/2016\/10\/13-300x200.jpg 300w, https:\/\/carnival.ticketrio.com.br\/wp-content\/uploads\/2016\/10\/13-768x513.jpg 768w, https:\/\/carnival.ticketrio.com.br\/wp-content\/uploads\/2016\/10\/13-1024x683.jpg 1024w, https:\/\/carnival.ticketrio.com.br\/wp-content\/uploads\/2016\/10\/13.jpg 1476w\" sizes=\"auto, (max-width: 300px) 100vw, 300px\" \/><img loading=\"lazy\" decoding=\"async\" class=\"size-medium wp-image-111 alignleft\" src=\"https:\/\/carnival-ticketrio.com\/wp-content\/uploads\/2016\/10\/8-300x200.jpg\" alt=\"8\" width=\"300\" height=\"200\" srcset=\"https:\/\/carnival.ticketrio.com.br\/wp-content\/uploads\/2016\/10\/8-300x200.jpg 300w, https:\/\/carnival.ticketrio.com.br\/wp-content\/uploads\/2016\/10\/8-768x513.jpg 768w, https:\/\/carnival.ticketrio.com.br\/wp-content\/uploads\/2016\/10\/8-1024x683.jpg 1024w, https:\/\/carnival.ticketrio.com.br\/wp-content\/uploads\/2016\/10\/8.jpg 1476w\" sizes=\"auto, (max-width: 300px) 100vw, 300px\" \/><\/p>\n<h3>Tipos de Ingressos<\/h3>\n<p>A primeira coisa que voc\u00ea deve considerar \u00e9 a<br \/>\nTipos de bilhetes que pretende adquirir. Existem cinco op\u00e7\u00f5es:<\/p>\n<p style=\"text-align: justify;\"><strong><br \/>\nARQUIBANCADAS&nbsp;<\/strong><br \/>\nOutros nomes: <a href=\"https:\/\/www.carnavalticketrio.com\/rio-carnival-parade-tickets-sambadrome\/rio-carnival-tickets-grandstand-tickets\">Arquibancadas<\/a>, Grandstand seats, bancadas.<br \/>\nO maior vendedor. Grande vis\u00e3o geral de onde a maioria dos brasileiros preferem assistir ao desfile. Muito acess\u00edvel e excitante lugar para ser. N\u00e3o possui assentos numerados (exceto setor 09), o que significa que voc\u00ea ter\u00e1 que manter o seu lugar durante toda a noite. Al\u00e9m disso, \u00e9 uma boa id\u00e9ia chegar um pouco cedo, a fim de obter um bom lugar.<\/p>\n<p style=\"text-align: justify;\"><strong><br \/>\nFRISAS&nbsp;<\/strong><br \/>\nOutros nomes: <a href=\"https:\/\/www.carnavalticketrio.com\/rio-carnival-parade-tickets-sambadrome\/rio-carnival-tickets-open-box-cd\">Caixas frontais<\/a>, Frisas. Frisas s\u00e3o considerados os melhores lugares para aqueles que apenas se preocupam em assistir ao desfile. Eles n\u00e3o t\u00eam qualquer servi\u00e7o inclu\u00eddo, mas eles est\u00e3o muito perto do desfile com assentos numerados. S\u00e3o 4 filas dispon\u00edveis, e o pre\u00e7o depende de cada fila que voc\u00ea escolher. A fila A est\u00e1 colada na avenida e a fila mais cara. As filas B, C e D t\u00eam uma degrau mais alto do que a outra, para que nenhuma fila fique na frente da outra (bloqueando a vista), proporcionando uma boa vis\u00e3o de qualquer fila.<\/p>\n<p><strong>&nbsp;CADEIRA DE PISTA&nbsp;<\/strong><br \/>\n<img loading=\"lazy\" decoding=\"async\" class=\"size-full wp-image-224 alignleft\" src=\"https:\/\/carnival-ticketrio.com\/wp-content\/uploads\/2016\/10\/Allocated-Chairs_carnival_rio.jpg\" alt=\"allocated-chairs_carnival_rio\" width=\"274\" height=\"240\" \/><\/p>\n<p style=\"text-align: justify;\">Other names: <a href=\"http:\/\/www.carnavalticketrio.com\/rio-carnival-tickets-sambodrome-2017\/rio-carnival-ticket-allocated-chair\">Numbered Chairs<\/a>, Cadeiras Numeradas,<br \/>\nAs cadeiras de pista est\u00e3o localizadas apenas no setor 12 ou 13 (parte final do samb\u00f3dromo). Eles s\u00e3o mais acess\u00edveis do que as frisas e tamb\u00e9m s\u00e3o assentos numerados. &nbsp;Por\u00e9m na frente das cadeiras de pista voc\u00ea encontrar\u00e1 2 fileiras de frisas do setor 12\/13.<\/p>\n<p style=\"text-align: justify;\"><strong><img loading=\"lazy\" decoding=\"async\" class=\"size-medium wp-image-288 alignright\" src=\"https:\/\/carnival-ticketrio.com\/wp-content\/uploads\/2016\/10\/vip-box-carnival-300x300.jpg\" alt=\"vip-box-carnival\" width=\"300\" height=\"300\" srcset=\"https:\/\/carnival.ticketrio.com.br\/wp-content\/uploads\/2016\/10\/vip-box-carnival-300x300.jpg 300w, https:\/\/carnival.ticketrio.com.br\/wp-content\/uploads\/2016\/10\/vip-box-carnival-150x150.jpg 150w, https:\/\/carnival.ticketrio.com.br\/wp-content\/uploads\/2016\/10\/vip-box-carnival.jpg 373w\" sizes=\"auto, (max-width: 300px) 100vw, 300px\" \/><br \/>\nCAMAROTES<br \/>\n<\/strong><\/p>\n<p style=\"text-align: justify;\">Other names: <a href=\"https:\/\/www.carnavalticketrio.com\/rio-carnival-parade-tickets-sambadrome\">Luxor Covered Suites<\/a>, Camarotes, Private Suites.<br \/>\nOs camarotes tradicionais localizam-se no primeiro ou segundo andar do samb\u00f3dromo. O primeiro andar \u00e9 at\u00e9 15 pessoas e 2 \u00ba andar (tem uma varanda) s\u00e3o at\u00e9 18 pessoas. S\u00e3o \u00e1reas pequenas, mas com servi\u00e7o VIP &nbsp;com todos os servi\u00e7os inclusos. Voc\u00ea pode comprar um \u00fanico bilhete e compartilhar o camarote com outros clientes ou comprar o camarote inteiro para o seu grupo de amigo ou empresa. Eles s\u00e3o mais indicados para pessoas que querem servi\u00e7os VIP com privacidade<\/p>\n<p style=\"text-align: justify;\"><strong>SUPER CAMAROTES LOUNGE&nbsp;<\/strong><br \/>\nOther names: <a href=\"https:\/\/www.carnavalticketrio.com\/rio-carnival-parade-tickets-sambadrome\/rio-carnival-tickets-super-vip-lounge\">Super VIP Lounges Suites<\/a>, Super Camarotes, Super VIP Lounges.<img loading=\"lazy\" decoding=\"async\" class=\"size-medium wp-image-121 alignleft\" src=\"https:\/\/carnival-ticketrio.com\/wp-content\/uploads\/2016\/10\/global-300x225.jpg\" rel='magnific' alt=\"global\" width=\"300\" height=\"225\" srcset=\"https:\/\/carnival.ticketrio.com.br\/wp-content\/uploads\/2016\/10\/global-300x225.jpg 300w, https:\/\/carnival.ticketrio.com.br\/wp-content\/uploads\/2016\/10\/global-768x576.jpg 768w, https:\/\/carnival.ticketrio.com.br\/wp-content\/uploads\/2016\/10\/global.jpg 960w\" sizes=\"auto, (max-width: 300px) 100vw, 300px\" \/><img loading=\"lazy\" decoding=\"async\" class=\"size-medium wp-image-110 alignright\" src=\"https:\/\/carnival-ticketrio.com\/wp-content\/uploads\/2016\/10\/12651161_968996179804124_6043240267659987745_n-300x169.jpg\" alt=\"12651161_968996179804124_6043240267659987745_n\" width=\"300\" height=\"169\" srcset=\"https:\/\/carnival.ticketrio.com.br\/wp-content\/uploads\/2016\/10\/12651161_968996179804124_6043240267659987745_n-300x169.jpg 300w, https:\/\/carnival.ticketrio.com.br\/wp-content\/uploads\/2016\/10\/12651161_968996179804124_6043240267659987745_n-768x432.jpg 768w, https:\/\/carnival.ticketrio.com.br\/wp-content\/uploads\/2016\/10\/12651161_968996179804124_6043240267659987745_n.jpg 960w\" sizes=\"auto, (max-width: 300px) 100vw, 300px\" \/><br \/>\nO Super Camarotes s\u00e3o \u00e1reas enormes para mais de 700 pessoas geralmente tem 2 andares e oferece All-Inclusive Servi\u00e7os (VIP Buffet, Transfer in \/ Out, Open Bar) e muitas atra\u00e7\u00f5es como Spa, Make up Beauty Center, shows ao vivo nos intervalos , DJs e outros. Todos os Super Camarotes tem uma \u00e1rea no primeiro andar chamada &#8220;Lounges&#8221;, onde voc\u00ea pode ver o desfile de samba muito perto da avenida. Super Camarotes VIP Lounges s\u00e3o muito divertidos e grande experi\u00eancia. A Ticket Rio oferecer o seguinte Super Camarotes: <a href=\"http:\/\/www.carnavalticketrio.com\/rio-carnival-tickets-sambodrome-2017\/rio-carnival-tickets-super-vip-lounge\/folia-tropical\/\">Folia Tropical,<\/a> <a href=\"http:\/\/www.carnavalticketrio.com\/rio-carnival-tickets-sambodrome-2017\/rio-carnival-tickets-super-vip-lounge\/samba-carioca\/\">Global Executive<\/a> e <a href=\"http:\/\/www.carnavalticketrio.com\">Lounge Carioca<\/a>.<\/p>\n","protected":false},"excerpt":{"rendered":"<p>Ticket Rio Carnaval 2026 Acesse a nossa loja virtual (em portugu\u00eas) em https:\/\/loja.ticketrio.com.br e compre o seu Ingresso de Carnaval Samb\u00f3dromo Rio com todo Conforto e Seguran\u00e7a. A Ticket Rio faz parte do Carnaval do Rio h\u00e1 mais de 10 <a href=\"https:\/\/carnival.ticketrio.com.br\/pt\/rio-carnaval-ingressos\/\"><\/p>\n<div class=\"read-more\">\n<p>Read more &#8250;<\/p>\n<\/div>\n<p><!-- end of .read-more --><\/a><\/p>\n","protected":false},"author":1,"featured_media":0,"parent":0,"menu_order":0,"comment_status":"closed","ping_status":"closed","template":"template-left-main-right.php","meta":{"_exactmetrics_skip_tracking":false,"_exactmetrics_sitenote_active":false,"_exactmetrics_sitenote_note":"","_exactmetrics_sitenote_category":0,"ngg_post_thumbnail":0,"_joinchat":[],"footnotes":""},"class_list":["post-498","page","type-page","status-publish","hentry"],"yoast_head":"<!-- This site is optimized with the Yoast SEO plugin v25.7 - https:\/\/yoast.com\/wordpress\/plugins\/seo\/ -->\n<title>Ingressos Carnaval Samb\u00f3dromo Rio. Ingressos Carnaval Samb\u00f3dromo Rio. Rio Carnaval Ingressos. Rio Carnaval Samb\u00f3dromo Ingressos.<\/title>\n<meta name=\"description\" content=\"Ingressos Carnaval Samb\u00f3dromo Rio. Ingressos Carnaval Samb\u00f3dromo Rio. Rio Carnaval Ingressos. Rio Carnaval Samb\u00f3dromo Ingressos.\" \/>\n<meta name=\"robots\" content=\"index, follow, max-snippet:-1, max-image-preview:large, max-video-preview:-1\" \/>\n<link rel=\"canonical\" href=\"https:\/\/carnival.ticketrio.com.br\/pt\/rio-carnaval-ingressos\/\" \/>\n<meta property=\"og:locale\" content=\"de_DE\" \/>\n<meta property=\"og:type\" content=\"article\" \/>\n<meta property=\"og:title\" content=\"Ingressos Carnaval Samb\u00f3dromo Rio. Ingressos Carnaval Samb\u00f3dromo Rio. Rio Carnaval Ingressos. Rio Carnaval Samb\u00f3dromo Ingressos.\" \/>\n<meta property=\"og:description\" content=\"Ingressos Carnaval Samb\u00f3dromo Rio. Ingressos Carnaval Samb\u00f3dromo Rio. Rio Carnaval Ingressos. Rio Carnaval Samb\u00f3dromo Ingressos.\" \/>\n<meta property=\"og:url\" content=\"https:\/\/carnival.ticketrio.com.br\/pt\/rio-carnaval-ingressos\/\" \/>\n<meta property=\"og:site_name\" content=\"Ticket Rio - Billets Rio Carnaval, Tickets for Rio Carnival, Comprar Boletos Carnaval Rio, Rio Carnival Tickets. Karneval Rio Tickets, Rio Carnevale Biglietti, Rio de Janeiro Carnival Tickets Sambadrome. Boletos Carnaval R\u00edo.\" \/>\n<meta property=\"article:publisher\" content=\"https:\/\/www.facebook.com\/ticketrio\/?fref=nf\" \/>\n<meta property=\"article:modified_time\" content=\"2025-08-22T13:51:14+00:00\" \/>\n<meta property=\"og:image\" content=\"https:\/\/carnival-ticketrio.com\/wp-content\/uploads\/2016\/10\/Frisas-view-with-color-indification-cropped-min-500x500-300x300.jpg\" \/>\n<meta name=\"twitter:card\" content=\"summary_large_image\" \/>\n<meta name=\"twitter:site\" content=\"@carnavalticket\" \/>\n<meta name=\"twitter:label1\" content=\"Gesch\u00e4tzte Lesezeit\" \/>\n\t<meta name=\"twitter:data1\" content=\"5\u00a0Minuten\" \/>\n<!-- \/ Yoast SEO plugin. -->","yoast_head_json":{"title":"Ingressos Carnaval Samb\u00f3dromo Rio. Ingressos Carnaval Samb\u00f3dromo Rio. Rio Carnaval Ingressos. Rio Carnaval Samb\u00f3dromo Ingressos.","description":"Ingressos Carnaval Samb\u00f3dromo Rio. Ingressos Carnaval Samb\u00f3dromo Rio. Rio Carnaval Ingressos. Rio Carnaval Samb\u00f3dromo Ingressos.","robots":{"index":"index","follow":"follow","max-snippet":"max-snippet:-1","max-image-preview":"max-image-preview:large","max-video-preview":"max-video-preview:-1"},"canonical":"https:\/\/carnival.ticketrio.com.br\/pt\/rio-carnaval-ingressos\/","og_locale":"de_DE","og_type":"article","og_title":"Ingressos Carnaval Samb\u00f3dromo Rio. Ingressos Carnaval Samb\u00f3dromo Rio. Rio Carnaval Ingressos. Rio Carnaval Samb\u00f3dromo Ingressos.","og_description":"Ingressos Carnaval Samb\u00f3dromo Rio. Ingressos Carnaval Samb\u00f3dromo Rio. Rio Carnaval Ingressos. Rio Carnaval Samb\u00f3dromo Ingressos.","og_url":"https:\/\/carnival.ticketrio.com.br\/pt\/rio-carnaval-ingressos\/","og_site_name":"Ticket Rio - Billets Rio Carnaval, Tickets for Rio Carnival, Comprar Boletos Carnaval Rio, Rio Carnival Tickets. Karneval Rio Tickets, Rio Carnevale Biglietti, Rio de Janeiro Carnival Tickets Sambadrome. Boletos Carnaval R\u00edo.","article_publisher":"https:\/\/www.facebook.com\/ticketrio\/?fref=nf","article_modified_time":"2025-08-22T13:51:14+00:00","og_image":[{"url":"https:\/\/carnival-ticketrio.com\/wp-content\/uploads\/2016\/10\/Frisas-view-with-color-indification-cropped-min-500x500-300x300.jpg","type":"","width":"","height":""}],"twitter_card":"summary_large_image","twitter_site":"@carnavalticket","twitter_misc":{"Gesch\u00e4tzte Lesezeit":"5\u00a0Minuten"},"schema":{"@context":"https:\/\/schema.org","@graph":[{"@type":"WebPage","@id":"https:\/\/carnival.ticketrio.com.br\/pt\/rio-carnaval-ingressos\/","url":"https:\/\/carnival.ticketrio.com.br\/pt\/rio-carnaval-ingressos\/","name":"Ingressos Carnaval Samb\u00f3dromo Rio. Ingressos Carnaval Samb\u00f3dromo Rio. Rio Carnaval Ingressos. Rio Carnaval Samb\u00f3dromo Ingressos.","isPartOf":{"@id":"https:\/\/carnival.ticketrio.com.br\/#website"},"primaryImageOfPage":{"@id":"https:\/\/carnival.ticketrio.com.br\/pt\/rio-carnaval-ingressos\/#primaryimage"},"image":{"@id":"https:\/\/carnival.ticketrio.com.br\/pt\/rio-carnaval-ingressos\/#primaryimage"},"thumbnailUrl":"https:\/\/carnival-ticketrio.com\/wp-content\/uploads\/2016\/10\/Frisas-view-with-color-indification-cropped-min-500x500-300x300.jpg","datePublished":"2016-11-24T20:05:01+00:00","dateModified":"2025-08-22T13:51:14+00:00","description":"Ingressos Carnaval Samb\u00f3dromo Rio. Ingressos Carnaval Samb\u00f3dromo Rio. Rio Carnaval Ingressos. Rio Carnaval Samb\u00f3dromo Ingressos.","breadcrumb":{"@id":"https:\/\/carnival.ticketrio.com.br\/pt\/rio-carnaval-ingressos\/#breadcrumb"},"inLanguage":"de","potentialAction":[{"@type":"ReadAction","target":["https:\/\/carnival.ticketrio.com.br\/pt\/rio-carnaval-ingressos\/"]}]},{"@type":"ImageObject","inLanguage":"de","@id":"https:\/\/carnival.ticketrio.com.br\/pt\/rio-carnaval-ingressos\/#primaryimage","url":"https:\/\/carnival-ticketrio.com\/wp-content\/uploads\/2016\/10\/Frisas-view-with-color-indification-cropped-min-500x500-300x300.jpg","contentUrl":"https:\/\/carnival-ticketrio.com\/wp-content\/uploads\/2016\/10\/Frisas-view-with-color-indification-cropped-min-500x500-300x300.jpg"},{"@type":"BreadcrumbList","@id":"https:\/\/carnival.ticketrio.com.br\/pt\/rio-carnaval-ingressos\/#breadcrumb","itemListElement":[{"@type":"ListItem","position":1,"name":"Home","item":"https:\/\/carnival.ticketrio.com.br\/fr\/rio-carnaval-billets\/"},{"@type":"ListItem","position":2,"name":"Ingressos Samb\u00f3dromo Rio"}]},{"@type":"WebSite","@id":"https:\/\/carnival.ticketrio.com.br\/#website","url":"https:\/\/carnival.ticketrio.com.br\/","name":"Ticket Rio - Billets Rio Carnaval, Tickets for Rio Carnival, Comprar Boletos Carnaval Rio, Rio Carnival Tickets. Karneval Rio Tickets, Rio Carnevale Biglietti, Rio de Janeiro Carnival Tickets Sambadrome. Boletos Carnaval R\u00edo.","description":"Rio carnival parade tickets sambadrome 2026. Acheter billets Rio Carnaval. Comprar Boletos Rio Carnaval boletos Carnevale di Rio biglietti Karneval Rio de Janeiro Carnaval tickets 2026. Boletos Carnaval R\u00edo. Rio de Janeiro Carnival Tickets. Tickets Rio Carnival Sambadrome.","publisher":{"@id":"https:\/\/carnival.ticketrio.com.br\/#organization"},"potentialAction":[{"@type":"SearchAction","target":{"@type":"EntryPoint","urlTemplate":"https:\/\/carnival.ticketrio.com.br\/?s={search_term_string}"},"query-input":{"@type":"PropertyValueSpecification","valueRequired":true,"valueName":"search_term_string"}}],"inLanguage":"de"},{"@type":"Organization","@id":"https:\/\/carnival.ticketrio.com.br\/#organization","name":"Rio Carnaval billet 2018 - Rio Carnaval Entradas, Rio Carnaval Billets, Rio Karneval Tickets, Rio Carnival Parade Sambadrome Tickets","url":"https:\/\/carnival.ticketrio.com.br\/","logo":{"@type":"ImageObject","inLanguage":"de","@id":"https:\/\/carnival.ticketrio.com.br\/#\/schema\/logo\/image\/","url":"https:\/\/carnival-ticketrio.com\/wp-content\/uploads\/2016\/10\/ticket01-e1476303239999.png","contentUrl":"https:\/\/carnival-ticketrio.com\/wp-content\/uploads\/2016\/10\/ticket01-e1476303239999.png","width":200,"height":99,"caption":"Rio Carnaval billet 2018 - Rio Carnaval Entradas, Rio Carnaval Billets, Rio Karneval Tickets, Rio Carnival Parade Sambadrome Tickets"},"image":{"@id":"https:\/\/carnival.ticketrio.com.br\/#\/schema\/logo\/image\/"},"sameAs":["https:\/\/www.facebook.com\/ticketrio\/?fref=nf","https:\/\/x.com\/carnavalticket","https:\/\/www.youtube.com\/watch?v=iApTAnu9-ho"]}]}},"_links":{"self":[{"href":"https:\/\/carnival.ticketrio.com.br\/de\/wp-json\/wp\/v2\/pages\/498","targetHints":{"allow":["GET"]}}],"collection":[{"href":"https:\/\/carnival.ticketrio.com.br\/de\/wp-json\/wp\/v2\/pages"}],"about":[{"href":"https:\/\/carnival.ticketrio.com.br\/de\/wp-json\/wp\/v2\/types\/page"}],"author":[{"embeddable":true,"href":"https:\/\/carnival.ticketrio.com.br\/de\/wp-json\/wp\/v2\/users\/1"}],"replies":[{"embeddable":true,"href":"https:\/\/carnival.ticketrio.com.br\/de\/wp-json\/wp\/v2\/comments?post=498"}],"version-history":[{"count":5,"href":"https:\/\/carnival.ticketrio.com.br\/de\/wp-json\/wp\/v2\/pages\/498\/revisions"}],"predecessor-version":[{"id":1884,"href":"https:\/\/carnival.ticketrio.com.br\/de\/wp-json\/wp\/v2\/pages\/498\/revisions\/1884"}],"wp:attachment":[{"href":"https:\/\/carnival.ticketrio.com.br\/de\/wp-json\/wp\/v2\/media?parent=498"}],"curies":[{"name":"wp","href":"https:\/\/api.w.org\/{rel}","templated":true}]}}