{"id":609,"date":"2016-11-23T00:39:40","date_gmt":"2016-11-23T00:39:40","guid":{"rendered":"https:\/\/carnival-ticketrio.com\/?page_id=609"},"modified":"2017-08-28T20:00:58","modified_gmt":"2017-08-28T20:00:58","slug":"rio-carnaval-ticket-rio","status":"publish","type":"page","link":"https:\/\/carnival.ticketrio.com.br\/pt\/rio-carnaval-ticket-rio\/","title":{"rendered":"Ticket Rio"},"content":{"rendered":"<h2 style=\"text-align: justify;\">Ticket Rio Carnaval<\/h2>\n<p style=\"text-align: justify;\"><img loading=\"lazy\" decoding=\"async\" class=\"size-medium wp-image-5 alignleft\" src=\"https:\/\/carnival-ticketrio.com\/wp-content\/uploads\/2016\/10\/a-empresa-ticket-rio-logos-300x141.png\" alt=\"a-empresa-ticket-rio-logos\" width=\"300\" height=\"141\" srcset=\"https:\/\/carnival.ticketrio.com.br\/wp-content\/uploads\/2016\/10\/a-empresa-ticket-rio-logos-300x141.png 300w, https:\/\/carnival.ticketrio.com.br\/wp-content\/uploads\/2016\/10\/a-empresa-ticket-rio-logos-768x360.png 768w, https:\/\/carnival.ticketrio.com.br\/wp-content\/uploads\/2016\/10\/a-empresa-ticket-rio-logos.png 980w\" sizes=\"auto, (max-width: 300px) 100vw, 300px\" \/><\/p>\n<p style=\"text-align: justify;\">Ticket Rio Carnaval Ag\u00eancia de viagens especializada na venda de pacotes para grandes eventos como Carnaval do Rio, Parques Tem\u00e1ticos e Shows, adicionando os servi\u00e7os de recep\u00e7\u00e3o, transporte e guia.<\/p>\n<p style=\"text-align: justify;\">Al\u00e9m de Pacotes de Carnaval e Ingressos para o Samb\u00f3dromo RJ, oferecemos passeios no Corcovado, P\u00e3o de A\u00e7\u00facar, praias, Angra dos Reis e Ilha Grande, al\u00e9m de cruzeiros, city tours, reservas de hot\u00e9is, transfers, entre outros<\/p>\n<p style=\"text-align: justify;\">Para comprar nossos produtos e servi\u00e7os, visite as lojas on-line ou fale com nosso servi\u00e7o personalizado por telefone, skype, e-mail ou bate-papo on-line.<\/p>\n<div>\n<h2 class=\"widget-title\"><strong>Nosso Time<\/strong><\/h2>\n<div class=\"textwidget\">\n<p>Temos uma equipe especializada que lhe dar\u00e1 todo o apoio e aten\u00e7\u00e3o personalizada. Entre em contato conosco por e-mail, pessoalmente ou por chat-online. N\u00f3s estamos a sua disposi\u00e7\u00e3o! Falamos portugu\u00eas, ingl\u00eas e espanhol.<\/p>\n<p><img loading=\"lazy\" decoding=\"async\" class=\"alignnone size-medium wp-image-185\" src=\"https:\/\/carnival-ticketrio.com\/wp-content\/uploads\/2016\/10\/team_ticketrio_menor1-300x174.jpg\" alt=\"team_ticketrio_menor1\" width=\"300\" height=\"174\" srcset=\"https:\/\/carnival.ticketrio.com.br\/wp-content\/uploads\/2016\/10\/team_ticketrio_menor1-300x174.jpg 300w, https:\/\/carnival.ticketrio.com.br\/wp-content\/uploads\/2016\/10\/team_ticketrio_menor1.jpg 640w\" sizes=\"auto, (max-width: 300px) 100vw, 300px\" \/><\/p>\n<h2><strong>Servi\u00e7os<\/strong><\/h2>\n<p style=\"text-align: justify;\">Oferecemos a tradicional reserva de turismo no Rio de Janeiro, opera\u00e7\u00f5es de pacotes com entrada para o samb\u00f3dromo, passaportes para parques tem\u00e1ticos e parques nacionais e internacionais. Tamb\u00e9m organizamos eventos especiais para grupos e passeios que incluem transporte privado (\u00f4nibus, micro\u00f4nibus), guia tur\u00edstico, reservas de hot\u00e9is, viagens em cruzeiros, entre outros.<\/p>\n<p>Somos afiliados \u00e0 Embratur &#8211; Instituto Federal de Turismo e Abav &#8211; Associa\u00e7\u00e3o Brasileira de Ag\u00eancias de Viagem.<\/p>\n<p>Clique nas imagens para ver nossos certificados.<\/p>\n<p><a href=\"http:\/\/www.cadastur.turismo.gov.br\/cadastur\/DocumentoAction.mtur?method:certificadoOficialPessoaJuridica&amp;ativpjdto.nuPessoaJuridica=21262&amp;ativpjdto.nuTipoAtividade=10\"><img loading=\"lazy\" decoding=\"async\" class=\"alignnone wp-image-147 size-full\" src=\"https:\/\/carnival-ticketrio.com\/wp-content\/uploads\/2016\/10\/cadastro_embratur.png\" rel='magnific' alt=\"cadastro_embratur\" width=\"181\" height=\"101\" \/><\/a>\u00a0 \u00a0 \u00a0 \u00a0 \u00a0 \u00a0 \u00a0 \u00a0 \u00a0 \u00a0 \u00a0 \u00a0 \u00a0 \u00a0 \u00a0 \u00a0 \u00a0 \u00a0 \u00a0 \u00a0 \u00a0 \u00a0 \u00a0 \u00a0\u00a0<a href=\"http:\/\/www.abavrio.com.br\/associados_agencia2.asp?a=22602\"><img loading=\"lazy\" decoding=\"async\" class=\"alignnone wp-image-146 size-full\" src=\"https:\/\/carnival-ticketrio.com\/wp-content\/uploads\/2016\/10\/associado_abav-3.png\" rel='magnific' alt=\"associado_abav-3\" width=\"180\" height=\"107\" \/><\/a><\/p>\n<h2><strong><br \/>\nLoja F\u00edsica no Brasil<br \/>\n<\/strong><\/h2>\n<p><strong>Endere\u00e7o<\/strong>: Av. das Am\u00e9ricas 700\u00a0 Loja 201A Bloco 8 Shopping Citt\u00e1 Am\u00e9rica\u00a0 Barra da Tijuca \u2013 RJ<\/p>\n<p><strong>Telefones:<\/strong>\u00a05521 3982-1515 \/ 2025-5000\/<img loading=\"lazy\" decoding=\"async\" class=\"size-medium wp-image-173 alignright\" src=\"https:\/\/carnival-ticketrio.com\/wp-content\/uploads\/2016\/10\/loja-fisica_google-300x225.jpg\" alt=\"loja-fisica_google\" width=\"300\" height=\"225\" srcset=\"https:\/\/carnival.ticketrio.com.br\/wp-content\/uploads\/2016\/10\/loja-fisica_google-300x225.jpg 300w, https:\/\/carnival.ticketrio.com.br\/wp-content\/uploads\/2016\/10\/loja-fisica_google.jpg 720w\" sizes=\"auto, (max-width: 300px) 100vw, 300px\" \/><\/p>\n<p>Hor\u00e1rio de atendimento: das 09 \u00e0s 18h (seg &#8211; sex)<\/p>\n<p><h2><strong>Escrit\u00f3rio nos Estados Unidos<\/p>\n<p><\/strong><\/h2>\n<p><strong>Endere\u00e7o<\/strong>: 2907 South Semoran Blvd Suite #171<br \/>\nOrlando FL 32822<\/p>\n<p><strong>Telefones:<\/strong>\u00a0+1 407 978-4355<\/p>\n<p>Work hours: 09 to 18h (mon &#8211; fri)<\/p>\n<p><strong>Nossso Websites<\/strong><\/p>\n<ul class=\"xoxo blogroll\">\n<li><a title=\"Ticket Rio\" href=\"http:\/\/loja.ticketrio.com.br\/\" target=\"_blank\" rel=\"me\">http:\/\/loja.ticketrio.com.br<\/a><\/li>\n<li><a href=\"http:\/\/www.ticketrio.com\">http:\/\/www.ticketrio.com<\/a><\/li>\n<li><a title=\"Carnival Rio Blog\" href=\"http:\/\/www.blocofolia.com.br\/\" target=\"_blank\" rel=\"me\">http:\/\/www.blocofolia.com.br<\/a><\/li>\n<li><a title=\"Carnival Rio Blog\" href=\"https:\/\/carnival-ticketrio.com\/\" target=\"_blank\" rel=\"me\">https:\/\/carnival-ticketrio.com<\/a><\/li>\n<li><a title=\"Carnival Rio Blog\" href=\"http:\/\/www.entradascarnavalrio-ticketrio.com\/\" target=\"_blank\" rel=\"me\">http:\/\/www.entradascarnavalrio-ticketrio.com<\/a><\/li>\n<li><a href=\"http:\/\/www.camarotescarnavalticketrio.com.br\/\" target=\"_blank\" rel=\"me\">http:\/\/www.camarotescarnavalticketrio.com.br<\/a><\/li>\n<li><a href=\"http:\/\/www.carnavalticketrio.com\/\" target=\"_blank\">http:\/\/www.carnavalticketrio.com<\/a><\/li>\n<li><a href=\"http:\/\/www.ingressoscarnavalticketrio.com.br\/\" target=\"_blank\">http:\/\/www.ingressoscarnavalticketrio.com.br<\/a><\/li>\n<li><a href=\"http:\/\/www.ticketriocarnaval.com.br\" target=\"_blank\">http:\/\/www.ticketriocarnaval.com.br<\/a>\n<li><a href=\"http:\/\/www.ticketrio.com.br\/site\/\" target=\"_blank\">http:\/\/www.ticketrio.com.br<\/a>\n<li><a href=\"http:\/\/carnaval.ticketrio.com.br\" target=\"_blank\">http:\/\/carnaval.ticketrio.com.br<\/a>\n<\/li>\n<\/ul>\n<\/div>\n<\/div>\n","protected":false},"excerpt":{"rendered":"<p>Ticket Rio Carnaval Ticket Rio Carnaval Ag\u00eancia de viagens especializada na venda de pacotes para grandes eventos como Carnaval do Rio, Parques Tem\u00e1ticos e Shows, adicionando os servi\u00e7os de recep\u00e7\u00e3o, transporte e guia. Al\u00e9m de Pacotes de Carnaval e Ingressos <a href=\"https:\/\/carnival.ticketrio.com.br\/pt\/rio-carnaval-ticket-rio\/\"><\/p>\n<div class=\"read-more\">\n<p>Read more &#8250;<\/p>\n<\/div>\n<p><!-- end of .read-more --><\/a><\/p>\n","protected":false},"author":1,"featured_media":0,"parent":0,"menu_order":0,"comment_status":"closed","ping_status":"closed","template":"template-main-right.php","meta":{"_exactmetrics_skip_tracking":false,"_exactmetrics_sitenote_active":false,"_exactmetrics_sitenote_note":"","_exactmetrics_sitenote_category":0,"ngg_post_thumbnail":0,"_joinchat":[],"footnotes":""},"class_list":["post-609","page","type-page","status-publish","hentry"],"yoast_head":"<!-- This site is optimized with the Yoast SEO plugin v25.7 - https:\/\/yoast.com\/wordpress\/plugins\/seo\/ -->\n<title>Ticket Rio Carnaval Samb\u00f3dromo Rio de Janeiro 2018<\/title>\n<meta name=\"description\" content=\"Ticket Rio Carnaval est\u00e1 presente no Carnaval Samb\u00f3dromo Rio h\u00e1 mais de 13 anos. Vendemos pacotes de Ingressos de Arquibancada Carnaval, Frisas e Camarotes.\" \/>\n<meta name=\"robots\" content=\"index, follow, max-snippet:-1, max-image-preview:large, max-video-preview:-1\" \/>\n<link rel=\"canonical\" href=\"https:\/\/carnival.ticketrio.com.br\/pt\/rio-carnaval-ticket-rio\/\" \/>\n<meta property=\"og:locale\" content=\"de_DE\" \/>\n<meta property=\"og:type\" content=\"article\" \/>\n<meta property=\"og:title\" content=\"Ticket Rio Carnaval Samb\u00f3dromo Rio de Janeiro 2018\" \/>\n<meta property=\"og:description\" content=\"Ticket Rio Carnaval est\u00e1 presente no Carnaval Samb\u00f3dromo Rio h\u00e1 mais de 13 anos. Vendemos pacotes de Ingressos de Arquibancada Carnaval, Frisas e Camarotes.\" \/>\n<meta property=\"og:url\" content=\"https:\/\/carnival.ticketrio.com.br\/pt\/rio-carnaval-ticket-rio\/\" \/>\n<meta property=\"og:site_name\" content=\"Ticket Rio - Billets Rio Carnaval, Tickets for Rio Carnival, Comprar Boletos Carnaval Rio, Rio Carnival Tickets. Karneval Rio Tickets, Rio Carnevale Biglietti, Rio de Janeiro Carnival Tickets Sambadrome. Boletos Carnaval R\u00edo.\" \/>\n<meta property=\"article:publisher\" content=\"https:\/\/www.facebook.com\/ticketrio\/?fref=nf\" \/>\n<meta property=\"article:modified_time\" content=\"2017-08-28T20:00:58+00:00\" \/>\n<meta property=\"og:image\" content=\"https:\/\/carnival-ticketrio.com\/wp-content\/uploads\/2016\/10\/a-empresa-ticket-rio-logos-300x141.png\" \/>\n<meta name=\"twitter:card\" content=\"summary_large_image\" \/>\n<meta name=\"twitter:site\" content=\"@carnavalticket\" \/>\n<meta name=\"twitter:label1\" content=\"Gesch\u00e4tzte Lesezeit\" \/>\n\t<meta name=\"twitter:data1\" content=\"2\u00a0Minuten\" \/>\n<!-- \/ Yoast SEO plugin. -->","yoast_head_json":{"title":"Ticket Rio Carnaval Samb\u00f3dromo Rio de Janeiro 2018","description":"Ticket Rio Carnaval est\u00e1 presente no Carnaval Samb\u00f3dromo Rio h\u00e1 mais de 13 anos. Vendemos pacotes de Ingressos de Arquibancada Carnaval, Frisas e Camarotes.","robots":{"index":"index","follow":"follow","max-snippet":"max-snippet:-1","max-image-preview":"max-image-preview:large","max-video-preview":"max-video-preview:-1"},"canonical":"https:\/\/carnival.ticketrio.com.br\/pt\/rio-carnaval-ticket-rio\/","og_locale":"de_DE","og_type":"article","og_title":"Ticket Rio Carnaval Samb\u00f3dromo Rio de Janeiro 2018","og_description":"Ticket Rio Carnaval est\u00e1 presente no Carnaval Samb\u00f3dromo Rio h\u00e1 mais de 13 anos. Vendemos pacotes de Ingressos de Arquibancada Carnaval, Frisas e Camarotes.","og_url":"https:\/\/carnival.ticketrio.com.br\/pt\/rio-carnaval-ticket-rio\/","og_site_name":"Ticket Rio - Billets Rio Carnaval, Tickets for Rio Carnival, Comprar Boletos Carnaval Rio, Rio Carnival Tickets. Karneval Rio Tickets, Rio Carnevale Biglietti, Rio de Janeiro Carnival Tickets Sambadrome. Boletos Carnaval R\u00edo.","article_publisher":"https:\/\/www.facebook.com\/ticketrio\/?fref=nf","article_modified_time":"2017-08-28T20:00:58+00:00","og_image":[{"url":"https:\/\/carnival-ticketrio.com\/wp-content\/uploads\/2016\/10\/a-empresa-ticket-rio-logos-300x141.png","type":"","width":"","height":""}],"twitter_card":"summary_large_image","twitter_site":"@carnavalticket","twitter_misc":{"Gesch\u00e4tzte Lesezeit":"2\u00a0Minuten"},"schema":{"@context":"https:\/\/schema.org","@graph":[{"@type":"WebPage","@id":"https:\/\/carnival.ticketrio.com.br\/pt\/rio-carnaval-ticket-rio\/","url":"https:\/\/carnival.ticketrio.com.br\/pt\/rio-carnaval-ticket-rio\/","name":"Ticket Rio Carnaval Samb\u00f3dromo Rio de Janeiro 2018","isPartOf":{"@id":"https:\/\/carnival.ticketrio.com.br\/#website"},"primaryImageOfPage":{"@id":"https:\/\/carnival.ticketrio.com.br\/pt\/rio-carnaval-ticket-rio\/#primaryimage"},"image":{"@id":"https:\/\/carnival.ticketrio.com.br\/pt\/rio-carnaval-ticket-rio\/#primaryimage"},"thumbnailUrl":"https:\/\/carnival-ticketrio.com\/wp-content\/uploads\/2016\/10\/a-empresa-ticket-rio-logos-300x141.png","datePublished":"2016-11-23T00:39:40+00:00","dateModified":"2017-08-28T20:00:58+00:00","description":"Ticket Rio Carnaval est\u00e1 presente no Carnaval Samb\u00f3dromo Rio h\u00e1 mais de 13 anos. Vendemos pacotes de Ingressos de Arquibancada Carnaval, Frisas e Camarotes.","breadcrumb":{"@id":"https:\/\/carnival.ticketrio.com.br\/pt\/rio-carnaval-ticket-rio\/#breadcrumb"},"inLanguage":"de","potentialAction":[{"@type":"ReadAction","target":["https:\/\/carnival.ticketrio.com.br\/pt\/rio-carnaval-ticket-rio\/"]}]},{"@type":"ImageObject","inLanguage":"de","@id":"https:\/\/carnival.ticketrio.com.br\/pt\/rio-carnaval-ticket-rio\/#primaryimage","url":"https:\/\/carnival-ticketrio.com\/wp-content\/uploads\/2016\/10\/a-empresa-ticket-rio-logos-300x141.png","contentUrl":"https:\/\/carnival-ticketrio.com\/wp-content\/uploads\/2016\/10\/a-empresa-ticket-rio-logos-300x141.png"},{"@type":"BreadcrumbList","@id":"https:\/\/carnival.ticketrio.com.br\/pt\/rio-carnaval-ticket-rio\/#breadcrumb","itemListElement":[{"@type":"ListItem","position":1,"name":"Home","item":"https:\/\/carnival.ticketrio.com.br\/es\/entradas-carnavales\/"},{"@type":"ListItem","position":2,"name":"Ticket Rio"}]},{"@type":"WebSite","@id":"https:\/\/carnival.ticketrio.com.br\/#website","url":"https:\/\/carnival.ticketrio.com.br\/","name":"Ticket Rio - Billets Rio Carnaval, Tickets for Rio Carnival, Comprar Boletos Carnaval Rio, Rio Carnival Tickets. Karneval Rio Tickets, Rio Carnevale Biglietti, Rio de Janeiro Carnival Tickets Sambadrome. Boletos Carnaval R\u00edo.","description":"Rio carnival parade tickets sambadrome 2026. Acheter billets Rio Carnaval. Comprar Boletos Rio Carnaval boletos Carnevale di Rio biglietti Karneval Rio de Janeiro Carnaval tickets 2026. Boletos Carnaval R\u00edo. Rio de Janeiro Carnival Tickets. Tickets Rio Carnival Sambadrome.","publisher":{"@id":"https:\/\/carnival.ticketrio.com.br\/#organization"},"potentialAction":[{"@type":"SearchAction","target":{"@type":"EntryPoint","urlTemplate":"https:\/\/carnival.ticketrio.com.br\/?s={search_term_string}"},"query-input":{"@type":"PropertyValueSpecification","valueRequired":true,"valueName":"search_term_string"}}],"inLanguage":"de"},{"@type":"Organization","@id":"https:\/\/carnival.ticketrio.com.br\/#organization","name":"Rio Carnaval billet 2018 - Rio Carnaval Entradas, Rio Carnaval Billets, Rio Karneval Tickets, Rio Carnival Parade Sambadrome Tickets","url":"https:\/\/carnival.ticketrio.com.br\/","logo":{"@type":"ImageObject","inLanguage":"de","@id":"https:\/\/carnival.ticketrio.com.br\/#\/schema\/logo\/image\/","url":"https:\/\/carnival-ticketrio.com\/wp-content\/uploads\/2016\/10\/ticket01-e1476303239999.png","contentUrl":"https:\/\/carnival-ticketrio.com\/wp-content\/uploads\/2016\/10\/ticket01-e1476303239999.png","width":200,"height":99,"caption":"Rio Carnaval billet 2018 - Rio Carnaval Entradas, Rio Carnaval Billets, Rio Karneval Tickets, Rio Carnival Parade Sambadrome Tickets"},"image":{"@id":"https:\/\/carnival.ticketrio.com.br\/#\/schema\/logo\/image\/"},"sameAs":["https:\/\/www.facebook.com\/ticketrio\/?fref=nf","https:\/\/x.com\/carnavalticket","https:\/\/www.youtube.com\/watch?v=iApTAnu9-ho"]}]}},"_links":{"self":[{"href":"https:\/\/carnival.ticketrio.com.br\/de\/wp-json\/wp\/v2\/pages\/609","targetHints":{"allow":["GET"]}}],"collection":[{"href":"https:\/\/carnival.ticketrio.com.br\/de\/wp-json\/wp\/v2\/pages"}],"about":[{"href":"https:\/\/carnival.ticketrio.com.br\/de\/wp-json\/wp\/v2\/types\/page"}],"author":[{"embeddable":true,"href":"https:\/\/carnival.ticketrio.com.br\/de\/wp-json\/wp\/v2\/users\/1"}],"replies":[{"embeddable":true,"href":"https:\/\/carnival.ticketrio.com.br\/de\/wp-json\/wp\/v2\/comments?post=609"}],"version-history":[{"count":1,"href":"https:\/\/carnival.ticketrio.com.br\/de\/wp-json\/wp\/v2\/pages\/609\/revisions"}],"predecessor-version":[{"id":624,"href":"https:\/\/carnival.ticketrio.com.br\/de\/wp-json\/wp\/v2\/pages\/609\/revisions\/624"}],"wp:attachment":[{"href":"https:\/\/carnival.ticketrio.com.br\/de\/wp-json\/wp\/v2\/media?parent=609"}],"curies":[{"name":"wp","href":"https:\/\/api.w.org\/{rel}","templated":true}]}}