{"id":636,"date":"2016-11-23T03:16:43","date_gmt":"2016-11-23T03:16:43","guid":{"rendered":"https:\/\/carnival-ticketrio.com\/?page_id=636"},"modified":"2017-03-28T20:38:38","modified_gmt":"2017-03-28T20:38:38","slug":"kaufen-rio-de-janeiro-karneval-tickets","status":"publish","type":"page","link":"https:\/\/carnival.ticketrio.com.br\/de\/kaufen-rio-de-janeiro-karneval-tickets\/","title":{"rendered":"Tickets kaufen"},"content":{"rendered":"<h1>Sambadrom Tickets f\u00fcr den Karneval in Rio<\/h1>\n<p>Wie erwartet sind die Tickets f\u00fcr das Sambodrom hei\u00df begehrt, die jeder so fr\u00fch wie m\u00f6glich versucht zu buchen. Originaltickets werden erst eine Woche vor dem Karneval ausgestellt, um die Zweckentfremdung und F\u00e4lschung zu vermeiden. Das Stadion wurde entworfen, um den Zuschauern die bestm\u00f6glichste Sicht auf die gesamte Wegstrecke zu bieten, in einer bequemen Umgebung. Das Sambodrom ist in Sektoren geteilt mit individuell nummerierten Sitzen oder Logen mit freier Sitzwahl. Es ist ratsam sich mit dem Ablaufplan, dem Ort und der Sitzordnung vertraut zu machen, bevor Sie Ihr Sambaumzugsticket buchen.<\/p>\n<h3><img loading=\"lazy\" decoding=\"async\" class=\"size-medium wp-image-176 alignleft\" src=\"https:\/\/carnival-ticketrio.com\/wp-content\/uploads\/2016\/10\/rio-carnival-parade-portela-300x199.jpg\" alt=\"rio-carnival-parade-portela\" width=\"300\" height=\"199\" srcset=\"https:\/\/carnival.ticketrio.com.br\/wp-content\/uploads\/2016\/10\/rio-carnival-parade-portela-300x199.jpg 300w, https:\/\/carnival.ticketrio.com.br\/wp-content\/uploads\/2016\/10\/rio-carnival-parade-portela.jpg 527w\" sizes=\"auto, (max-width: 300px) 100vw, 300px\" \/><img loading=\"lazy\" decoding=\"async\" class=\"alignnone size-medium wp-image-179\" src=\"https:\/\/carnival-ticketrio.com\/wp-content\/uploads\/2016\/10\/rio-samba-300x200.jpg\" alt=\"rio-samba\" width=\"300\" height=\"200\" srcset=\"https:\/\/carnival.ticketrio.com.br\/wp-content\/uploads\/2016\/10\/rio-samba-300x200.jpg 300w, https:\/\/carnival.ticketrio.com.br\/wp-content\/uploads\/2016\/10\/rio-samba.jpg 620w\" sizes=\"auto, (max-width: 300px) 100vw, 300px\" \/><\/p>\n<p>Die Rio Sambodrom\u00a0Sektoren und Karnevalstickets<\/h3>\n<p>Tickets f\u00fcr den Karnevalssonntag und Montag sind die begehrtesten und sind bereits Monate vor dem Karneval ausverkauft. Der n\u00e4chste Karneval in Rio verspricht noch aufregender zu werden, als die vorherigen. Sie haben eine Menge Auswahl, wenn es um die Tickets f\u00fcr den Sambaumzug geht. Das beinhaltet Arquibancada oder Haupttrib\u00fcne, Camarotes oder Luxussuiten, Logen oder Frisas und Cadeiras avulses oder zugewiesene St\u00fchle. Egal wo Sie sitzen, Sie k\u00f6nnen sicher sein eine wunderbare Zeit im Sambodrom zu erleben.<\/p>\n<p><a href=\"http:\/\/www.carnavalticketrio.com\"><span style=\"color: #ff0000;\">Kaufen RIO CARNIVAL TICKETS<\/span><\/a><a href=\"http:\/\/www.carnavalticketrio.com\"><\/p>\n<p><\/a><a href=\"http:\/\/www.carnavalticketrio.com\"><img loading=\"lazy\" decoding=\"async\" class=\"alignnone wp-image-171 size-medium\" src=\"https:\/\/carnival-ticketrio.com\/wp-content\/uploads\/2016\/10\/grandstands-185x300.jpg\" rel='magnific' alt=\"grandstands\" width=\"185\" height=\"300\" srcset=\"https:\/\/carnival.ticketrio.com.br\/wp-content\/uploads\/2016\/10\/grandstands-185x300.jpg 185w, https:\/\/carnival.ticketrio.com.br\/wp-content\/uploads\/2016\/10\/grandstands-768x1246.jpg 768w, https:\/\/carnival.ticketrio.com.br\/wp-content\/uploads\/2016\/10\/grandstands-631x1024.jpg 631w, https:\/\/carnival.ticketrio.com.br\/wp-content\/uploads\/2016\/10\/grandstands.jpg 922w\" sizes=\"auto, (max-width: 185px) 100vw, 185px\" \/><\/a><a href=\"http:\/\/www.carnavalticketrio.com\"><img loading=\"lazy\" decoding=\"async\" class=\"alignnone wp-image-168 size-medium\" src=\"https:\/\/carnival-ticketrio.com\/wp-content\/uploads\/2016\/10\/allocatedchairs-185x300.jpg\" rel='magnific' alt=\"allocatedchairs\" width=\"185\" height=\"300\" srcset=\"https:\/\/carnival.ticketrio.com.br\/wp-content\/uploads\/2016\/10\/allocatedchairs-185x300.jpg 185w, https:\/\/carnival.ticketrio.com.br\/wp-content\/uploads\/2016\/10\/allocatedchairs-768x1246.jpg 768w, https:\/\/carnival.ticketrio.com.br\/wp-content\/uploads\/2016\/10\/allocatedchairs-631x1024.jpg 631w, https:\/\/carnival.ticketrio.com.br\/wp-content\/uploads\/2016\/10\/allocatedchairs.jpg 922w\" sizes=\"auto, (max-width: 185px) 100vw, 185px\" \/><\/a><a href=\"http:\/\/www.carnavalticketrio.com\"><img loading=\"lazy\" decoding=\"async\" class=\"alignnone wp-image-169 size-medium\" src=\"https:\/\/carnival-ticketrio.com\/wp-content\/uploads\/2016\/10\/frontbox1-185x300.jpg\" rel='magnific' alt=\"frontbox1\" width=\"185\" height=\"300\" srcset=\"https:\/\/carnival.ticketrio.com.br\/wp-content\/uploads\/2016\/10\/frontbox1-185x300.jpg 185w, https:\/\/carnival.ticketrio.com.br\/wp-content\/uploads\/2016\/10\/frontbox1-768x1247.jpg 768w, https:\/\/carnival.ticketrio.com.br\/wp-content\/uploads\/2016\/10\/frontbox1-631x1024.jpg 631w, https:\/\/carnival.ticketrio.com.br\/wp-content\/uploads\/2016\/10\/frontbox1.jpg 922w\" sizes=\"auto, (max-width: 185px) 100vw, 185px\" \/><\/a><a href=\"http:\/\/www.carnavalticketrio.com\"><img loading=\"lazy\" decoding=\"async\" class=\"alignnone wp-image-302 size-medium\" src=\"https:\/\/carnival-ticketrio.com\/wp-content\/uploads\/2016\/10\/superviplounge-185x300.jpg\" rel='magnific' alt=\"superviplounge\" width=\"185\" height=\"300\" srcset=\"https:\/\/carnival.ticketrio.com.br\/wp-content\/uploads\/2016\/10\/superviplounge-185x300.jpg 185w, https:\/\/carnival.ticketrio.com.br\/wp-content\/uploads\/2016\/10\/superviplounge-768x1246.jpg 768w, https:\/\/carnival.ticketrio.com.br\/wp-content\/uploads\/2016\/10\/superviplounge-631x1024.jpg 631w, https:\/\/carnival.ticketrio.com.br\/wp-content\/uploads\/2016\/10\/superviplounge.jpg 922w\" sizes=\"auto, (max-width: 185px) 100vw, 185px\" \/><\/a><\/p>\n","protected":false},"excerpt":{"rendered":"<p>Sambadrom Tickets f\u00fcr den Karneval in Rio Wie erwartet sind die Tickets f\u00fcr das Sambodrom hei\u00df begehrt, die jeder so fr\u00fch wie m\u00f6glich versucht zu buchen. Originaltickets werden erst eine Woche vor dem Karneval ausgestellt, um die Zweckentfremdung und F\u00e4lschung <a href=\"https:\/\/carnival.ticketrio.com.br\/de\/kaufen-rio-de-janeiro-karneval-tickets\/\"><\/p>\n<div class=\"read-more\">\n<p>Read more &#8250;<\/p>\n<\/div>\n<p><!-- end of .read-more --><\/a><\/p>\n","protected":false},"author":1,"featured_media":0,"parent":0,"menu_order":0,"comment_status":"closed","ping_status":"closed","template":"template-main-right.php","meta":{"_exactmetrics_skip_tracking":false,"_exactmetrics_sitenote_active":false,"_exactmetrics_sitenote_note":"","_exactmetrics_sitenote_category":0,"ngg_post_thumbnail":0,"_joinchat":[],"footnotes":""},"class_list":["post-636","page","type-page","status-publish","hentry"],"yoast_head":"<!-- This site is optimized with the Yoast SEO plugin v25.7 - https:\/\/yoast.com\/wordpress\/plugins\/seo\/ -->\n<title>Tickets kaufen - Ticket Rio - Billets Rio Carnaval, Tickets for Rio Carnival, Comprar Boletos Carnaval Rio, Rio Carnival Tickets. Karneval Rio Tickets, Rio Carnevale Biglietti, Rio de Janeiro Carnival Tickets Sambadrome. Boletos Carnaval R\u00edo.<\/title>\n<meta name=\"description\" content=\"Rio Carnaval billet, Carnaval R\u00edo Entradas, Billets Carnaval de Rio, Rio Karneval Tickets, Rio Carnevale Biglietti, Rio Carnival Parade Tickets.\" \/>\n<meta name=\"robots\" content=\"index, follow, max-snippet:-1, max-image-preview:large, max-video-preview:-1\" \/>\n<link rel=\"canonical\" href=\"https:\/\/carnival.ticketrio.com.br\/de\/kaufen-rio-de-janeiro-karneval-tickets\/\" \/>\n<meta property=\"og:locale\" content=\"de_DE\" \/>\n<meta property=\"og:type\" content=\"article\" \/>\n<meta property=\"og:title\" content=\"Tickets kaufen - Ticket Rio - Billets Rio Carnaval, Tickets for Rio Carnival, Comprar Boletos Carnaval Rio, Rio Carnival Tickets. Karneval Rio Tickets, Rio Carnevale Biglietti, Rio de Janeiro Carnival Tickets Sambadrome. Boletos Carnaval R\u00edo.\" \/>\n<meta property=\"og:description\" content=\"Rio Carnaval billet, Carnaval R\u00edo Entradas, Billets Carnaval de Rio, Rio Karneval Tickets, Rio Carnevale Biglietti, Rio Carnival Parade Tickets.\" \/>\n<meta property=\"og:url\" content=\"https:\/\/carnival.ticketrio.com.br\/de\/kaufen-rio-de-janeiro-karneval-tickets\/\" \/>\n<meta property=\"og:site_name\" content=\"Ticket Rio - Billets Rio Carnaval, Tickets for Rio Carnival, Comprar Boletos Carnaval Rio, Rio Carnival Tickets. Karneval Rio Tickets, Rio Carnevale Biglietti, Rio de Janeiro Carnival Tickets Sambadrome. Boletos Carnaval R\u00edo.\" \/>\n<meta property=\"article:publisher\" content=\"https:\/\/www.facebook.com\/ticketrio\/?fref=nf\" \/>\n<meta property=\"article:modified_time\" content=\"2017-03-28T20:38:38+00:00\" \/>\n<meta property=\"og:image\" content=\"https:\/\/carnival-ticketrio.com\/wp-content\/uploads\/2016\/10\/rio-carnival-parade-portela-300x199.jpg\" \/>\n<meta name=\"twitter:card\" content=\"summary_large_image\" \/>\n<meta name=\"twitter:site\" content=\"@carnavalticket\" \/>\n<meta name=\"twitter:label1\" content=\"Gesch\u00e4tzte Lesezeit\" \/>\n\t<meta name=\"twitter:data1\" content=\"1\u00a0Minute\" \/>\n<!-- \/ Yoast SEO plugin. -->","yoast_head_json":{"title":"Tickets kaufen - Ticket Rio - Billets Rio Carnaval, Tickets for Rio Carnival, Comprar Boletos Carnaval Rio, Rio Carnival Tickets. Karneval Rio Tickets, Rio Carnevale Biglietti, Rio de Janeiro Carnival Tickets Sambadrome. Boletos Carnaval R\u00edo.","description":"Rio Carnaval billet, Carnaval R\u00edo Entradas, Billets Carnaval de Rio, Rio Karneval Tickets, Rio Carnevale Biglietti, Rio Carnival Parade Tickets.","robots":{"index":"index","follow":"follow","max-snippet":"max-snippet:-1","max-image-preview":"max-image-preview:large","max-video-preview":"max-video-preview:-1"},"canonical":"https:\/\/carnival.ticketrio.com.br\/de\/kaufen-rio-de-janeiro-karneval-tickets\/","og_locale":"de_DE","og_type":"article","og_title":"Tickets kaufen - Ticket Rio - Billets Rio Carnaval, Tickets for Rio Carnival, Comprar Boletos Carnaval Rio, Rio Carnival Tickets. Karneval Rio Tickets, Rio Carnevale Biglietti, Rio de Janeiro Carnival Tickets Sambadrome. Boletos Carnaval R\u00edo.","og_description":"Rio Carnaval billet, Carnaval R\u00edo Entradas, Billets Carnaval de Rio, Rio Karneval Tickets, Rio Carnevale Biglietti, Rio Carnival Parade Tickets.","og_url":"https:\/\/carnival.ticketrio.com.br\/de\/kaufen-rio-de-janeiro-karneval-tickets\/","og_site_name":"Ticket Rio - Billets Rio Carnaval, Tickets for Rio Carnival, Comprar Boletos Carnaval Rio, Rio Carnival Tickets. Karneval Rio Tickets, Rio Carnevale Biglietti, Rio de Janeiro Carnival Tickets Sambadrome. Boletos Carnaval R\u00edo.","article_publisher":"https:\/\/www.facebook.com\/ticketrio\/?fref=nf","article_modified_time":"2017-03-28T20:38:38+00:00","og_image":[{"url":"https:\/\/carnival-ticketrio.com\/wp-content\/uploads\/2016\/10\/rio-carnival-parade-portela-300x199.jpg","type":"","width":"","height":""}],"twitter_card":"summary_large_image","twitter_site":"@carnavalticket","twitter_misc":{"Gesch\u00e4tzte Lesezeit":"1\u00a0Minute"},"schema":{"@context":"https:\/\/schema.org","@graph":[{"@type":"WebPage","@id":"https:\/\/carnival.ticketrio.com.br\/de\/kaufen-rio-de-janeiro-karneval-tickets\/","url":"https:\/\/carnival.ticketrio.com.br\/de\/kaufen-rio-de-janeiro-karneval-tickets\/","name":"Tickets kaufen - Ticket Rio - Billets Rio Carnaval, Tickets for Rio Carnival, Comprar Boletos Carnaval Rio, Rio Carnival Tickets. Karneval Rio Tickets, Rio Carnevale Biglietti, Rio de Janeiro Carnival Tickets Sambadrome. Boletos Carnaval R\u00edo.","isPartOf":{"@id":"https:\/\/carnival.ticketrio.com.br\/#website"},"primaryImageOfPage":{"@id":"https:\/\/carnival.ticketrio.com.br\/de\/kaufen-rio-de-janeiro-karneval-tickets\/#primaryimage"},"image":{"@id":"https:\/\/carnival.ticketrio.com.br\/de\/kaufen-rio-de-janeiro-karneval-tickets\/#primaryimage"},"thumbnailUrl":"https:\/\/carnival-ticketrio.com\/wp-content\/uploads\/2016\/10\/rio-carnival-parade-portela-300x199.jpg","datePublished":"2016-11-23T03:16:43+00:00","dateModified":"2017-03-28T20:38:38+00:00","description":"Rio Carnaval billet, Carnaval R\u00edo Entradas, Billets Carnaval de Rio, Rio Karneval Tickets, Rio Carnevale Biglietti, Rio Carnival Parade Tickets.","breadcrumb":{"@id":"https:\/\/carnival.ticketrio.com.br\/de\/kaufen-rio-de-janeiro-karneval-tickets\/#breadcrumb"},"inLanguage":"de","potentialAction":[{"@type":"ReadAction","target":["https:\/\/carnival.ticketrio.com.br\/de\/kaufen-rio-de-janeiro-karneval-tickets\/"]}]},{"@type":"ImageObject","inLanguage":"de","@id":"https:\/\/carnival.ticketrio.com.br\/de\/kaufen-rio-de-janeiro-karneval-tickets\/#primaryimage","url":"https:\/\/carnival-ticketrio.com\/wp-content\/uploads\/2016\/10\/rio-carnival-parade-portela-300x199.jpg","contentUrl":"https:\/\/carnival-ticketrio.com\/wp-content\/uploads\/2016\/10\/rio-carnival-parade-portela-300x199.jpg"},{"@type":"BreadcrumbList","@id":"https:\/\/carnival.ticketrio.com.br\/de\/kaufen-rio-de-janeiro-karneval-tickets\/#breadcrumb","itemListElement":[{"@type":"ListItem","position":1,"name":"Home","item":"https:\/\/carnival.ticketrio.com.br\/de\/rio-parade-carnival-tickets\/"},{"@type":"ListItem","position":2,"name":"Tickets kaufen"}]},{"@type":"WebSite","@id":"https:\/\/carnival.ticketrio.com.br\/#website","url":"https:\/\/carnival.ticketrio.com.br\/","name":"Ticket Rio - Billets Rio Carnaval, Tickets for Rio Carnival, Comprar Boletos Carnaval Rio, Rio Carnival Tickets. Karneval Rio Tickets, Rio Carnevale Biglietti, Rio de Janeiro Carnival Tickets Sambadrome. Boletos Carnaval R\u00edo.","description":"Rio carnival parade tickets sambadrome 2026. Acheter billets Rio Carnaval. Comprar Boletos Rio Carnaval boletos Carnevale di Rio biglietti Karneval Rio de Janeiro Carnaval tickets 2026. Boletos Carnaval R\u00edo. Rio de Janeiro Carnival Tickets. Tickets Rio Carnival Sambadrome.","publisher":{"@id":"https:\/\/carnival.ticketrio.com.br\/#organization"},"potentialAction":[{"@type":"SearchAction","target":{"@type":"EntryPoint","urlTemplate":"https:\/\/carnival.ticketrio.com.br\/?s={search_term_string}"},"query-input":{"@type":"PropertyValueSpecification","valueRequired":true,"valueName":"search_term_string"}}],"inLanguage":"de"},{"@type":"Organization","@id":"https:\/\/carnival.ticketrio.com.br\/#organization","name":"Rio Carnaval billet 2018 - Rio Carnaval Entradas, Rio Carnaval Billets, Rio Karneval Tickets, Rio Carnival Parade Sambadrome Tickets","url":"https:\/\/carnival.ticketrio.com.br\/","logo":{"@type":"ImageObject","inLanguage":"de","@id":"https:\/\/carnival.ticketrio.com.br\/#\/schema\/logo\/image\/","url":"https:\/\/carnival-ticketrio.com\/wp-content\/uploads\/2016\/10\/ticket01-e1476303239999.png","contentUrl":"https:\/\/carnival-ticketrio.com\/wp-content\/uploads\/2016\/10\/ticket01-e1476303239999.png","width":200,"height":99,"caption":"Rio Carnaval billet 2018 - Rio Carnaval Entradas, Rio Carnaval Billets, Rio Karneval Tickets, Rio Carnival Parade Sambadrome Tickets"},"image":{"@id":"https:\/\/carnival.ticketrio.com.br\/#\/schema\/logo\/image\/"},"sameAs":["https:\/\/www.facebook.com\/ticketrio\/?fref=nf","https:\/\/x.com\/carnavalticket","https:\/\/www.youtube.com\/watch?v=iApTAnu9-ho"]}]}},"_links":{"self":[{"href":"https:\/\/carnival.ticketrio.com.br\/de\/wp-json\/wp\/v2\/pages\/636","targetHints":{"allow":["GET"]}}],"collection":[{"href":"https:\/\/carnival.ticketrio.com.br\/de\/wp-json\/wp\/v2\/pages"}],"about":[{"href":"https:\/\/carnival.ticketrio.com.br\/de\/wp-json\/wp\/v2\/types\/page"}],"author":[{"embeddable":true,"href":"https:\/\/carnival.ticketrio.com.br\/de\/wp-json\/wp\/v2\/users\/1"}],"replies":[{"embeddable":true,"href":"https:\/\/carnival.ticketrio.com.br\/de\/wp-json\/wp\/v2\/comments?post=636"}],"version-history":[{"count":5,"href":"https:\/\/carnival.ticketrio.com.br\/de\/wp-json\/wp\/v2\/pages\/636\/revisions"}],"predecessor-version":[{"id":1110,"href":"https:\/\/carnival.ticketrio.com.br\/de\/wp-json\/wp\/v2\/pages\/636\/revisions\/1110"}],"wp:attachment":[{"href":"https:\/\/carnival.ticketrio.com.br\/de\/wp-json\/wp\/v2\/media?parent=636"}],"curies":[{"name":"wp","href":"https:\/\/api.w.org\/{rel}","templated":true}]}}