{"id":8,"date":"2016-10-03T15:19:19","date_gmt":"2016-10-03T15:19:19","guid":{"rendered":"https:\/\/carnival-ticketrio.com\/?page_id=8"},"modified":"2025-04-25T16:00:29","modified_gmt":"2025-04-25T16:00:29","slug":"ticket-rio-carnival","status":"publish","type":"page","link":"https:\/\/carnival.ticketrio.com.br\/ticket-rio-carnival\/","title":{"rendered":"Ticket Rio"},"content":{"rendered":"<h2 style=\"text-align: justify;\">Ticket Rio Carnival<\/h2>\n<h4 style=\"text-align: justify;\">Ticket Rio Carnival Travel agency specializes in selling packages for major events like Rio Carnival Sambadrome, Theme Parks, and Shows, adding the reception services, transportation, and guide.<\/h4>\n<p style=\"text-align: justify;\">Besides <a href=\"https:\/\/www.carnavalticketrio.com\/rio-carnival-parade-tickets-sambadrome.html\">Rio Carnival Packages and Tickets<\/a>, we <a href=\"https:\/\/www.carnavalticketrio.com\/\"><img loading=\"lazy\" decoding=\"async\" class=\"size-medium wp-image-188 alignleft\" src=\"https:\/\/carnival.ticketrio.com.br\/wp-content\/uploads\/2016\/10\/ticketrio_logo-300x148.png\" rel='magnific' alt=\"\" width=\"300\" height=\"148\" \/><\/a>offer tours for groups to Corcovado, Sugar Loaf, beaches, Angra dos Reis and Ilha Grande, as well as cruises, city tours, booking hotels, transfers, among others.<\/p>\n<p style=\"text-align: left;\">To purchase our products and services, visit the Ticket Rio online stores at https:\/\/www.carnavalticketrio.com or talk with our personalized service by phone, skype, email or online chat.<\/p>\n<p>&nbsp;<\/p>\n<p>&nbsp;<\/p>\n<div>\n<h2 class=\"widget-title\"><strong>Ticket Rio Team<\/strong><\/h2>\n<div class=\"textwidget\">\n<p>We have a specialized team that will give you all the support and personalized attention. Contact us by e- mail, in person or even chat. We are at your disposal! We speak Portuguese, English and Spanish.<\/p>\n<\/div>\n<\/div>\n<p><img loading=\"lazy\" decoding=\"async\" class=\"alignnone size-medium wp-image-185\" src=\"http:\/\/www.ticketrio.com\/wp-content\/uploads\/2016\/10\/team_ticketrio_menor1-300x174.jpg\" alt=\"team_ticketrio_menor1\" width=\"300\" height=\"174\" srcset=\"https:\/\/carnival.ticketrio.com.br\/wp-content\/uploads\/2016\/10\/team_ticketrio_menor1-300x174.jpg 300w, https:\/\/carnival.ticketrio.com.br\/wp-content\/uploads\/2016\/10\/team_ticketrio_menor1.jpg 640w\" sizes=\"auto, (max-width: 300px) 100vw, 300px\" \/><\/p>\n<div>\n<div class=\"textwidget\">\n<h2><strong>Services<\/strong><\/h2>\n<p style=\"text-align: justify;\">We offer the traditional reservation of sightseeing in Rio de Janeiro, operations of packages with entrance to the sambodrome, passports to theme parks and national and international parks. We also organize special events for groups and tours that include private shuttle (bus, minibus), tour guide, hotel reservations, travel on cruises, among others.<br \/>\nWe are affiliates to Embratur &#8211; Federal Turism Institute and Abav &#8211; Brazilian Travel Agency Association.<br \/>\nClick on the images to see our certificates.<\/p>\n<h2><strong>Brasil Store<\/strong><\/h2>\n<p><strong>Address<\/strong>: Av. das Am\u00e9ricas 700&nbsp; Loja 112 L Shopping Citt\u00e1 Am\u00e9rica&nbsp; Barra da Tijuca \u2013 RJ<\/p>\n<p><strong>Phones:<\/strong> 5521 3982-1515 \/ 2025-5000\/ 98379-5068<img loading=\"lazy\" decoding=\"async\" class=\"size-medium wp-image-173 alignright\" src=\"http:\/\/www.ticketrio.com\/wp-content\/uploads\/2016\/10\/loja-fisica_google-300x225.jpg\" alt=\"loja-fisica_google\" width=\"300\" height=\"225\" srcset=\"https:\/\/carnival.ticketrio.com.br\/wp-content\/uploads\/2016\/10\/loja-fisica_google-300x225.jpg 300w, https:\/\/carnival.ticketrio.com.br\/wp-content\/uploads\/2016\/10\/loja-fisica_google.jpg 720w\" sizes=\"auto, (max-width: 300px) 100vw, 300px\" \/><\/p>\n<p>Work hours: 09 to 18h (mon &#8211; fri)<\/p>\n<p>E-mail: atendimento@ticketrio.com.br<\/p>\n<p><strong>Our Websites<\/strong><\/p>\n<ul class=\"xoxo blogroll\">\n<li><a title=\"Ticket Rio\" href=\"http:\/\/loja.ticketrio.com.br\/\" target=\"_blank\" rel=\"me noopener noreferrer\">http:\/\/loja.ticketrio.com.br<\/a><\/li>\n<li><a href=\"http:\/\/www.ticketrio.com\">http:\/\/www.ticketrio.com<\/a><\/li>\n<li><a title=\"Carnival Rio Blog\" href=\"https:\/\/carnival-ticketrio.com\/\" target=\"_blank\" rel=\"me noopener noreferrer\">https:\/\/carnival-ticketrio.com<\/a><\/li>\n<li><a title=\"Carnival Rio Blog\" href=\"http:\/\/www.entradascarnavalrio-ticketrio.com\/\" target=\"_blank\" rel=\"me noopener noreferrer\">http:\/\/www.entradascarnavalrio-ticketrio.com<\/a><\/li>\n<li><a href=\"http:\/\/www.carnavalticketrio.com\/\" target=\"_blank\" rel=\"noopener noreferrer\">http:\/\/www.carnavalticketrio.com<\/a><\/li>\n<li><a href=\"http:\/\/www.ticketriocarnaval.com.br\" target=\"_blank\" rel=\"noopener noreferrer\">http:\/\/www.ticketriocarnaval.com.br<\/a><\/li>\n<li><a href=\"http:\/\/www.ticketrio.com.br\/site\/\" target=\"_blank\" rel=\"noopener noreferrer\">http:\/\/www.ticketrio.com.br<\/a><\/li>\n<li><a href=\"http:\/\/carnaval.ticketrio.com.br\" target=\"_blank\" rel=\"noopener noreferrer\">http:\/\/carnaval.ticketrio.com.br<\/a><\/li>\n<\/ul>\n<\/div>\n<\/div>\n","protected":false},"excerpt":{"rendered":"<p>Ticket Rio Carnival Ticket Rio Carnival Travel agency specializes in selling packages for major events like Rio Carnival Sambadrome, Theme Parks, and Shows, adding the reception services, transportation, and guide. Besides Rio Carnival Packages and Tickets, we offer tours for <a href=\"https:\/\/carnival.ticketrio.com.br\/ticket-rio-carnival\/\"><\/p>\n<div class=\"read-more\">\n<p>Read more &#8250;<\/p>\n<\/div>\n<p><!-- end of .read-more --><\/a><\/p>\n","protected":false},"author":1,"featured_media":0,"parent":0,"menu_order":0,"comment_status":"closed","ping_status":"closed","template":"template-main-right.php","meta":{"_exactmetrics_skip_tracking":false,"_exactmetrics_sitenote_active":false,"_exactmetrics_sitenote_note":"","_exactmetrics_sitenote_category":0,"ngg_post_thumbnail":0,"_joinchat":{"telephone":"+14079784355"},"footnotes":""},"class_list":["post-8","page","type-page","status-publish","hentry"],"yoast_head":"<!-- This site is optimized with the Yoast SEO plugin v25.7 - https:\/\/yoast.com\/wordpress\/plugins\/seo\/ -->\n<title>Ticket Rio Carnival. Buy Rio Carnival Tickets 2026. Rio Parade Carnival Tickets for Sambadrome 2026<\/title>\n<meta name=\"description\" content=\"Ticket Rio Carnival. Buy Rio Carnival Tickets 2026. Rio Parade Carnival Tickets for Sambadrome 2026 Buy your Rio Carnival Tickets on line with Ticket Rio Carnival. We sell all kind of tickets for the Rio sambadrome parade.\" \/>\n<meta name=\"robots\" content=\"index, follow, max-snippet:-1, max-image-preview:large, max-video-preview:-1\" \/>\n<link rel=\"canonical\" href=\"https:\/\/carnival.ticketrio.com.br\/ticket-rio-carnival\/\" \/>\n<meta property=\"og:locale\" content=\"de_DE\" \/>\n<meta property=\"og:type\" content=\"article\" \/>\n<meta property=\"og:title\" content=\"Ticket Rio Carnival. Buy Rio Carnival Tickets 2026. Rio Parade Carnival Tickets for Sambadrome 2026\" \/>\n<meta property=\"og:description\" content=\"Ticket Rio Carnival. Buy Rio Carnival Tickets 2026. Rio Parade Carnival Tickets for Sambadrome 2026 Buy your Rio Carnival Tickets on line with Ticket Rio Carnival. We sell all kind of tickets for the Rio sambadrome parade.\" \/>\n<meta property=\"og:url\" content=\"https:\/\/carnival.ticketrio.com.br\/ticket-rio-carnival\/\" \/>\n<meta property=\"og:site_name\" content=\"Ticket Rio - Billets Rio Carnaval, Tickets for Rio Carnival, Comprar Boletos Carnaval Rio, Rio Carnival Tickets. Karneval Rio Tickets, Rio Carnevale Biglietti, Rio de Janeiro Carnival Tickets Sambadrome. Boletos Carnaval R\u00edo.\" \/>\n<meta property=\"article:publisher\" content=\"https:\/\/www.facebook.com\/ticketrio\/?fref=nf\" \/>\n<meta property=\"article:modified_time\" content=\"2025-04-25T16:00:29+00:00\" \/>\n<meta property=\"og:image\" content=\"https:\/\/carnival.ticketrio.com.br\/wp-content\/uploads\/2016\/10\/ticketrio_logo-300x148.png\" \/>\n<meta name=\"twitter:card\" content=\"summary_large_image\" \/>\n<meta name=\"twitter:site\" content=\"@carnavalticket\" \/>\n<meta name=\"twitter:label1\" content=\"Gesch\u00e4tzte Lesezeit\" \/>\n\t<meta name=\"twitter:data1\" content=\"2\u00a0Minuten\" \/>\n<!-- \/ Yoast SEO plugin. -->","yoast_head_json":{"title":"Ticket Rio Carnival. Buy Rio Carnival Tickets 2026. Rio Parade Carnival Tickets for Sambadrome 2026","description":"Ticket Rio Carnival. Buy Rio Carnival Tickets 2026. Rio Parade Carnival Tickets for Sambadrome 2026 Buy your Rio Carnival Tickets on line with Ticket Rio Carnival. We sell all kind of tickets for the Rio sambadrome parade.","robots":{"index":"index","follow":"follow","max-snippet":"max-snippet:-1","max-image-preview":"max-image-preview:large","max-video-preview":"max-video-preview:-1"},"canonical":"https:\/\/carnival.ticketrio.com.br\/ticket-rio-carnival\/","og_locale":"de_DE","og_type":"article","og_title":"Ticket Rio Carnival. Buy Rio Carnival Tickets 2026. Rio Parade Carnival Tickets for Sambadrome 2026","og_description":"Ticket Rio Carnival. Buy Rio Carnival Tickets 2026. Rio Parade Carnival Tickets for Sambadrome 2026 Buy your Rio Carnival Tickets on line with Ticket Rio Carnival. We sell all kind of tickets for the Rio sambadrome parade.","og_url":"https:\/\/carnival.ticketrio.com.br\/ticket-rio-carnival\/","og_site_name":"Ticket Rio - Billets Rio Carnaval, Tickets for Rio Carnival, Comprar Boletos Carnaval Rio, Rio Carnival Tickets. Karneval Rio Tickets, Rio Carnevale Biglietti, Rio de Janeiro Carnival Tickets Sambadrome. Boletos Carnaval R\u00edo.","article_publisher":"https:\/\/www.facebook.com\/ticketrio\/?fref=nf","article_modified_time":"2025-04-25T16:00:29+00:00","og_image":[{"url":"https:\/\/carnival.ticketrio.com.br\/wp-content\/uploads\/2016\/10\/ticketrio_logo-300x148.png","type":"","width":"","height":""}],"twitter_card":"summary_large_image","twitter_site":"@carnavalticket","twitter_misc":{"Gesch\u00e4tzte Lesezeit":"2\u00a0Minuten"},"schema":{"@context":"https:\/\/schema.org","@graph":[{"@type":"WebPage","@id":"https:\/\/carnival.ticketrio.com.br\/ticket-rio-carnival\/","url":"https:\/\/carnival.ticketrio.com.br\/ticket-rio-carnival\/","name":"Ticket Rio Carnival. Buy Rio Carnival Tickets 2026. Rio Parade Carnival Tickets for Sambadrome 2026","isPartOf":{"@id":"https:\/\/carnival.ticketrio.com.br\/#website"},"primaryImageOfPage":{"@id":"https:\/\/carnival.ticketrio.com.br\/ticket-rio-carnival\/#primaryimage"},"image":{"@id":"https:\/\/carnival.ticketrio.com.br\/ticket-rio-carnival\/#primaryimage"},"thumbnailUrl":"https:\/\/carnival.ticketrio.com.br\/wp-content\/uploads\/2016\/10\/ticketrio_logo-300x148.png","datePublished":"2016-10-03T15:19:19+00:00","dateModified":"2025-04-25T16:00:29+00:00","description":"Ticket Rio Carnival. Buy Rio Carnival Tickets 2026. Rio Parade Carnival Tickets for Sambadrome 2026 Buy your Rio Carnival Tickets on line with Ticket Rio Carnival. We sell all kind of tickets for the Rio sambadrome parade.","breadcrumb":{"@id":"https:\/\/carnival.ticketrio.com.br\/ticket-rio-carnival\/#breadcrumb"},"inLanguage":"de","potentialAction":[{"@type":"ReadAction","target":["https:\/\/carnival.ticketrio.com.br\/ticket-rio-carnival\/"]}]},{"@type":"ImageObject","inLanguage":"de","@id":"https:\/\/carnival.ticketrio.com.br\/ticket-rio-carnival\/#primaryimage","url":"https:\/\/carnival.ticketrio.com.br\/wp-content\/uploads\/2016\/10\/ticketrio_logo-300x148.png","contentUrl":"https:\/\/carnival.ticketrio.com.br\/wp-content\/uploads\/2016\/10\/ticketrio_logo-300x148.png"},{"@type":"BreadcrumbList","@id":"https:\/\/carnival.ticketrio.com.br\/ticket-rio-carnival\/#breadcrumb","itemListElement":[{"@type":"ListItem","position":1,"name":"Home","item":"https:\/\/carnival.ticketrio.com.br\/it\/rio-biglietti-carnival-2\/"},{"@type":"ListItem","position":2,"name":"Ticket Rio"}]},{"@type":"WebSite","@id":"https:\/\/carnival.ticketrio.com.br\/#website","url":"https:\/\/carnival.ticketrio.com.br\/","name":"Ticket Rio - Billets Rio Carnaval, Tickets for Rio Carnival, Comprar Boletos Carnaval Rio, Rio Carnival Tickets. Karneval Rio Tickets, Rio Carnevale Biglietti, Rio de Janeiro Carnival Tickets Sambadrome. Boletos Carnaval R\u00edo.","description":"Rio carnival parade tickets sambadrome 2026. Acheter billets Rio Carnaval. Comprar Boletos Rio Carnaval boletos Carnevale di Rio biglietti Karneval Rio de Janeiro Carnaval tickets 2026. Boletos Carnaval R\u00edo. Rio de Janeiro Carnival Tickets. Tickets Rio Carnival Sambadrome.","publisher":{"@id":"https:\/\/carnival.ticketrio.com.br\/#organization"},"potentialAction":[{"@type":"SearchAction","target":{"@type":"EntryPoint","urlTemplate":"https:\/\/carnival.ticketrio.com.br\/?s={search_term_string}"},"query-input":{"@type":"PropertyValueSpecification","valueRequired":true,"valueName":"search_term_string"}}],"inLanguage":"de"},{"@type":"Organization","@id":"https:\/\/carnival.ticketrio.com.br\/#organization","name":"Rio Carnaval billet 2018 - Rio Carnaval Entradas, Rio Carnaval Billets, Rio Karneval Tickets, Rio Carnival Parade Sambadrome Tickets","url":"https:\/\/carnival.ticketrio.com.br\/","logo":{"@type":"ImageObject","inLanguage":"de","@id":"https:\/\/carnival.ticketrio.com.br\/#\/schema\/logo\/image\/","url":"https:\/\/carnival-ticketrio.com\/wp-content\/uploads\/2016\/10\/ticket01-e1476303239999.png","contentUrl":"https:\/\/carnival-ticketrio.com\/wp-content\/uploads\/2016\/10\/ticket01-e1476303239999.png","width":200,"height":99,"caption":"Rio Carnaval billet 2018 - Rio Carnaval Entradas, Rio Carnaval Billets, Rio Karneval Tickets, Rio Carnival Parade Sambadrome Tickets"},"image":{"@id":"https:\/\/carnival.ticketrio.com.br\/#\/schema\/logo\/image\/"},"sameAs":["https:\/\/www.facebook.com\/ticketrio\/?fref=nf","https:\/\/x.com\/carnavalticket","https:\/\/www.youtube.com\/watch?v=iApTAnu9-ho"]}]}},"_links":{"self":[{"href":"https:\/\/carnival.ticketrio.com.br\/de\/wp-json\/wp\/v2\/pages\/8","targetHints":{"allow":["GET"]}}],"collection":[{"href":"https:\/\/carnival.ticketrio.com.br\/de\/wp-json\/wp\/v2\/pages"}],"about":[{"href":"https:\/\/carnival.ticketrio.com.br\/de\/wp-json\/wp\/v2\/types\/page"}],"author":[{"embeddable":true,"href":"https:\/\/carnival.ticketrio.com.br\/de\/wp-json\/wp\/v2\/users\/1"}],"replies":[{"embeddable":true,"href":"https:\/\/carnival.ticketrio.com.br\/de\/wp-json\/wp\/v2\/comments?post=8"}],"version-history":[{"count":20,"href":"https:\/\/carnival.ticketrio.com.br\/de\/wp-json\/wp\/v2\/pages\/8\/revisions"}],"predecessor-version":[{"id":1993,"href":"https:\/\/carnival.ticketrio.com.br\/de\/wp-json\/wp\/v2\/pages\/8\/revisions\/1993"}],"wp:attachment":[{"href":"https:\/\/carnival.ticketrio.com.br\/de\/wp-json\/wp\/v2\/media?parent=8"}],"curies":[{"name":"wp","href":"https:\/\/api.w.org\/{rel}","templated":true}]}}