{"id":890,"date":"2016-11-25T21:02:43","date_gmt":"2016-11-25T21:02:43","guid":{"rendered":"https:\/\/carnival-ticketrio.com\/?page_id=890"},"modified":"2017-03-28T21:28:02","modified_gmt":"2017-03-28T21:28:02","slug":"billets-carnaval-de-rio-de-janeiro","status":"publish","type":"page","link":"https:\/\/carnival.ticketrio.com.br\/fr\/billets-carnaval-de-rio-de-janeiro\/","title":{"rendered":"Billets Carnaval de Rio de Janeiro"},"content":{"rendered":"<h2><span class=\"sub-title\"><br \/>\nL&#8217;\u00e9v\u00e9nement culturel le plus important au Br\u00e9sil<\/span><\/h2>\n<p style=\"text-align: justify;\" data-meaningful=\"true\">Le carnaval est en fait l&#8217;\u00e9v\u00e9nement culturel le plus important au Br\u00e9sil, et le lieu Sambadrome &#8211; o\u00f9 le d\u00e9fil\u00e9 officiel du carnaval a lieu &#8211; est l&#8217;\u00e9picentre du carnaval au Br\u00e9sil.\u00a0Beaucoup de gens planifient le carnaval de Rio de Janeiro un an avant.<\/p>\n<h2>5 Jours de spectaculaires Performances et Parading<\/h2>\n<p style=\"text-align: justify;\">Il existe de nombreuses \u00e9coles de Samba au Br\u00e9sil, et seulement le meilleur en comp\u00e9tition. Les \u00e9coles sont r\u00e9parties en groupes qui se disputent pendant le d\u00e9fil\u00e9 du Carnaval. Chacun de ces groupes ont de 6 \u00e0 14 samba \u00e9coles. Le Groupe sp\u00e9cial est le plus avanc\u00e9. Le groupe A et B suivantes. (D&#8217;autres groupes de la ligue inf\u00e9rieure existe, mais ils sont hors du jeu)<\/p>\n<p style=\"text-align: justify;\">L&#8217;\u00e9cole qui gagne dans leur groupe sera promu imm\u00e9diatement au groupe sup\u00e9rieur. De m\u00eame, les \u00e9coles qui obtiennent le grade le plus bas dans leurs groupes sont d\u00e9class\u00e9es au groupe inf\u00e9rieur. Par cons\u00e9quent, toutes les \u00e9coles cherchent \u00e0 am\u00e9liorer leurs positions dans le concours g\u00e9n\u00e9ral et de devenir groupe-champions. Le champion du carnaval est le gagnant du groupe sp\u00e9cial, mais plus important encore, le Roi de la Samba &#8211; gagner la reconnaissance dans le monde entier!<\/p>\n<p style=\"text-align: justify;\"><strong>Types de billets Parade<\/strong><\/p>\n<p>La premi\u00e8re chose que vous devriez consid\u00e9rer est le type de billets que vous souhaitez acheter. Il y a 4 options:<\/p>\n<p style=\"text-align: justify;\"><a href=\"http:\/\/www.carnavalticketrio.com.br\"><img loading=\"lazy\" decoding=\"async\" class=\"alignnone size-medium wp-image-952\" src=\"https:\/\/carnival-ticketrio.com\/wp-content\/uploads\/2016\/11\/tribunes_fr-185x300.jpg\" rel='magnific' alt=\"tribunes_fr\" width=\"185\" height=\"300\" srcset=\"https:\/\/carnival.ticketrio.com.br\/wp-content\/uploads\/2016\/11\/tribunes_fr-185x300.jpg 185w, https:\/\/carnival.ticketrio.com.br\/wp-content\/uploads\/2016\/11\/tribunes_fr-768x1248.jpg 768w, https:\/\/carnival.ticketrio.com.br\/wp-content\/uploads\/2016\/11\/tribunes_fr-630x1024.jpg 630w, https:\/\/carnival.ticketrio.com.br\/wp-content\/uploads\/2016\/11\/tribunes_fr.jpg 921w\" sizes=\"auto, (max-width: 185px) 100vw, 185px\" \/><\/a>\u00a0<a href=\"http:\/\/www.carnavalticketrio.com.br\"><img loading=\"lazy\" decoding=\"async\" class=\"alignnone size-medium wp-image-951\" src=\"https:\/\/carnival-ticketrio.com\/wp-content\/uploads\/2016\/11\/chaisesdepiste_fr-185x300.jpg\" rel='magnific' alt=\"chaisesdepiste_fr\" width=\"185\" height=\"300\" srcset=\"https:\/\/carnival.ticketrio.com.br\/wp-content\/uploads\/2016\/11\/chaisesdepiste_fr-185x300.jpg 185w, https:\/\/carnival.ticketrio.com.br\/wp-content\/uploads\/2016\/11\/chaisesdepiste_fr-768x1247.jpg 768w, https:\/\/carnival.ticketrio.com.br\/wp-content\/uploads\/2016\/11\/chaisesdepiste_fr-630x1024.jpg 630w, https:\/\/carnival.ticketrio.com.br\/wp-content\/uploads\/2016\/11\/chaisesdepiste_fr.jpg 921w\" sizes=\"auto, (max-width: 185px) 100vw, 185px\" \/><\/a>\u00a0<a href=\"http:\/\/www.carnavalticketrio.com.br\"><img loading=\"lazy\" decoding=\"async\" class=\"alignnone size-medium wp-image-950\" src=\"https:\/\/carnival-ticketrio.com\/wp-content\/uploads\/2016\/11\/boxavant-185x300.jpg\" rel='magnific' alt=\"boxavant\" width=\"185\" height=\"300\" srcset=\"https:\/\/carnival.ticketrio.com.br\/wp-content\/uploads\/2016\/11\/boxavant-185x300.jpg 185w, https:\/\/carnival.ticketrio.com.br\/wp-content\/uploads\/2016\/11\/boxavant-768x1247.jpg 768w, https:\/\/carnival.ticketrio.com.br\/wp-content\/uploads\/2016\/11\/boxavant-631x1024.jpg 631w, https:\/\/carnival.ticketrio.com.br\/wp-content\/uploads\/2016\/11\/boxavant.jpg 922w\" sizes=\"auto, (max-width: 185px) 100vw, 185px\" \/><\/a>\u00a0<a href=\"http:\/\/www.carnavalticketrio.com.br\"><img loading=\"lazy\" decoding=\"async\" class=\"alignnone size-medium wp-image-948\" src=\"https:\/\/carnival-ticketrio.com\/wp-content\/uploads\/2016\/11\/superviplounge_fr-185x300.jpg\" rel='magnific' alt=\"superviplounge_fr\" width=\"185\" height=\"300\" srcset=\"https:\/\/carnival.ticketrio.com.br\/wp-content\/uploads\/2016\/11\/superviplounge_fr-185x300.jpg 185w, https:\/\/carnival.ticketrio.com.br\/wp-content\/uploads\/2016\/11\/superviplounge_fr-768x1247.jpg 768w, https:\/\/carnival.ticketrio.com.br\/wp-content\/uploads\/2016\/11\/superviplounge_fr-631x1024.jpg 631w, https:\/\/carnival.ticketrio.com.br\/wp-content\/uploads\/2016\/11\/superviplounge_fr.jpg 922w\" sizes=\"auto, (max-width: 185px) 100vw, 185px\" \/><\/a><\/p>\n<h2><span class=\"sub-title\">Dates Carnaval<\/span><\/h2>\n<p style=\"text-align: justify;\">Le d\u00e9fil\u00e9 du carnaval a lieu tous les jours dans la salle Sambadrome de Rio de Janeiro \u00e0 partir du vendredi 24 f\u00e9vrier 2017 au lundi prochain &#8211; 27e f\u00e9vrier. Les finales auront lieu le 4 Mars, un samedi<\/p>\n","protected":false},"excerpt":{"rendered":"<p>L&#8217;\u00e9v\u00e9nement culturel le plus important au Br\u00e9sil Le carnaval est en fait l&#8217;\u00e9v\u00e9nement culturel le plus important au Br\u00e9sil, et le lieu Sambadrome &#8211; o\u00f9 le d\u00e9fil\u00e9 officiel du carnaval a lieu &#8211; est l&#8217;\u00e9picentre du carnaval au Br\u00e9sil.\u00a0Beaucoup de <a href=\"https:\/\/carnival.ticketrio.com.br\/fr\/billets-carnaval-de-rio-de-janeiro\/\"><\/p>\n<div class=\"read-more\">\n<p>Read more &#8250;<\/p>\n<\/div>\n<p><!-- end of .read-more --><\/a><\/p>\n","protected":false},"author":1,"featured_media":0,"parent":0,"menu_order":0,"comment_status":"closed","ping_status":"closed","template":"template-main-right.php","meta":{"_exactmetrics_skip_tracking":false,"_exactmetrics_sitenote_active":false,"_exactmetrics_sitenote_note":"","_exactmetrics_sitenote_category":0,"ngg_post_thumbnail":0,"_joinchat":[],"footnotes":""},"class_list":["post-890","page","type-page","status-publish","hentry"],"yoast_head":"<!-- This site is optimized with the Yoast SEO plugin v25.7 - https:\/\/yoast.com\/wordpress\/plugins\/seo\/ -->\n<title>Billets Carnaval de Rio de Janeiro - Ticket Rio - Billets Rio Carnaval, Tickets for Rio Carnival, Comprar Boletos Carnaval Rio, Rio Carnival Tickets. Karneval Rio Tickets, Rio Carnevale Biglietti, Rio de Janeiro Carnival Tickets Sambadrome. Boletos Carnaval R\u00edo.<\/title>\n<meta name=\"description\" content=\"Rio Carnaval billet, Carnaval R\u00edo Entradas, Billets Carnaval de Rio, Rio Karneval Tickets, Rio Carnevale Biglietti, Rio Carnival Parade Tickets.\" \/>\n<meta name=\"robots\" content=\"index, follow, max-snippet:-1, max-image-preview:large, max-video-preview:-1\" \/>\n<link rel=\"canonical\" href=\"https:\/\/carnival.ticketrio.com.br\/fr\/billets-carnaval-de-rio-de-janeiro\/\" \/>\n<meta property=\"og:locale\" content=\"de_DE\" \/>\n<meta property=\"og:type\" content=\"article\" \/>\n<meta property=\"og:title\" content=\"Billets Carnaval de Rio de Janeiro - Ticket Rio - Billets Rio Carnaval, Tickets for Rio Carnival, Comprar Boletos Carnaval Rio, Rio Carnival Tickets. Karneval Rio Tickets, Rio Carnevale Biglietti, Rio de Janeiro Carnival Tickets Sambadrome. Boletos Carnaval R\u00edo.\" \/>\n<meta property=\"og:description\" content=\"Rio Carnaval billet, Carnaval R\u00edo Entradas, Billets Carnaval de Rio, Rio Karneval Tickets, Rio Carnevale Biglietti, Rio Carnival Parade Tickets.\" \/>\n<meta property=\"og:url\" content=\"https:\/\/carnival.ticketrio.com.br\/fr\/billets-carnaval-de-rio-de-janeiro\/\" \/>\n<meta property=\"og:site_name\" content=\"Ticket Rio - Billets Rio Carnaval, Tickets for Rio Carnival, Comprar Boletos Carnaval Rio, Rio Carnival Tickets. Karneval Rio Tickets, Rio Carnevale Biglietti, Rio de Janeiro Carnival Tickets Sambadrome. Boletos Carnaval R\u00edo.\" \/>\n<meta property=\"article:publisher\" content=\"https:\/\/www.facebook.com\/ticketrio\/?fref=nf\" \/>\n<meta property=\"article:modified_time\" content=\"2017-03-28T21:28:02+00:00\" \/>\n<meta property=\"og:image\" content=\"https:\/\/carnival-ticketrio.com\/wp-content\/uploads\/2016\/11\/tribunes_fr-185x300.jpg\" \/>\n<meta name=\"twitter:card\" content=\"summary_large_image\" \/>\n<meta name=\"twitter:site\" content=\"@carnavalticket\" \/>\n<meta name=\"twitter:label1\" content=\"Gesch\u00e4tzte Lesezeit\" \/>\n\t<meta name=\"twitter:data1\" content=\"1\u00a0Minute\" \/>\n<!-- \/ Yoast SEO plugin. -->","yoast_head_json":{"title":"Billets Carnaval de Rio de Janeiro - Ticket Rio - Billets Rio Carnaval, Tickets for Rio Carnival, Comprar Boletos Carnaval Rio, Rio Carnival Tickets. Karneval Rio Tickets, Rio Carnevale Biglietti, Rio de Janeiro Carnival Tickets Sambadrome. Boletos Carnaval R\u00edo.","description":"Rio Carnaval billet, Carnaval R\u00edo Entradas, Billets Carnaval de Rio, Rio Karneval Tickets, Rio Carnevale Biglietti, Rio Carnival Parade Tickets.","robots":{"index":"index","follow":"follow","max-snippet":"max-snippet:-1","max-image-preview":"max-image-preview:large","max-video-preview":"max-video-preview:-1"},"canonical":"https:\/\/carnival.ticketrio.com.br\/fr\/billets-carnaval-de-rio-de-janeiro\/","og_locale":"de_DE","og_type":"article","og_title":"Billets Carnaval de Rio de Janeiro - Ticket Rio - Billets Rio Carnaval, Tickets for Rio Carnival, Comprar Boletos Carnaval Rio, Rio Carnival Tickets. Karneval Rio Tickets, Rio Carnevale Biglietti, Rio de Janeiro Carnival Tickets Sambadrome. Boletos Carnaval R\u00edo.","og_description":"Rio Carnaval billet, Carnaval R\u00edo Entradas, Billets Carnaval de Rio, Rio Karneval Tickets, Rio Carnevale Biglietti, Rio Carnival Parade Tickets.","og_url":"https:\/\/carnival.ticketrio.com.br\/fr\/billets-carnaval-de-rio-de-janeiro\/","og_site_name":"Ticket Rio - Billets Rio Carnaval, Tickets for Rio Carnival, Comprar Boletos Carnaval Rio, Rio Carnival Tickets. Karneval Rio Tickets, Rio Carnevale Biglietti, Rio de Janeiro Carnival Tickets Sambadrome. Boletos Carnaval R\u00edo.","article_publisher":"https:\/\/www.facebook.com\/ticketrio\/?fref=nf","article_modified_time":"2017-03-28T21:28:02+00:00","og_image":[{"url":"https:\/\/carnival-ticketrio.com\/wp-content\/uploads\/2016\/11\/tribunes_fr-185x300.jpg","type":"","width":"","height":""}],"twitter_card":"summary_large_image","twitter_site":"@carnavalticket","twitter_misc":{"Gesch\u00e4tzte Lesezeit":"1\u00a0Minute"},"schema":{"@context":"https:\/\/schema.org","@graph":[{"@type":"WebPage","@id":"https:\/\/carnival.ticketrio.com.br\/fr\/billets-carnaval-de-rio-de-janeiro\/","url":"https:\/\/carnival.ticketrio.com.br\/fr\/billets-carnaval-de-rio-de-janeiro\/","name":"Billets Carnaval de Rio de Janeiro - Ticket Rio - Billets Rio Carnaval, Tickets for Rio Carnival, Comprar Boletos Carnaval Rio, Rio Carnival Tickets. Karneval Rio Tickets, Rio Carnevale Biglietti, Rio de Janeiro Carnival Tickets Sambadrome. Boletos Carnaval R\u00edo.","isPartOf":{"@id":"https:\/\/carnival.ticketrio.com.br\/#website"},"primaryImageOfPage":{"@id":"https:\/\/carnival.ticketrio.com.br\/fr\/billets-carnaval-de-rio-de-janeiro\/#primaryimage"},"image":{"@id":"https:\/\/carnival.ticketrio.com.br\/fr\/billets-carnaval-de-rio-de-janeiro\/#primaryimage"},"thumbnailUrl":"https:\/\/carnival-ticketrio.com\/wp-content\/uploads\/2016\/11\/tribunes_fr-185x300.jpg","datePublished":"2016-11-25T21:02:43+00:00","dateModified":"2017-03-28T21:28:02+00:00","description":"Rio Carnaval billet, Carnaval R\u00edo Entradas, Billets Carnaval de Rio, Rio Karneval Tickets, Rio Carnevale Biglietti, Rio Carnival Parade Tickets.","breadcrumb":{"@id":"https:\/\/carnival.ticketrio.com.br\/fr\/billets-carnaval-de-rio-de-janeiro\/#breadcrumb"},"inLanguage":"de","potentialAction":[{"@type":"ReadAction","target":["https:\/\/carnival.ticketrio.com.br\/fr\/billets-carnaval-de-rio-de-janeiro\/"]}]},{"@type":"ImageObject","inLanguage":"de","@id":"https:\/\/carnival.ticketrio.com.br\/fr\/billets-carnaval-de-rio-de-janeiro\/#primaryimage","url":"https:\/\/carnival-ticketrio.com\/wp-content\/uploads\/2016\/11\/tribunes_fr-185x300.jpg","contentUrl":"https:\/\/carnival-ticketrio.com\/wp-content\/uploads\/2016\/11\/tribunes_fr-185x300.jpg"},{"@type":"BreadcrumbList","@id":"https:\/\/carnival.ticketrio.com.br\/fr\/billets-carnaval-de-rio-de-janeiro\/#breadcrumb","itemListElement":[{"@type":"ListItem","position":1,"name":"Home","item":"https:\/\/carnival.ticketrio.com.br\/fr\/rio-carnaval-billets\/"},{"@type":"ListItem","position":2,"name":"Billets Carnaval de Rio de Janeiro"}]},{"@type":"WebSite","@id":"https:\/\/carnival.ticketrio.com.br\/#website","url":"https:\/\/carnival.ticketrio.com.br\/","name":"Ticket Rio - Billets Rio Carnaval, Tickets for Rio Carnival, Comprar Boletos Carnaval Rio, Rio Carnival Tickets. Karneval Rio Tickets, Rio Carnevale Biglietti, Rio de Janeiro Carnival Tickets Sambadrome. Boletos Carnaval R\u00edo.","description":"Rio carnival parade tickets sambadrome 2026. Acheter billets Rio Carnaval. Comprar Boletos Rio Carnaval boletos Carnevale di Rio biglietti Karneval Rio de Janeiro Carnaval tickets 2026. Boletos Carnaval R\u00edo. Rio de Janeiro Carnival Tickets. Tickets Rio Carnival Sambadrome.","publisher":{"@id":"https:\/\/carnival.ticketrio.com.br\/#organization"},"potentialAction":[{"@type":"SearchAction","target":{"@type":"EntryPoint","urlTemplate":"https:\/\/carnival.ticketrio.com.br\/?s={search_term_string}"},"query-input":{"@type":"PropertyValueSpecification","valueRequired":true,"valueName":"search_term_string"}}],"inLanguage":"de"},{"@type":"Organization","@id":"https:\/\/carnival.ticketrio.com.br\/#organization","name":"Rio Carnaval billet 2018 - Rio Carnaval Entradas, Rio Carnaval Billets, Rio Karneval Tickets, Rio Carnival Parade Sambadrome Tickets","url":"https:\/\/carnival.ticketrio.com.br\/","logo":{"@type":"ImageObject","inLanguage":"de","@id":"https:\/\/carnival.ticketrio.com.br\/#\/schema\/logo\/image\/","url":"https:\/\/carnival-ticketrio.com\/wp-content\/uploads\/2016\/10\/ticket01-e1476303239999.png","contentUrl":"https:\/\/carnival-ticketrio.com\/wp-content\/uploads\/2016\/10\/ticket01-e1476303239999.png","width":200,"height":99,"caption":"Rio Carnaval billet 2018 - Rio Carnaval Entradas, Rio Carnaval Billets, Rio Karneval Tickets, Rio Carnival Parade Sambadrome Tickets"},"image":{"@id":"https:\/\/carnival.ticketrio.com.br\/#\/schema\/logo\/image\/"},"sameAs":["https:\/\/www.facebook.com\/ticketrio\/?fref=nf","https:\/\/x.com\/carnavalticket","https:\/\/www.youtube.com\/watch?v=iApTAnu9-ho"]}]}},"_links":{"self":[{"href":"https:\/\/carnival.ticketrio.com.br\/de\/wp-json\/wp\/v2\/pages\/890","targetHints":{"allow":["GET"]}}],"collection":[{"href":"https:\/\/carnival.ticketrio.com.br\/de\/wp-json\/wp\/v2\/pages"}],"about":[{"href":"https:\/\/carnival.ticketrio.com.br\/de\/wp-json\/wp\/v2\/types\/page"}],"author":[{"embeddable":true,"href":"https:\/\/carnival.ticketrio.com.br\/de\/wp-json\/wp\/v2\/users\/1"}],"replies":[{"embeddable":true,"href":"https:\/\/carnival.ticketrio.com.br\/de\/wp-json\/wp\/v2\/comments?post=890"}],"version-history":[{"count":0,"href":"https:\/\/carnival.ticketrio.com.br\/de\/wp-json\/wp\/v2\/pages\/890\/revisions"}],"wp:attachment":[{"href":"https:\/\/carnival.ticketrio.com.br\/de\/wp-json\/wp\/v2\/media?parent=890"}],"curies":[{"name":"wp","href":"https:\/\/api.w.org\/{rel}","templated":true}]}}