{"id":981,"date":"2016-12-06T16:11:05","date_gmt":"2016-12-06T16:11:05","guid":{"rendered":"https:\/\/carnival-ticketrio.com\/?page_id=981"},"modified":"2017-08-02T15:11:06","modified_gmt":"2017-08-02T15:11:06","slug":"rio-carnival-billets-carnaval-rio-de-janeiro","status":"publish","type":"page","link":"https:\/\/carnival.ticketrio.com.br\/fr\/rio-carnival-billets-carnaval-rio-de-janeiro\/","title":{"rendered":"Rio Carnaval Billets"},"content":{"rendered":"<h2>Obtenez vos <a href=\"https:\/\/www.carnavalticketrio.com\"><em>billets<\/em> de <em>Carnaval<\/em><\/a> pour le Sambadrome de <em>Rio<\/em> de Janeiro. Comme billets Carnaval de Rio ou Samb\u00f3dromo s\u00e3o muito ann\u00e9e est contest\u00e9e et esgotam rapide.<\/h2>\n<p>&nbsp;<\/p>\n<p style=\"text-align: justify;\"><span class=\"sub-title\">Le Carnaval de Rio est probablement le spectacle le plus attendu au Br\u00e9sil. Il est t\u00e9l\u00e9diffus\u00e9 dans le monde entier et regard\u00e9 par des millions de personnes chaque ann\u00e9e. Les billets pour le Carnaval de Rio se vendent g\u00e9n\u00e9ralement des mois avant qu&#8217;il n&#8217;ait effectivement lieu, et il est donc important que vous r\u00e9serviez vos billets le plus t\u00f4t possible.<\/span><\/p>\n<h2>5 Jours de spectaculaires Performances et Rio Carnaval Parading<\/h2>\n<p style=\"text-align: justify;\">Il existe de nombreuses \u00e9coles de Samba au Br\u00e9sil, et seulement le meilleur en comp\u00e9tition. Les \u00e9coles sont r\u00e9parties en groupes qui se disputent pendant le d\u00e9fil\u00e9 du Carnaval. Chacun de ces groupes ont de 6 \u00e0 14 samba \u00e9coles. Le Groupe sp\u00e9cial est le plus avanc\u00e9. Le groupe A et B suivantes. (D&#8217;autres groupes de la ligue inf\u00e9rieure existe, mais ils sont hors du jeu)<\/p>\n<p style=\"text-align: justify;\">L&#8217;\u00e9cole qui gagne dans leur groupe sera promu imm\u00e9diatement au groupe sup\u00e9rieur. De m\u00eame, les \u00e9coles qui obtiennent le grade le plus bas dans leurs groupes sont d\u00e9class\u00e9es au groupe inf\u00e9rieur. Par cons\u00e9quent, toutes les \u00e9coles cherchent \u00e0 am\u00e9liorer leurs positions dans le concours g\u00e9n\u00e9ral et de devenir groupe-champions. Le champion du carnaval est le gagnant du groupe sp\u00e9cial, mais plus important encore, le Roi de la Samba &#8211; gagner la reconnaissance dans le monde entier!<\/p>\n<h3 style=\"text-align: justify;\"><strong>Types de Rio Carnaval billets Parade<\/strong><\/h3>\n<h4>La premi\u00e8re chose que vous devriez consid\u00e9rer est le type de billets que vous souhaitez acheter. Il y a cinq options:<\/h4>\n<p style=\"text-align: justify;\"><a href=\"http:\/\/www.carnavalticketrio.com.br\"><img loading=\"lazy\" decoding=\"async\" class=\"alignnone size-medium wp-image-952\" src=\"https:\/\/carnival-ticketrio.com\/wp-content\/uploads\/2016\/11\/tribunes_fr-185x300.jpg\" rel='magnific' alt=\"tribunes_fr\" width=\"185\" height=\"300\" srcset=\"https:\/\/carnival.ticketrio.com.br\/wp-content\/uploads\/2016\/11\/tribunes_fr-185x300.jpg 185w, https:\/\/carnival.ticketrio.com.br\/wp-content\/uploads\/2016\/11\/tribunes_fr-768x1248.jpg 768w, https:\/\/carnival.ticketrio.com.br\/wp-content\/uploads\/2016\/11\/tribunes_fr-630x1024.jpg 630w, https:\/\/carnival.ticketrio.com.br\/wp-content\/uploads\/2016\/11\/tribunes_fr.jpg 921w\" sizes=\"auto, (max-width: 185px) 100vw, 185px\" \/><\/a>\u00a0<a href=\"http:\/\/www.carnavalticketrio.com.br\"><img loading=\"lazy\" decoding=\"async\" class=\"alignnone size-medium wp-image-951\" src=\"https:\/\/carnival-ticketrio.com\/wp-content\/uploads\/2016\/11\/chaisesdepiste_fr-185x300.jpg\" rel='magnific' alt=\"chaisesdepiste_fr\" width=\"185\" height=\"300\" srcset=\"https:\/\/carnival.ticketrio.com.br\/wp-content\/uploads\/2016\/11\/chaisesdepiste_fr-185x300.jpg 185w, https:\/\/carnival.ticketrio.com.br\/wp-content\/uploads\/2016\/11\/chaisesdepiste_fr-768x1247.jpg 768w, https:\/\/carnival.ticketrio.com.br\/wp-content\/uploads\/2016\/11\/chaisesdepiste_fr-630x1024.jpg 630w, https:\/\/carnival.ticketrio.com.br\/wp-content\/uploads\/2016\/11\/chaisesdepiste_fr.jpg 921w\" sizes=\"auto, (max-width: 185px) 100vw, 185px\" \/><\/a>\u00a0<a href=\"http:\/\/www.carnavalticketrio.com.br\"><img loading=\"lazy\" decoding=\"async\" class=\"alignnone size-medium wp-image-950\" src=\"https:\/\/carnival-ticketrio.com\/wp-content\/uploads\/2016\/11\/boxavant-185x300.jpg\" rel='magnific' alt=\"boxavant\" width=\"185\" height=\"300\" srcset=\"https:\/\/carnival.ticketrio.com.br\/wp-content\/uploads\/2016\/11\/boxavant-185x300.jpg 185w, https:\/\/carnival.ticketrio.com.br\/wp-content\/uploads\/2016\/11\/boxavant-768x1247.jpg 768w, https:\/\/carnival.ticketrio.com.br\/wp-content\/uploads\/2016\/11\/boxavant-631x1024.jpg 631w, https:\/\/carnival.ticketrio.com.br\/wp-content\/uploads\/2016\/11\/boxavant.jpg 922w\" sizes=\"auto, (max-width: 185px) 100vw, 185px\" \/><\/a>\u00a0<a href=\"http:\/\/www.carnavalticketrio.com.br\"><img loading=\"lazy\" decoding=\"async\" class=\"alignnone size-medium wp-image-948\" src=\"https:\/\/carnival-ticketrio.com\/wp-content\/uploads\/2016\/11\/superviplounge_fr-185x300.jpg\" rel='magnific' alt=\"superviplounge_fr\" width=\"185\" height=\"300\" srcset=\"https:\/\/carnival.ticketrio.com.br\/wp-content\/uploads\/2016\/11\/superviplounge_fr-185x300.jpg 185w, https:\/\/carnival.ticketrio.com.br\/wp-content\/uploads\/2016\/11\/superviplounge_fr-768x1247.jpg 768w, https:\/\/carnival.ticketrio.com.br\/wp-content\/uploads\/2016\/11\/superviplounge_fr-631x1024.jpg 631w, https:\/\/carnival.ticketrio.com.br\/wp-content\/uploads\/2016\/11\/superviplounge_fr.jpg 922w\" sizes=\"auto, (max-width: 185px) 100vw, 185px\" \/><\/a><\/p>\n<p><strong>BILLETS CARNAVAL DE RIO <span style=\"color: #008000;\">&#8211; TRIBUNES<\/span><\/strong><br \/>\nTribunes (Arquibancadas) offre une vue magnifique sur la parade d&#8217;en haut aux prix les plus abordables. Situ\u00e9 au-dessus de chaque secteur.<\/p>\n<p><p><strong>BILLETS CARNAVAL DE RIO<\/strong><span style=\"color: #008000;\"><strong> &#8211; AVANT BO\u00ceTES<\/strong><\/span><\/p>\n<p>bo\u00eetes frontales (couvertures) situ\u00e9s sur le m\u00eame niveau que le d\u00e9fil\u00e9 et sont si proches piste peut sentir l&#8217;\u00e9nergie qui se d\u00e9gage de manifestants<\/p>\n<p><p><strong>BILLETS CARNAVAL DE RIO &#8211; <span style=\"color: #008000;\">CHAISES DE PISTE<\/span><\/strong><\/p>\n<p>Autres noms: Chaises num\u00e9rotant, piste Cadeiras, chaises Affectation. Les si\u00e8ges sont attribu\u00e9s seulement dans le secteur de 12 ou 13 (fin de la Sambadrome). Ils sont mes abordables de m\u00fbres sauvages et les gens ciel ouvert comme eux parce qu&#8217;ils sont num\u00e9rot\u00e9s si\u00e8ges. Par rapport \u00e0 2 PREMIERS laitances des si\u00e8ges allou\u00e9s au secteur dans lequel vous trouverez 12\/13 ouvert des bo\u00eetes.<\/p>\n<p><p><strong>BILLETS CARNAVAL DE RIO &#8211; <span style=\"color: #008000;\">LUXURY SUITES VIP<\/span><\/strong><\/p>\n<p>Stateroom (billets VIP): donne acc\u00e8s \u00e0 la suite d\u00e9cor\u00e9e d&#8217;int\u00e9rieur, ainsi que des services VIP incluant un buffet, un bar ouvert, service traiteur et \u00e9v\u00e9nements sp\u00e9ciaux.<\/p>\n<p><p style=\"text-align: justify;\"><span style=\"color: #008000;\"><strong><span style=\"color: #000000;\">BILLETS CARNAVAL DE RIO<\/span> &#8211; SUPER VIP LOUNGE<\/strong><\/span><\/p>\n<p>Autres noms: super salons VIP couverts Suites, cabines super Les cabines sont super vastes \u00e9tendues de plus de 600 cents personnes g\u00e9n\u00e9ralement vous avez 2 \u00e9tages et propose des services tout compris (VIP Buffet, transfert in \/ out, open bar) et de nombreuses attractions telles que Spa, centre de beaut\u00e9 de maquillage, spectacles pauses et Djs en direct. cabines super ont tous une zone au premier \u00e9tage appel\u00e9 \u00ab chambres \u00bb o\u00f9 vous pouvez voir le d\u00e9fil\u00e9 de samba pr\u00e8s de l&#8217;avenue (o\u00f9 il est cens\u00e9 ouvrir des bo\u00eetes). Super salons VIP sont couverts bo\u00eetes exp\u00e9rience amusante et grande. Rivi\u00e8re Supercombin\u00e9 offrent cabines suit: Folia Tropical, Global Executive et Super Sapucai.<\/p>\n<p>&nbsp;<\/p>\n","protected":false},"excerpt":{"rendered":"<p>Obtenez vos billets de Carnaval pour le Sambadrome de Rio de Janeiro. Comme billets Carnaval de Rio ou Samb\u00f3dromo s\u00e3o muito ann\u00e9e est contest\u00e9e et esgotam rapide. &nbsp; Le Carnaval de Rio est probablement le spectacle le plus attendu au <a href=\"https:\/\/carnival.ticketrio.com.br\/fr\/rio-carnival-billets-carnaval-rio-de-janeiro\/\"><\/p>\n<div class=\"read-more\">\n<p>Read more &#8250;<\/p>\n<\/div>\n<p><!-- end of .read-more --><\/a><\/p>\n","protected":false},"author":1,"featured_media":0,"parent":0,"menu_order":0,"comment_status":"closed","ping_status":"closed","template":"template-main-right.php","meta":{"_exactmetrics_skip_tracking":false,"_exactmetrics_sitenote_active":false,"_exactmetrics_sitenote_note":"","_exactmetrics_sitenote_category":0,"ngg_post_thumbnail":0,"_joinchat":[],"footnotes":""},"class_list":["post-981","page","type-page","status-publish","hentry"],"yoast_head":"<!-- This site is optimized with the Yoast SEO plugin v25.7 - https:\/\/yoast.com\/wordpress\/plugins\/seo\/ -->\n<title>Rio Carnaval Billets - Ticket Rio - Billets Rio Carnaval, Tickets for Rio Carnival, Comprar Boletos Carnaval Rio, Rio Carnival Tickets. Karneval Rio Tickets, Rio Carnevale Biglietti, Rio de Janeiro Carnival Tickets Sambadrome. Boletos Carnaval R\u00edo.<\/title>\n<meta name=\"description\" content=\"Rio Carnaval billet, Carnaval R\u00edo Entradas, Billets Carnaval de Rio, Rio Karneval Tickets, Rio Carnevale Biglietti, Rio Carnival Parade Tickets.\" \/>\n<meta name=\"robots\" content=\"index, follow, max-snippet:-1, max-image-preview:large, max-video-preview:-1\" \/>\n<link rel=\"canonical\" href=\"https:\/\/carnival.ticketrio.com.br\/fr\/rio-carnival-billets-carnaval-rio-de-janeiro\/\" \/>\n<meta property=\"og:locale\" content=\"de_DE\" \/>\n<meta property=\"og:type\" content=\"article\" \/>\n<meta property=\"og:title\" content=\"Rio Carnaval Billets - Ticket Rio - Billets Rio Carnaval, Tickets for Rio Carnival, Comprar Boletos Carnaval Rio, Rio Carnival Tickets. Karneval Rio Tickets, Rio Carnevale Biglietti, Rio de Janeiro Carnival Tickets Sambadrome. Boletos Carnaval R\u00edo.\" \/>\n<meta property=\"og:description\" content=\"Rio Carnaval billet, Carnaval R\u00edo Entradas, Billets Carnaval de Rio, Rio Karneval Tickets, Rio Carnevale Biglietti, Rio Carnival Parade Tickets.\" \/>\n<meta property=\"og:url\" content=\"https:\/\/carnival.ticketrio.com.br\/fr\/rio-carnival-billets-carnaval-rio-de-janeiro\/\" \/>\n<meta property=\"og:site_name\" content=\"Ticket Rio - Billets Rio Carnaval, Tickets for Rio Carnival, Comprar Boletos Carnaval Rio, Rio Carnival Tickets. Karneval Rio Tickets, Rio Carnevale Biglietti, Rio de Janeiro Carnival Tickets Sambadrome. Boletos Carnaval R\u00edo.\" \/>\n<meta property=\"article:publisher\" content=\"https:\/\/www.facebook.com\/ticketrio\/?fref=nf\" \/>\n<meta property=\"article:modified_time\" content=\"2017-08-02T15:11:06+00:00\" \/>\n<meta property=\"og:image\" content=\"https:\/\/carnival-ticketrio.com\/wp-content\/uploads\/2016\/11\/tribunes_fr-185x300.jpg\" \/>\n<meta name=\"twitter:card\" content=\"summary_large_image\" \/>\n<meta name=\"twitter:site\" content=\"@carnavalticket\" \/>\n<meta name=\"twitter:label1\" content=\"Gesch\u00e4tzte Lesezeit\" \/>\n\t<meta name=\"twitter:data1\" content=\"3\u00a0Minuten\" \/>\n<!-- \/ Yoast SEO plugin. -->","yoast_head_json":{"title":"Rio Carnaval Billets - Ticket Rio - Billets Rio Carnaval, Tickets for Rio Carnival, Comprar Boletos Carnaval Rio, Rio Carnival Tickets. Karneval Rio Tickets, Rio Carnevale Biglietti, Rio de Janeiro Carnival Tickets Sambadrome. Boletos Carnaval R\u00edo.","description":"Rio Carnaval billet, Carnaval R\u00edo Entradas, Billets Carnaval de Rio, Rio Karneval Tickets, Rio Carnevale Biglietti, Rio Carnival Parade Tickets.","robots":{"index":"index","follow":"follow","max-snippet":"max-snippet:-1","max-image-preview":"max-image-preview:large","max-video-preview":"max-video-preview:-1"},"canonical":"https:\/\/carnival.ticketrio.com.br\/fr\/rio-carnival-billets-carnaval-rio-de-janeiro\/","og_locale":"de_DE","og_type":"article","og_title":"Rio Carnaval Billets - Ticket Rio - Billets Rio Carnaval, Tickets for Rio Carnival, Comprar Boletos Carnaval Rio, Rio Carnival Tickets. Karneval Rio Tickets, Rio Carnevale Biglietti, Rio de Janeiro Carnival Tickets Sambadrome. Boletos Carnaval R\u00edo.","og_description":"Rio Carnaval billet, Carnaval R\u00edo Entradas, Billets Carnaval de Rio, Rio Karneval Tickets, Rio Carnevale Biglietti, Rio Carnival Parade Tickets.","og_url":"https:\/\/carnival.ticketrio.com.br\/fr\/rio-carnival-billets-carnaval-rio-de-janeiro\/","og_site_name":"Ticket Rio - Billets Rio Carnaval, Tickets for Rio Carnival, Comprar Boletos Carnaval Rio, Rio Carnival Tickets. Karneval Rio Tickets, Rio Carnevale Biglietti, Rio de Janeiro Carnival Tickets Sambadrome. Boletos Carnaval R\u00edo.","article_publisher":"https:\/\/www.facebook.com\/ticketrio\/?fref=nf","article_modified_time":"2017-08-02T15:11:06+00:00","og_image":[{"url":"https:\/\/carnival-ticketrio.com\/wp-content\/uploads\/2016\/11\/tribunes_fr-185x300.jpg","type":"","width":"","height":""}],"twitter_card":"summary_large_image","twitter_site":"@carnavalticket","twitter_misc":{"Gesch\u00e4tzte Lesezeit":"3\u00a0Minuten"},"schema":{"@context":"https:\/\/schema.org","@graph":[{"@type":"WebPage","@id":"https:\/\/carnival.ticketrio.com.br\/fr\/rio-carnival-billets-carnaval-rio-de-janeiro\/","url":"https:\/\/carnival.ticketrio.com.br\/fr\/rio-carnival-billets-carnaval-rio-de-janeiro\/","name":"Rio Carnaval Billets - Ticket Rio - Billets Rio Carnaval, Tickets for Rio Carnival, Comprar Boletos Carnaval Rio, Rio Carnival Tickets. Karneval Rio Tickets, Rio Carnevale Biglietti, Rio de Janeiro Carnival Tickets Sambadrome. Boletos Carnaval R\u00edo.","isPartOf":{"@id":"https:\/\/carnival.ticketrio.com.br\/#website"},"primaryImageOfPage":{"@id":"https:\/\/carnival.ticketrio.com.br\/fr\/rio-carnival-billets-carnaval-rio-de-janeiro\/#primaryimage"},"image":{"@id":"https:\/\/carnival.ticketrio.com.br\/fr\/rio-carnival-billets-carnaval-rio-de-janeiro\/#primaryimage"},"thumbnailUrl":"https:\/\/carnival-ticketrio.com\/wp-content\/uploads\/2016\/11\/tribunes_fr-185x300.jpg","datePublished":"2016-12-06T16:11:05+00:00","dateModified":"2017-08-02T15:11:06+00:00","description":"Rio Carnaval billet, Carnaval R\u00edo Entradas, Billets Carnaval de Rio, Rio Karneval Tickets, Rio Carnevale Biglietti, Rio Carnival Parade Tickets.","breadcrumb":{"@id":"https:\/\/carnival.ticketrio.com.br\/fr\/rio-carnival-billets-carnaval-rio-de-janeiro\/#breadcrumb"},"inLanguage":"de","potentialAction":[{"@type":"ReadAction","target":["https:\/\/carnival.ticketrio.com.br\/fr\/rio-carnival-billets-carnaval-rio-de-janeiro\/"]}]},{"@type":"ImageObject","inLanguage":"de","@id":"https:\/\/carnival.ticketrio.com.br\/fr\/rio-carnival-billets-carnaval-rio-de-janeiro\/#primaryimage","url":"https:\/\/carnival-ticketrio.com\/wp-content\/uploads\/2016\/11\/tribunes_fr-185x300.jpg","contentUrl":"https:\/\/carnival-ticketrio.com\/wp-content\/uploads\/2016\/11\/tribunes_fr-185x300.jpg"},{"@type":"BreadcrumbList","@id":"https:\/\/carnival.ticketrio.com.br\/fr\/rio-carnival-billets-carnaval-rio-de-janeiro\/#breadcrumb","itemListElement":[{"@type":"ListItem","position":1,"name":"Home","item":"https:\/\/carnival.ticketrio.com.br\/pt\/rio-carnaval-ingressos\/"},{"@type":"ListItem","position":2,"name":"Rio Carnaval Billets"}]},{"@type":"WebSite","@id":"https:\/\/carnival.ticketrio.com.br\/#website","url":"https:\/\/carnival.ticketrio.com.br\/","name":"Ticket Rio - Billets Rio Carnaval, Tickets for Rio Carnival, Comprar Boletos Carnaval Rio, Rio Carnival Tickets. Karneval Rio Tickets, Rio Carnevale Biglietti, Rio de Janeiro Carnival Tickets Sambadrome. Boletos Carnaval R\u00edo.","description":"Rio carnival parade tickets sambadrome 2026. Acheter billets Rio Carnaval. Comprar Boletos Rio Carnaval boletos Carnevale di Rio biglietti Karneval Rio de Janeiro Carnaval tickets 2026. Boletos Carnaval R\u00edo. Rio de Janeiro Carnival Tickets. Tickets Rio Carnival Sambadrome.","publisher":{"@id":"https:\/\/carnival.ticketrio.com.br\/#organization"},"potentialAction":[{"@type":"SearchAction","target":{"@type":"EntryPoint","urlTemplate":"https:\/\/carnival.ticketrio.com.br\/?s={search_term_string}"},"query-input":{"@type":"PropertyValueSpecification","valueRequired":true,"valueName":"search_term_string"}}],"inLanguage":"de"},{"@type":"Organization","@id":"https:\/\/carnival.ticketrio.com.br\/#organization","name":"Rio Carnaval billet 2018 - Rio Carnaval Entradas, Rio Carnaval Billets, Rio Karneval Tickets, Rio Carnival Parade Sambadrome Tickets","url":"https:\/\/carnival.ticketrio.com.br\/","logo":{"@type":"ImageObject","inLanguage":"de","@id":"https:\/\/carnival.ticketrio.com.br\/#\/schema\/logo\/image\/","url":"https:\/\/carnival-ticketrio.com\/wp-content\/uploads\/2016\/10\/ticket01-e1476303239999.png","contentUrl":"https:\/\/carnival-ticketrio.com\/wp-content\/uploads\/2016\/10\/ticket01-e1476303239999.png","width":200,"height":99,"caption":"Rio Carnaval billet 2018 - Rio Carnaval Entradas, Rio Carnaval Billets, Rio Karneval Tickets, Rio Carnival Parade Sambadrome Tickets"},"image":{"@id":"https:\/\/carnival.ticketrio.com.br\/#\/schema\/logo\/image\/"},"sameAs":["https:\/\/www.facebook.com\/ticketrio\/?fref=nf","https:\/\/x.com\/carnavalticket","https:\/\/www.youtube.com\/watch?v=iApTAnu9-ho"]}]}},"_links":{"self":[{"href":"https:\/\/carnival.ticketrio.com.br\/de\/wp-json\/wp\/v2\/pages\/981","targetHints":{"allow":["GET"]}}],"collection":[{"href":"https:\/\/carnival.ticketrio.com.br\/de\/wp-json\/wp\/v2\/pages"}],"about":[{"href":"https:\/\/carnival.ticketrio.com.br\/de\/wp-json\/wp\/v2\/types\/page"}],"author":[{"embeddable":true,"href":"https:\/\/carnival.ticketrio.com.br\/de\/wp-json\/wp\/v2\/users\/1"}],"replies":[{"embeddable":true,"href":"https:\/\/carnival.ticketrio.com.br\/de\/wp-json\/wp\/v2\/comments?post=981"}],"version-history":[{"count":1,"href":"https:\/\/carnival.ticketrio.com.br\/de\/wp-json\/wp\/v2\/pages\/981\/revisions"}],"predecessor-version":[{"id":1421,"href":"https:\/\/carnival.ticketrio.com.br\/de\/wp-json\/wp\/v2\/pages\/981\/revisions\/1421"}],"wp:attachment":[{"href":"https:\/\/carnival.ticketrio.com.br\/de\/wp-json\/wp\/v2\/media?parent=981"}],"curies":[{"name":"wp","href":"https:\/\/api.w.org\/{rel}","templated":true}]}}