{"id":1151,"date":"2017-05-11T17:41:11","date_gmt":"2017-05-11T17:41:11","guid":{"rendered":"https:\/\/carnival-ticketrio.com\/?page_id=1151"},"modified":"2025-08-22T13:51:14","modified_gmt":"2025-08-22T13:51:14","slug":"rio-parade-carnival-tickets","status":"publish","type":"page","link":"https:\/\/carnival.ticketrio.com.br\/de\/rio-parade-carnival-tickets\/","title":{"rendered":"Karneval Ticket Rio"},"content":{"rendered":"<h1>Ticket Rio Karneval 2026<\/h1>\n<h2>Einer der gr\u00f6\u00dften Verk\u00e4ufer von Karneval Tickets Rio de Janeiro Sambadrome Parade<\/h2>\n<div id=\"panel-0-0-0\" class=\"panel widget widget_text panel-first-child\">\n<div class=\"textwidget\" style=\"text-align: justify;\"><strong><br \/>\nTicket Rio ist Teil von Rio Karneval seit \u00fcber 10 Jahren. Unser Reiseb\u00fcro ist spezialisiert auf den Rio Sambadrome Karneval und befindet sich in einem phisical Store in einem der beliebtesten Einkaufszentrum in Barra da Tijuca. Wir bieten alle Arten von Tickets f\u00fcr die Sapucai. Unser Paket beinhaltet Geschenke, U-Bahn-Pass, und alle Assistenten, die Sie ben\u00f6tigen. Genie\u00dfen Sie die gro\u00dfartige Show auf der Erde in den Trib\u00fcnen Sitze, offene Boxen, Luxus-\u00fcberdachte Suiten oder VIP Super Lounge Tickets. <\/strong><\/div>\n<\/div>\n<div id=\"panel-0-0-1\" class=\"panel widget widget_button panel-last-child\">&nbsp;<\/div>\n<p><img loading=\"lazy\" decoding=\"async\" class=\"size-medium wp-image-82 alignleft\" src=\"https:\/\/carnival-ticketrio.com\/wp-content\/uploads\/2016\/10\/Frisas-view-with-color-indification-cropped-min-500x500-300x300.jpg\" alt=\"frisas-view-with-color-indification-cropped-min-500x500\" width=\"300\" height=\"300\" srcset=\"https:\/\/carnival.ticketrio.com.br\/wp-content\/uploads\/2016\/10\/Frisas-view-with-color-indification-cropped-min-500x500-300x300.jpg 300w, https:\/\/carnival.ticketrio.com.br\/wp-content\/uploads\/2016\/10\/Frisas-view-with-color-indification-cropped-min-500x500-150x150.jpg 150w, https:\/\/carnival.ticketrio.com.br\/wp-content\/uploads\/2016\/10\/Frisas-view-with-color-indification-cropped-min-500x500.jpg 500w\" sizes=\"auto, (max-width: 300px) 100vw, 300px\" \/><img loading=\"lazy\" decoding=\"async\" class=\"size-medium wp-image-83 alignleft\" src=\"https:\/\/carnival-ticketrio.com\/wp-content\/uploads\/2016\/10\/View-of-Arquibancadas-with-color-indicators-cropped-min-500x500-300x300.jpg\" alt=\"view-of-arquibancadas-with-color-indicators-cropped-min-500x500\" width=\"300\" height=\"300\" srcset=\"https:\/\/carnival.ticketrio.com.br\/wp-content\/uploads\/2016\/10\/View-of-Arquibancadas-with-color-indicators-cropped-min-500x500-300x300.jpg 300w, https:\/\/carnival.ticketrio.com.br\/wp-content\/uploads\/2016\/10\/View-of-Arquibancadas-with-color-indicators-cropped-min-500x500-150x150.jpg 150w, https:\/\/carnival.ticketrio.com.br\/wp-content\/uploads\/2016\/10\/View-of-Arquibancadas-with-color-indicators-cropped-min-500x500.jpg 500w\" sizes=\"auto, (max-width: 300px) 100vw, 300px\" \/><\/p>\n<p style=\"text-align: justify;\">Mit drei\u00dfigtausend Teilnehmern, die Samba auf der halben Meilenpiste und einem Platz, der gro\u00df genug ist, um \u00fcber 90.000 Zuschauern Platz zu nehmen, ist das Sambadrome zweifellos die gr\u00f6\u00dfte B\u00fchne der Welt. Das Stadion wurde speziell f\u00fcr die Samba-Parade am Rio-Karneval mit einer Reihe von unabh\u00e4ngigen Sektoren mit Box-Sitze und Trib\u00fcnen auf beiden Seiten der Parade Laufbahn konzipiert. Aus vielf\u00e4ltigen Gr\u00fcnden ist das Stadion jedes Karneval Designer Favorit, die die <a href=\"https:\/\/www.carnavalticketrio.com\/rio-carnival-tickets-sambodrome-guide\">Sambadrome<\/a> im Auge behalten, wenn die Schaffung ihrer Thema f\u00fcr den <a href=\"https:\/\/www.carnavalticketrio.com\/\">Karneval<\/a>. Die Atmosph\u00e4re im Sambadrome auf Karneval N\u00e4chte ist wirklich elektrisierend. Das Stadion ist gut beleuchtet mit Spezialeffekten, w\u00e4hrend die t\u00f6nende Beifall der Zuschauer und die pulsierenden Rhythmen der Samba-Schl\u00e4ge f\u00fcr Meilen zu h\u00f6ren ist.<\/p>\n<p style=\"text-align: justify;\"><strong>Rio Carnival Tickets <\/strong><\/p>\n<p>Die Bestuhlung im Sambadromo ist in 5 Kategorien von Dienstleistungen unterteilt. Die Sambadrome Tickets k\u00f6nnen nach dem Budget, das Sie haben, erworben werden. Alle Arten von Tickets sind gut, aber die Wahl h\u00e4ngt wirklich davon ab, was Sie suchen. Im Folgenden finden Sie einige Informationen \u00fcber die Trib\u00fcnensitze, Open Box, Allocated Stuhl, Traditional Covered VIP Suite und die Super Lounge Covered Box.<\/p>\n<p><img loading=\"lazy\" decoding=\"async\" class=\"size-medium wp-image-117 alignleft\" src=\"https:\/\/carnival-ticketrio.com\/wp-content\/uploads\/2016\/10\/13-300x200.jpg\" alt=\"13\" width=\"300\" height=\"200\" srcset=\"https:\/\/carnival.ticketrio.com.br\/wp-content\/uploads\/2016\/10\/13-300x200.jpg 300w, https:\/\/carnival.ticketrio.com.br\/wp-content\/uploads\/2016\/10\/13-768x513.jpg 768w, https:\/\/carnival.ticketrio.com.br\/wp-content\/uploads\/2016\/10\/13-1024x683.jpg 1024w, https:\/\/carnival.ticketrio.com.br\/wp-content\/uploads\/2016\/10\/13.jpg 1476w\" sizes=\"auto, (max-width: 300px) 100vw, 300px\" \/><img loading=\"lazy\" decoding=\"async\" class=\"size-medium wp-image-111 alignleft\" src=\"https:\/\/carnival-ticketrio.com\/wp-content\/uploads\/2016\/10\/8-300x200.jpg\" alt=\"8\" width=\"300\" height=\"200\" srcset=\"https:\/\/carnival.ticketrio.com.br\/wp-content\/uploads\/2016\/10\/8-300x200.jpg 300w, https:\/\/carnival.ticketrio.com.br\/wp-content\/uploads\/2016\/10\/8-768x513.jpg 768w, https:\/\/carnival.ticketrio.com.br\/wp-content\/uploads\/2016\/10\/8-1024x683.jpg 1024w, https:\/\/carnival.ticketrio.com.br\/wp-content\/uploads\/2016\/10\/8.jpg 1476w\" sizes=\"auto, (max-width: 300px) 100vw, 300px\" \/><\/p>\n<h3>Arten von Tickets<\/h3>\n<p>Das erste, was Sie beachten sollten, ist die<br \/>\nDie Sie kaufen m\u00f6chten. Es gibt f\u00fcnf M\u00f6glichkeiten:<\/p>\n<p style=\"text-align: justify;\"><strong><br \/>\nGR\u00d6SSTE TICKETS <\/strong><br \/>\nAndere Namen: Arquibancadas, <a href=\"https:\/\/www.carnavalticketrio.com\/rio-carnival-parade-tickets-sambadrome\/rio-carnival-tickets-grandstand-tickets\">Grandstand Seats<\/a>, Bleachers, Trib\u00fcnensitze.<br \/>\nDer gr\u00f6\u00dfte Verk\u00e4ufer. Gro\u00dfer \u00dcberblick, von dem die meisten Brasilianer die Parade beobachten. Sehr erschwinglich und spannend zu sein. Keine nummerierten Sitze, was bedeutet, dass Sie Ihren Platz halten m\u00fcssen die ganze Nacht lang. Auch ist es eine gute Idee, ein wenig fr\u00fch zu bekommen, um die bestm\u00f6glichen Pl\u00e4tze zu bekommen.<\/p>\n<p style=\"text-align: justify;\"><strong><br \/>\nOPEN BOXES <\/strong><br \/>\nAndere Namen: <a href=\"https:\/\/www.carnavalticketrio.com\/rio-carnival-parade-tickets-sambadrome\/rio-carnival-tickets-open-box-cd\">Frontboxen<\/a>, Frisas. Frisas gelten als die besten Sitze f\u00fcr diejenigen, die nur \u00fcber die Parade beobachten. Sie haben keinen Service inbegriffen, aber sie sind sehr nah an der Parade und es ist nummeriert Sitze. Frisas hat 4 Reihen, und der Preis h\u00e4ngt von jeder Reihe, die Sie erhalten. Th Zeile A ist nur neben der Allee und die teuerste. Die Zeilen B, C und D haben einen h\u00f6heren Schritt als die anderen, so dass keine Zeile vor dem anderen liegt (Blockieren der Ansicht), was eine gute Sicht von jeder Zeile bietet.<\/p>\n<p><strong>ZUGEH\u00d6RIGE ST\u00dcHLE<\/strong><br \/>\n<img loading=\"lazy\" decoding=\"async\" class=\"size-full wp-image-224 alignleft\" src=\"https:\/\/carnival-ticketrio.com\/wp-content\/uploads\/2016\/10\/Allocated-Chairs_carnival_rio.jpg\" alt=\"allocated-chairs_carnival_rio\" width=\"274\" height=\"240\" \/><\/p>\n<p style=\"text-align: justify;\">Andere Namen: <a href=\"http:\/\/www.carnavalticketrio.com\/rio-carnival-tickets-sambodrome-2017\/rio-carnival-ticket-allocated-chair\">Nummerierte St\u00fchle<\/a><br \/>\nCadeiras de Pista, Zugeordnete St\u00fchle. Die zugeteilten St\u00fchle befinden sich nur am Sektor 12 oder 13 (Endteil von sambadrome). Sie sind erschwinglicher als offene Box und Menschen wie sie, weil sie nummeriert sind. Vor den 2 ersten Rogen der zugewiesenen St\u00fchle finden Sie offene Boxen f\u00fcr Sektor 12\/13. Die meisten Leute lieben es oder sie m\u00f6gen es nicht alle.<\/p>\n<p style=\"text-align: justify;\"><strong><img loading=\"lazy\" decoding=\"async\" class=\"size-medium wp-image-288 alignright\" src=\"https:\/\/carnival-ticketrio.com\/wp-content\/uploads\/2016\/10\/vip-box-carnival-300x300.jpg\" alt=\"vip-box-carnival\" width=\"300\" height=\"300\" srcset=\"https:\/\/carnival.ticketrio.com.br\/wp-content\/uploads\/2016\/10\/vip-box-carnival-300x300.jpg 300w, https:\/\/carnival.ticketrio.com.br\/wp-content\/uploads\/2016\/10\/vip-box-carnival-150x150.jpg 150w, https:\/\/carnival.ticketrio.com.br\/wp-content\/uploads\/2016\/10\/vip-box-carnival.jpg 373w\" sizes=\"auto, (max-width: 300px) 100vw, 300px\" \/><br \/>\nDIE TRADITIONELLEN LUXUSCAMAROTEN<br \/>\n<\/strong><\/p>\n<p style=\"text-align: justify;\">Weitere Namen: <a href=\"https:\/\/www.carnavalticketrio.com\/rio-carnival-parade-tickets-sambadrome\">Luxor Covered Suites<\/a>, Camarotes, Private Suites.<br \/>\nDie traditionellen camarotes befinden sich im ersten oder zweiten Stock des sambadrome. Der 1. Stock sind bis zu 15 Personen und im 2. Stock (hat einen Balkon) sind bis zu 18 Personen. Sie sind kleine Bereiche, aber mit VIP All-Inclusive-Service. Sie k\u00f6nnen eine einzelne Karte kaufen und den Platz mit anderen Kunden teilen oder die ganze Kiste f\u00fcr Ihre Gruppe Freund oder Firma kaufen. Sie sind eher f\u00fcr Menschen, die VIP-Dienste mit Privatsph\u00e4re will angegeben.<\/p>\n<p style=\"text-align: justify;\"><strong><br \/>\nSUPER LOUNGE VIP \u00dcBERZOGENER KASTEN<\/strong><br \/>\nWeitere Namen: <a href=\"https:\/\/www.carnavalticketrio.com\/rio-carnival-parade-tickets-sambadrome\">Super VIP Lounges Suiten<\/a>, Super Camarotes, Super VIP Lounges.<img loading=\"lazy\" decoding=\"async\" class=\"size-medium wp-image-121 alignleft\" src=\"https:\/\/carnival-ticketrio.com\/wp-content\/uploads\/2016\/10\/global-300x225.jpg\" rel='magnific' alt=\"global\" width=\"300\" height=\"225\" srcset=\"https:\/\/carnival.ticketrio.com.br\/wp-content\/uploads\/2016\/10\/global-300x225.jpg 300w, https:\/\/carnival.ticketrio.com.br\/wp-content\/uploads\/2016\/10\/global-768x576.jpg 768w, https:\/\/carnival.ticketrio.com.br\/wp-content\/uploads\/2016\/10\/global.jpg 960w\" sizes=\"auto, (max-width: 300px) 100vw, 300px\" \/><img loading=\"lazy\" decoding=\"async\" class=\"size-medium wp-image-110 alignright\" src=\"https:\/\/carnival-ticketrio.com\/wp-content\/uploads\/2016\/10\/12651161_968996179804124_6043240267659987745_n-300x169.jpg\" alt=\"12651161_968996179804124_6043240267659987745_n\" width=\"300\" height=\"169\" srcset=\"https:\/\/carnival.ticketrio.com.br\/wp-content\/uploads\/2016\/10\/12651161_968996179804124_6043240267659987745_n-300x169.jpg 300w, https:\/\/carnival.ticketrio.com.br\/wp-content\/uploads\/2016\/10\/12651161_968996179804124_6043240267659987745_n-768x432.jpg 768w, https:\/\/carnival.ticketrio.com.br\/wp-content\/uploads\/2016\/10\/12651161_968996179804124_6043240267659987745_n.jpg 960w\" sizes=\"auto, (max-width: 300px) 100vw, 300px\" \/><br \/>\nDie Super Camarotes sind riesige Bereiche f\u00fcr \u00fcber 700 Hundert Menschen hat in der Regel 2 Etagen und bietet All-Inklusive Dienstleistungen (VIP-Buffet, Transfer in \/ Out, Open Bar) und viele Attraktionen wie Spa, Make-up Beauty-Center, Live-Shows in den Pausen , Djs und andere. Alle Super Camarotes hat eine Fl\u00e4che in der ersten Etage namens &#8220;Lounges&#8221;, wo Sie die Samba-Parade ganz in der N\u00e4he der Allee sehen k\u00f6nnen (wo es die offenen Boxen sein). Super VIP Lounges \u00dcberdachte Boxen sind wirklich Spa\u00df und tolle Erfahrung und es ist auch eine lustige Party. Ticket Rio bieten die folgenden Super Camarotes: <a href=\"http:\/\/www.carnavalticketrio.com\/rio-carnival-tickets-sambodrome-2017\/rio-carnival-tickets-super-vip-lounge\/folia-tropical\/\">Folia Tropical,<\/a> <a href=\"http:\/\/www.carnavalticketrio.com\/rio-carnival-tickets-sambodrome-2017\/rio-carnival-tickets-super-vip-lounge\/samba-carioca\/\">Global Executive<\/a> e <a href=\"http:\/\/www.carnavalticketrio.com\">Lounge Carioca<\/a>.<\/p>\n","protected":false},"excerpt":{"rendered":"<p>Ticket Rio Karneval 2026 Einer der gr\u00f6\u00dften Verk\u00e4ufer von Karneval Tickets Rio de Janeiro Sambadrome Parade Ticket Rio ist Teil von Rio Karneval seit \u00fcber 10 Jahren. Unser Reiseb\u00fcro ist spezialisiert auf den Rio Sambadrome Karneval und befindet sich in <a href=\"https:\/\/carnival.ticketrio.com.br\/de\/rio-parade-carnival-tickets\/\"><\/p>\n<div class=\"read-more\">\n<p>Read more &#8250;<\/p>\n<\/div>\n<p><!-- end of .read-more --><\/a><\/p>\n","protected":false},"author":1,"featured_media":0,"parent":0,"menu_order":0,"comment_status":"closed","ping_status":"closed","template":"template-left-main-right.php","meta":{"_exactmetrics_skip_tracking":false,"_exactmetrics_sitenote_active":false,"_exactmetrics_sitenote_note":"","_exactmetrics_sitenote_category":0,"ngg_post_thumbnail":0,"_joinchat":[],"footnotes":""},"class_list":["post-1151","page","type-page","status-publish","hentry"],"yoast_head":"<!-- This site is optimized with the Yoast SEO plugin v25.7 - https:\/\/yoast.com\/wordpress\/plugins\/seo\/ -->\n<title>Rio de Janeiro Karneval Tickets. Tickets Carnival Rio. Tickets Karneval Rio Sambodrom. Carnival Rio Tickets. Tickets f\u00fcr den Karneval in Rio de Janeiro. Karneval Samba Rio Tickets.<\/title>\n<meta name=\"description\" content=\"Rio de Janeiro Karneval Tickets. Tickets Carnival Rio. Tickets Karneval Rio Sambodrom. Carnival Rio Tickets. Tickets f\u00fcr den Karneval in Rio de Janeiro. Karneval Samba Rio Tickets.\" \/>\n<meta name=\"robots\" content=\"index, follow, max-snippet:-1, max-image-preview:large, max-video-preview:-1\" \/>\n<link rel=\"canonical\" href=\"https:\/\/carnival.ticketrio.com.br\/de\/rio-parade-carnival-tickets\/\" \/>\n<meta property=\"og:locale\" content=\"es_ES\" \/>\n<meta property=\"og:type\" content=\"article\" \/>\n<meta property=\"og:title\" content=\"Rio de Janeiro Karneval Tickets. Tickets Carnival Rio. Tickets Karneval Rio Sambodrom. Carnival Rio Tickets. Tickets f\u00fcr den Karneval in Rio de Janeiro. Karneval Samba Rio Tickets.\" \/>\n<meta property=\"og:description\" content=\"Rio de Janeiro Karneval Tickets. Tickets Carnival Rio. Tickets Karneval Rio Sambodrom. Carnival Rio Tickets. Tickets f\u00fcr den Karneval in Rio de Janeiro. Karneval Samba Rio Tickets.\" \/>\n<meta property=\"og:url\" content=\"https:\/\/carnival.ticketrio.com.br\/de\/rio-parade-carnival-tickets\/\" \/>\n<meta property=\"og:site_name\" content=\"Ticket Rio - Billets Rio Carnaval, Tickets for Rio Carnival, Comprar Boletos Carnaval Rio, Rio Carnival Tickets. Karneval Rio Tickets, Rio Carnevale Biglietti, Rio de Janeiro Carnival Tickets Sambadrome. Boletos Carnaval R\u00edo.\" \/>\n<meta property=\"article:publisher\" content=\"https:\/\/www.facebook.com\/ticketrio\/?fref=nf\" \/>\n<meta property=\"article:modified_time\" content=\"2025-08-22T13:51:14+00:00\" \/>\n<meta property=\"og:image\" content=\"https:\/\/carnival-ticketrio.com\/wp-content\/uploads\/2016\/10\/Frisas-view-with-color-indification-cropped-min-500x500-300x300.jpg\" \/>\n<meta name=\"twitter:card\" content=\"summary_large_image\" \/>\n<meta name=\"twitter:site\" content=\"@carnavalticket\" \/>\n<meta name=\"twitter:label1\" content=\"Tiempo de lectura\" \/>\n\t<meta name=\"twitter:data1\" content=\"5 minutos\" \/>\n<!-- \/ Yoast SEO plugin. -->","yoast_head_json":{"title":"Rio de Janeiro Karneval Tickets. Tickets Carnival Rio. Tickets Karneval Rio Sambodrom. Carnival Rio Tickets. Tickets f\u00fcr den Karneval in Rio de Janeiro. Karneval Samba Rio Tickets.","description":"Rio de Janeiro Karneval Tickets. Tickets Carnival Rio. Tickets Karneval Rio Sambodrom. Carnival Rio Tickets. Tickets f\u00fcr den Karneval in Rio de Janeiro. Karneval Samba Rio Tickets.","robots":{"index":"index","follow":"follow","max-snippet":"max-snippet:-1","max-image-preview":"max-image-preview:large","max-video-preview":"max-video-preview:-1"},"canonical":"https:\/\/carnival.ticketrio.com.br\/de\/rio-parade-carnival-tickets\/","og_locale":"es_ES","og_type":"article","og_title":"Rio de Janeiro Karneval Tickets. Tickets Carnival Rio. Tickets Karneval Rio Sambodrom. Carnival Rio Tickets. Tickets f\u00fcr den Karneval in Rio de Janeiro. Karneval Samba Rio Tickets.","og_description":"Rio de Janeiro Karneval Tickets. Tickets Carnival Rio. Tickets Karneval Rio Sambodrom. Carnival Rio Tickets. Tickets f\u00fcr den Karneval in Rio de Janeiro. Karneval Samba Rio Tickets.","og_url":"https:\/\/carnival.ticketrio.com.br\/de\/rio-parade-carnival-tickets\/","og_site_name":"Ticket Rio - Billets Rio Carnaval, Tickets for Rio Carnival, Comprar Boletos Carnaval Rio, Rio Carnival Tickets. Karneval Rio Tickets, Rio Carnevale Biglietti, Rio de Janeiro Carnival Tickets Sambadrome. Boletos Carnaval R\u00edo.","article_publisher":"https:\/\/www.facebook.com\/ticketrio\/?fref=nf","article_modified_time":"2025-08-22T13:51:14+00:00","og_image":[{"url":"https:\/\/carnival-ticketrio.com\/wp-content\/uploads\/2016\/10\/Frisas-view-with-color-indification-cropped-min-500x500-300x300.jpg","type":"","width":"","height":""}],"twitter_card":"summary_large_image","twitter_site":"@carnavalticket","twitter_misc":{"Tiempo de lectura":"5 minutos"},"schema":{"@context":"https:\/\/schema.org","@graph":[{"@type":"WebPage","@id":"https:\/\/carnival.ticketrio.com.br\/de\/rio-parade-carnival-tickets\/","url":"https:\/\/carnival.ticketrio.com.br\/de\/rio-parade-carnival-tickets\/","name":"Rio de Janeiro Karneval Tickets. Tickets Carnival Rio. Tickets Karneval Rio Sambodrom. Carnival Rio Tickets. Tickets f\u00fcr den Karneval in Rio de Janeiro. Karneval Samba Rio Tickets.","isPartOf":{"@id":"https:\/\/carnival.ticketrio.com.br\/#website"},"primaryImageOfPage":{"@id":"https:\/\/carnival.ticketrio.com.br\/de\/rio-parade-carnival-tickets\/#primaryimage"},"image":{"@id":"https:\/\/carnival.ticketrio.com.br\/de\/rio-parade-carnival-tickets\/#primaryimage"},"thumbnailUrl":"https:\/\/carnival-ticketrio.com\/wp-content\/uploads\/2016\/10\/Frisas-view-with-color-indification-cropped-min-500x500-300x300.jpg","datePublished":"2017-05-11T17:41:11+00:00","dateModified":"2025-08-22T13:51:14+00:00","description":"Rio de Janeiro Karneval Tickets. Tickets Carnival Rio. Tickets Karneval Rio Sambodrom. Carnival Rio Tickets. Tickets f\u00fcr den Karneval in Rio de Janeiro. Karneval Samba Rio Tickets.","breadcrumb":{"@id":"https:\/\/carnival.ticketrio.com.br\/de\/rio-parade-carnival-tickets\/#breadcrumb"},"inLanguage":"es","potentialAction":[{"@type":"ReadAction","target":["https:\/\/carnival.ticketrio.com.br\/de\/rio-parade-carnival-tickets\/"]}]},{"@type":"ImageObject","inLanguage":"es","@id":"https:\/\/carnival.ticketrio.com.br\/de\/rio-parade-carnival-tickets\/#primaryimage","url":"https:\/\/carnival-ticketrio.com\/wp-content\/uploads\/2016\/10\/Frisas-view-with-color-indification-cropped-min-500x500-300x300.jpg","contentUrl":"https:\/\/carnival-ticketrio.com\/wp-content\/uploads\/2016\/10\/Frisas-view-with-color-indification-cropped-min-500x500-300x300.jpg"},{"@type":"BreadcrumbList","@id":"https:\/\/carnival.ticketrio.com.br\/de\/rio-parade-carnival-tickets\/#breadcrumb","itemListElement":[{"@type":"ListItem","position":1,"name":"Home","item":"https:\/\/carnival.ticketrio.com.br\/fr\/rio-carnaval-billets\/"},{"@type":"ListItem","position":2,"name":"Karneval Ticket Rio"}]},{"@type":"WebSite","@id":"https:\/\/carnival.ticketrio.com.br\/#website","url":"https:\/\/carnival.ticketrio.com.br\/","name":"Ticket Rio - Billets Rio Carnaval, Tickets for Rio Carnival, Comprar Boletos Carnaval Rio, Rio Carnival Tickets. Karneval Rio Tickets, Rio Carnevale Biglietti, Rio de Janeiro Carnival Tickets Sambadrome. Boletos Carnaval R\u00edo.","description":"Rio carnival parade tickets sambadrome 2026. Acheter billets Rio Carnaval. Comprar Boletos Rio Carnaval boletos Carnevale di Rio biglietti Karneval Rio de Janeiro Carnaval tickets 2026. Boletos Carnaval R\u00edo. Rio de Janeiro Carnival Tickets. Tickets Rio Carnival Sambadrome.","publisher":{"@id":"https:\/\/carnival.ticketrio.com.br\/#organization"},"potentialAction":[{"@type":"SearchAction","target":{"@type":"EntryPoint","urlTemplate":"https:\/\/carnival.ticketrio.com.br\/?s={search_term_string}"},"query-input":{"@type":"PropertyValueSpecification","valueRequired":true,"valueName":"search_term_string"}}],"inLanguage":"es"},{"@type":"Organization","@id":"https:\/\/carnival.ticketrio.com.br\/#organization","name":"Rio Carnaval billet 2018 - Rio Carnaval Entradas, Rio Carnaval Billets, Rio Karneval Tickets, Rio Carnival Parade Sambadrome Tickets","url":"https:\/\/carnival.ticketrio.com.br\/","logo":{"@type":"ImageObject","inLanguage":"es","@id":"https:\/\/carnival.ticketrio.com.br\/#\/schema\/logo\/image\/","url":"https:\/\/carnival-ticketrio.com\/wp-content\/uploads\/2016\/10\/ticket01-e1476303239999.png","contentUrl":"https:\/\/carnival-ticketrio.com\/wp-content\/uploads\/2016\/10\/ticket01-e1476303239999.png","width":200,"height":99,"caption":"Rio Carnaval billet 2018 - Rio Carnaval Entradas, Rio Carnaval Billets, Rio Karneval Tickets, Rio Carnival Parade Sambadrome Tickets"},"image":{"@id":"https:\/\/carnival.ticketrio.com.br\/#\/schema\/logo\/image\/"},"sameAs":["https:\/\/www.facebook.com\/ticketrio\/?fref=nf","https:\/\/x.com\/carnavalticket","https:\/\/www.youtube.com\/watch?v=iApTAnu9-ho"]}]}},"_links":{"self":[{"href":"https:\/\/carnival.ticketrio.com.br\/es\/wp-json\/wp\/v2\/pages\/1151","targetHints":{"allow":["GET"]}}],"collection":[{"href":"https:\/\/carnival.ticketrio.com.br\/es\/wp-json\/wp\/v2\/pages"}],"about":[{"href":"https:\/\/carnival.ticketrio.com.br\/es\/wp-json\/wp\/v2\/types\/page"}],"author":[{"embeddable":true,"href":"https:\/\/carnival.ticketrio.com.br\/es\/wp-json\/wp\/v2\/users\/1"}],"replies":[{"embeddable":true,"href":"https:\/\/carnival.ticketrio.com.br\/es\/wp-json\/wp\/v2\/comments?post=1151"}],"version-history":[{"count":5,"href":"https:\/\/carnival.ticketrio.com.br\/es\/wp-json\/wp\/v2\/pages\/1151\/revisions"}],"predecessor-version":[{"id":1882,"href":"https:\/\/carnival.ticketrio.com.br\/es\/wp-json\/wp\/v2\/pages\/1151\/revisions\/1882"}],"wp:attachment":[{"href":"https:\/\/carnival.ticketrio.com.br\/es\/wp-json\/wp\/v2\/media?parent=1151"}],"curies":[{"name":"wp","href":"https:\/\/api.w.org\/{rel}","templated":true}]}}