{"id":1428,"date":"2017-05-19T16:09:51","date_gmt":"2017-05-19T16:09:51","guid":{"rendered":"https:\/\/carnival-ticketrio.com\/?page_id=1428"},"modified":"2025-04-25T16:00:31","modified_gmt":"2025-04-25T16:00:31","slug":"ticket-rio-karneval-rio-de-janeiro","status":"publish","type":"page","link":"https:\/\/carnival.ticketrio.com.br\/de\/ticket-rio-karneval-rio-de-janeiro\/","title":{"rendered":"Untitled"},"content":{"rendered":"<h2 style=\"text-align: justify;\">Ticket Rio Karneval<\/h2>\n<p style=\"text-align: justify;\">Ticket Rio Carnival Travel agency specializes in selling packages for major events like Rio Carnival, Theme Parks, and Shows, adding the reception services, transportation, and guide.<\/p>\n<p style=\"text-align: justify;\">Besides <a href=\"https:\/\/www.carnavalticketrio.com\/rio-carnival-parade-tickets-sambadrome.html\">Rio Carnival Packages and Tickets<\/a>, we <img loading=\"lazy\" decoding=\"async\" class=\"size-medium wp-image-5 alignleft\" src=\"https:\/\/carnival-ticketrio.com\/wp-content\/uploads\/2016\/10\/a-empresa-ticket-rio-logos-300x141.png\" rel='magnific' alt=\"a-empresa-ticket-rio-logos\" width=\"300\" height=\"141\" srcset=\"https:\/\/carnival.ticketrio.com.br\/wp-content\/uploads\/2016\/10\/a-empresa-ticket-rio-logos-300x141.png 300w, https:\/\/carnival.ticketrio.com.br\/wp-content\/uploads\/2016\/10\/a-empresa-ticket-rio-logos-768x360.png 768w, https:\/\/carnival.ticketrio.com.br\/wp-content\/uploads\/2016\/10\/a-empresa-ticket-rio-logos.png 980w\" sizes=\"auto, (max-width: 300px) 100vw, 300px\" \/>offer tours for groups to Corcovado, Sugar Loaf, beaches, Angra dos Reis and Ilha Grande, as well as cruises, city tours, booking hotels, transfers, among others.<\/p>\n<p style=\"text-align: justify;\">To purchase our products and services, visit the Ticket Rio online stores at https:\/\/www.carnavalticketrio.com or talk with our personalized service by phone, skype, email or online chat.<\/p>\n<div>\n<h2 class=\"widget-title\"><strong>Ticket Rio Team<\/strong><\/h2>\n<div class=\"textwidget\">\n<p>We have a specialized team that will give you all the support and personalized attention. Contact us by e- mail, in person or even chat. We are at your disposal! We speak Portuguese, English and Spanish.<\/p>\n<p><img loading=\"lazy\" decoding=\"async\" class=\"alignnone size-medium wp-image-185\" src=\"https:\/\/carnival-ticketrio.com\/wp-content\/uploads\/2016\/10\/team_ticketrio_menor1-300x174.jpg\" alt=\"team_ticketrio_menor1\" width=\"300\" height=\"174\" srcset=\"https:\/\/carnival.ticketrio.com.br\/wp-content\/uploads\/2016\/10\/team_ticketrio_menor1-300x174.jpg 300w, https:\/\/carnival.ticketrio.com.br\/wp-content\/uploads\/2016\/10\/team_ticketrio_menor1.jpg 640w\" sizes=\"auto, (max-width: 300px) 100vw, 300px\" \/><\/p>\n<h2><strong>Services<\/strong><\/h2>\n<p style=\"text-align: justify;\">We offer the traditional reservation of sightseeing in Rio de Janeiro, operations of packages with entrance to the sambodrome, passports to theme parks and national and international parks. We also organize special events for groups and tours that include private shuttle (bus, minibus), tour guide, hotel reservations, travel on cruises, among others.<br \/>\nWe are affiliates to Embratur &#8211; Federal Turism Institute and Abav &#8211; Brazilian Travel Agency Association.<br \/>\nClick on the images to see our certificates.<\/p>\n<p><a href=\"http:\/\/www.cadastur.turismo.gov.br\/cadastur\/DocumentoAction.mtur?method:certificadoOficialPessoaJuridica&amp;ativpjdto.nuPessoaJuridica=21262&amp;ativpjdto.nuTipoAtividade=10\"><img loading=\"lazy\" decoding=\"async\" class=\"alignnone wp-image-147 size-full\" src=\"https:\/\/carnival-ticketrio.com\/wp-content\/uploads\/2016\/10\/cadastro_embratur.png\" rel='magnific' alt=\"cadastro_embratur\" width=\"181\" height=\"101\" \/><\/a> <a href=\"http:\/\/www.abavrio.com.br\/associados_agencia2.asp?a=22602\"><img loading=\"lazy\" decoding=\"async\" class=\"alignnone wp-image-146 size-full\" src=\"https:\/\/carnival-ticketrio.com\/wp-content\/uploads\/2016\/10\/associado_abav-3.png\" rel='magnific' alt=\"associado_abav-3\" width=\"180\" height=\"107\" \/><\/a><\/p>\n<h2><strong>Brasil Store<br \/>\n<\/strong><\/h2>\n<p><strong>Address<\/strong>: Av. das Am\u00e9ricas 700&nbsp; Loja 201A Bloco 8 Shopping Citt\u00e1 Am\u00e9rica&nbsp; Barra da Tijuca \u2013 RJ<br \/>\n<strong>Phones:<\/strong>&nbsp;5521 3982-1515 \/ 2025-5000\/<img loading=\"lazy\" decoding=\"async\" class=\"size-medium wp-image-173 alignright\" src=\"https:\/\/carnival-ticketrio.com\/wp-content\/uploads\/2016\/10\/loja-fisica_google-300x225.jpg\" alt=\"loja-fisica_google\" width=\"300\" height=\"225\" srcset=\"https:\/\/carnival.ticketrio.com.br\/wp-content\/uploads\/2016\/10\/loja-fisica_google-300x225.jpg 300w, https:\/\/carnival.ticketrio.com.br\/wp-content\/uploads\/2016\/10\/loja-fisica_google.jpg 720w\" sizes=\"auto, (max-width: 300px) 100vw, 300px\" \/><br \/>\nWork hours: 09 to 18h (mon &#8211; fri)<\/p>\n<h2><strong>USA Office<br \/>\n<\/strong><\/h2>\n<p><strong>Address<\/strong>: 2907 South Semoran Blvd Suite #171<br \/>\nOrlando FL 32822<br \/>\n<strong>Phones:<\/strong>&nbsp;+1 407 978-4355<br \/>\nWork hours: 09 to 18h (mon &#8211; fri)<br \/>\nE-mail: info@ticketrio.com.br<\/p>\n<p><strong>Our Websites<\/strong><\/p>\n<ul class=\"xoxo blogroll\">\n<li><a title=\"Grupo Barra Midia\" href=\"http:\/\/www.barramidia.com.br\/\" target=\"_blank\" rel=\"me noopener noreferrer\">http:\/\/www.barramidia.com.br<\/a><\/li>\n<li><a href=\"https:\/\/carnival-ticketrio.com\">https:\/\/carnival-ticketrio.com<\/a><\/li>\n<li><a title=\"Carnival Rio Blog\" href=\"http:\/\/www.blocofolia.com.br\/\" target=\"_blank\" rel=\"me noopener noreferrer\">http:\/\/www.blocofolia.com.br<\/a><\/li>\n<li><a href=\"http:\/\/www.camarotescarnavalticketrio.com.br\/\" target=\"_blank\" rel=\"me noopener noreferrer\">http:\/\/www.camarotescarnavalticketrio.com.br<\/a><\/li>\n<li><a href=\"http:\/\/www.carnavalticketrio.com\/\" target=\"_blank\" rel=\"noopener noreferrer\">http:\/\/www.carnavalticketrio.com<\/a><\/li>\n<li><a href=\"http:\/\/www.ingressoscarnavalticketrio.com.br\/\" target=\"_blank\" rel=\"noopener noreferrer\">http:\/\/www.ingressoscarnavalticketrio.com.br<\/a><\/li>\n<li><a href=\"http:\/\/www.ticketrio.com.br\/site\/\" target=\"_blank\" rel=\"noopener noreferrer\">http:\/\/www.ticketrio.com.br<\/a><\/li>\n<\/ul>\n<\/div>\n<\/div>\n","protected":false},"excerpt":{"rendered":"<p>Ticket Rio Karneval Ticket Rio Carnival Travel agency specializes in selling packages for major events like Rio Carnival, Theme Parks, and Shows, adding the reception services, transportation, and guide. Besides Rio Carnival Packages and Tickets, we offer tours for groups <a href=\"https:\/\/carnival.ticketrio.com.br\/de\/ticket-rio-karneval-rio-de-janeiro\/\"><\/p>\n<div class=\"read-more\">\n<p>Read more &#8250;<\/p>\n<\/div>\n<p><!-- end of .read-more --><\/a><\/p>\n","protected":false},"author":1,"featured_media":0,"parent":0,"menu_order":0,"comment_status":"closed","ping_status":"closed","template":"template-main-right.php","meta":{"_exactmetrics_skip_tracking":false,"_exactmetrics_sitenote_active":false,"_exactmetrics_sitenote_note":"","_exactmetrics_sitenote_category":0,"ngg_post_thumbnail":0,"_joinchat":[],"footnotes":""},"class_list":["post-1428","page","type-page","status-publish","hentry"],"yoast_head":"<!-- This site is optimized with the Yoast SEO plugin v25.7 - https:\/\/yoast.com\/wordpress\/plugins\/seo\/ -->\n<title>Ticket Rio karneval tickets 2018<\/title>\n<meta name=\"description\" content=\"Rio Carnaval billet, Carnaval R\u00edo Entradas, Billets Carnaval de Rio, Rio Karneval Tickets, Rio Carnevale Biglietti, Rio Carnival Parade Tickets.\" \/>\n<meta name=\"robots\" content=\"index, follow, max-snippet:-1, max-image-preview:large, max-video-preview:-1\" \/>\n<link rel=\"canonical\" href=\"https:\/\/carnival.ticketrio.com.br\/de\/ticket-rio-karneval-rio-de-janeiro\/\" \/>\n<meta property=\"og:locale\" content=\"es_ES\" \/>\n<meta property=\"og:type\" content=\"article\" \/>\n<meta property=\"og:title\" content=\"Ticket Rio karneval tickets 2018\" \/>\n<meta property=\"og:description\" content=\"Rio Carnaval billet, Carnaval R\u00edo Entradas, Billets Carnaval de Rio, Rio Karneval Tickets, Rio Carnevale Biglietti, Rio Carnival Parade Tickets.\" \/>\n<meta property=\"og:url\" content=\"https:\/\/carnival.ticketrio.com.br\/de\/ticket-rio-karneval-rio-de-janeiro\/\" \/>\n<meta property=\"og:site_name\" content=\"Ticket Rio - Billets Rio Carnaval, Tickets for Rio Carnival, Comprar Boletos Carnaval Rio, Rio Carnival Tickets. Karneval Rio Tickets, Rio Carnevale Biglietti, Rio de Janeiro Carnival Tickets Sambadrome. Boletos Carnaval R\u00edo.\" \/>\n<meta property=\"article:publisher\" content=\"https:\/\/www.facebook.com\/ticketrio\/?fref=nf\" \/>\n<meta property=\"article:modified_time\" content=\"2025-04-25T16:00:31+00:00\" \/>\n<meta property=\"og:image\" content=\"https:\/\/carnival-ticketrio.com\/wp-content\/uploads\/2016\/10\/a-empresa-ticket-rio-logos-300x141.png\" \/>\n<meta name=\"twitter:card\" content=\"summary_large_image\" \/>\n<meta name=\"twitter:site\" content=\"@carnavalticket\" \/>\n<meta name=\"twitter:label1\" content=\"Tiempo de lectura\" \/>\n\t<meta name=\"twitter:data1\" content=\"1 minuto\" \/>\n<!-- \/ Yoast SEO plugin. -->","yoast_head_json":{"title":"Ticket Rio karneval tickets 2018","description":"Rio Carnaval billet, Carnaval R\u00edo Entradas, Billets Carnaval de Rio, Rio Karneval Tickets, Rio Carnevale Biglietti, Rio Carnival Parade Tickets.","robots":{"index":"index","follow":"follow","max-snippet":"max-snippet:-1","max-image-preview":"max-image-preview:large","max-video-preview":"max-video-preview:-1"},"canonical":"https:\/\/carnival.ticketrio.com.br\/de\/ticket-rio-karneval-rio-de-janeiro\/","og_locale":"es_ES","og_type":"article","og_title":"Ticket Rio karneval tickets 2018","og_description":"Rio Carnaval billet, Carnaval R\u00edo Entradas, Billets Carnaval de Rio, Rio Karneval Tickets, Rio Carnevale Biglietti, Rio Carnival Parade Tickets.","og_url":"https:\/\/carnival.ticketrio.com.br\/de\/ticket-rio-karneval-rio-de-janeiro\/","og_site_name":"Ticket Rio - Billets Rio Carnaval, Tickets for Rio Carnival, Comprar Boletos Carnaval Rio, Rio Carnival Tickets. Karneval Rio Tickets, Rio Carnevale Biglietti, Rio de Janeiro Carnival Tickets Sambadrome. Boletos Carnaval R\u00edo.","article_publisher":"https:\/\/www.facebook.com\/ticketrio\/?fref=nf","article_modified_time":"2025-04-25T16:00:31+00:00","og_image":[{"url":"https:\/\/carnival-ticketrio.com\/wp-content\/uploads\/2016\/10\/a-empresa-ticket-rio-logos-300x141.png","type":"","width":"","height":""}],"twitter_card":"summary_large_image","twitter_site":"@carnavalticket","twitter_misc":{"Tiempo de lectura":"1 minuto"},"schema":{"@context":"https:\/\/schema.org","@graph":[{"@type":"WebPage","@id":"https:\/\/carnival.ticketrio.com.br\/de\/ticket-rio-karneval-rio-de-janeiro\/","url":"https:\/\/carnival.ticketrio.com.br\/de\/ticket-rio-karneval-rio-de-janeiro\/","name":"Ticket Rio karneval tickets 2018","isPartOf":{"@id":"https:\/\/carnival.ticketrio.com.br\/#website"},"primaryImageOfPage":{"@id":"https:\/\/carnival.ticketrio.com.br\/de\/ticket-rio-karneval-rio-de-janeiro\/#primaryimage"},"image":{"@id":"https:\/\/carnival.ticketrio.com.br\/de\/ticket-rio-karneval-rio-de-janeiro\/#primaryimage"},"thumbnailUrl":"https:\/\/carnival-ticketrio.com\/wp-content\/uploads\/2016\/10\/a-empresa-ticket-rio-logos-300x141.png","datePublished":"2017-05-19T16:09:51+00:00","dateModified":"2025-04-25T16:00:31+00:00","description":"Rio Carnaval billet, Carnaval R\u00edo Entradas, Billets Carnaval de Rio, Rio Karneval Tickets, Rio Carnevale Biglietti, Rio Carnival Parade Tickets.","breadcrumb":{"@id":"https:\/\/carnival.ticketrio.com.br\/de\/ticket-rio-karneval-rio-de-janeiro\/#breadcrumb"},"inLanguage":"es","potentialAction":[{"@type":"ReadAction","target":["https:\/\/carnival.ticketrio.com.br\/de\/ticket-rio-karneval-rio-de-janeiro\/"]}]},{"@type":"ImageObject","inLanguage":"es","@id":"https:\/\/carnival.ticketrio.com.br\/de\/ticket-rio-karneval-rio-de-janeiro\/#primaryimage","url":"https:\/\/carnival-ticketrio.com\/wp-content\/uploads\/2016\/10\/a-empresa-ticket-rio-logos-300x141.png","contentUrl":"https:\/\/carnival-ticketrio.com\/wp-content\/uploads\/2016\/10\/a-empresa-ticket-rio-logos-300x141.png"},{"@type":"BreadcrumbList","@id":"https:\/\/carnival.ticketrio.com.br\/de\/ticket-rio-karneval-rio-de-janeiro\/#breadcrumb","itemListElement":[{"@type":"ListItem","position":1,"name":"Home","item":"https:\/\/carnival.ticketrio.com.br\/fr\/rio-carnaval-billets\/"},{"@type":"ListItem","position":2,"name":"Untitled"}]},{"@type":"WebSite","@id":"https:\/\/carnival.ticketrio.com.br\/#website","url":"https:\/\/carnival.ticketrio.com.br\/","name":"Ticket Rio - Billets Rio Carnaval, Tickets for Rio Carnival, Comprar Boletos Carnaval Rio, Rio Carnival Tickets. Karneval Rio Tickets, Rio Carnevale Biglietti, Rio de Janeiro Carnival Tickets Sambadrome. Boletos Carnaval R\u00edo.","description":"Rio carnival parade tickets sambadrome 2026. Acheter billets Rio Carnaval. Comprar Boletos Rio Carnaval boletos Carnevale di Rio biglietti Karneval Rio de Janeiro Carnaval tickets 2026. Boletos Carnaval R\u00edo. Rio de Janeiro Carnival Tickets. Tickets Rio Carnival Sambadrome.","publisher":{"@id":"https:\/\/carnival.ticketrio.com.br\/#organization"},"potentialAction":[{"@type":"SearchAction","target":{"@type":"EntryPoint","urlTemplate":"https:\/\/carnival.ticketrio.com.br\/?s={search_term_string}"},"query-input":{"@type":"PropertyValueSpecification","valueRequired":true,"valueName":"search_term_string"}}],"inLanguage":"es"},{"@type":"Organization","@id":"https:\/\/carnival.ticketrio.com.br\/#organization","name":"Rio Carnaval billet 2018 - Rio Carnaval Entradas, Rio Carnaval Billets, Rio Karneval Tickets, Rio Carnival Parade Sambadrome Tickets","url":"https:\/\/carnival.ticketrio.com.br\/","logo":{"@type":"ImageObject","inLanguage":"es","@id":"https:\/\/carnival.ticketrio.com.br\/#\/schema\/logo\/image\/","url":"https:\/\/carnival-ticketrio.com\/wp-content\/uploads\/2016\/10\/ticket01-e1476303239999.png","contentUrl":"https:\/\/carnival-ticketrio.com\/wp-content\/uploads\/2016\/10\/ticket01-e1476303239999.png","width":200,"height":99,"caption":"Rio Carnaval billet 2018 - Rio Carnaval Entradas, Rio Carnaval Billets, Rio Karneval Tickets, Rio Carnival Parade Sambadrome Tickets"},"image":{"@id":"https:\/\/carnival.ticketrio.com.br\/#\/schema\/logo\/image\/"},"sameAs":["https:\/\/www.facebook.com\/ticketrio\/?fref=nf","https:\/\/x.com\/carnavalticket","https:\/\/www.youtube.com\/watch?v=iApTAnu9-ho"]}]}},"_links":{"self":[{"href":"https:\/\/carnival.ticketrio.com.br\/es\/wp-json\/wp\/v2\/pages\/1428","targetHints":{"allow":["GET"]}}],"collection":[{"href":"https:\/\/carnival.ticketrio.com.br\/es\/wp-json\/wp\/v2\/pages"}],"about":[{"href":"https:\/\/carnival.ticketrio.com.br\/es\/wp-json\/wp\/v2\/types\/page"}],"author":[{"embeddable":true,"href":"https:\/\/carnival.ticketrio.com.br\/es\/wp-json\/wp\/v2\/users\/1"}],"replies":[{"embeddable":true,"href":"https:\/\/carnival.ticketrio.com.br\/es\/wp-json\/wp\/v2\/comments?post=1428"}],"version-history":[{"count":0,"href":"https:\/\/carnival.ticketrio.com.br\/es\/wp-json\/wp\/v2\/pages\/1428\/revisions"}],"wp:attachment":[{"href":"https:\/\/carnival.ticketrio.com.br\/es\/wp-json\/wp\/v2\/media?parent=1428"}],"curies":[{"name":"wp","href":"https:\/\/api.w.org\/{rel}","templated":true}]}}