{"id":380,"date":"2016-10-28T19:19:28","date_gmt":"2016-10-28T19:19:28","guid":{"rendered":"https:\/\/carnival-ticketrio.com\/?page_id=380"},"modified":"2025-04-25T15:11:34","modified_gmt":"2025-04-25T15:11:34","slug":"forma-de-comprar-recibir-rio-carnaval-entradas","status":"publish","type":"page","link":"https:\/\/carnival.ticketrio.com.br\/es\/forma-de-comprar-recibir-rio-carnaval-entradas\/","title":{"rendered":"Como Comprar \/ Recibir"},"content":{"rendered":"<h3><span style=\"color: #ff6600;\">Como Comprar \/ Recibir su Boletos para el Carnaval de R\u00edo<\/span><\/h3>\n<h3>&nbsp;<\/h3>\n<h3><strong><span style=\"color: #008000;\">Vaya a nuestra tienda en l\u00ednea<\/span> <\/strong>&nbsp; <a href=\"https:\/\/www.carnavalticketrio.com\">https:\/\/www.carnavalticketrio.com<br \/>\n<img loading=\"lazy\" decoding=\"async\" class=\"wp-image-188 alignleft\" src=\"https:\/\/carnival.ticketrio.com.br\/wp-content\/uploads\/2016\/10\/ticketrio_logo-300x148.png\" alt=\"\" width=\"180\" height=\"89\" \/><\/a><\/h3>\n<p><strong><span id=\"result_box\" lang=\"en\"><span title=\"7.Concluido seu Pedido, voc\u00ea receber\u00e1 um email confirmando sua compra com o n\u00famero do seu pedido. \">Pagar con PayPal. Seguro y forma f\u00e1cil de pagar.<\/span><\/span><\/strong><\/p>\n<p>Debe elegir la ubicaci\u00f3n que desee para recoger tus entradas.<\/p>\n<p><strong>Barra da Tijuca Store&nbsp;<\/strong>&#8211; Nuestra tienda F\u00edsicas Abre el a\u00f1o entero. Direcci\u00f3n: Av. das Am\u00e9ricas, Loja 700 112 L &#8211; Barra da Tijuca Abre horas: 09 a 18h (incluyendo los d\u00edas de carnaval)<\/p>\n<p>o<\/p>\n<p><strong>Copacabana Hotel VilaMar Hospitality Desk &#8211;&nbsp;<\/strong>Abre solo en el Semana de Carnaval. Direcci\u00f3n: Hotel VilaMar &#8211; Rua Bolivar, 75 Copacabana.<br \/>\nHorario: 10h a 18h (incluidos los d\u00edas de carnaval)<\/p>\n<p>&nbsp;<\/p>\n<p><span style=\"color: #51a9ed;\" title=\"7.Concluido seu Pedido, voc\u00ea receber\u00e1 um email confirmando sua compra com o n\u00famero do seu pedido. \"><span style=\"color: #238ad9;\"><strong>Despu\u00e9s de la Compra:<\/strong><\/span><\/span><\/p>\n<p><strong>Nuestro servicio al cliente<\/strong> le enviar\u00e1 por correo electr\u00f3nico el <strong><span style=\"color: #ff0000;\">Ticket Rio Voucher<\/span><\/strong> con sus order&#8217;s detalles. Este cup\u00f3n es la confirmaci\u00f3n de su purchase&#8217;. Por favor, imprimir y llevar con usted para recibir sus entradas.<\/p>\n<p><strong>Condiciones de cancelaci\u00f3n: 7 d\u00edas naturales<\/strong><\/p>\n<p><span title=\"Ap\u00f3s o envio do Voucher s\u00e3o aceitos pedidos de cancelamento de compra solicitados em at\u00e9 7 (sete) dias corridos ap\u00f3s a compra, independentemente do motivo.\">Cancelaci\u00f3n solicitada dentro de los siete (7) d\u00edas calendario despu\u00e9s de la compra por cualquier raz\u00f3n son aceptadas. Despu\u00e9s de este per\u00edodo p\u00f3ngase en contacto con nuestro servicio al cliente para conocer la posibilidad de revender su paquete \/ boleto a otro cliente (comisi\u00f3n de administraci\u00f3n se pueden aplicar).<\/span><\/p>\n<h4>&nbsp;<\/h4>\n<p><strong><span style=\"color: #238ad9;\">C\u00d3MO RECIBIR SU ENTRADA<\/span><\/strong><\/p>\n<p style=\"text-align: justify;\"><span lang=\"en\"><span title=\"Caso seu pedido seja negado, voc\u00ea ser\u00e1 notificado pela equipe da loja.ticketrio.com.br \"><span id=\"result_box\" lang=\"en\"><span title=\"Arquibancada \u2013 Entrega do Cart\u00e3o Magn\u00e9tico ser\u00e1 na nossa loja no Shopping Citt\u00e0 America, na Barra da Tijuca a partir do dia 15 de Fevereiro de 2014 &nbsp;&nbsp;&nbsp;&nbsp;\"><strong>&#8211; Entradas y asignados Tribunas Sillas<br \/>\n<\/strong>Ingressos de Tribunas e Sillas de Pista son digitales. Para mas informacion acesse:<br \/>\n<a href=\"https:\/\/www.carnavalticketrio.com\/es\/entradas-digitales-sambadromo-rio-entradas-carnaval\/\">https:\/\/www.carnavalticketrio.com\/es\/entradas-digitales-sambadromo-rio-entradas-carnaval\/<\/a><br \/>\n<\/span><\/span><\/span><\/span><\/p>\n<p><strong>&#8211; Entradas Las cajas abiertas y de lujo VIP Suites<\/strong><\/p>\n<p><span title=\"Por quest\u00e3o de logistica e por serem ingressos de alto valor e de dificil reposi\u00e7\u00e3o a Ticket Rio n\u00e3o envia por Sedex.\">Como cuesti\u00f3n de log\u00edstica y de alto valor estas entradas son liberados por Liesa &#8211; Liga Independiente de Escuelas de Samba s\u00f3lo cerca a la semana de carnaval. As\u00ed que nuestra entrega para las cajas abiertas y entradas VIP estar\u00e1 en la Semana de Carnaval.&#8221;<\/span><\/p>\n<h4><span style=\"color: #ff6600;\"><strong>Todas las entradas de carnaval vienen con regalos.<\/strong><\/span>&nbsp; &nbsp; &nbsp; &nbsp;&nbsp;<\/h4>\n","protected":false},"excerpt":{"rendered":"<p>Como Comprar \/ Recibir su Boletos para el Carnaval de R\u00edo &nbsp; Vaya a nuestra tienda en l\u00ednea &nbsp; https:\/\/www.carnavalticketrio.com Pagar con PayPal. Seguro y forma f\u00e1cil de pagar. Debe elegir la ubicaci\u00f3n que desee para recoger tus entradas. Barra <a href=\"https:\/\/carnival.ticketrio.com.br\/es\/forma-de-comprar-recibir-rio-carnaval-entradas\/\"><\/p>\n<div class=\"read-more\">\n<p>Read more &#8250;<\/p>\n<\/div>\n<p><!-- end of .read-more --><\/a><\/p>\n","protected":false},"author":1,"featured_media":0,"parent":0,"menu_order":0,"comment_status":"closed","ping_status":"closed","template":"template-main-right.php","meta":{"_exactmetrics_skip_tracking":false,"_exactmetrics_sitenote_active":false,"_exactmetrics_sitenote_note":"","_exactmetrics_sitenote_category":0,"ngg_post_thumbnail":0,"_joinchat":[],"footnotes":""},"class_list":["post-380","page","type-page","status-publish","hentry"],"yoast_head":"<!-- This site is optimized with the Yoast SEO plugin v25.7 - https:\/\/yoast.com\/wordpress\/plugins\/seo\/ -->\n<title>Como comprar \/ recibir su entrada para el carnaval de R\u00edo<\/title>\n<meta name=\"description\" content=\"Ticket Rio Carnaval. Carnaval de Rio entradas y boletos. Como comprar \/ recibir su entrada para el carnaval de R\u00edo.\" \/>\n<meta name=\"robots\" content=\"index, follow, max-snippet:-1, max-image-preview:large, max-video-preview:-1\" \/>\n<link rel=\"canonical\" href=\"https:\/\/carnival.ticketrio.com.br\/es\/forma-de-comprar-recibir-rio-carnaval-entradas\/\" \/>\n<meta property=\"og:locale\" content=\"es_ES\" \/>\n<meta property=\"og:type\" content=\"article\" \/>\n<meta property=\"og:title\" content=\"Como comprar \/ recibir su entrada para el carnaval de R\u00edo\" \/>\n<meta property=\"og:description\" content=\"Ticket Rio Carnaval. Carnaval de Rio entradas y boletos. Como comprar \/ recibir su entrada para el carnaval de R\u00edo.\" \/>\n<meta property=\"og:url\" content=\"https:\/\/carnival.ticketrio.com.br\/es\/forma-de-comprar-recibir-rio-carnaval-entradas\/\" \/>\n<meta property=\"og:site_name\" content=\"Ticket Rio - Billets Rio Carnaval, Tickets for Rio Carnival, Comprar Boletos Carnaval Rio, Rio Carnival Tickets. Karneval Rio Tickets, Rio Carnevale Biglietti, Rio de Janeiro Carnival Tickets Sambadrome. Boletos Carnaval R\u00edo.\" \/>\n<meta property=\"article:publisher\" content=\"https:\/\/www.facebook.com\/ticketrio\/?fref=nf\" \/>\n<meta property=\"article:modified_time\" content=\"2025-04-25T15:11:34+00:00\" \/>\n<meta property=\"og:image\" content=\"https:\/\/carnival.ticketrio.com.br\/wp-content\/uploads\/2016\/10\/ticketrio_logo-300x148.png\" \/>\n<meta name=\"twitter:card\" content=\"summary_large_image\" \/>\n<meta name=\"twitter:site\" content=\"@carnavalticket\" \/>\n<meta name=\"twitter:label1\" content=\"Tiempo de lectura\" \/>\n\t<meta name=\"twitter:data1\" content=\"2 minutos\" \/>\n<!-- \/ Yoast SEO plugin. -->","yoast_head_json":{"title":"Como comprar \/ recibir su entrada para el carnaval de R\u00edo","description":"Ticket Rio Carnaval. Carnaval de Rio entradas y boletos. Como comprar \/ recibir su entrada para el carnaval de R\u00edo.","robots":{"index":"index","follow":"follow","max-snippet":"max-snippet:-1","max-image-preview":"max-image-preview:large","max-video-preview":"max-video-preview:-1"},"canonical":"https:\/\/carnival.ticketrio.com.br\/es\/forma-de-comprar-recibir-rio-carnaval-entradas\/","og_locale":"es_ES","og_type":"article","og_title":"Como comprar \/ recibir su entrada para el carnaval de R\u00edo","og_description":"Ticket Rio Carnaval. Carnaval de Rio entradas y boletos. Como comprar \/ recibir su entrada para el carnaval de R\u00edo.","og_url":"https:\/\/carnival.ticketrio.com.br\/es\/forma-de-comprar-recibir-rio-carnaval-entradas\/","og_site_name":"Ticket Rio - Billets Rio Carnaval, Tickets for Rio Carnival, Comprar Boletos Carnaval Rio, Rio Carnival Tickets. Karneval Rio Tickets, Rio Carnevale Biglietti, Rio de Janeiro Carnival Tickets Sambadrome. Boletos Carnaval R\u00edo.","article_publisher":"https:\/\/www.facebook.com\/ticketrio\/?fref=nf","article_modified_time":"2025-04-25T15:11:34+00:00","og_image":[{"url":"https:\/\/carnival.ticketrio.com.br\/wp-content\/uploads\/2016\/10\/ticketrio_logo-300x148.png","type":"","width":"","height":""}],"twitter_card":"summary_large_image","twitter_site":"@carnavalticket","twitter_misc":{"Tiempo de lectura":"2 minutos"},"schema":{"@context":"https:\/\/schema.org","@graph":[{"@type":"WebPage","@id":"https:\/\/carnival.ticketrio.com.br\/es\/forma-de-comprar-recibir-rio-carnaval-entradas\/","url":"https:\/\/carnival.ticketrio.com.br\/es\/forma-de-comprar-recibir-rio-carnaval-entradas\/","name":"Como comprar \/ recibir su entrada para el carnaval de R\u00edo","isPartOf":{"@id":"https:\/\/carnival.ticketrio.com.br\/#website"},"primaryImageOfPage":{"@id":"https:\/\/carnival.ticketrio.com.br\/es\/forma-de-comprar-recibir-rio-carnaval-entradas\/#primaryimage"},"image":{"@id":"https:\/\/carnival.ticketrio.com.br\/es\/forma-de-comprar-recibir-rio-carnaval-entradas\/#primaryimage"},"thumbnailUrl":"https:\/\/carnival.ticketrio.com.br\/wp-content\/uploads\/2016\/10\/ticketrio_logo-300x148.png","datePublished":"2016-10-28T19:19:28+00:00","dateModified":"2025-04-25T15:11:34+00:00","description":"Ticket Rio Carnaval. Carnaval de Rio entradas y boletos. Como comprar \/ recibir su entrada para el carnaval de R\u00edo.","breadcrumb":{"@id":"https:\/\/carnival.ticketrio.com.br\/es\/forma-de-comprar-recibir-rio-carnaval-entradas\/#breadcrumb"},"inLanguage":"es","potentialAction":[{"@type":"ReadAction","target":["https:\/\/carnival.ticketrio.com.br\/es\/forma-de-comprar-recibir-rio-carnaval-entradas\/"]}]},{"@type":"ImageObject","inLanguage":"es","@id":"https:\/\/carnival.ticketrio.com.br\/es\/forma-de-comprar-recibir-rio-carnaval-entradas\/#primaryimage","url":"https:\/\/carnival.ticketrio.com.br\/wp-content\/uploads\/2016\/10\/ticketrio_logo-300x148.png","contentUrl":"https:\/\/carnival.ticketrio.com.br\/wp-content\/uploads\/2016\/10\/ticketrio_logo-300x148.png"},{"@type":"BreadcrumbList","@id":"https:\/\/carnival.ticketrio.com.br\/es\/forma-de-comprar-recibir-rio-carnaval-entradas\/#breadcrumb","itemListElement":[{"@type":"ListItem","position":1,"name":"Home","item":"https:\/\/carnival.ticketrio.com.br\/es\/entradas-carnavales\/"},{"@type":"ListItem","position":2,"name":"Como Comprar \/ Recibir"}]},{"@type":"WebSite","@id":"https:\/\/carnival.ticketrio.com.br\/#website","url":"https:\/\/carnival.ticketrio.com.br\/","name":"Ticket Rio - Billets Rio Carnaval, Tickets for Rio Carnival, Comprar Boletos Carnaval Rio, Rio Carnival Tickets. Karneval Rio Tickets, Rio Carnevale Biglietti, Rio de Janeiro Carnival Tickets Sambadrome. Boletos Carnaval R\u00edo.","description":"Rio carnival parade tickets sambadrome 2026. Acheter billets Rio Carnaval. Comprar Boletos Rio Carnaval boletos Carnevale di Rio biglietti Karneval Rio de Janeiro Carnaval tickets 2026. Boletos Carnaval R\u00edo. Rio de Janeiro Carnival Tickets. Tickets Rio Carnival Sambadrome.","publisher":{"@id":"https:\/\/carnival.ticketrio.com.br\/#organization"},"potentialAction":[{"@type":"SearchAction","target":{"@type":"EntryPoint","urlTemplate":"https:\/\/carnival.ticketrio.com.br\/?s={search_term_string}"},"query-input":{"@type":"PropertyValueSpecification","valueRequired":true,"valueName":"search_term_string"}}],"inLanguage":"es"},{"@type":"Organization","@id":"https:\/\/carnival.ticketrio.com.br\/#organization","name":"Rio Carnaval billet 2018 - Rio Carnaval Entradas, Rio Carnaval Billets, Rio Karneval Tickets, Rio Carnival Parade Sambadrome Tickets","url":"https:\/\/carnival.ticketrio.com.br\/","logo":{"@type":"ImageObject","inLanguage":"es","@id":"https:\/\/carnival.ticketrio.com.br\/#\/schema\/logo\/image\/","url":"https:\/\/carnival-ticketrio.com\/wp-content\/uploads\/2016\/10\/ticket01-e1476303239999.png","contentUrl":"https:\/\/carnival-ticketrio.com\/wp-content\/uploads\/2016\/10\/ticket01-e1476303239999.png","width":200,"height":99,"caption":"Rio Carnaval billet 2018 - Rio Carnaval Entradas, Rio Carnaval Billets, Rio Karneval Tickets, Rio Carnival Parade Sambadrome Tickets"},"image":{"@id":"https:\/\/carnival.ticketrio.com.br\/#\/schema\/logo\/image\/"},"sameAs":["https:\/\/www.facebook.com\/ticketrio\/?fref=nf","https:\/\/x.com\/carnavalticket","https:\/\/www.youtube.com\/watch?v=iApTAnu9-ho"]}]}},"_links":{"self":[{"href":"https:\/\/carnival.ticketrio.com.br\/es\/wp-json\/wp\/v2\/pages\/380","targetHints":{"allow":["GET"]}}],"collection":[{"href":"https:\/\/carnival.ticketrio.com.br\/es\/wp-json\/wp\/v2\/pages"}],"about":[{"href":"https:\/\/carnival.ticketrio.com.br\/es\/wp-json\/wp\/v2\/types\/page"}],"author":[{"embeddable":true,"href":"https:\/\/carnival.ticketrio.com.br\/es\/wp-json\/wp\/v2\/users\/1"}],"replies":[{"embeddable":true,"href":"https:\/\/carnival.ticketrio.com.br\/es\/wp-json\/wp\/v2\/comments?post=380"}],"version-history":[{"count":19,"href":"https:\/\/carnival.ticketrio.com.br\/es\/wp-json\/wp\/v2\/pages\/380\/revisions"}],"predecessor-version":[{"id":1974,"href":"https:\/\/carnival.ticketrio.com.br\/es\/wp-json\/wp\/v2\/pages\/380\/revisions\/1974"}],"wp:attachment":[{"href":"https:\/\/carnival.ticketrio.com.br\/es\/wp-json\/wp\/v2\/media?parent=380"}],"curies":[{"name":"wp","href":"https:\/\/api.w.org\/{rel}","templated":true}]}}