{"id":39,"date":"2016-10-03T17:29:00","date_gmt":"2016-10-03T17:29:00","guid":{"rendered":"https:\/\/carnival-ticketrio.com\/?page_id=39"},"modified":"2025-08-23T14:51:58","modified_gmt":"2025-08-23T14:51:58","slug":"how-to-buy-receive-carnival-rio-tickets","status":"publish","type":"page","link":"https:\/\/carnival.ticketrio.com.br\/how-to-buy-receive-carnival-rio-tickets\/","title":{"rendered":"How to Buy\/ Receive"},"content":{"rendered":"<h2>How to Buy and Receive <span style=\"color: #ff6600;\">Rio Carnival Tickets&nbsp;<\/span><\/h2>\n<p>&nbsp;<\/p>\n<p style=\"text-align: left;\"><span style=\"color: #339966;\"><strong> <img loading=\"lazy\" decoding=\"async\" class=\"alignnone wp-image-13 size-full\" src=\"https:\/\/carnival.ticketrio.com.br\/wp-content\/uploads\/2016\/10\/cropped-cropped-a-empresa-ticket-rio-logos-1.png\" alt=\"\" width=\"240\" height=\"257\" \/>Go to OUR on line STORE<\/strong><\/span> &nbsp; <a href=\"https:\/\/www.carnavalticketrio.com\">https:\/\/www.carnavalticketrio.com<\/a><\/p>\n<p style=\"text-align: left;\"><span id=\"result_box\" lang=\"en\"><span title=\"7.Concluido seu Pedido, voc\u00ea receber\u00e1 um email confirmando sua compra com o n\u00famero do seu pedido. \">Pay with Pay Pal. &nbsp;Safe &amp; Easy way to pay.<\/span><\/span><\/p>\n<p style=\"text-align: left;\">You Must choose the location you want to Pick UP yours Carnival Tickets.<\/p>\n<p style=\"text-align: left;\"><strong>Barra da Tijuca Store&nbsp;<\/strong>&#8211; Our Phisical&nbsp;Store Opens the Entire Year<br \/>\nAddress: Av. das Am\u00e9ricas, 700 Loja 112 L &#8211; Barra da Tijuca<br \/>\nOpens hours: 09 to 18h (including carnival days)<\/p>\n<p>OR<\/p>\n<p style=\"text-align: left;\"><strong>Copacabana Hotel VilaMar Hospitality Desk &#8211;&nbsp;<\/strong>Opens only in the Carnival Week.<br \/>\nAddress: Hotel VilaMar &#8211; Rua Bolivar, 75 Copacabana<br \/>\nOpens Hours: 10h to 18h (included carnival days)<\/p>\n<p style=\"text-align: left;\"><span id=\"result_box\" lang=\"en\"><strong><span style=\"color: #3366ff;\">AFTER THE PURCHASE<\/span><\/strong><span title=\"7.Concluido seu Pedido, voc\u00ea receber\u00e1 um email confirmando sua compra com o n\u00famero do seu pedido. \"><br \/>\n<\/span><\/span><\/p>\n<p style=\"text-align: left;\"><span lang=\"en\"><span title=\"Caso seu pedido seja negado, voc\u00ea ser\u00e1 notificado pela equipe da loja.ticketrio.com.br \"><span id=\"result_box\" lang=\"en\"><span title=\"Nosso Atendimento enviar\u00e1 pelo e-mail o Voucher Numerado referente ao Pedido.\">Our customer service will send by email&nbsp;<\/span><span title=\"Nosso Atendimento enviar\u00e1 pelo e-mail o Voucher Numerado referente ao Pedido.\">the&nbsp;<\/span><strong><span style=\"color: #ff0000;\" title=\"Nosso Atendimento enviar\u00e1 pelo e-mail o Voucher Numerado referente ao Pedido.\">Ti<\/span><span style=\"color: #ff0000;\" title=\"Nosso Atendimento enviar\u00e1 pelo e-mail o Voucher Numerado referente ao Pedido.\">cket Rio Voucher<\/span><\/strong><span title=\"Nosso Atendimento enviar\u00e1 pelo e-mail o Voucher Numerado referente ao Pedido.\">&nbsp;with your order\u00b4s details.&nbsp;<\/span><span title=\"Este Voucher \u00e9 o seu comprovante de compra para retirada do Ingresso. \">This Voucher is your purchase\u00b4 confirmation. Please print it and take with you to receive your tickets.<\/span><\/span><\/span><\/span><\/p>\n<p style=\"text-align: justify;\"><span title=\"Pol\u00edtica de Cancelamento: 7 dias corridos \"><strong>Cancellation Policy : 7 calendar days<\/strong><br \/>\n<\/span>Cancellation requested within seven (7) calendar days after purchase for whatever reason are accepted. After this period please contact our customer service to know the possibility of reselling your package \/ ticket to another customer (administration fee may apply).<\/p>\n<h4><span style=\"color: #ff6600;\"><strong>HOW TO RECEIVE YOUR TICKETS<\/strong><\/span><\/h4>\n<p style=\"text-align: left;\"><span lang=\"en\"><span title=\"Caso seu pedido seja negado, voc\u00ea ser\u00e1 notificado pela equipe da loja.ticketrio.com.br \"><span id=\"result_box\" lang=\"en\"><span title=\"Arquibancada \u2013 Entrega do Cart\u00e3o Magn\u00e9tico ser\u00e1 na nossa loja no Shopping Citt\u00e0 America, na Barra da Tijuca a partir do dia Fevereiro de 2019 &nbsp;&nbsp;&nbsp;&nbsp;\"><strong>&#8211; Grandstands Tickets &amp; Allocated Chairs<\/strong>&nbsp;<strong><br \/>\n<\/strong>Grandstands and allocated chair are now digital tickets. For more info please access:<br \/>\n<a href=\"https:\/\/www.carnavalticketrio.com\/es\/entradas-digitales-sambadromo-rio-entradas-carnaval\/\">https:\/\/www.carnavalticketrio.com\/es\/entradas-digitales-sambadromo-rio-entradas-carnaval\/<\/a><br \/>\n<\/span><\/span><\/span><\/span><\/p>\n<p><strong>&#8211; Front Boxes &amp; VIP Luxury Suites<br \/>\nVIP and Front boxes still physical tickets.<br \/>\n<\/strong><span title=\"Por quest\u00e3o de logistica e por serem ingressos de alto valor e de dificil reposi\u00e7\u00e3o a Ticket Rio n\u00e3o envia por Sedex.\">As a matter of logistics and high value these tickets are released by Liesa &#8211; Independent League of Samba Schools just near to the carnival week.&nbsp;<\/span><span lang=\"en\"><span title=\"Caso seu pedido seja negado, voc\u00ea ser\u00e1 notificado pela equipe da loja.ticketrio.com.br \"><span id=\"result_box\" lang=\"en\"><span title=\"Por quest\u00e3o de logistica e por serem ingressos de alto valor e de dificil reposi\u00e7\u00e3o a Ticket Rio n\u00e3o envia por Sedex.\"><br \/>\n<\/span><\/span><\/span><\/span><\/p>\n<p>&nbsp;<\/p>\n<p><span style=\"color: #ff6600;\">All Carnival tickets comes with GIFTS.<\/span><\/p>\n","protected":false},"excerpt":{"rendered":"<p>How to Buy and Receive Rio Carnival Tickets&nbsp; &nbsp; Go to OUR on line STORE &nbsp; https:\/\/www.carnavalticketrio.com Pay with Pay Pal. &nbsp;Safe &amp; Easy way to pay. You Must choose the location you want to Pick UP yours Carnival Tickets. <a href=\"https:\/\/carnival.ticketrio.com.br\/how-to-buy-receive-carnival-rio-tickets\/\"><\/p>\n<div class=\"read-more\">\n<p>Read more &#8250;<\/p>\n<\/div>\n<p><!-- end of .read-more --><\/a><\/p>\n","protected":false},"author":1,"featured_media":0,"parent":0,"menu_order":0,"comment_status":"closed","ping_status":"closed","template":"template-main-right.php","meta":{"_exactmetrics_skip_tracking":false,"_exactmetrics_sitenote_active":false,"_exactmetrics_sitenote_note":"","_exactmetrics_sitenote_category":0,"ngg_post_thumbnail":0,"_joinchat":[],"footnotes":""},"class_list":["post-39","page","type-page","status-publish","hentry"],"yoast_head":"<!-- This site is optimized with the Yoast SEO plugin v25.7 - https:\/\/yoast.com\/wordpress\/plugins\/seo\/ -->\n<title>How to buy and receive rio carnival tickets for rio sambadrome Rio boletos carnaval rio de janeiro<\/title>\n<meta name=\"description\" content=\"how to buy rio carnival tickets for rio sambadrome. Ticket Rio is specialize in Rio carnival sambadrome parade tickets. Boletos Carnaval Rio de Janeiro\" \/>\n<meta name=\"robots\" content=\"index, follow, max-snippet:-1, max-image-preview:large, max-video-preview:-1\" \/>\n<link rel=\"canonical\" href=\"https:\/\/carnival.ticketrio.com.br\/how-to-buy-receive-carnival-rio-tickets\/\" \/>\n<meta property=\"og:locale\" content=\"es_ES\" \/>\n<meta property=\"og:type\" content=\"article\" \/>\n<meta property=\"og:title\" content=\"How to buy and receive rio carnival tickets for rio sambadrome Rio boletos carnaval rio de janeiro\" \/>\n<meta property=\"og:description\" content=\"how to buy rio carnival tickets for rio sambadrome. Ticket Rio is specialize in Rio carnival sambadrome parade tickets. Boletos Carnaval Rio de Janeiro\" \/>\n<meta property=\"og:url\" content=\"https:\/\/carnival.ticketrio.com.br\/how-to-buy-receive-carnival-rio-tickets\/\" \/>\n<meta property=\"og:site_name\" content=\"Ticket Rio - Billets Rio Carnaval, Tickets for Rio Carnival, Comprar Boletos Carnaval Rio, Rio Carnival Tickets. Karneval Rio Tickets, Rio Carnevale Biglietti, Rio de Janeiro Carnival Tickets Sambadrome. Boletos Carnaval R\u00edo.\" \/>\n<meta property=\"article:publisher\" content=\"https:\/\/www.facebook.com\/ticketrio\/?fref=nf\" \/>\n<meta property=\"article:modified_time\" content=\"2025-08-23T14:51:58+00:00\" \/>\n<meta property=\"og:image\" content=\"https:\/\/carnival.ticketrio.com.br\/wp-content\/uploads\/2016\/10\/cropped-cropped-a-empresa-ticket-rio-logos-1.png\" \/>\n\t<meta property=\"og:image:width\" content=\"240\" \/>\n\t<meta property=\"og:image:height\" content=\"257\" \/>\n\t<meta property=\"og:image:type\" content=\"image\/png\" \/>\n<meta name=\"twitter:card\" content=\"summary_large_image\" \/>\n<meta name=\"twitter:site\" content=\"@carnavalticket\" \/>\n<meta name=\"twitter:label1\" content=\"Tiempo de lectura\" \/>\n\t<meta name=\"twitter:data1\" content=\"2 minutos\" \/>\n<!-- \/ Yoast SEO plugin. -->","yoast_head_json":{"title":"How to buy and receive rio carnival tickets for rio sambadrome Rio boletos carnaval rio de janeiro","description":"how to buy rio carnival tickets for rio sambadrome. Ticket Rio is specialize in Rio carnival sambadrome parade tickets. Boletos Carnaval Rio de Janeiro","robots":{"index":"index","follow":"follow","max-snippet":"max-snippet:-1","max-image-preview":"max-image-preview:large","max-video-preview":"max-video-preview:-1"},"canonical":"https:\/\/carnival.ticketrio.com.br\/how-to-buy-receive-carnival-rio-tickets\/","og_locale":"es_ES","og_type":"article","og_title":"How to buy and receive rio carnival tickets for rio sambadrome Rio boletos carnaval rio de janeiro","og_description":"how to buy rio carnival tickets for rio sambadrome. Ticket Rio is specialize in Rio carnival sambadrome parade tickets. Boletos Carnaval Rio de Janeiro","og_url":"https:\/\/carnival.ticketrio.com.br\/how-to-buy-receive-carnival-rio-tickets\/","og_site_name":"Ticket Rio - Billets Rio Carnaval, Tickets for Rio Carnival, Comprar Boletos Carnaval Rio, Rio Carnival Tickets. Karneval Rio Tickets, Rio Carnevale Biglietti, Rio de Janeiro Carnival Tickets Sambadrome. Boletos Carnaval R\u00edo.","article_publisher":"https:\/\/www.facebook.com\/ticketrio\/?fref=nf","article_modified_time":"2025-08-23T14:51:58+00:00","og_image":[{"width":240,"height":257,"url":"https:\/\/carnival.ticketrio.com.br\/wp-content\/uploads\/2016\/10\/cropped-cropped-a-empresa-ticket-rio-logos-1.png","type":"image\/png"}],"twitter_card":"summary_large_image","twitter_site":"@carnavalticket","twitter_misc":{"Tiempo de lectura":"2 minutos"},"schema":{"@context":"https:\/\/schema.org","@graph":[{"@type":"WebPage","@id":"https:\/\/carnival.ticketrio.com.br\/how-to-buy-receive-carnival-rio-tickets\/","url":"https:\/\/carnival.ticketrio.com.br\/how-to-buy-receive-carnival-rio-tickets\/","name":"How to buy and receive rio carnival tickets for rio sambadrome Rio boletos carnaval rio de janeiro","isPartOf":{"@id":"https:\/\/carnival.ticketrio.com.br\/#website"},"primaryImageOfPage":{"@id":"https:\/\/carnival.ticketrio.com.br\/how-to-buy-receive-carnival-rio-tickets\/#primaryimage"},"image":{"@id":"https:\/\/carnival.ticketrio.com.br\/how-to-buy-receive-carnival-rio-tickets\/#primaryimage"},"thumbnailUrl":"https:\/\/carnival.ticketrio.com.br\/wp-content\/uploads\/2016\/10\/cropped-cropped-a-empresa-ticket-rio-logos-1.png","datePublished":"2016-10-03T17:29:00+00:00","dateModified":"2025-08-23T14:51:58+00:00","description":"how to buy rio carnival tickets for rio sambadrome. Ticket Rio is specialize in Rio carnival sambadrome parade tickets. Boletos Carnaval Rio de Janeiro","breadcrumb":{"@id":"https:\/\/carnival.ticketrio.com.br\/how-to-buy-receive-carnival-rio-tickets\/#breadcrumb"},"inLanguage":"es","potentialAction":[{"@type":"ReadAction","target":["https:\/\/carnival.ticketrio.com.br\/how-to-buy-receive-carnival-rio-tickets\/"]}]},{"@type":"ImageObject","inLanguage":"es","@id":"https:\/\/carnival.ticketrio.com.br\/how-to-buy-receive-carnival-rio-tickets\/#primaryimage","url":"https:\/\/carnival.ticketrio.com.br\/wp-content\/uploads\/2016\/10\/cropped-cropped-a-empresa-ticket-rio-logos-1.png","contentUrl":"https:\/\/carnival.ticketrio.com.br\/wp-content\/uploads\/2016\/10\/cropped-cropped-a-empresa-ticket-rio-logos-1.png"},{"@type":"BreadcrumbList","@id":"https:\/\/carnival.ticketrio.com.br\/how-to-buy-receive-carnival-rio-tickets\/#breadcrumb","itemListElement":[{"@type":"ListItem","position":1,"name":"Home","item":"https:\/\/carnival.ticketrio.com.br\/fr\/rio-carnaval-billets\/"},{"@type":"ListItem","position":2,"name":"How to Buy\/ Receive"}]},{"@type":"WebSite","@id":"https:\/\/carnival.ticketrio.com.br\/#website","url":"https:\/\/carnival.ticketrio.com.br\/","name":"Ticket Rio - Billets Rio Carnaval, Tickets for Rio Carnival, Comprar Boletos Carnaval Rio, Rio Carnival Tickets. Karneval Rio Tickets, Rio Carnevale Biglietti, Rio de Janeiro Carnival Tickets Sambadrome. Boletos Carnaval R\u00edo.","description":"Rio carnival parade tickets sambadrome 2026. Acheter billets Rio Carnaval. Comprar Boletos Rio Carnaval boletos Carnevale di Rio biglietti Karneval Rio de Janeiro Carnaval tickets 2026. Boletos Carnaval R\u00edo. Rio de Janeiro Carnival Tickets. Tickets Rio Carnival Sambadrome.","publisher":{"@id":"https:\/\/carnival.ticketrio.com.br\/#organization"},"potentialAction":[{"@type":"SearchAction","target":{"@type":"EntryPoint","urlTemplate":"https:\/\/carnival.ticketrio.com.br\/?s={search_term_string}"},"query-input":{"@type":"PropertyValueSpecification","valueRequired":true,"valueName":"search_term_string"}}],"inLanguage":"es"},{"@type":"Organization","@id":"https:\/\/carnival.ticketrio.com.br\/#organization","name":"Rio Carnaval billet 2018 - Rio Carnaval Entradas, Rio Carnaval Billets, Rio Karneval Tickets, Rio Carnival Parade Sambadrome Tickets","url":"https:\/\/carnival.ticketrio.com.br\/","logo":{"@type":"ImageObject","inLanguage":"es","@id":"https:\/\/carnival.ticketrio.com.br\/#\/schema\/logo\/image\/","url":"https:\/\/carnival-ticketrio.com\/wp-content\/uploads\/2016\/10\/ticket01-e1476303239999.png","contentUrl":"https:\/\/carnival-ticketrio.com\/wp-content\/uploads\/2016\/10\/ticket01-e1476303239999.png","width":200,"height":99,"caption":"Rio Carnaval billet 2018 - Rio Carnaval Entradas, Rio Carnaval Billets, Rio Karneval Tickets, Rio Carnival Parade Sambadrome Tickets"},"image":{"@id":"https:\/\/carnival.ticketrio.com.br\/#\/schema\/logo\/image\/"},"sameAs":["https:\/\/www.facebook.com\/ticketrio\/?fref=nf","https:\/\/x.com\/carnavalticket","https:\/\/www.youtube.com\/watch?v=iApTAnu9-ho"]}]}},"_links":{"self":[{"href":"https:\/\/carnival.ticketrio.com.br\/es\/wp-json\/wp\/v2\/pages\/39","targetHints":{"allow":["GET"]}}],"collection":[{"href":"https:\/\/carnival.ticketrio.com.br\/es\/wp-json\/wp\/v2\/pages"}],"about":[{"href":"https:\/\/carnival.ticketrio.com.br\/es\/wp-json\/wp\/v2\/types\/page"}],"author":[{"embeddable":true,"href":"https:\/\/carnival.ticketrio.com.br\/es\/wp-json\/wp\/v2\/users\/1"}],"replies":[{"embeddable":true,"href":"https:\/\/carnival.ticketrio.com.br\/es\/wp-json\/wp\/v2\/comments?post=39"}],"version-history":[{"count":20,"href":"https:\/\/carnival.ticketrio.com.br\/es\/wp-json\/wp\/v2\/pages\/39\/revisions"}],"predecessor-version":[{"id":2028,"href":"https:\/\/carnival.ticketrio.com.br\/es\/wp-json\/wp\/v2\/pages\/39\/revisions\/2028"}],"wp:attachment":[{"href":"https:\/\/carnival.ticketrio.com.br\/es\/wp-json\/wp\/v2\/media?parent=39"}],"curies":[{"name":"wp","href":"https:\/\/api.w.org\/{rel}","templated":true}]}}