{"id":495,"date":"2016-11-03T20:39:13","date_gmt":"2016-11-03T20:39:13","guid":{"rendered":"https:\/\/carnival-ticketrio.com\/?page_id=495"},"modified":"2025-08-22T13:51:13","modified_gmt":"2025-08-22T13:51:13","slug":"entradas-carnavales","status":"publish","type":"page","link":"https:\/\/carnival.ticketrio.com.br\/es\/entradas-carnavales\/","title":{"rendered":"Boletos Carnaval R\u00edo"},"content":{"rendered":"<h1>Ticket Rio Carnaval 2026<\/h1>\n<h2>Uno de los mayores vendedor de Entradas para R\u00edo de Janeiro Samb\u00f3dromo Carnaval Samba desfile<\/h2>\n<div id=\"panel-0-0-0\" class=\"panel widget widget_text panel-first-child\">\n<div class=\"textwidget\" style=\"text-align: justify;\"><strong><br \/>\nTicket Rio est\u00e1 presente en el Carnaval de R\u00edo de Janeiro por m\u00e1s de 10 a\u00f1os. Nuestra agencia de viajes especializada en la venta de entradas del Carnaval de R\u00edo Samb\u00f3dromo y se encuentra en la tienda fisica en uno de los m\u00e1s populares centro comercial en Barra da Tijuca. Ofrecemos todo tipo de entradas para el Sapucai. Nuestro paquete incluye regalos, metro carnaval pase de entrada \/ salida, y cualquier asistente que pueda necesitar. Disfrute del mayor espect\u00e1culo del mundo en los asientos en las tribunas, cajas abiertas, suites de lujo o entradas sal\u00f3n de Super Cubiertos VIP.&nbsp;<\/strong><\/div>\n<\/div>\n<div id=\"panel-0-0-1\" class=\"panel widget widget_button panel-last-child\">&nbsp;<\/div>\n<p><img loading=\"lazy\" decoding=\"async\" class=\"size-medium wp-image-82 alignleft\" src=\"https:\/\/carnival-ticketrio.com\/wp-content\/uploads\/2016\/10\/Frisas-view-with-color-indification-cropped-min-500x500-300x300.jpg\" alt=\"frisas-view-with-color-indification-cropped-min-500x500\" width=\"300\" height=\"300\" srcset=\"https:\/\/carnival.ticketrio.com.br\/wp-content\/uploads\/2016\/10\/Frisas-view-with-color-indification-cropped-min-500x500-300x300.jpg 300w, https:\/\/carnival.ticketrio.com.br\/wp-content\/uploads\/2016\/10\/Frisas-view-with-color-indification-cropped-min-500x500-150x150.jpg 150w, https:\/\/carnival.ticketrio.com.br\/wp-content\/uploads\/2016\/10\/Frisas-view-with-color-indification-cropped-min-500x500.jpg 500w\" sizes=\"auto, (max-width: 300px) 100vw, 300px\" \/><img loading=\"lazy\" decoding=\"async\" class=\"size-medium wp-image-83 alignleft\" src=\"https:\/\/carnival-ticketrio.com\/wp-content\/uploads\/2016\/10\/View-of-Arquibancadas-with-color-indicators-cropped-min-500x500-300x300.jpg\" alt=\"view-of-arquibancadas-with-color-indicators-cropped-min-500x500\" width=\"300\" height=\"300\" srcset=\"https:\/\/carnival.ticketrio.com.br\/wp-content\/uploads\/2016\/10\/View-of-Arquibancadas-with-color-indicators-cropped-min-500x500-300x300.jpg 300w, https:\/\/carnival.ticketrio.com.br\/wp-content\/uploads\/2016\/10\/View-of-Arquibancadas-with-color-indicators-cropped-min-500x500-150x150.jpg 150w, https:\/\/carnival.ticketrio.com.br\/wp-content\/uploads\/2016\/10\/View-of-Arquibancadas-with-color-indicators-cropped-min-500x500.jpg 500w\" sizes=\"auto, (max-width: 300px) 100vw, 300px\" \/><\/p>\n<p style=\"text-align: justify;\">Con treinta mil participantes que realizan el samba a lo largo de la pista de media milla, y un espacio lo suficientemente grande como para dar cabida a m\u00e1s de 90.000 espectadores, el <a href=\"https:\/\/www.carnavalticketrio.com\/rio-carnival-tickets-sambodrome-guide\">Samb\u00f3dromo<\/a> es sin duda el escenario m\u00e1s grande en la tierra. El estadio fue dise\u00f1ado especialmente para el desfile de samba en el Carnaval de R\u00edo con una serie de sectores independientes con palcos y tribunas a ambos lados de la pista desfile. Por razones de distinto tipo, el carnaval es el estadio favorito de cada dise\u00f1ador, que guardan el Samb\u00f3dromo en cuenta al crear sus tema para el Carnaval. El ambiente en el Samb\u00f3dromo en las noches de carnaval es verdaderamente electrizante. El estadio est\u00e1 bien iluminado con efectos especiales, mientras que los aplausos resonantes de los espectadores y los ritmos pulsantes de los ritmos de samba se pueden escuchar en toda la zona.<\/p>\n<p style=\"text-align: justify;\"><strong>Entradas Carnaval de R\u00edo<\/strong><\/p>\n<p style=\"text-align: justify;\">Asientos en el Samb\u00f3dromo se divide en 5 clases de los servicios prestados. Las entradas se pueden comprar Samb\u00f3dromo De acuerdo con el presupuesto que tiene. Todo tipo de <a href=\"https:\/\/www.carnavalticketrio.com\/\">entradas de carnaval<\/a> son buenas, pero la elecci\u00f3n depende realmente de lo que busca. Abajo encontrar\u00e1 algunas informaciones sobre los asientos de tribuna, cuadro Abrir, silla Numerado, Suite VIP cubierto tradicional y la caja cubierta de Super Sal\u00f3n.<\/p>\n<p><img loading=\"lazy\" decoding=\"async\" class=\"size-medium wp-image-117 alignleft\" src=\"https:\/\/carnival-ticketrio.com\/wp-content\/uploads\/2016\/10\/13-300x200.jpg\" alt=\"13\" width=\"300\" height=\"200\" srcset=\"https:\/\/carnival.ticketrio.com.br\/wp-content\/uploads\/2016\/10\/13-300x200.jpg 300w, https:\/\/carnival.ticketrio.com.br\/wp-content\/uploads\/2016\/10\/13-768x513.jpg 768w, https:\/\/carnival.ticketrio.com.br\/wp-content\/uploads\/2016\/10\/13-1024x683.jpg 1024w, https:\/\/carnival.ticketrio.com.br\/wp-content\/uploads\/2016\/10\/13.jpg 1476w\" sizes=\"auto, (max-width: 300px) 100vw, 300px\" \/><img loading=\"lazy\" decoding=\"async\" class=\"size-medium wp-image-111 alignleft\" src=\"https:\/\/carnival-ticketrio.com\/wp-content\/uploads\/2016\/10\/8-300x200.jpg\" alt=\"8\" width=\"300\" height=\"200\" srcset=\"https:\/\/carnival.ticketrio.com.br\/wp-content\/uploads\/2016\/10\/8-300x200.jpg 300w, https:\/\/carnival.ticketrio.com.br\/wp-content\/uploads\/2016\/10\/8-768x513.jpg 768w, https:\/\/carnival.ticketrio.com.br\/wp-content\/uploads\/2016\/10\/8-1024x683.jpg 1024w, https:\/\/carnival.ticketrio.com.br\/wp-content\/uploads\/2016\/10\/8.jpg 1476w\" sizes=\"auto, (max-width: 300px) 100vw, 300px\" \/><\/p>\n<h3>Tipos de billetes<\/h3>\n<p>La primera cosa que usted no debe considerar es el<br \/>\ntipos de Entradas que desea comprar. Hay cinco opciones:<\/p>\n<p style=\"text-align: justify;\"><strong><br \/>\nTRIBUNAS ENTRADAS&nbsp;<\/strong><br \/>\nOtros nombres: Gradas, <a href=\"https:\/\/www.carnavalticketrio.com\/rio-carnival-parade-tickets-sambadrome\/rio-carnival-tickets-grandstand-tickets\">Arquibancadas<\/a>, asientos en las tribunas.<br \/>\nEl vendedor m\u00e1s grande. Gran visi\u00f3n de donde la mayor\u00eda de los brasile\u00f1os prefieren ver el desfile. Muy asequible y emocionante lugar para estar. En asientos numerados que significa que usted tendr\u00e1 que mantener su lugar durante toda la noche. Adem\u00e1s, es una buena idea para obtener un poco m\u00e1s temprano con el fin de conseguir los mejores asientos posibles.<\/p>\n<p style=\"text-align: justify;\"><strong><br \/>\nLAS CAJAS ABIERTAS<\/strong><br \/>\nOtros nombres: <a href=\"https:\/\/www.carnavalticketrio.com\/rio-carnival-parade-tickets-sambadrome\/rio-carnival-tickets-open-box-cd\">cajas de frente<\/a>, frisas. Frisos son considerados los mejores asientos para aquellos que s\u00f3lo se preocupan por ver el desfile. Ellos no tienen ning\u00fan servicio incluido, pero que est\u00e1n muy cerca el desfile y que lleva el n\u00famero de asientos. Frisos tiene 4 filas, y el precio dependen de cada fila que se obtiene. Una fila Th es justo al lado de la avenida y el m\u00e1s caro. Las filas B, C y D tiene un paso mayor que el otro de modo que la fila se encuentra en frente de la otra (el bloqueo de la vista), proporcionando una buena vista desde cualquier fila.<\/p>\n<p><strong>SILLAS ASIGNADOS&nbsp;<\/strong><br \/>\n<img loading=\"lazy\" decoding=\"async\" class=\"size-full wp-image-224 alignleft\" src=\"https:\/\/carnival-ticketrio.com\/wp-content\/uploads\/2016\/10\/Allocated-Chairs_carnival_rio.jpg\" alt=\"allocated-chairs_carnival_rio\" width=\"274\" height=\"240\" \/><\/p>\n<p style=\"text-align: justify;\">Otros nombres: <a href=\"https:\/\/www.carnavalticketrio.com\/rio-carnival-parade-tickets-sambadrome\/rio-carnival-ticket-allocated-chair\">Sillas numeradas<\/a>, sillas, sillas de pista asignada. Las sillas asignados solamente se encuentran en 12 o 13 del sector (parte final del Samb\u00f3dromo). Ellos son m\u00e1s asequibles que la caja abierta y personas como ellos, ya que son asientos numerados. Frente a los 2 PRIMEROS lechas, de las sillas asignados encontrar\u00e1 cajas abiertas es 12\/13 sector. La mayor\u00eda de las personas les gusta o lo que no les gusta que todo col.<\/p>\n<p style=\"text-align: justify;\"><strong><img loading=\"lazy\" decoding=\"async\" class=\"size-medium wp-image-288 alignright\" src=\"https:\/\/carnival-ticketrio.com\/wp-content\/uploads\/2016\/10\/vip-box-carnival-300x300.jpg\" alt=\"vip-box-carnival\" width=\"300\" height=\"300\" srcset=\"https:\/\/carnival.ticketrio.com.br\/wp-content\/uploads\/2016\/10\/vip-box-carnival-300x300.jpg 300w, https:\/\/carnival.ticketrio.com.br\/wp-content\/uploads\/2016\/10\/vip-box-carnival-150x150.jpg 150w, https:\/\/carnival.ticketrio.com.br\/wp-content\/uploads\/2016\/10\/vip-box-carnival.jpg 373w\" sizes=\"auto, (max-width: 300px) 100vw, 300px\" \/><\/strong><\/p>\n<p><strong>Las suites de lujo TRADICIONALE<\/strong><\/p>\n<p style=\"text-align: justify;\">Las <a href=\"https:\/\/www.carnavalticketrio.com\/rio-carnival-parade-tickets-sambadrome\">caba\u00f1as tradicionales <\/a>son localiza en el primer o segundo piso del Samb\u00f3dromo. El 1er piso son hasta 15 personas y 2 \u00b0 piso (tiene un balc\u00f3n) son de hasta 18 personas. Estas son peque\u00f1as \u00e1reas VIP pero con todos los servicios incluidos. Se puede comprar un billete de ida y compartir el lugar con otros clientes o comprar todo el cuadro para su grupo de amigos o de empresa. Son m\u00e1s indicado para la gente que quiere VIP en la vida privada.<\/p>\n<p style=\"text-align: justify;\"><strong>SAL\u00d3N VIP Super caja cubierta<\/strong><br \/>\nOtros nombres: <a href=\"https:\/\/www.carnavalticketrio.com\/rio-carnival-parade-tickets-sambadrome\/rio-carnival-tickets-super-vip-lounge\">Super Vip Suites<\/a>, S\u00faper Cabinas, S\u00faper VIP Lounge.<br \/>\n<img loading=\"lazy\" decoding=\"async\" class=\"size-medium wp-image-121 alignleft\" src=\"https:\/\/carnival-ticketrio.com\/wp-content\/uploads\/2016\/10\/global-300x225.jpg\" alt=\"global\" width=\"300\" height=\"225\" srcset=\"https:\/\/carnival.ticketrio.com.br\/wp-content\/uploads\/2016\/10\/global-300x225.jpg 300w, https:\/\/carnival.ticketrio.com.br\/wp-content\/uploads\/2016\/10\/global-768x576.jpg 768w, https:\/\/carnival.ticketrio.com.br\/wp-content\/uploads\/2016\/10\/global.jpg 960w\" sizes=\"auto, (max-width: 300px) 100vw, 300px\" \/><img loading=\"lazy\" decoding=\"async\" class=\"size-medium wp-image-110 alignright\" src=\"https:\/\/carnival-ticketrio.com\/wp-content\/uploads\/2016\/10\/12651161_968996179804124_6043240267659987745_n-300x169.jpg\" alt=\"12651161_968996179804124_6043240267659987745_n\" width=\"300\" height=\"169\" srcset=\"https:\/\/carnival.ticketrio.com.br\/wp-content\/uploads\/2016\/10\/12651161_968996179804124_6043240267659987745_n-300x169.jpg 300w, https:\/\/carnival.ticketrio.com.br\/wp-content\/uploads\/2016\/10\/12651161_968996179804124_6043240267659987745_n-768x432.jpg 768w, https:\/\/carnival.ticketrio.com.br\/wp-content\/uploads\/2016\/10\/12651161_968996179804124_6043240267659987745_n.jpg 960w\" sizes=\"auto, (max-width: 300px) 100vw, 300px\" \/><br \/>\nLas S\u00faper caba\u00f1as son enormes \u00e1reas de m\u00e1s de 700 cientos de personas lo general, tiene 2 plantas y ofrece servicio de todo incluido (VIP Buffet, Transfer in \/ out, bar abierto) y muchas atracciones tales como Spa, maquillaje Centro de belleza, conciertos en directo en los descansos , Djs y otros. Todo el Super Cabinas tiene un \u00e1rea en el primer piso llamado &#8220;Salones&#8221; donde se puede ver el desfile de samba muy cerca de la avenida (donde se supone que debe ser las cajas abiertas). S\u00faper VIP Salas VIP rect\u00e1ngulos son cubiertos experiencia muy divertida y genial y tambi\u00e9n es una fiesta divertida. R\u00edo de entradas ofrecen los Super Cabinas de la siguiente manera: <a href=\"https:\/\/www.carnavalticketrio.com\/\">Folia tropical<\/a>, <a href=\"https:\/\/www.carnavalticketrio.com\/\">Global Executive <\/a>y&nbsp;<a href=\"https:\/\/www.carnavalticketrio.com\/\">Lounge Carioca<\/a>.<\/p>\n","protected":false},"excerpt":{"rendered":"<p>Ticket Rio Carnaval 2026 Uno de los mayores vendedor de Entradas para R\u00edo de Janeiro Samb\u00f3dromo Carnaval Samba desfile Ticket Rio est\u00e1 presente en el Carnaval de R\u00edo de Janeiro por m\u00e1s de 10 a\u00f1os. Nuestra agencia de viajes especializada <a href=\"https:\/\/carnival.ticketrio.com.br\/es\/entradas-carnavales\/\"><\/p>\n<div class=\"read-more\">\n<p>Read more &#8250;<\/p>\n<\/div>\n<p><!-- end of .read-more --><\/a><\/p>\n","protected":false},"author":1,"featured_media":0,"parent":0,"menu_order":0,"comment_status":"closed","ping_status":"closed","template":"template-left-main-right.php","meta":{"_exactmetrics_skip_tracking":false,"_exactmetrics_sitenote_active":false,"_exactmetrics_sitenote_note":"","_exactmetrics_sitenote_category":0,"ngg_post_thumbnail":0,"_joinchat":[],"footnotes":""},"class_list":["post-495","page","type-page","status-publish","hentry"],"yoast_head":"<!-- This site is optimized with the Yoast SEO plugin v25.7 - https:\/\/yoast.com\/wordpress\/plugins\/seo\/ -->\n<title>Entradas Carnaval R\u00edo de Janeiro para El Sambodromo. Carnaval Rio Boletos. Rio de Janeiro Carnval ingresso Sambodromo. Comprar Boletos Carnaval R\u00edo Samb\u00f3dromo. Carnaval Rio Boletos. Ingreso Entradas Samb\u00f3dromo Rio. Boletos Carnaval Rio.<\/title>\n<meta name=\"description\" content=\"Rio Carnaval Entradas 2026. Compre entradas Carnaval de R\u00edo. Entradas y Boletos para los Desfiles de las Escuelas de Samba de Carnaval Rio de Janeiro. Comprar Boletos Carnaval R\u00edo Samb\u00f3dromo. Carnaval Rio Boletos. Ingreso Entradas Samb\u00f3dromo Rio. Boletos Carnaval Rio.\" \/>\n<meta name=\"robots\" content=\"index, follow, max-snippet:-1, max-image-preview:large, max-video-preview:-1\" \/>\n<link rel=\"canonical\" href=\"https:\/\/carnival.ticketrio.com.br\/es\/entradas-carnavales\/\" \/>\n<meta property=\"og:locale\" content=\"es_ES\" \/>\n<meta property=\"og:type\" content=\"article\" \/>\n<meta property=\"og:title\" content=\"Entradas Carnaval R\u00edo de Janeiro para El Sambodromo. Carnaval Rio Boletos. Rio de Janeiro Carnval ingresso Sambodromo. Comprar Boletos Carnaval R\u00edo Samb\u00f3dromo. Carnaval Rio Boletos. Ingreso Entradas Samb\u00f3dromo Rio. Boletos Carnaval Rio.\" \/>\n<meta property=\"og:description\" content=\"Rio Carnaval Entradas 2026. Compre entradas Carnaval de R\u00edo. Entradas y Boletos para los Desfiles de las Escuelas de Samba de Carnaval Rio de Janeiro. Comprar Boletos Carnaval R\u00edo Samb\u00f3dromo. Carnaval Rio Boletos. Ingreso Entradas Samb\u00f3dromo Rio. Boletos Carnaval Rio.\" \/>\n<meta property=\"og:url\" content=\"https:\/\/carnival.ticketrio.com.br\/es\/entradas-carnavales\/\" \/>\n<meta property=\"og:site_name\" content=\"Ticket Rio - Billets Rio Carnaval, Tickets for Rio Carnival, Comprar Boletos Carnaval Rio, Rio Carnival Tickets. Karneval Rio Tickets, Rio Carnevale Biglietti, Rio de Janeiro Carnival Tickets Sambadrome. Boletos Carnaval R\u00edo.\" \/>\n<meta property=\"article:publisher\" content=\"https:\/\/www.facebook.com\/ticketrio\/?fref=nf\" \/>\n<meta property=\"article:modified_time\" content=\"2025-08-22T13:51:13+00:00\" \/>\n<meta property=\"og:image\" content=\"https:\/\/carnival-ticketrio.com\/wp-content\/uploads\/2016\/10\/Frisas-view-with-color-indification-cropped-min-500x500-300x300.jpg\" \/>\n<meta name=\"twitter:card\" content=\"summary_large_image\" \/>\n<meta name=\"twitter:site\" content=\"@carnavalticket\" \/>\n<meta name=\"twitter:label1\" content=\"Tiempo de lectura\" \/>\n\t<meta name=\"twitter:data1\" content=\"6 minutos\" \/>\n<!-- \/ Yoast SEO plugin. -->","yoast_head_json":{"title":"Entradas Carnaval R\u00edo de Janeiro para El Sambodromo. Carnaval Rio Boletos. Rio de Janeiro Carnval ingresso Sambodromo. Comprar Boletos Carnaval R\u00edo Samb\u00f3dromo. Carnaval Rio Boletos. Ingreso Entradas Samb\u00f3dromo Rio. Boletos Carnaval Rio.","description":"Rio Carnaval Entradas 2026. Compre entradas Carnaval de R\u00edo. Entradas y Boletos para los Desfiles de las Escuelas de Samba de Carnaval Rio de Janeiro. Comprar Boletos Carnaval R\u00edo Samb\u00f3dromo. Carnaval Rio Boletos. Ingreso Entradas Samb\u00f3dromo Rio. Boletos Carnaval Rio.","robots":{"index":"index","follow":"follow","max-snippet":"max-snippet:-1","max-image-preview":"max-image-preview:large","max-video-preview":"max-video-preview:-1"},"canonical":"https:\/\/carnival.ticketrio.com.br\/es\/entradas-carnavales\/","og_locale":"es_ES","og_type":"article","og_title":"Entradas Carnaval R\u00edo de Janeiro para El Sambodromo. Carnaval Rio Boletos. Rio de Janeiro Carnval ingresso Sambodromo. Comprar Boletos Carnaval R\u00edo Samb\u00f3dromo. Carnaval Rio Boletos. Ingreso Entradas Samb\u00f3dromo Rio. Boletos Carnaval Rio.","og_description":"Rio Carnaval Entradas 2026. Compre entradas Carnaval de R\u00edo. Entradas y Boletos para los Desfiles de las Escuelas de Samba de Carnaval Rio de Janeiro. Comprar Boletos Carnaval R\u00edo Samb\u00f3dromo. Carnaval Rio Boletos. Ingreso Entradas Samb\u00f3dromo Rio. Boletos Carnaval Rio.","og_url":"https:\/\/carnival.ticketrio.com.br\/es\/entradas-carnavales\/","og_site_name":"Ticket Rio - Billets Rio Carnaval, Tickets for Rio Carnival, Comprar Boletos Carnaval Rio, Rio Carnival Tickets. Karneval Rio Tickets, Rio Carnevale Biglietti, Rio de Janeiro Carnival Tickets Sambadrome. Boletos Carnaval R\u00edo.","article_publisher":"https:\/\/www.facebook.com\/ticketrio\/?fref=nf","article_modified_time":"2025-08-22T13:51:13+00:00","og_image":[{"url":"https:\/\/carnival-ticketrio.com\/wp-content\/uploads\/2016\/10\/Frisas-view-with-color-indification-cropped-min-500x500-300x300.jpg","type":"","width":"","height":""}],"twitter_card":"summary_large_image","twitter_site":"@carnavalticket","twitter_misc":{"Tiempo de lectura":"6 minutos"},"schema":{"@context":"https:\/\/schema.org","@graph":[{"@type":"WebPage","@id":"https:\/\/carnival.ticketrio.com.br\/es\/entradas-carnavales\/","url":"https:\/\/carnival.ticketrio.com.br\/es\/entradas-carnavales\/","name":"Entradas Carnaval R\u00edo de Janeiro para El Sambodromo. Carnaval Rio Boletos. Rio de Janeiro Carnval ingresso Sambodromo. Comprar Boletos Carnaval R\u00edo Samb\u00f3dromo. Carnaval Rio Boletos. Ingreso Entradas Samb\u00f3dromo Rio. Boletos Carnaval Rio.","isPartOf":{"@id":"https:\/\/carnival.ticketrio.com.br\/#website"},"primaryImageOfPage":{"@id":"https:\/\/carnival.ticketrio.com.br\/es\/entradas-carnavales\/#primaryimage"},"image":{"@id":"https:\/\/carnival.ticketrio.com.br\/es\/entradas-carnavales\/#primaryimage"},"thumbnailUrl":"https:\/\/carnival-ticketrio.com\/wp-content\/uploads\/2016\/10\/Frisas-view-with-color-indification-cropped-min-500x500-300x300.jpg","datePublished":"2016-11-03T20:39:13+00:00","dateModified":"2025-08-22T13:51:13+00:00","description":"Rio Carnaval Entradas 2026. Compre entradas Carnaval de R\u00edo. Entradas y Boletos para los Desfiles de las Escuelas de Samba de Carnaval Rio de Janeiro. Comprar Boletos Carnaval R\u00edo Samb\u00f3dromo. Carnaval Rio Boletos. Ingreso Entradas Samb\u00f3dromo Rio. Boletos Carnaval Rio.","breadcrumb":{"@id":"https:\/\/carnival.ticketrio.com.br\/es\/entradas-carnavales\/#breadcrumb"},"inLanguage":"es","potentialAction":[{"@type":"ReadAction","target":["https:\/\/carnival.ticketrio.com.br\/es\/entradas-carnavales\/"]}]},{"@type":"ImageObject","inLanguage":"es","@id":"https:\/\/carnival.ticketrio.com.br\/es\/entradas-carnavales\/#primaryimage","url":"https:\/\/carnival-ticketrio.com\/wp-content\/uploads\/2016\/10\/Frisas-view-with-color-indification-cropped-min-500x500-300x300.jpg","contentUrl":"https:\/\/carnival-ticketrio.com\/wp-content\/uploads\/2016\/10\/Frisas-view-with-color-indification-cropped-min-500x500-300x300.jpg"},{"@type":"BreadcrumbList","@id":"https:\/\/carnival.ticketrio.com.br\/es\/entradas-carnavales\/#breadcrumb","itemListElement":[{"@type":"ListItem","position":1,"name":"Home","item":"https:\/\/carnival.ticketrio.com.br\/"},{"@type":"ListItem","position":2,"name":"Boletos Carnaval R\u00edo"}]},{"@type":"WebSite","@id":"https:\/\/carnival.ticketrio.com.br\/#website","url":"https:\/\/carnival.ticketrio.com.br\/","name":"Ticket Rio - Billets Rio Carnaval, Tickets for Rio Carnival, Comprar Boletos Carnaval Rio, Rio Carnival Tickets. Karneval Rio Tickets, Rio Carnevale Biglietti, Rio de Janeiro Carnival Tickets Sambadrome. Boletos Carnaval R\u00edo.","description":"Rio carnival parade tickets sambadrome 2026. Acheter billets Rio Carnaval. Comprar Boletos Rio Carnaval boletos Carnevale di Rio biglietti Karneval Rio de Janeiro Carnaval tickets 2026. Boletos Carnaval R\u00edo. Rio de Janeiro Carnival Tickets. Tickets Rio Carnival Sambadrome.","publisher":{"@id":"https:\/\/carnival.ticketrio.com.br\/#organization"},"potentialAction":[{"@type":"SearchAction","target":{"@type":"EntryPoint","urlTemplate":"https:\/\/carnival.ticketrio.com.br\/?s={search_term_string}"},"query-input":{"@type":"PropertyValueSpecification","valueRequired":true,"valueName":"search_term_string"}}],"inLanguage":"es"},{"@type":"Organization","@id":"https:\/\/carnival.ticketrio.com.br\/#organization","name":"Rio Carnaval billet 2018 - Rio Carnaval Entradas, Rio Carnaval Billets, Rio Karneval Tickets, Rio Carnival Parade Sambadrome Tickets","url":"https:\/\/carnival.ticketrio.com.br\/","logo":{"@type":"ImageObject","inLanguage":"es","@id":"https:\/\/carnival.ticketrio.com.br\/#\/schema\/logo\/image\/","url":"https:\/\/carnival-ticketrio.com\/wp-content\/uploads\/2016\/10\/ticket01-e1476303239999.png","contentUrl":"https:\/\/carnival-ticketrio.com\/wp-content\/uploads\/2016\/10\/ticket01-e1476303239999.png","width":200,"height":99,"caption":"Rio Carnaval billet 2018 - Rio Carnaval Entradas, Rio Carnaval Billets, Rio Karneval Tickets, Rio Carnival Parade Sambadrome Tickets"},"image":{"@id":"https:\/\/carnival.ticketrio.com.br\/#\/schema\/logo\/image\/"},"sameAs":["https:\/\/www.facebook.com\/ticketrio\/?fref=nf","https:\/\/x.com\/carnavalticket","https:\/\/www.youtube.com\/watch?v=iApTAnu9-ho"]}]}},"_links":{"self":[{"href":"https:\/\/carnival.ticketrio.com.br\/es\/wp-json\/wp\/v2\/pages\/495","targetHints":{"allow":["GET"]}}],"collection":[{"href":"https:\/\/carnival.ticketrio.com.br\/es\/wp-json\/wp\/v2\/pages"}],"about":[{"href":"https:\/\/carnival.ticketrio.com.br\/es\/wp-json\/wp\/v2\/types\/page"}],"author":[{"embeddable":true,"href":"https:\/\/carnival.ticketrio.com.br\/es\/wp-json\/wp\/v2\/users\/1"}],"replies":[{"embeddable":true,"href":"https:\/\/carnival.ticketrio.com.br\/es\/wp-json\/wp\/v2\/comments?post=495"}],"version-history":[{"count":17,"href":"https:\/\/carnival.ticketrio.com.br\/es\/wp-json\/wp\/v2\/pages\/495\/revisions"}],"predecessor-version":[{"id":1948,"href":"https:\/\/carnival.ticketrio.com.br\/es\/wp-json\/wp\/v2\/pages\/495\/revisions\/1948"}],"wp:attachment":[{"href":"https:\/\/carnival.ticketrio.com.br\/es\/wp-json\/wp\/v2\/media?parent=495"}],"curies":[{"name":"wp","href":"https:\/\/api.w.org\/{rel}","templated":true}]}}