{"id":689,"date":"2016-11-23T16:27:53","date_gmt":"2016-11-23T16:27:53","guid":{"rendered":"https:\/\/carnival-ticketrio.com\/?page_id=689"},"modified":"2025-04-25T16:16:22","modified_gmt":"2025-04-25T16:16:22","slug":"carnaval-rio-billet-magasin-a-rio","status":"publish","type":"page","link":"https:\/\/carnival.ticketrio.com.br\/fr\/carnaval-rio-billet-magasin-a-rio\/","title":{"rendered":"Magasin \u00e0 Rio"},"content":{"rendered":"<h3>Visitez Ticket Rio Carnaval boutique \u00e0 Rio de Janeiro<\/h3>\n<h3 class=\"page-title\"><span style=\"color: #ff6600;\">Achetez vos billets pour le carnaval de Rio dans le confort et la s\u00e9curit\u00e9 dans notre magasin ou notre <\/span>&nbsp;<a href=\"https:\/\/www.carnavalticketrio.com\">https:\/\/www.carnavalticketrio.com<\/a><\/h3>\n<p>&nbsp;<\/p>\n<h4 class=\"std\"><strong>Adresse:<\/strong> Avenida das Am\u00e9ricas, 700 Shopping Mall Citt\u00e1 Am\u00e9rica &nbsp;Loja 112 L&nbsp;<br \/>\nBarra da Tijuca Rio de Janeiro Brasil CEP 22640-100<\/h4>\n<p>T\u00e9l\u00e9phone:(55) 21 3982-1515\/ 2025-5000\/<\/p>\n<p><strong>Heures de travail &#8211; Le port d&#8217;un Sex 09 \u00e0 18h.<\/strong><\/p>\n<p><strong>Pendant les jours de Carnaval&nbsp;&#8211;<\/strong><br \/>\nOuvert tous les jours. Sam \/ dim \/ lun de 09 \u00e0 18h.<\/p>\n<p><img loading=\"lazy\" decoding=\"async\" class=\"alignnone size-medium wp-image-2002\" src=\"https:\/\/carnival.ticketrio.com.br\/wp-content\/uploads\/2025\/04\/localizacao-ticketrio-300x86.jpg\" alt=\"\" width=\"300\" height=\"86\" srcset=\"https:\/\/carnival.ticketrio.com.br\/wp-content\/uploads\/2025\/04\/localizacao-ticketrio-300x86.jpg 300w, https:\/\/carnival.ticketrio.com.br\/wp-content\/uploads\/2025\/04\/localizacao-ticketrio-1024x293.jpg 1024w, https:\/\/carnival.ticketrio.com.br\/wp-content\/uploads\/2025\/04\/localizacao-ticketrio-768x220.jpg 768w, https:\/\/carnival.ticketrio.com.br\/wp-content\/uploads\/2025\/04\/localizacao-ticketrio-1536x440.jpg 1536w, https:\/\/carnival.ticketrio.com.br\/wp-content\/uploads\/2025\/04\/localizacao-ticketrio.jpg 1920w\" sizes=\"auto, (max-width: 300px) 100vw, 300px\" \/><\/p>\n<table border=\"0\">\n<tbody>\n<tr>\n<td>&nbsp;&nbsp;<img decoding=\"async\" src=\"http:\/\/www.carnavalticketrio.com\/media\/wysiwyg\/ondeestamosmenor.jpg\" alt=\"\" \/><\/td>\n<td>&nbsp;<\/td>\n<\/tr>\n<\/tbody>\n<\/table>\n<p><img decoding=\"async\" src=\"http:\/\/www.carnavalticketrio.com\/media\/wysiwyg\/loja-fisica_menor.jpg\" alt=\"\" \/><\/p>\n<p>&nbsp;<\/p>\n","protected":false},"excerpt":{"rendered":"<p>Visitez Ticket Rio Carnaval boutique \u00e0 Rio de Janeiro Achetez vos billets pour le carnaval de Rio dans le confort et la s\u00e9curit\u00e9 dans notre magasin ou notre &nbsp;https:\/\/www.carnavalticketrio.com &nbsp; Adresse: Avenida das Am\u00e9ricas, 700 Shopping Mall Citt\u00e1 Am\u00e9rica &nbsp;Loja <a href=\"https:\/\/carnival.ticketrio.com.br\/fr\/carnaval-rio-billet-magasin-a-rio\/\"><\/p>\n<div class=\"read-more\">\n<p>Read more &#8250;<\/p>\n<\/div>\n<p><!-- end of .read-more --><\/a><\/p>\n","protected":false},"author":1,"featured_media":0,"parent":0,"menu_order":0,"comment_status":"closed","ping_status":"closed","template":"template-main-right.php","meta":{"_exactmetrics_skip_tracking":false,"_exactmetrics_sitenote_active":false,"_exactmetrics_sitenote_note":"","_exactmetrics_sitenote_category":0,"ngg_post_thumbnail":0,"_joinchat":[],"footnotes":""},"class_list":["post-689","page","type-page","status-publish","hentry"],"yoast_head":"<!-- This site is optimized with the Yoast SEO plugin v25.7 - https:\/\/yoast.com\/wordpress\/plugins\/seo\/ -->\n<title>Magasin \u00e0 Rio. Achetez vos billets pour le carnaval de Rio dans le confort et la s\u00e9curit\u00e9 dans<\/title>\n<meta name=\"description\" content=\"Achetez vos billets pour le carnaval de Rio de Janeiro sambadrome dans le confort et la s\u00e9curit\u00e9 dans. Visitez Ticket Rio Carnaval boutique \u00e0 Rio de Janeiro\" \/>\n<meta name=\"robots\" content=\"index, follow, max-snippet:-1, max-image-preview:large, max-video-preview:-1\" \/>\n<link rel=\"canonical\" href=\"https:\/\/carnival.ticketrio.com.br\/fr\/carnaval-rio-billet-magasin-a-rio\/\" \/>\n<meta property=\"og:locale\" content=\"es_ES\" \/>\n<meta property=\"og:type\" content=\"article\" \/>\n<meta property=\"og:title\" content=\"Magasin \u00e0 Rio. Achetez vos billets pour le carnaval de Rio dans le confort et la s\u00e9curit\u00e9 dans\" \/>\n<meta property=\"og:description\" content=\"Achetez vos billets pour le carnaval de Rio de Janeiro sambadrome dans le confort et la s\u00e9curit\u00e9 dans. Visitez Ticket Rio Carnaval boutique \u00e0 Rio de Janeiro\" \/>\n<meta property=\"og:url\" content=\"https:\/\/carnival.ticketrio.com.br\/fr\/carnaval-rio-billet-magasin-a-rio\/\" \/>\n<meta property=\"og:site_name\" content=\"Ticket Rio - Billets Rio Carnaval, Tickets for Rio Carnival, Comprar Boletos Carnaval Rio, Rio Carnival Tickets. Karneval Rio Tickets, Rio Carnevale Biglietti, Rio de Janeiro Carnival Tickets Sambadrome. Boletos Carnaval R\u00edo.\" \/>\n<meta property=\"article:publisher\" content=\"https:\/\/www.facebook.com\/ticketrio\/?fref=nf\" \/>\n<meta property=\"article:modified_time\" content=\"2025-04-25T16:16:22+00:00\" \/>\n<meta property=\"og:image\" content=\"https:\/\/carnival.ticketrio.com.br\/wp-content\/uploads\/2025\/04\/localizacao-ticketrio-300x86.jpg\" \/>\n<meta name=\"twitter:card\" content=\"summary_large_image\" \/>\n<meta name=\"twitter:site\" content=\"@carnavalticket\" \/>\n<meta name=\"twitter:label1\" content=\"Tiempo de lectura\" \/>\n\t<meta name=\"twitter:data1\" content=\"1 minuto\" \/>\n<!-- \/ Yoast SEO plugin. -->","yoast_head_json":{"title":"Magasin \u00e0 Rio. Achetez vos billets pour le carnaval de Rio dans le confort et la s\u00e9curit\u00e9 dans","description":"Achetez vos billets pour le carnaval de Rio de Janeiro sambadrome dans le confort et la s\u00e9curit\u00e9 dans. Visitez Ticket Rio Carnaval boutique \u00e0 Rio de Janeiro","robots":{"index":"index","follow":"follow","max-snippet":"max-snippet:-1","max-image-preview":"max-image-preview:large","max-video-preview":"max-video-preview:-1"},"canonical":"https:\/\/carnival.ticketrio.com.br\/fr\/carnaval-rio-billet-magasin-a-rio\/","og_locale":"es_ES","og_type":"article","og_title":"Magasin \u00e0 Rio. Achetez vos billets pour le carnaval de Rio dans le confort et la s\u00e9curit\u00e9 dans","og_description":"Achetez vos billets pour le carnaval de Rio de Janeiro sambadrome dans le confort et la s\u00e9curit\u00e9 dans. Visitez Ticket Rio Carnaval boutique \u00e0 Rio de Janeiro","og_url":"https:\/\/carnival.ticketrio.com.br\/fr\/carnaval-rio-billet-magasin-a-rio\/","og_site_name":"Ticket Rio - Billets Rio Carnaval, Tickets for Rio Carnival, Comprar Boletos Carnaval Rio, Rio Carnival Tickets. Karneval Rio Tickets, Rio Carnevale Biglietti, Rio de Janeiro Carnival Tickets Sambadrome. Boletos Carnaval R\u00edo.","article_publisher":"https:\/\/www.facebook.com\/ticketrio\/?fref=nf","article_modified_time":"2025-04-25T16:16:22+00:00","og_image":[{"url":"https:\/\/carnival.ticketrio.com.br\/wp-content\/uploads\/2025\/04\/localizacao-ticketrio-300x86.jpg","type":"","width":"","height":""}],"twitter_card":"summary_large_image","twitter_site":"@carnavalticket","twitter_misc":{"Tiempo de lectura":"1 minuto"},"schema":{"@context":"https:\/\/schema.org","@graph":[{"@type":"WebPage","@id":"https:\/\/carnival.ticketrio.com.br\/fr\/carnaval-rio-billet-magasin-a-rio\/","url":"https:\/\/carnival.ticketrio.com.br\/fr\/carnaval-rio-billet-magasin-a-rio\/","name":"Magasin \u00e0 Rio. Achetez vos billets pour le carnaval de Rio dans le confort et la s\u00e9curit\u00e9 dans","isPartOf":{"@id":"https:\/\/carnival.ticketrio.com.br\/#website"},"primaryImageOfPage":{"@id":"https:\/\/carnival.ticketrio.com.br\/fr\/carnaval-rio-billet-magasin-a-rio\/#primaryimage"},"image":{"@id":"https:\/\/carnival.ticketrio.com.br\/fr\/carnaval-rio-billet-magasin-a-rio\/#primaryimage"},"thumbnailUrl":"https:\/\/carnival.ticketrio.com.br\/wp-content\/uploads\/2025\/04\/localizacao-ticketrio-300x86.jpg","datePublished":"2016-11-23T16:27:53+00:00","dateModified":"2025-04-25T16:16:22+00:00","description":"Achetez vos billets pour le carnaval de Rio de Janeiro sambadrome dans le confort et la s\u00e9curit\u00e9 dans. Visitez Ticket Rio Carnaval boutique \u00e0 Rio de Janeiro","breadcrumb":{"@id":"https:\/\/carnival.ticketrio.com.br\/fr\/carnaval-rio-billet-magasin-a-rio\/#breadcrumb"},"inLanguage":"es","potentialAction":[{"@type":"ReadAction","target":["https:\/\/carnival.ticketrio.com.br\/fr\/carnaval-rio-billet-magasin-a-rio\/"]}]},{"@type":"ImageObject","inLanguage":"es","@id":"https:\/\/carnival.ticketrio.com.br\/fr\/carnaval-rio-billet-magasin-a-rio\/#primaryimage","url":"https:\/\/carnival.ticketrio.com.br\/wp-content\/uploads\/2025\/04\/localizacao-ticketrio-300x86.jpg","contentUrl":"https:\/\/carnival.ticketrio.com.br\/wp-content\/uploads\/2025\/04\/localizacao-ticketrio-300x86.jpg"},{"@type":"BreadcrumbList","@id":"https:\/\/carnival.ticketrio.com.br\/fr\/carnaval-rio-billet-magasin-a-rio\/#breadcrumb","itemListElement":[{"@type":"ListItem","position":1,"name":"Home","item":"https:\/\/carnival.ticketrio.com.br\/fr\/rio-carnaval-billets\/"},{"@type":"ListItem","position":2,"name":"Magasin \u00e0 Rio"}]},{"@type":"WebSite","@id":"https:\/\/carnival.ticketrio.com.br\/#website","url":"https:\/\/carnival.ticketrio.com.br\/","name":"Ticket Rio - Billets Rio Carnaval, Tickets for Rio Carnival, Comprar Boletos Carnaval Rio, Rio Carnival Tickets. Karneval Rio Tickets, Rio Carnevale Biglietti, Rio de Janeiro Carnival Tickets Sambadrome. Boletos Carnaval R\u00edo.","description":"Rio carnival parade tickets sambadrome 2026. Acheter billets Rio Carnaval. Comprar Boletos Rio Carnaval boletos Carnevale di Rio biglietti Karneval Rio de Janeiro Carnaval tickets 2026. Boletos Carnaval R\u00edo. Rio de Janeiro Carnival Tickets. Tickets Rio Carnival Sambadrome.","publisher":{"@id":"https:\/\/carnival.ticketrio.com.br\/#organization"},"potentialAction":[{"@type":"SearchAction","target":{"@type":"EntryPoint","urlTemplate":"https:\/\/carnival.ticketrio.com.br\/?s={search_term_string}"},"query-input":{"@type":"PropertyValueSpecification","valueRequired":true,"valueName":"search_term_string"}}],"inLanguage":"es"},{"@type":"Organization","@id":"https:\/\/carnival.ticketrio.com.br\/#organization","name":"Rio Carnaval billet 2018 - Rio Carnaval Entradas, Rio Carnaval Billets, Rio Karneval Tickets, Rio Carnival Parade Sambadrome Tickets","url":"https:\/\/carnival.ticketrio.com.br\/","logo":{"@type":"ImageObject","inLanguage":"es","@id":"https:\/\/carnival.ticketrio.com.br\/#\/schema\/logo\/image\/","url":"https:\/\/carnival-ticketrio.com\/wp-content\/uploads\/2016\/10\/ticket01-e1476303239999.png","contentUrl":"https:\/\/carnival-ticketrio.com\/wp-content\/uploads\/2016\/10\/ticket01-e1476303239999.png","width":200,"height":99,"caption":"Rio Carnaval billet 2018 - Rio Carnaval Entradas, Rio Carnaval Billets, Rio Karneval Tickets, Rio Carnival Parade Sambadrome Tickets"},"image":{"@id":"https:\/\/carnival.ticketrio.com.br\/#\/schema\/logo\/image\/"},"sameAs":["https:\/\/www.facebook.com\/ticketrio\/?fref=nf","https:\/\/x.com\/carnavalticket","https:\/\/www.youtube.com\/watch?v=iApTAnu9-ho"]}]}},"_links":{"self":[{"href":"https:\/\/carnival.ticketrio.com.br\/es\/wp-json\/wp\/v2\/pages\/689","targetHints":{"allow":["GET"]}}],"collection":[{"href":"https:\/\/carnival.ticketrio.com.br\/es\/wp-json\/wp\/v2\/pages"}],"about":[{"href":"https:\/\/carnival.ticketrio.com.br\/es\/wp-json\/wp\/v2\/types\/page"}],"author":[{"embeddable":true,"href":"https:\/\/carnival.ticketrio.com.br\/es\/wp-json\/wp\/v2\/users\/1"}],"replies":[{"embeddable":true,"href":"https:\/\/carnival.ticketrio.com.br\/es\/wp-json\/wp\/v2\/comments?post=689"}],"version-history":[{"count":2,"href":"https:\/\/carnival.ticketrio.com.br\/es\/wp-json\/wp\/v2\/pages\/689\/revisions"}],"predecessor-version":[{"id":2001,"href":"https:\/\/carnival.ticketrio.com.br\/es\/wp-json\/wp\/v2\/pages\/689\/revisions\/2001"}],"wp:attachment":[{"href":"https:\/\/carnival.ticketrio.com.br\/es\/wp-json\/wp\/v2\/media?parent=689"}],"curies":[{"name":"wp","href":"https:\/\/api.w.org\/{rel}","templated":true}]}}