{"id":720,"date":"2016-11-23T18:10:25","date_gmt":"2016-11-23T18:10:25","guid":{"rendered":"https:\/\/carnival-ticketrio.com\/?page_id=720"},"modified":"2025-04-25T19:05:06","modified_gmt":"2025-04-25T19:05:06","slug":"shop-in-rio-karneval-rio-tickets","status":"publish","type":"page","link":"https:\/\/carnival.ticketrio.com.br\/de\/shop-in-rio-karneval-rio-tickets\/","title":{"rendered":"Shop in Rio"},"content":{"rendered":"<div class=\"page-title\">\n<h1><span style=\"color: #ff6600;\">Besuchen Sie unser Gesch\u00e4ft in Rio de Janeiro<\/span><\/h1>\n<h2>Kaufen Sie Ihren Rio Karneval Eintrag in Komfort und Sicherheit in unserem Ladengesch\u00e4ft&nbsp; <a href=\"https:\/\/www.carnavalticketrio.com\">https:\/\/www.carnavalticketrio.com<\/a><\/h2>\n<\/div>\n<div class=\"std\">Besuchen Sie unseren Shop in Barra da Tijuca.<\/div>\n<div class=\"std\">&nbsp;<\/div>\n<div class=\"std\"><strong>Adresse:<\/strong>Avenida das Am\u00e9ricas, 700 112 K&nbsp; Shopping Mall Citt\u00e1 Am\u00e9rica -Barra da Tijuca<br \/>\nRio de Janeiro CEP 22640-100<\/div>\n<div class=\"std\"><strong><br \/>\nStunden<\/strong>&nbsp;&#8211; Selbst ein Sex 09 \u00e0 18h.<\/div>\n<div>&nbsp;<\/div>\n<div class=\"std\"><strong>Telefon: (55)<\/strong> 21 3982-1515\/ 2025-5000<\/div>\n<div class=\"std\">&nbsp;<\/div>\n<div class=\"std\"><span style=\"color: #339966;\"><strong>Whatsapp:<\/strong> <\/span>+5521 98379-5068<\/div>\n<div class=\"std\">\n<p><strong>In den Tagen des Karnevals<\/strong>&nbsp;&#8211;<br \/>\nJeden Tag ge\u00f6ffnet. Sa \/ So \/ Mo von 09 bis 18 Uhr.<\/p>\n<\/div>\n<div class=\"std\"><img loading=\"lazy\" decoding=\"async\" class=\"alignnone wp-image-2009\" src=\"https:\/\/carnival.ticketrio.com.br\/wp-content\/uploads\/2025\/04\/ondeestamosmenor1-300x125.jpg\" alt=\"\" width=\"530\" height=\"221\" srcset=\"https:\/\/carnival.ticketrio.com.br\/wp-content\/uploads\/2025\/04\/ondeestamosmenor1-300x125.jpg 300w, https:\/\/carnival.ticketrio.com.br\/wp-content\/uploads\/2025\/04\/ondeestamosmenor1.jpg 600w\" sizes=\"auto, (max-width: 530px) 100vw, 530px\" \/><br \/>\n&nbsp;&nbsp;<\/div>\n","protected":false},"excerpt":{"rendered":"<p>Besuchen Sie unser Gesch\u00e4ft in Rio de Janeiro Kaufen Sie Ihren Rio Karneval Eintrag in Komfort und Sicherheit in unserem Ladengesch\u00e4ft&nbsp; https:\/\/www.carnavalticketrio.com Besuchen Sie unseren Shop in Barra da Tijuca. &nbsp; Adresse:Avenida das Am\u00e9ricas, 700 112 K&nbsp; Shopping Mall Citt\u00e1 <a href=\"https:\/\/carnival.ticketrio.com.br\/de\/shop-in-rio-karneval-rio-tickets\/\"><\/p>\n<div class=\"read-more\">\n<p>Read more &#8250;<\/p>\n<\/div>\n<p><!-- end of .read-more --><\/a><\/p>\n","protected":false},"author":1,"featured_media":0,"parent":0,"menu_order":0,"comment_status":"closed","ping_status":"closed","template":"","meta":{"_exactmetrics_skip_tracking":false,"_exactmetrics_sitenote_active":false,"_exactmetrics_sitenote_note":"","_exactmetrics_sitenote_category":0,"ngg_post_thumbnail":0,"_joinchat":[],"footnotes":""},"class_list":["post-720","page","type-page","status-publish","hentry"],"yoast_head":"<!-- This site is optimized with the Yoast SEO plugin v25.7 - https:\/\/yoast.com\/wordpress\/plugins\/seo\/ -->\n<title>ticket rio karneval shop Eintr\u00e4ge<\/title>\n<meta name=\"description\" content=\"Kaufen Sie Ihren Rio karneval Eintrag in Komfort und Sicherheit in unserem Ladengesch\u00e4ft oder Online-Shop https:\/\/www.carnavalticketrio.com\" \/>\n<meta name=\"robots\" content=\"index, follow, max-snippet:-1, max-image-preview:large, max-video-preview:-1\" \/>\n<link rel=\"canonical\" href=\"https:\/\/carnival.ticketrio.com.br\/de\/shop-in-rio-karneval-rio-tickets\/\" \/>\n<meta property=\"og:locale\" content=\"es_ES\" \/>\n<meta property=\"og:type\" content=\"article\" \/>\n<meta property=\"og:title\" content=\"ticket rio karneval shop Eintr\u00e4ge\" \/>\n<meta property=\"og:description\" content=\"Kaufen Sie Ihren Rio karneval Eintrag in Komfort und Sicherheit in unserem Ladengesch\u00e4ft oder Online-Shop https:\/\/www.carnavalticketrio.com\" \/>\n<meta property=\"og:url\" content=\"https:\/\/carnival.ticketrio.com.br\/de\/shop-in-rio-karneval-rio-tickets\/\" \/>\n<meta property=\"og:site_name\" content=\"Ticket Rio - Billets Rio Carnaval, Tickets for Rio Carnival, Comprar Boletos Carnaval Rio, Rio Carnival Tickets. Karneval Rio Tickets, Rio Carnevale Biglietti, Rio de Janeiro Carnival Tickets Sambadrome. Boletos Carnaval R\u00edo.\" \/>\n<meta property=\"article:publisher\" content=\"https:\/\/www.facebook.com\/ticketrio\/?fref=nf\" \/>\n<meta property=\"article:modified_time\" content=\"2025-04-25T19:05:06+00:00\" \/>\n<meta property=\"og:image\" content=\"https:\/\/carnival.ticketrio.com.br\/wp-content\/uploads\/2025\/04\/ondeestamosmenor1-300x125.jpg\" \/>\n<meta name=\"twitter:card\" content=\"summary_large_image\" \/>\n<meta name=\"twitter:site\" content=\"@carnavalticket\" \/>\n<meta name=\"twitter:label1\" content=\"Tiempo de lectura\" \/>\n\t<meta name=\"twitter:data1\" content=\"1 minuto\" \/>\n<!-- \/ Yoast SEO plugin. -->","yoast_head_json":{"title":"ticket rio karneval shop Eintr\u00e4ge","description":"Kaufen Sie Ihren Rio karneval Eintrag in Komfort und Sicherheit in unserem Ladengesch\u00e4ft oder Online-Shop https:\/\/www.carnavalticketrio.com","robots":{"index":"index","follow":"follow","max-snippet":"max-snippet:-1","max-image-preview":"max-image-preview:large","max-video-preview":"max-video-preview:-1"},"canonical":"https:\/\/carnival.ticketrio.com.br\/de\/shop-in-rio-karneval-rio-tickets\/","og_locale":"es_ES","og_type":"article","og_title":"ticket rio karneval shop Eintr\u00e4ge","og_description":"Kaufen Sie Ihren Rio karneval Eintrag in Komfort und Sicherheit in unserem Ladengesch\u00e4ft oder Online-Shop https:\/\/www.carnavalticketrio.com","og_url":"https:\/\/carnival.ticketrio.com.br\/de\/shop-in-rio-karneval-rio-tickets\/","og_site_name":"Ticket Rio - Billets Rio Carnaval, Tickets for Rio Carnival, Comprar Boletos Carnaval Rio, Rio Carnival Tickets. Karneval Rio Tickets, Rio Carnevale Biglietti, Rio de Janeiro Carnival Tickets Sambadrome. Boletos Carnaval R\u00edo.","article_publisher":"https:\/\/www.facebook.com\/ticketrio\/?fref=nf","article_modified_time":"2025-04-25T19:05:06+00:00","og_image":[{"url":"https:\/\/carnival.ticketrio.com.br\/wp-content\/uploads\/2025\/04\/ondeestamosmenor1-300x125.jpg","type":"","width":"","height":""}],"twitter_card":"summary_large_image","twitter_site":"@carnavalticket","twitter_misc":{"Tiempo de lectura":"1 minuto"},"schema":{"@context":"https:\/\/schema.org","@graph":[{"@type":"WebPage","@id":"https:\/\/carnival.ticketrio.com.br\/de\/shop-in-rio-karneval-rio-tickets\/","url":"https:\/\/carnival.ticketrio.com.br\/de\/shop-in-rio-karneval-rio-tickets\/","name":"ticket rio karneval shop Eintr\u00e4ge","isPartOf":{"@id":"https:\/\/carnival.ticketrio.com.br\/#website"},"primaryImageOfPage":{"@id":"https:\/\/carnival.ticketrio.com.br\/de\/shop-in-rio-karneval-rio-tickets\/#primaryimage"},"image":{"@id":"https:\/\/carnival.ticketrio.com.br\/de\/shop-in-rio-karneval-rio-tickets\/#primaryimage"},"thumbnailUrl":"https:\/\/carnival.ticketrio.com.br\/wp-content\/uploads\/2025\/04\/ondeestamosmenor1-300x125.jpg","datePublished":"2016-11-23T18:10:25+00:00","dateModified":"2025-04-25T19:05:06+00:00","description":"Kaufen Sie Ihren Rio karneval Eintrag in Komfort und Sicherheit in unserem Ladengesch\u00e4ft oder Online-Shop https:\/\/www.carnavalticketrio.com","breadcrumb":{"@id":"https:\/\/carnival.ticketrio.com.br\/de\/shop-in-rio-karneval-rio-tickets\/#breadcrumb"},"inLanguage":"es","potentialAction":[{"@type":"ReadAction","target":["https:\/\/carnival.ticketrio.com.br\/de\/shop-in-rio-karneval-rio-tickets\/"]}]},{"@type":"ImageObject","inLanguage":"es","@id":"https:\/\/carnival.ticketrio.com.br\/de\/shop-in-rio-karneval-rio-tickets\/#primaryimage","url":"https:\/\/carnival.ticketrio.com.br\/wp-content\/uploads\/2025\/04\/ondeestamosmenor1-300x125.jpg","contentUrl":"https:\/\/carnival.ticketrio.com.br\/wp-content\/uploads\/2025\/04\/ondeestamosmenor1-300x125.jpg"},{"@type":"BreadcrumbList","@id":"https:\/\/carnival.ticketrio.com.br\/de\/shop-in-rio-karneval-rio-tickets\/#breadcrumb","itemListElement":[{"@type":"ListItem","position":1,"name":"Home","item":"https:\/\/carnival.ticketrio.com.br\/it\/rio-biglietti-carnival-2\/"},{"@type":"ListItem","position":2,"name":"Shop in Rio"}]},{"@type":"WebSite","@id":"https:\/\/carnival.ticketrio.com.br\/#website","url":"https:\/\/carnival.ticketrio.com.br\/","name":"Ticket Rio - Billets Rio Carnaval, Tickets for Rio Carnival, Comprar Boletos Carnaval Rio, Rio Carnival Tickets. Karneval Rio Tickets, Rio Carnevale Biglietti, Rio de Janeiro Carnival Tickets Sambadrome. Boletos Carnaval R\u00edo.","description":"Rio carnival parade tickets sambadrome 2026. Acheter billets Rio Carnaval. Comprar Boletos Rio Carnaval boletos Carnevale di Rio biglietti Karneval Rio de Janeiro Carnaval tickets 2026. Boletos Carnaval R\u00edo. Rio de Janeiro Carnival Tickets. Tickets Rio Carnival Sambadrome.","publisher":{"@id":"https:\/\/carnival.ticketrio.com.br\/#organization"},"potentialAction":[{"@type":"SearchAction","target":{"@type":"EntryPoint","urlTemplate":"https:\/\/carnival.ticketrio.com.br\/?s={search_term_string}"},"query-input":{"@type":"PropertyValueSpecification","valueRequired":true,"valueName":"search_term_string"}}],"inLanguage":"es"},{"@type":"Organization","@id":"https:\/\/carnival.ticketrio.com.br\/#organization","name":"Rio Carnaval billet 2018 - Rio Carnaval Entradas, Rio Carnaval Billets, Rio Karneval Tickets, Rio Carnival Parade Sambadrome Tickets","url":"https:\/\/carnival.ticketrio.com.br\/","logo":{"@type":"ImageObject","inLanguage":"es","@id":"https:\/\/carnival.ticketrio.com.br\/#\/schema\/logo\/image\/","url":"https:\/\/carnival-ticketrio.com\/wp-content\/uploads\/2016\/10\/ticket01-e1476303239999.png","contentUrl":"https:\/\/carnival-ticketrio.com\/wp-content\/uploads\/2016\/10\/ticket01-e1476303239999.png","width":200,"height":99,"caption":"Rio Carnaval billet 2018 - Rio Carnaval Entradas, Rio Carnaval Billets, Rio Karneval Tickets, Rio Carnival Parade Sambadrome Tickets"},"image":{"@id":"https:\/\/carnival.ticketrio.com.br\/#\/schema\/logo\/image\/"},"sameAs":["https:\/\/www.facebook.com\/ticketrio\/?fref=nf","https:\/\/x.com\/carnavalticket","https:\/\/www.youtube.com\/watch?v=iApTAnu9-ho"]}]}},"_links":{"self":[{"href":"https:\/\/carnival.ticketrio.com.br\/es\/wp-json\/wp\/v2\/pages\/720","targetHints":{"allow":["GET"]}}],"collection":[{"href":"https:\/\/carnival.ticketrio.com.br\/es\/wp-json\/wp\/v2\/pages"}],"about":[{"href":"https:\/\/carnival.ticketrio.com.br\/es\/wp-json\/wp\/v2\/types\/page"}],"author":[{"embeddable":true,"href":"https:\/\/carnival.ticketrio.com.br\/es\/wp-json\/wp\/v2\/users\/1"}],"replies":[{"embeddable":true,"href":"https:\/\/carnival.ticketrio.com.br\/es\/wp-json\/wp\/v2\/comments?post=720"}],"version-history":[{"count":2,"href":"https:\/\/carnival.ticketrio.com.br\/es\/wp-json\/wp\/v2\/pages\/720\/revisions"}],"predecessor-version":[{"id":2014,"href":"https:\/\/carnival.ticketrio.com.br\/es\/wp-json\/wp\/v2\/pages\/720\/revisions\/2014"}],"wp:attachment":[{"href":"https:\/\/carnival.ticketrio.com.br\/es\/wp-json\/wp\/v2\/media?parent=720"}],"curies":[{"name":"wp","href":"https:\/\/api.w.org\/{rel}","templated":true}]}}