{"id":743,"date":"2016-11-23T19:56:47","date_gmt":"2016-11-23T19:56:47","guid":{"rendered":"https:\/\/carnival-ticketrio.com\/?page_id=743"},"modified":"2025-04-25T17:53:46","modified_gmt":"2025-04-25T17:53:46","slug":"contacto-ticket-rio-carnaval-entradas","status":"publish","type":"page","link":"https:\/\/carnival.ticketrio.com.br\/es\/contacto-ticket-rio-carnaval-entradas\/","title":{"rendered":"Contacto"},"content":{"rendered":"<h2>Ticket Rio Carnaval Sambadromo. Entre en contacto. Nos quedamos felices de atenderlos.<\/h2>\n<h4>Tienda R\u00edo de Janeiro<\/h4>\n<p><strong>direcci\u00f3n:<\/strong> Avenida das Americas, 700 Store 112 L &#8211; Barra da Tijuca &#8211; Rio de Janeiro &#8211; Brasil<\/p>\n<p><strong>BR m\u00f3viles<\/strong>: +55 21 3982-1515 \/ 2025-5000&nbsp;&nbsp;<\/p>\n<p>Horas de trabajo: 09 a 18h Lunes &#8211; Viernes<\/p>\n<p><strong><span style=\"color: #ff0000;\">Oficina USA<\/span><\/strong><\/p>\n<p>direcci\u00f3n: 2907<strong>&nbsp;<\/strong>South Semoran Blvd. Suite #171 Orlando Florida FL 32822<\/p>\n<p><span style=\"color: #339966;\"><strong>Whatsapp:<\/strong><\/span> +5521 98379-5068<\/p>\n<p>Horas de trabajo: 09 a 18h de lunes a SAT.<\/p>\n<p><span style=\"color: #ff6600;\"><strong>E-mail<\/strong>:<\/span> atendimento@ticketrio.com.br<\/p>\n<p><img loading=\"lazy\" decoding=\"async\" class=\"alignnone size-medium wp-image-187\" src=\"https:\/\/carnival.ticketrio.com.br\/wp-content\/uploads\/2016\/10\/tickets-rio-camarotes-300x300.png\" alt=\"\" width=\"300\" height=\"300\" srcset=\"https:\/\/carnival.ticketrio.com.br\/wp-content\/uploads\/2016\/10\/tickets-rio-camarotes-300x300.png 300w, https:\/\/carnival.ticketrio.com.br\/wp-content\/uploads\/2016\/10\/tickets-rio-camarotes-150x150.png 150w, https:\/\/carnival.ticketrio.com.br\/wp-content\/uploads\/2016\/10\/tickets-rio-camarotes-768x768.png 768w, https:\/\/carnival.ticketrio.com.br\/wp-content\/uploads\/2016\/10\/tickets-rio-camarotes.png 800w\" sizes=\"auto, (max-width: 300px) 100vw, 300px\" \/><\/p>\n","protected":false},"excerpt":{"rendered":"<p>Ticket Rio Carnaval Sambadromo. Entre en contacto. Nos quedamos felices de atenderlos. Tienda R\u00edo de Janeiro direcci\u00f3n: Avenida das Americas, 700 Store 112 L &#8211; Barra da Tijuca &#8211; Rio de Janeiro &#8211; Brasil BR m\u00f3viles: +55 21 3982-1515 \/ <a href=\"https:\/\/carnival.ticketrio.com.br\/es\/contacto-ticket-rio-carnaval-entradas\/\"><\/p>\n<div class=\"read-more\">\n<p>Read more &#8250;<\/p>\n<\/div>\n<p><!-- end of .read-more --><\/a><\/p>\n","protected":false},"author":1,"featured_media":0,"parent":0,"menu_order":0,"comment_status":"closed","ping_status":"closed","template":"template-main-right.php","meta":{"_exactmetrics_skip_tracking":false,"_exactmetrics_sitenote_active":false,"_exactmetrics_sitenote_note":"","_exactmetrics_sitenote_category":0,"ngg_post_thumbnail":0,"_joinchat":[],"footnotes":""},"class_list":["post-743","page","type-page","status-publish","hentry"],"yoast_head":"<!-- This site is optimized with the Yoast SEO plugin v25.7 - https:\/\/yoast.com\/wordpress\/plugins\/seo\/ -->\n<title>Ticket Rio Carnaval entre en contacto con nosotros<\/title>\n<meta name=\"description\" content=\"contacto ticket rio carnaval rio entradas boletos carnaval de R\u00edo, Carnaval Rio Ingreso, Entradas para el Carnaval de R\u00edo 2026\" \/>\n<meta name=\"robots\" content=\"index, follow, max-snippet:-1, max-image-preview:large, max-video-preview:-1\" \/>\n<link rel=\"canonical\" href=\"https:\/\/carnival.ticketrio.com.br\/es\/contacto-ticket-rio-carnaval-entradas\/\" \/>\n<meta property=\"og:locale\" content=\"es_ES\" \/>\n<meta property=\"og:type\" content=\"article\" \/>\n<meta property=\"og:title\" content=\"Ticket Rio Carnaval entre en contacto con nosotros\" \/>\n<meta property=\"og:description\" content=\"contacto ticket rio carnaval rio entradas boletos carnaval de R\u00edo, Carnaval Rio Ingreso, Entradas para el Carnaval de R\u00edo 2026\" \/>\n<meta property=\"og:url\" content=\"https:\/\/carnival.ticketrio.com.br\/es\/contacto-ticket-rio-carnaval-entradas\/\" \/>\n<meta property=\"og:site_name\" content=\"Ticket Rio - Billets Rio Carnaval, Tickets for Rio Carnival, Comprar Boletos Carnaval Rio, Rio Carnival Tickets. Karneval Rio Tickets, Rio Carnevale Biglietti, Rio de Janeiro Carnival Tickets Sambadrome. Boletos Carnaval R\u00edo.\" \/>\n<meta property=\"article:publisher\" content=\"https:\/\/www.facebook.com\/ticketrio\/?fref=nf\" \/>\n<meta property=\"article:modified_time\" content=\"2025-04-25T17:53:46+00:00\" \/>\n<meta property=\"og:image\" content=\"https:\/\/carnival.ticketrio.com.br\/wp-content\/uploads\/2016\/10\/tickets-rio-camarotes-300x300.png\" \/>\n<meta name=\"twitter:card\" content=\"summary_large_image\" \/>\n<meta name=\"twitter:site\" content=\"@carnavalticket\" \/>\n<meta name=\"twitter:label1\" content=\"Tiempo de lectura\" \/>\n\t<meta name=\"twitter:data1\" content=\"1 minuto\" \/>\n<!-- \/ Yoast SEO plugin. -->","yoast_head_json":{"title":"Ticket Rio Carnaval entre en contacto con nosotros","description":"contacto ticket rio carnaval rio entradas boletos carnaval de R\u00edo, Carnaval Rio Ingreso, Entradas para el Carnaval de R\u00edo 2026","robots":{"index":"index","follow":"follow","max-snippet":"max-snippet:-1","max-image-preview":"max-image-preview:large","max-video-preview":"max-video-preview:-1"},"canonical":"https:\/\/carnival.ticketrio.com.br\/es\/contacto-ticket-rio-carnaval-entradas\/","og_locale":"es_ES","og_type":"article","og_title":"Ticket Rio Carnaval entre en contacto con nosotros","og_description":"contacto ticket rio carnaval rio entradas boletos carnaval de R\u00edo, Carnaval Rio Ingreso, Entradas para el Carnaval de R\u00edo 2026","og_url":"https:\/\/carnival.ticketrio.com.br\/es\/contacto-ticket-rio-carnaval-entradas\/","og_site_name":"Ticket Rio - Billets Rio Carnaval, Tickets for Rio Carnival, Comprar Boletos Carnaval Rio, Rio Carnival Tickets. Karneval Rio Tickets, Rio Carnevale Biglietti, Rio de Janeiro Carnival Tickets Sambadrome. Boletos Carnaval R\u00edo.","article_publisher":"https:\/\/www.facebook.com\/ticketrio\/?fref=nf","article_modified_time":"2025-04-25T17:53:46+00:00","og_image":[{"url":"https:\/\/carnival.ticketrio.com.br\/wp-content\/uploads\/2016\/10\/tickets-rio-camarotes-300x300.png","type":"","width":"","height":""}],"twitter_card":"summary_large_image","twitter_site":"@carnavalticket","twitter_misc":{"Tiempo de lectura":"1 minuto"},"schema":{"@context":"https:\/\/schema.org","@graph":[{"@type":"WebPage","@id":"https:\/\/carnival.ticketrio.com.br\/es\/contacto-ticket-rio-carnaval-entradas\/","url":"https:\/\/carnival.ticketrio.com.br\/es\/contacto-ticket-rio-carnaval-entradas\/","name":"Ticket Rio Carnaval entre en contacto con nosotros","isPartOf":{"@id":"https:\/\/carnival.ticketrio.com.br\/#website"},"primaryImageOfPage":{"@id":"https:\/\/carnival.ticketrio.com.br\/es\/contacto-ticket-rio-carnaval-entradas\/#primaryimage"},"image":{"@id":"https:\/\/carnival.ticketrio.com.br\/es\/contacto-ticket-rio-carnaval-entradas\/#primaryimage"},"thumbnailUrl":"https:\/\/carnival.ticketrio.com.br\/wp-content\/uploads\/2016\/10\/tickets-rio-camarotes-300x300.png","datePublished":"2016-11-23T19:56:47+00:00","dateModified":"2025-04-25T17:53:46+00:00","description":"contacto ticket rio carnaval rio entradas boletos carnaval de R\u00edo, Carnaval Rio Ingreso, Entradas para el Carnaval de R\u00edo 2026","breadcrumb":{"@id":"https:\/\/carnival.ticketrio.com.br\/es\/contacto-ticket-rio-carnaval-entradas\/#breadcrumb"},"inLanguage":"es","potentialAction":[{"@type":"ReadAction","target":["https:\/\/carnival.ticketrio.com.br\/es\/contacto-ticket-rio-carnaval-entradas\/"]}]},{"@type":"ImageObject","inLanguage":"es","@id":"https:\/\/carnival.ticketrio.com.br\/es\/contacto-ticket-rio-carnaval-entradas\/#primaryimage","url":"https:\/\/carnival.ticketrio.com.br\/wp-content\/uploads\/2016\/10\/tickets-rio-camarotes-300x300.png","contentUrl":"https:\/\/carnival.ticketrio.com.br\/wp-content\/uploads\/2016\/10\/tickets-rio-camarotes-300x300.png"},{"@type":"BreadcrumbList","@id":"https:\/\/carnival.ticketrio.com.br\/es\/contacto-ticket-rio-carnaval-entradas\/#breadcrumb","itemListElement":[{"@type":"ListItem","position":1,"name":"Home","item":"https:\/\/carnival.ticketrio.com.br\/es\/entradas-carnavales\/"},{"@type":"ListItem","position":2,"name":"Contacto"}]},{"@type":"WebSite","@id":"https:\/\/carnival.ticketrio.com.br\/#website","url":"https:\/\/carnival.ticketrio.com.br\/","name":"Ticket Rio - Billets Rio Carnaval, Tickets for Rio Carnival, Comprar Boletos Carnaval Rio, Rio Carnival Tickets. Karneval Rio Tickets, Rio Carnevale Biglietti, Rio de Janeiro Carnival Tickets Sambadrome. Boletos Carnaval R\u00edo.","description":"Rio carnival parade tickets sambadrome 2026. Acheter billets Rio Carnaval. Comprar Boletos Rio Carnaval boletos Carnevale di Rio biglietti Karneval Rio de Janeiro Carnaval tickets 2026. Boletos Carnaval R\u00edo. Rio de Janeiro Carnival Tickets. Tickets Rio Carnival Sambadrome.","publisher":{"@id":"https:\/\/carnival.ticketrio.com.br\/#organization"},"potentialAction":[{"@type":"SearchAction","target":{"@type":"EntryPoint","urlTemplate":"https:\/\/carnival.ticketrio.com.br\/?s={search_term_string}"},"query-input":{"@type":"PropertyValueSpecification","valueRequired":true,"valueName":"search_term_string"}}],"inLanguage":"es"},{"@type":"Organization","@id":"https:\/\/carnival.ticketrio.com.br\/#organization","name":"Rio Carnaval billet 2018 - Rio Carnaval Entradas, Rio Carnaval Billets, Rio Karneval Tickets, Rio Carnival Parade Sambadrome Tickets","url":"https:\/\/carnival.ticketrio.com.br\/","logo":{"@type":"ImageObject","inLanguage":"es","@id":"https:\/\/carnival.ticketrio.com.br\/#\/schema\/logo\/image\/","url":"https:\/\/carnival-ticketrio.com\/wp-content\/uploads\/2016\/10\/ticket01-e1476303239999.png","contentUrl":"https:\/\/carnival-ticketrio.com\/wp-content\/uploads\/2016\/10\/ticket01-e1476303239999.png","width":200,"height":99,"caption":"Rio Carnaval billet 2018 - Rio Carnaval Entradas, Rio Carnaval Billets, Rio Karneval Tickets, Rio Carnival Parade Sambadrome Tickets"},"image":{"@id":"https:\/\/carnival.ticketrio.com.br\/#\/schema\/logo\/image\/"},"sameAs":["https:\/\/www.facebook.com\/ticketrio\/?fref=nf","https:\/\/x.com\/carnavalticket","https:\/\/www.youtube.com\/watch?v=iApTAnu9-ho"]}]}},"_links":{"self":[{"href":"https:\/\/carnival.ticketrio.com.br\/es\/wp-json\/wp\/v2\/pages\/743","targetHints":{"allow":["GET"]}}],"collection":[{"href":"https:\/\/carnival.ticketrio.com.br\/es\/wp-json\/wp\/v2\/pages"}],"about":[{"href":"https:\/\/carnival.ticketrio.com.br\/es\/wp-json\/wp\/v2\/types\/page"}],"author":[{"embeddable":true,"href":"https:\/\/carnival.ticketrio.com.br\/es\/wp-json\/wp\/v2\/users\/1"}],"replies":[{"embeddable":true,"href":"https:\/\/carnival.ticketrio.com.br\/es\/wp-json\/wp\/v2\/comments?post=743"}],"version-history":[{"count":12,"href":"https:\/\/carnival.ticketrio.com.br\/es\/wp-json\/wp\/v2\/pages\/743\/revisions"}],"predecessor-version":[{"id":2007,"href":"https:\/\/carnival.ticketrio.com.br\/es\/wp-json\/wp\/v2\/pages\/743\/revisions\/2007"}],"wp:attachment":[{"href":"https:\/\/carnival.ticketrio.com.br\/es\/wp-json\/wp\/v2\/media?parent=743"}],"curies":[{"name":"wp","href":"https:\/\/api.w.org\/{rel}","templated":true}]}}