{"id":865,"date":"2016-11-25T20:41:56","date_gmt":"2016-11-25T20:41:56","guid":{"rendered":"https:\/\/carnival-ticketrio.com\/?page_id=865"},"modified":"2017-08-02T19:10:18","modified_gmt":"2017-08-02T19:10:18","slug":"carnaval-de-rio-entradas","status":"publish","type":"page","link":"https:\/\/carnival.ticketrio.com.br\/es\/carnaval-de-rio-entradas\/","title":{"rendered":"Carnaval de R\u00edo Entradas"},"content":{"rendered":"<h2><span class=\"sub-title\"><span style=\"color: #ff6600;\">Garanta sus <a href=\"https:\/\/www.carnavalticketrio.com\">entradas para el Carnaval<\/a> Samb\u00f3dromo de R\u00edo de Janeiro. Las entradas para el carnaval de R\u00edo son muy disputadas y cada a\u00f1o se agota r\u00e1pidamente<\/span><\/span><\/h2>\n<p>&nbsp;<\/p>\n<p>Rio Carnaval El evento cultural m\u00e1s importante en Brasil<\/p>\n<p style=\"text-align: justify;\" data-meaningful=\"true\">El carnaval es en realidad el evento cultural m\u00e1s importante de Brasil, y el lugar Samb\u00f3dromo &#8211; donde el desfile oficial del carnaval se lleva a cabo &#8211; es el epicentro del carnaval en Brasil.\u00a0Muchas personas planean el carnaval en R\u00edo de Janeiro un a\u00f1o antes.<\/p>\n<h2><span class=\"sub-title\"><span class=\"goog-text-highlight\">5 espectaculares d\u00edas de actuaciones y Desfilando<\/span><\/span><\/h2>\n<p style=\"text-align: justify;\">Hay muchas escuelas de samba en Brasil, y s\u00f3lo la mejor competici\u00f3n. Las escuelas est\u00e1n distribuidos en grupos que compiten durante el desfile de Carnaval. Cada uno de estos grupos tienen de 6 a 14 escuelas de samba. El Grupo Especial es el m\u00e1s avanzado.Grupo A y B siguientes. (Otros grupos de la liga menor existe, pero que est\u00e1n fuera del juego)<\/p>\n<p style=\"text-align: justify;\">La escuela que gana en su grupo se promover\u00e1 de inmediato al grupo superior. Del mismo modo, las escuelas que reciben la calificaci\u00f3n m\u00e1s baja en sus grupos se rebaj\u00f3 al grupo inferior. Por lo tanto todas las escuelas se esfuerzan por mejorar sus posiciones dentro del concurso general y para convertirse en campeones de grupo. La campeona del carnaval es el ganador del grupo especial, pero lo m\u00e1s importante el Rey del Samba &#8211; ganando reconocimiento en todo el mundo!<strong><br \/>\n<\/strong><br \/>\nEl carnaval de R\u00edo de Janeiro es una de las demostraciones m\u00e1s m\u00e1gico en el mundo. Todo sucede en el samb\u00f3dromo donde las escuelas de samba desfilan y compiten por ser el mejor de los mejores.<\/p>\n<h3>Tipos de Rio Carnaval billetes Parade<\/h3>\n<p style=\"text-align: justify;\">La primera cosa que debes tener en cuenta es el tipo de entradas que le gustar\u00eda comprar. Hay cinco opciones:<\/p>\n<p><img loading=\"lazy\" decoding=\"async\" class=\"alignnone size-medium wp-image-943\" src=\"https:\/\/carnival-ticketrio.com\/wp-content\/uploads\/2016\/12\/tribunas-185x300.jpg\" alt=\"tribunas\" width=\"185\" height=\"300\" srcset=\"https:\/\/carnival.ticketrio.com.br\/wp-content\/uploads\/2016\/12\/tribunas-185x300.jpg 185w, https:\/\/carnival.ticketrio.com.br\/wp-content\/uploads\/2016\/12\/tribunas-768x1246.jpg 768w, https:\/\/carnival.ticketrio.com.br\/wp-content\/uploads\/2016\/12\/tribunas-631x1024.jpg 631w, https:\/\/carnival.ticketrio.com.br\/wp-content\/uploads\/2016\/12\/tribunas.jpg 922w\" sizes=\"auto, (max-width: 185px) 100vw, 185px\" \/> <img loading=\"lazy\" decoding=\"async\" class=\"alignnone size-medium wp-image-942\" src=\"https:\/\/carnival-ticketrio.com\/wp-content\/uploads\/2016\/12\/presidentenumeradas-185x300.jpg\" alt=\"presidentenumeradas\" width=\"185\" height=\"300\" srcset=\"https:\/\/carnival.ticketrio.com.br\/wp-content\/uploads\/2016\/12\/presidentenumeradas-185x300.jpg 185w, https:\/\/carnival.ticketrio.com.br\/wp-content\/uploads\/2016\/12\/presidentenumeradas-768x1246.jpg 768w, https:\/\/carnival.ticketrio.com.br\/wp-content\/uploads\/2016\/12\/presidentenumeradas-631x1024.jpg 631w, https:\/\/carnival.ticketrio.com.br\/wp-content\/uploads\/2016\/12\/presidentenumeradas.jpg 922w\" sizes=\"auto, (max-width: 185px) 100vw, 185px\" \/> <img loading=\"lazy\" decoding=\"async\" class=\"alignnone size-medium wp-image-941\" src=\"https:\/\/carnival-ticketrio.com\/wp-content\/uploads\/2016\/12\/cajafrontal-185x300.jpg\" alt=\"cajafrontal\" width=\"185\" height=\"300\" srcset=\"https:\/\/carnival.ticketrio.com.br\/wp-content\/uploads\/2016\/12\/cajafrontal-185x300.jpg 185w, https:\/\/carnival.ticketrio.com.br\/wp-content\/uploads\/2016\/12\/cajafrontal-768x1247.jpg 768w, https:\/\/carnival.ticketrio.com.br\/wp-content\/uploads\/2016\/12\/cajafrontal-631x1024.jpg 631w, https:\/\/carnival.ticketrio.com.br\/wp-content\/uploads\/2016\/12\/cajafrontal.jpg 922w\" sizes=\"auto, (max-width: 185px) 100vw, 185px\" \/> \u00a0<img loading=\"lazy\" decoding=\"async\" class=\"alignnone size-medium wp-image-939\" src=\"https:\/\/carnival-ticketrio.com\/wp-content\/uploads\/2016\/12\/su\u0301perviplounge-185x300.jpg\" alt=\"superviplounge\" width=\"185\" height=\"300\" srcset=\"https:\/\/carnival.ticketrio.com.br\/wp-content\/uploads\/2016\/12\/su\u0301perviplounge-185x300.jpg 185w, https:\/\/carnival.ticketrio.com.br\/wp-content\/uploads\/2016\/12\/su\u0301perviplounge-768x1246.jpg 768w, https:\/\/carnival.ticketrio.com.br\/wp-content\/uploads\/2016\/12\/su\u0301perviplounge-631x1024.jpg 631w, https:\/\/carnival.ticketrio.com.br\/wp-content\/uploads\/2016\/12\/su\u0301perviplounge.jpg 922w\" sizes=\"auto, (max-width: 185px) 100vw, 185px\" \/><\/p>\n<h3><strong>ENTRADAS RIO CARNAVAL &#8211; <span style=\"color: #ff6600;\">TRIBUNAS<\/span><\/strong><\/h3>\n<p style=\"text-align: justify;\">Tribunas (Arquibancadas) : ofrece unas magn\u00edficas vistas de todo el desfile desde arriba a los precios m\u00e1s asequibles. Situado en la parte superior de cada sector.<\/p>\n<h3><strong>ENTRADAS RIO CARNAVAL &#8211; <span style=\"color: #ff6600;\">CAJAS FRONTALES<\/span><\/strong><\/h3>\n<p style=\"text-align: justify;\">Cajas frontales (frisas) : situadas en el mismo nivel que la pista desfile y est\u00e1n tan cerca, se puede sentir la energ\u00eda que exuda de los manifestantes.<\/p>\n<h3><strong>ENTRADAS RIO CARNAVAL &#8211; \u00a0<span style=\"color: #ff6600;\">PRESIDENTE NUMERADAS<\/span><\/strong><\/h3>\n<p style=\"text-align: justify;\">Otros nombres: Sillas numeradas, Cadeiras de pista, Sillas de Asignaci\u00f3n. Las sillas asignados solamente se encuentran en el sector 12 o 13 (parte final del Samb\u00f3dromo). Son asequibles moras de minas a cielo abierto y de gente como ellos, porque son asientos numerados. Frente a los 2 PRIMEROS lechas, de las sillas asignadas encontrar\u00e1 cajas abiertas para el sector de 12\/13.<\/p>\n<h3><strong>ENTRADAS CARNAVAL RIO &#8211; <span style=\"color: #ff6600;\">LUXURY SUITES<\/span><\/strong><\/h3>\n<p style=\"text-align: justify;\">Camarote VIP (entradas VIP) : otorga acceso a la suite de interior decorado, adem\u00e1s de servicios VIP que incluyen un buffet, un bar abierto, del servicio de catering y eventos especiales.<\/p>\n<h3><strong>ENTRADAS CARNAVAL RIO &#8211; <span style=\"color: #ff6600;\">SUPER VIP LOUNGE<\/span><\/strong><\/h3>\n<p style=\"text-align: justify;\">Otros nombres: Super Salas Vip Suites cubiertos, camarotes S\u00faper<br \/>\nLos camarotes S\u00faper son enormes \u00e1reas de m\u00e1s de 600 cien personas por lo general usted tiene 2 plantas y ofrece servicio de todo incluido (VIP Buffet, Transfer in \/ out, bar abierto) y muchas atracciones tales como Spa, maquillaje centro de belleza, espect\u00e1culos en vivo en los descansos y Djs. Todos los camarotes S\u00faper tiene un \u00e1rea en el primer piso llamados &#8220;salones&#8221;, donde se puede ver el desfile de samba muy cerca de la avenida (donde se supone que las cajas abiertas). S\u00faper VIP Salas VIP rect\u00e1ngulos son cubiertos experiencia muy divertida y genial. R\u00edo de entradas ofrecen los Super camarotes siguiente forma:\u00a0<a href=\"http:\/\/www.carnavalticketrio.com\/rio-carnival-tickets-sambodrome-2017\/rio-carnival-tickets-super-vip-lounge\/folia-tropical\/\">Folia Tropical,<\/a>\u00a0<a href=\"http:\/\/www.carnavalticketrio.com\/rio-carnival-tickets-sambodrome-2017\/rio-carnival-tickets-super-vip-lounge\/samba-carioca\/\">Global Executive<\/a>\u00a0e\u00a0<a href=\"http:\/\/www.carnavalticketrio.com\/rio-carnival-tickets-sambodrome-2017\/rio-carnival-tickets-super-vip-lounge\/allegria\">Super Sapucai<\/a>.<\/p>\n<p>&nbsp;<\/p>\n","protected":false},"excerpt":{"rendered":"<p>Garanta sus entradas para el Carnaval Samb\u00f3dromo de R\u00edo de Janeiro. Las entradas para el carnaval de R\u00edo son muy disputadas y cada a\u00f1o se agota r\u00e1pidamente &nbsp; Rio Carnaval El evento cultural m\u00e1s importante en Brasil El carnaval es <a href=\"https:\/\/carnival.ticketrio.com.br\/es\/carnaval-de-rio-entradas\/\"><\/p>\n<div class=\"read-more\">\n<p>Read more &#8250;<\/p>\n<\/div>\n<p><!-- end of .read-more --><\/a><\/p>\n","protected":false},"author":1,"featured_media":0,"parent":0,"menu_order":0,"comment_status":"closed","ping_status":"closed","template":"template-main-right.php","meta":{"_exactmetrics_skip_tracking":false,"_exactmetrics_sitenote_active":false,"_exactmetrics_sitenote_note":"","_exactmetrics_sitenote_category":0,"ngg_post_thumbnail":0,"_joinchat":[],"footnotes":""},"class_list":["post-865","page","type-page","status-publish","hentry"],"yoast_head":"<!-- This site is optimized with the Yoast SEO plugin v25.7 - https:\/\/yoast.com\/wordpress\/plugins\/seo\/ -->\n<title>Carnaval de R\u00edo Entradas y Boletos. Rio Carnaval entradas 2018<\/title>\n<meta name=\"description\" content=\"Garanta sus entradas y boletos asegurese un lugar dentro del Carnaval de R\u00edo de Janeiro Samb\u00f3dromo. Rio Carnaval entradas 2018\" \/>\n<meta name=\"robots\" content=\"index, follow, max-snippet:-1, max-image-preview:large, max-video-preview:-1\" \/>\n<link rel=\"canonical\" href=\"https:\/\/carnival.ticketrio.com.br\/es\/carnaval-de-rio-entradas\/\" \/>\n<meta property=\"og:locale\" content=\"es_ES\" \/>\n<meta property=\"og:type\" content=\"article\" \/>\n<meta property=\"og:title\" content=\"Carnaval de R\u00edo Entradas y Boletos. Rio Carnaval entradas 2018\" \/>\n<meta property=\"og:description\" content=\"Garanta sus entradas y boletos asegurese un lugar dentro del Carnaval de R\u00edo de Janeiro Samb\u00f3dromo. Rio Carnaval entradas 2018\" \/>\n<meta property=\"og:url\" content=\"https:\/\/carnival.ticketrio.com.br\/es\/carnaval-de-rio-entradas\/\" \/>\n<meta property=\"og:site_name\" content=\"Ticket Rio - Billets Rio Carnaval, Tickets for Rio Carnival, Comprar Boletos Carnaval Rio, Rio Carnival Tickets. Karneval Rio Tickets, Rio Carnevale Biglietti, Rio de Janeiro Carnival Tickets Sambadrome. Boletos Carnaval R\u00edo.\" \/>\n<meta property=\"article:publisher\" content=\"https:\/\/www.facebook.com\/ticketrio\/?fref=nf\" \/>\n<meta property=\"article:modified_time\" content=\"2017-08-02T19:10:18+00:00\" \/>\n<meta property=\"og:image\" content=\"https:\/\/carnival-ticketrio.com\/wp-content\/uploads\/2016\/12\/tribunas-185x300.jpg\" \/>\n<meta name=\"twitter:card\" content=\"summary_large_image\" \/>\n<meta name=\"twitter:site\" content=\"@carnavalticket\" \/>\n<meta name=\"twitter:label1\" content=\"Tiempo de lectura\" \/>\n\t<meta name=\"twitter:data1\" content=\"3 minutos\" \/>\n<!-- \/ Yoast SEO plugin. -->","yoast_head_json":{"title":"Carnaval de R\u00edo Entradas y Boletos. Rio Carnaval entradas 2018","description":"Garanta sus entradas y boletos asegurese un lugar dentro del Carnaval de R\u00edo de Janeiro Samb\u00f3dromo. Rio Carnaval entradas 2018","robots":{"index":"index","follow":"follow","max-snippet":"max-snippet:-1","max-image-preview":"max-image-preview:large","max-video-preview":"max-video-preview:-1"},"canonical":"https:\/\/carnival.ticketrio.com.br\/es\/carnaval-de-rio-entradas\/","og_locale":"es_ES","og_type":"article","og_title":"Carnaval de R\u00edo Entradas y Boletos. Rio Carnaval entradas 2018","og_description":"Garanta sus entradas y boletos asegurese un lugar dentro del Carnaval de R\u00edo de Janeiro Samb\u00f3dromo. Rio Carnaval entradas 2018","og_url":"https:\/\/carnival.ticketrio.com.br\/es\/carnaval-de-rio-entradas\/","og_site_name":"Ticket Rio - Billets Rio Carnaval, Tickets for Rio Carnival, Comprar Boletos Carnaval Rio, Rio Carnival Tickets. Karneval Rio Tickets, Rio Carnevale Biglietti, Rio de Janeiro Carnival Tickets Sambadrome. Boletos Carnaval R\u00edo.","article_publisher":"https:\/\/www.facebook.com\/ticketrio\/?fref=nf","article_modified_time":"2017-08-02T19:10:18+00:00","og_image":[{"url":"https:\/\/carnival-ticketrio.com\/wp-content\/uploads\/2016\/12\/tribunas-185x300.jpg","type":"","width":"","height":""}],"twitter_card":"summary_large_image","twitter_site":"@carnavalticket","twitter_misc":{"Tiempo de lectura":"3 minutos"},"schema":{"@context":"https:\/\/schema.org","@graph":[{"@type":"WebPage","@id":"https:\/\/carnival.ticketrio.com.br\/es\/carnaval-de-rio-entradas\/","url":"https:\/\/carnival.ticketrio.com.br\/es\/carnaval-de-rio-entradas\/","name":"Carnaval de R\u00edo Entradas y Boletos. Rio Carnaval entradas 2018","isPartOf":{"@id":"https:\/\/carnival.ticketrio.com.br\/#website"},"primaryImageOfPage":{"@id":"https:\/\/carnival.ticketrio.com.br\/es\/carnaval-de-rio-entradas\/#primaryimage"},"image":{"@id":"https:\/\/carnival.ticketrio.com.br\/es\/carnaval-de-rio-entradas\/#primaryimage"},"thumbnailUrl":"https:\/\/carnival-ticketrio.com\/wp-content\/uploads\/2016\/12\/tribunas-185x300.jpg","datePublished":"2016-11-25T20:41:56+00:00","dateModified":"2017-08-02T19:10:18+00:00","description":"Garanta sus entradas y boletos asegurese un lugar dentro del Carnaval de R\u00edo de Janeiro Samb\u00f3dromo. Rio Carnaval entradas 2018","breadcrumb":{"@id":"https:\/\/carnival.ticketrio.com.br\/es\/carnaval-de-rio-entradas\/#breadcrumb"},"inLanguage":"es","potentialAction":[{"@type":"ReadAction","target":["https:\/\/carnival.ticketrio.com.br\/es\/carnaval-de-rio-entradas\/"]}]},{"@type":"ImageObject","inLanguage":"es","@id":"https:\/\/carnival.ticketrio.com.br\/es\/carnaval-de-rio-entradas\/#primaryimage","url":"https:\/\/carnival-ticketrio.com\/wp-content\/uploads\/2016\/12\/tribunas-185x300.jpg","contentUrl":"https:\/\/carnival-ticketrio.com\/wp-content\/uploads\/2016\/12\/tribunas-185x300.jpg"},{"@type":"BreadcrumbList","@id":"https:\/\/carnival.ticketrio.com.br\/es\/carnaval-de-rio-entradas\/#breadcrumb","itemListElement":[{"@type":"ListItem","position":1,"name":"Home","item":"https:\/\/carnival.ticketrio.com.br\/es\/entradas-carnavales\/"},{"@type":"ListItem","position":2,"name":"Carnaval de R\u00edo Entradas"}]},{"@type":"WebSite","@id":"https:\/\/carnival.ticketrio.com.br\/#website","url":"https:\/\/carnival.ticketrio.com.br\/","name":"Ticket Rio - Billets Rio Carnaval, Tickets for Rio Carnival, Comprar Boletos Carnaval Rio, Rio Carnival Tickets. Karneval Rio Tickets, Rio Carnevale Biglietti, Rio de Janeiro Carnival Tickets Sambadrome. Boletos Carnaval R\u00edo.","description":"Rio carnival parade tickets sambadrome 2026. Acheter billets Rio Carnaval. Comprar Boletos Rio Carnaval boletos Carnevale di Rio biglietti Karneval Rio de Janeiro Carnaval tickets 2026. Boletos Carnaval R\u00edo. Rio de Janeiro Carnival Tickets. Tickets Rio Carnival Sambadrome.","publisher":{"@id":"https:\/\/carnival.ticketrio.com.br\/#organization"},"potentialAction":[{"@type":"SearchAction","target":{"@type":"EntryPoint","urlTemplate":"https:\/\/carnival.ticketrio.com.br\/?s={search_term_string}"},"query-input":{"@type":"PropertyValueSpecification","valueRequired":true,"valueName":"search_term_string"}}],"inLanguage":"es"},{"@type":"Organization","@id":"https:\/\/carnival.ticketrio.com.br\/#organization","name":"Rio Carnaval billet 2018 - Rio Carnaval Entradas, Rio Carnaval Billets, Rio Karneval Tickets, Rio Carnival Parade Sambadrome Tickets","url":"https:\/\/carnival.ticketrio.com.br\/","logo":{"@type":"ImageObject","inLanguage":"es","@id":"https:\/\/carnival.ticketrio.com.br\/#\/schema\/logo\/image\/","url":"https:\/\/carnival-ticketrio.com\/wp-content\/uploads\/2016\/10\/ticket01-e1476303239999.png","contentUrl":"https:\/\/carnival-ticketrio.com\/wp-content\/uploads\/2016\/10\/ticket01-e1476303239999.png","width":200,"height":99,"caption":"Rio Carnaval billet 2018 - Rio Carnaval Entradas, Rio Carnaval Billets, Rio Karneval Tickets, Rio Carnival Parade Sambadrome Tickets"},"image":{"@id":"https:\/\/carnival.ticketrio.com.br\/#\/schema\/logo\/image\/"},"sameAs":["https:\/\/www.facebook.com\/ticketrio\/?fref=nf","https:\/\/x.com\/carnavalticket","https:\/\/www.youtube.com\/watch?v=iApTAnu9-ho"]}]}},"_links":{"self":[{"href":"https:\/\/carnival.ticketrio.com.br\/es\/wp-json\/wp\/v2\/pages\/865","targetHints":{"allow":["GET"]}}],"collection":[{"href":"https:\/\/carnival.ticketrio.com.br\/es\/wp-json\/wp\/v2\/pages"}],"about":[{"href":"https:\/\/carnival.ticketrio.com.br\/es\/wp-json\/wp\/v2\/types\/page"}],"author":[{"embeddable":true,"href":"https:\/\/carnival.ticketrio.com.br\/es\/wp-json\/wp\/v2\/users\/1"}],"replies":[{"embeddable":true,"href":"https:\/\/carnival.ticketrio.com.br\/es\/wp-json\/wp\/v2\/comments?post=865"}],"version-history":[{"count":13,"href":"https:\/\/carnival.ticketrio.com.br\/es\/wp-json\/wp\/v2\/pages\/865\/revisions"}],"predecessor-version":[{"id":1677,"href":"https:\/\/carnival.ticketrio.com.br\/es\/wp-json\/wp\/v2\/pages\/865\/revisions\/1677"}],"wp:attachment":[{"href":"https:\/\/carnival.ticketrio.com.br\/es\/wp-json\/wp\/v2\/media?parent=865"}],"curies":[{"name":"wp","href":"https:\/\/api.w.org\/{rel}","templated":true}]}}