{"id":1046,"date":"2016-12-08T02:46:29","date_gmt":"2016-12-08T02:46:29","guid":{"rendered":"https:\/\/carnival-ticketrio.com\/?page_id=1046"},"modified":"2023-01-23T03:08:00","modified_gmt":"2023-01-23T03:08:00","slug":"carnaval-rio-ingressos-sambodromo-rio","status":"publish","type":"page","link":"https:\/\/carnival.ticketrio.com.br\/pt\/carnaval-rio-ingressos-sambodromo-rio\/","title":{"rendered":"Ingressos Carnaval Rio"},"content":{"rendered":"<h2>Ingressos Samb\u00f3dromo Rio Carnaval&nbsp;<\/h2>\n<h2><span class=\"sub-title\">Garanta aqui o seu&nbsp;<a href=\"http:\/\/loja.ticketrio.com.br\">ingressos para o Carnaval<\/a> Samb\u00f3dromo do Rio de Janeiro. Os ingressos para o samb\u00f3dromo RJ se esgotam rapidamente todo ano.<\/span><\/h2>\n<h2><span class=\"sub-title\"><span class=\"goog-text-highlight\"><br \/>\nO evento cultural mais importante do Brasil<\/span><\/span><\/h2>\n<p data-meaningful=\"true\">O carnaval do Rio \u00e9, na verdade, o evento cultural mais importante do Brasil, e o local Samb\u00f3dromo &#8211; onde o desfile oficial do carnaval acontece &#8211; \u00e9 o epicentro do carnaval no Brasil. Os Ingressos do Samb\u00f3dromo s\u00e3o vendidos para diversos setores e tipos de assentos, proporcionando uma variedade de op\u00e7\u00f5es e pre\u00e7os para assistir ao desfile.<\/p>\n<h2><span class=\"sub-title\">5 Dias espectaculares de Muito Samba e Anima\u00e7\u00e3o<\/span><\/h2>\n<p style=\"text-align: justify;\">Existem muitas escolas de samba no Brasil, e apenas as melhores desfilam no Samb\u00f3dromo do Rio. As Escolas s\u00e3o distribu\u00eddos em grupos que competem entre si. Cada um destes grupos tem de 6 a 14 Escolas de Samba. O Grupo Especial \u00e9 o mais avan\u00e7ado. Grupo A e B seguintes concorrem para estar no Grupo Especial.<\/p>\n<p style=\"text-align: justify;\">A escola que ganha em seu grupo ser\u00e1 promovido imediatamente para o grupo superior. Da mesma forma, as escolas que recebem o grau mais baixo em seus grupos s\u00e3o rebaixados para o grupo inferior. Portanto, todas as escolas se esfor\u00e7am para melhorar suas posi\u00e7\u00f5es dentro do concurso geral e para se tornar campe\u00e3s. O vencedor do carnaval \u00e9 o Campe\u00e3 do Grupo Especial. As 6 melhores escolas voltam a desfilar no s\u00e1bado seguinte do Carnaval.<\/p>\n<h2><span class=\"sub-title\">Datas de carnaval<\/span><\/h2>\n<p>O desfile de carnaval acontece no Samb\u00f3dromo, no Rio de Janeiro, a partir de sexta-feira at\u00e9 a pr\u00f3xima segunda-feira. &nbsp;O desfile das Campe\u00e3s acontece no s\u00e1bado seguinte ao Carnaval.<\/p>\n<h2 style=\"text-align: justify;\"><strong>S\u00e3o 5 tipos de Ingressos de Carnaval:<br \/>\n<\/strong><\/h2>\n<p><a href=\"http:\/\/www.carnavalticketrio.com\"><img loading=\"lazy\" decoding=\"async\" class=\"alignnone size-medium wp-image-971\" src=\"https:\/\/carnival-ticketrio.com\/wp-content\/uploads\/2016\/11\/ARQUIBANCADAS2-185x300.jpg\" rel='magnific' alt=\"arquibancadas2\" width=\"185\" height=\"300\" srcset=\"https:\/\/carnival.ticketrio.com.br\/wp-content\/uploads\/2016\/11\/ARQUIBANCADAS2-185x300.jpg 185w, https:\/\/carnival.ticketrio.com.br\/wp-content\/uploads\/2016\/11\/ARQUIBANCADAS2.jpg 221w\" sizes=\"auto, (max-width: 185px) 100vw, 185px\" \/><\/a>&nbsp;<a href=\"http:\/\/www.carnavalticketrio.com\"><img loading=\"lazy\" decoding=\"async\" class=\"alignnone size-medium wp-image-970\" src=\"https:\/\/carnival-ticketrio.com\/wp-content\/uploads\/2016\/11\/CADEIRAS2-185x300.jpg\" rel='magnific' alt=\"cadeiras2\" width=\"185\" height=\"300\" srcset=\"https:\/\/carnival.ticketrio.com.br\/wp-content\/uploads\/2016\/11\/CADEIRAS2-185x300.jpg 185w, https:\/\/carnival.ticketrio.com.br\/wp-content\/uploads\/2016\/11\/CADEIRAS2.jpg 221w\" sizes=\"auto, (max-width: 185px) 100vw, 185px\" \/><\/a>&nbsp;<a href=\"http:\/\/www.carnavalticketrio.com\"><img loading=\"lazy\" decoding=\"async\" class=\"alignnone size-medium wp-image-969\" src=\"https:\/\/carnival-ticketrio.com\/wp-content\/uploads\/2016\/11\/FRISAS2-185x300.jpg\" rel='magnific' alt=\"frisas2\" width=\"185\" height=\"300\" srcset=\"https:\/\/carnival.ticketrio.com.br\/wp-content\/uploads\/2016\/11\/FRISAS2-185x300.jpg 185w, https:\/\/carnival.ticketrio.com.br\/wp-content\/uploads\/2016\/11\/FRISAS2.jpg 221w\" sizes=\"auto, (max-width: 185px) 100vw, 185px\" \/><\/a>&nbsp;<a href=\"http:\/\/www.carnavalticketrio.com\"><img loading=\"lazy\" decoding=\"async\" class=\"alignnone size-medium wp-image-967\" src=\"https:\/\/carnival-ticketrio.com\/wp-content\/uploads\/2016\/11\/supercamarote-185x300.jpg\" rel='magnific' alt=\"supercamarote\" width=\"185\" height=\"300\" srcset=\"https:\/\/carnival.ticketrio.com.br\/wp-content\/uploads\/2016\/11\/supercamarote-185x300.jpg 185w, https:\/\/carnival.ticketrio.com.br\/wp-content\/uploads\/2016\/11\/supercamarote.jpg 221w\" sizes=\"auto, (max-width: 185px) 100vw, 185px\" \/>&nbsp;<img loading=\"lazy\" decoding=\"async\" class=\"alignnone size-medium wp-image-968\" src=\"https:\/\/carnival-ticketrio.com\/wp-content\/uploads\/2016\/11\/CAMAROTES2-185x300.jpg\" alt=\"camarotes2\" width=\"185\" height=\"300\" srcset=\"https:\/\/carnival.ticketrio.com.br\/wp-content\/uploads\/2016\/11\/CAMAROTES2-185x300.jpg 185w, https:\/\/carnival.ticketrio.com.br\/wp-content\/uploads\/2016\/11\/CAMAROTES2.jpg 221w\" sizes=\"auto, (max-width: 185px) 100vw, 185px\" \/><\/a><\/p>\n<h3><a href=\"http:\/\/loja.ticketrio.com.br\"><span style=\"color: #2692bd;\"><strong>INGRESSOS DE ARQUIBANCADAS<\/strong><\/span><\/a><\/h3>\n<p>Arquibancadas oferece uma vista magn\u00edfica sobre o desfile de cima a pre\u00e7os mais acess\u00edveis. Localizado no topo de cada setor.<\/p>\n<h3><a href=\"http:\/\/loja.ticketrio.com.br\"><span style=\"color: #2692bd;\"><strong>INGRESSOS DE FRISAS<\/strong><\/span><\/a><\/h3>\n<p>As frisas s\u00e3o localizadas no mesmo n\u00edvel do desfile e s\u00e3o composta por um box fechado com seis assentos, que podem ser comprados individualmente ou completo. S\u00e3o 4 filas, A, B, C e D. A fila A \u00e9 coladas na avenida e por tanto a mais pr\u00f3xima do desfile, mas todas possuem um step mais alto que a fila na frente proporcionando um \u00f3tima vis\u00e3o do desfile.<\/p>\n<h3><a href=\"http:\/\/loja.ticketrio.com.br\"><span style=\"color: #2692bd;\"><strong>INGRESSOS DE CADEIRA DE PISTA<\/strong><\/span><\/a><\/h3>\n<p>Os \u00fanicos assentos localizados somente no setor 12 ou 13 (final do Samb\u00f3dromo). Eles s\u00e3o queridos por muitos clientes pois tem pre\u00e7os acess\u00edveis e possuem lugar marcado.<\/p>\n<h3><a href=\"http:\/\/loja.ticketrio.com.br\"><span style=\"color: #2692bd;\"><strong>INGRESSOS DE CAMAROTE<\/strong><\/span><\/a><\/h3>\n<p>Al\u00e9m de servi\u00e7os VIP, incluindo um buffet completo, open bar, &nbsp;TV de Led e Ar condicionado. Contam com transfer exclusivo para o samb\u00f3dromo. S\u00e3o localizados em diversos setores no n\u00edvel 1 (para 15 pessoas) ou n\u00edvel 2 (para 18 pessoas, com varanda). Estes camarotes tradicionais s\u00e3o muito utilizados por empresas para eventos corporativos ou grupos\/ pessoas que desejam maior privacidade.<\/p>\n<h3><a href=\"http:\/\/loja.ticketrio.com.br\"><span style=\"color: #2692bd;\"><strong>INGRESSOS DE SUPER CAMAROTE LOUNGE&nbsp;<\/strong><\/span><\/a><\/h3>\n<p>Os Super camarotes Lounges s\u00e3o enormes \u00e1reas que comportam mais de de 600 pessoas, &nbsp;geralmente com 2 andares, onde s\u00e3o oferecidos diversos servi\u00e7os adicionais que um camarote tradicional n\u00e3o disp\u00f5e.<br \/>\nServi\u00e7os all-inclusive como Buffet VIP, transfer in \/ out samb\u00f3dromo, open bar e muitas atra\u00e7\u00f5es, como Spa (massagem), centro de beleza, shows ao vivo nos intervalos e Djs que animam o camarote a noite toda. No primeiro andar dos super camarotes voc\u00ea vai encontrara \u00e1rea chamado de Lounge, lugar que seriam as frisas, proporcionando ficar bem pr\u00f3ximo ao desfile. No segundo andar, \u00e9 poss\u00edvel ter uma vis\u00e3o geral e privilegiada dos desfiles.<\/p>\n","protected":false},"excerpt":{"rendered":"<p>Ingressos Samb\u00f3dromo Rio Carnaval&nbsp; Garanta aqui o seu&nbsp;ingressos para o Carnaval Samb\u00f3dromo do Rio de Janeiro. Os ingressos para o samb\u00f3dromo RJ se esgotam rapidamente todo ano. O evento cultural mais importante do Brasil O carnaval do Rio \u00e9, na <a href=\"https:\/\/carnival.ticketrio.com.br\/pt\/carnaval-rio-ingressos-sambodromo-rio\/\"><\/p>\n<div class=\"read-more\">\n<p>Read more &#8250;<\/p>\n<\/div>\n<p><!-- end of .read-more --><\/a><\/p>\n","protected":false},"author":1,"featured_media":0,"parent":0,"menu_order":0,"comment_status":"closed","ping_status":"closed","template":"template-main-right.php","meta":{"_exactmetrics_skip_tracking":false,"_exactmetrics_sitenote_active":false,"_exactmetrics_sitenote_note":"","_exactmetrics_sitenote_category":0,"ngg_post_thumbnail":0,"_joinchat":[],"footnotes":""},"class_list":["post-1046","page","type-page","status-publish","hentry"],"yoast_head":"<!-- This site is optimized with the Yoast SEO plugin v25.7 - https:\/\/yoast.com\/wordpress\/plugins\/seo\/ -->\n<title>Ingressos samb\u00f3dromo rio. Ingressos Carnaval samb\u00f3dromo rj.<\/title>\n<meta name=\"description\" content=\"Comprar ingressos para o samb\u00f3dromo do rio. Ingressos carnaval rio. Ingressos arquibancadas carnaval, frisas carnaval, camarote carnaval.\" \/>\n<meta name=\"robots\" content=\"index, follow, max-snippet:-1, max-image-preview:large, max-video-preview:-1\" \/>\n<link rel=\"canonical\" href=\"https:\/\/carnival.ticketrio.com.br\/pt\/carnaval-rio-ingressos-sambodromo-rio\/\" \/>\n<meta property=\"og:locale\" content=\"fr_FR\" \/>\n<meta property=\"og:type\" content=\"article\" \/>\n<meta property=\"og:title\" content=\"Ingressos samb\u00f3dromo rio. Ingressos Carnaval samb\u00f3dromo rj.\" \/>\n<meta property=\"og:description\" content=\"Comprar ingressos para o samb\u00f3dromo do rio. Ingressos carnaval rio. Ingressos arquibancadas carnaval, frisas carnaval, camarote carnaval.\" \/>\n<meta property=\"og:url\" content=\"https:\/\/carnival.ticketrio.com.br\/pt\/carnaval-rio-ingressos-sambodromo-rio\/\" \/>\n<meta property=\"og:site_name\" content=\"Ticket Rio - Billets Rio Carnaval, Tickets for Rio Carnival, Comprar Boletos Carnaval Rio, Rio Carnival Tickets. Karneval Rio Tickets, Rio Carnevale Biglietti, Rio de Janeiro Carnival Tickets Sambadrome. Boletos Carnaval R\u00edo.\" \/>\n<meta property=\"article:publisher\" content=\"https:\/\/www.facebook.com\/ticketrio\/?fref=nf\" \/>\n<meta property=\"article:modified_time\" content=\"2023-01-23T03:08:00+00:00\" \/>\n<meta property=\"og:image\" content=\"https:\/\/carnival-ticketrio.com\/wp-content\/uploads\/2016\/11\/ARQUIBANCADAS2-185x300.jpg\" \/>\n<meta name=\"twitter:card\" content=\"summary_large_image\" \/>\n<meta name=\"twitter:site\" content=\"@carnavalticket\" \/>\n<meta name=\"twitter:label1\" content=\"Dur\u00e9e de lecture estim\u00e9e\" \/>\n\t<meta name=\"twitter:data1\" content=\"3 minutes\" \/>\n<!-- \/ Yoast SEO plugin. -->","yoast_head_json":{"title":"Ingressos samb\u00f3dromo rio. Ingressos Carnaval samb\u00f3dromo rj.","description":"Comprar ingressos para o samb\u00f3dromo do rio. Ingressos carnaval rio. Ingressos arquibancadas carnaval, frisas carnaval, camarote carnaval.","robots":{"index":"index","follow":"follow","max-snippet":"max-snippet:-1","max-image-preview":"max-image-preview:large","max-video-preview":"max-video-preview:-1"},"canonical":"https:\/\/carnival.ticketrio.com.br\/pt\/carnaval-rio-ingressos-sambodromo-rio\/","og_locale":"fr_FR","og_type":"article","og_title":"Ingressos samb\u00f3dromo rio. Ingressos Carnaval samb\u00f3dromo rj.","og_description":"Comprar ingressos para o samb\u00f3dromo do rio. Ingressos carnaval rio. Ingressos arquibancadas carnaval, frisas carnaval, camarote carnaval.","og_url":"https:\/\/carnival.ticketrio.com.br\/pt\/carnaval-rio-ingressos-sambodromo-rio\/","og_site_name":"Ticket Rio - Billets Rio Carnaval, Tickets for Rio Carnival, Comprar Boletos Carnaval Rio, Rio Carnival Tickets. Karneval Rio Tickets, Rio Carnevale Biglietti, Rio de Janeiro Carnival Tickets Sambadrome. Boletos Carnaval R\u00edo.","article_publisher":"https:\/\/www.facebook.com\/ticketrio\/?fref=nf","article_modified_time":"2023-01-23T03:08:00+00:00","og_image":[{"url":"https:\/\/carnival-ticketrio.com\/wp-content\/uploads\/2016\/11\/ARQUIBANCADAS2-185x300.jpg","type":"","width":"","height":""}],"twitter_card":"summary_large_image","twitter_site":"@carnavalticket","twitter_misc":{"Dur\u00e9e de lecture estim\u00e9e":"3 minutes"},"schema":{"@context":"https:\/\/schema.org","@graph":[{"@type":"WebPage","@id":"https:\/\/carnival.ticketrio.com.br\/pt\/carnaval-rio-ingressos-sambodromo-rio\/","url":"https:\/\/carnival.ticketrio.com.br\/pt\/carnaval-rio-ingressos-sambodromo-rio\/","name":"Ingressos samb\u00f3dromo rio. Ingressos Carnaval samb\u00f3dromo rj.","isPartOf":{"@id":"https:\/\/carnival.ticketrio.com.br\/#website"},"primaryImageOfPage":{"@id":"https:\/\/carnival.ticketrio.com.br\/pt\/carnaval-rio-ingressos-sambodromo-rio\/#primaryimage"},"image":{"@id":"https:\/\/carnival.ticketrio.com.br\/pt\/carnaval-rio-ingressos-sambodromo-rio\/#primaryimage"},"thumbnailUrl":"https:\/\/carnival-ticketrio.com\/wp-content\/uploads\/2016\/11\/ARQUIBANCADAS2-185x300.jpg","datePublished":"2016-12-08T02:46:29+00:00","dateModified":"2023-01-23T03:08:00+00:00","description":"Comprar ingressos para o samb\u00f3dromo do rio. Ingressos carnaval rio. Ingressos arquibancadas carnaval, frisas carnaval, camarote carnaval.","breadcrumb":{"@id":"https:\/\/carnival.ticketrio.com.br\/pt\/carnaval-rio-ingressos-sambodromo-rio\/#breadcrumb"},"inLanguage":"fr-FR","potentialAction":[{"@type":"ReadAction","target":["https:\/\/carnival.ticketrio.com.br\/pt\/carnaval-rio-ingressos-sambodromo-rio\/"]}]},{"@type":"ImageObject","inLanguage":"fr-FR","@id":"https:\/\/carnival.ticketrio.com.br\/pt\/carnaval-rio-ingressos-sambodromo-rio\/#primaryimage","url":"https:\/\/carnival-ticketrio.com\/wp-content\/uploads\/2016\/11\/ARQUIBANCADAS2-185x300.jpg","contentUrl":"https:\/\/carnival-ticketrio.com\/wp-content\/uploads\/2016\/11\/ARQUIBANCADAS2-185x300.jpg"},{"@type":"BreadcrumbList","@id":"https:\/\/carnival.ticketrio.com.br\/pt\/carnaval-rio-ingressos-sambodromo-rio\/#breadcrumb","itemListElement":[{"@type":"ListItem","position":1,"name":"Home","item":"https:\/\/carnival.ticketrio.com.br\/fr\/rio-carnaval-billets\/"},{"@type":"ListItem","position":2,"name":"Ingressos Carnaval Rio"}]},{"@type":"WebSite","@id":"https:\/\/carnival.ticketrio.com.br\/#website","url":"https:\/\/carnival.ticketrio.com.br\/","name":"Ticket Rio - Billets Rio Carnaval, Tickets for Rio Carnival, Comprar Boletos Carnaval Rio, Rio Carnival Tickets. Karneval Rio Tickets, Rio Carnevale Biglietti, Rio de Janeiro Carnival Tickets Sambadrome. Boletos Carnaval R\u00edo.","description":"Rio carnival parade tickets sambadrome 2026. Acheter billets Rio Carnaval. Comprar Boletos Rio Carnaval boletos Carnevale di Rio biglietti Karneval Rio de Janeiro Carnaval tickets 2026. Boletos Carnaval R\u00edo. Rio de Janeiro Carnival Tickets. Tickets Rio Carnival Sambadrome.","publisher":{"@id":"https:\/\/carnival.ticketrio.com.br\/#organization"},"potentialAction":[{"@type":"SearchAction","target":{"@type":"EntryPoint","urlTemplate":"https:\/\/carnival.ticketrio.com.br\/?s={search_term_string}"},"query-input":{"@type":"PropertyValueSpecification","valueRequired":true,"valueName":"search_term_string"}}],"inLanguage":"fr-FR"},{"@type":"Organization","@id":"https:\/\/carnival.ticketrio.com.br\/#organization","name":"Rio Carnaval billet 2018 - Rio Carnaval Entradas, Rio Carnaval Billets, Rio Karneval Tickets, Rio Carnival Parade Sambadrome Tickets","url":"https:\/\/carnival.ticketrio.com.br\/","logo":{"@type":"ImageObject","inLanguage":"fr-FR","@id":"https:\/\/carnival.ticketrio.com.br\/#\/schema\/logo\/image\/","url":"https:\/\/carnival-ticketrio.com\/wp-content\/uploads\/2016\/10\/ticket01-e1476303239999.png","contentUrl":"https:\/\/carnival-ticketrio.com\/wp-content\/uploads\/2016\/10\/ticket01-e1476303239999.png","width":200,"height":99,"caption":"Rio Carnaval billet 2018 - Rio Carnaval Entradas, Rio Carnaval Billets, Rio Karneval Tickets, Rio Carnival Parade Sambadrome Tickets"},"image":{"@id":"https:\/\/carnival.ticketrio.com.br\/#\/schema\/logo\/image\/"},"sameAs":["https:\/\/www.facebook.com\/ticketrio\/?fref=nf","https:\/\/x.com\/carnavalticket","https:\/\/www.youtube.com\/watch?v=iApTAnu9-ho"]}]}},"_links":{"self":[{"href":"https:\/\/carnival.ticketrio.com.br\/fr\/wp-json\/wp\/v2\/pages\/1046","targetHints":{"allow":["GET"]}}],"collection":[{"href":"https:\/\/carnival.ticketrio.com.br\/fr\/wp-json\/wp\/v2\/pages"}],"about":[{"href":"https:\/\/carnival.ticketrio.com.br\/fr\/wp-json\/wp\/v2\/types\/page"}],"author":[{"embeddable":true,"href":"https:\/\/carnival.ticketrio.com.br\/fr\/wp-json\/wp\/v2\/users\/1"}],"replies":[{"embeddable":true,"href":"https:\/\/carnival.ticketrio.com.br\/fr\/wp-json\/wp\/v2\/comments?post=1046"}],"version-history":[{"count":2,"href":"https:\/\/carnival.ticketrio.com.br\/fr\/wp-json\/wp\/v2\/pages\/1046\/revisions"}],"predecessor-version":[{"id":1860,"href":"https:\/\/carnival.ticketrio.com.br\/fr\/wp-json\/wp\/v2\/pages\/1046\/revisions\/1860"}],"wp:attachment":[{"href":"https:\/\/carnival.ticketrio.com.br\/fr\/wp-json\/wp\/v2\/media?parent=1046"}],"curies":[{"name":"wp","href":"https:\/\/api.w.org\/{rel}","templated":true}]}}