{"id":395,"date":"2016-10-31T22:18:45","date_gmt":"2016-10-31T22:18:45","guid":{"rendered":"https:\/\/carnival-ticketrio.com\/?page_id=395"},"modified":"2025-08-22T13:51:13","modified_gmt":"2025-08-22T13:51:13","slug":"rio-carnaval-billets","status":"publish","type":"page","link":"https:\/\/carnival.ticketrio.com.br\/fr\/rio-carnaval-billets\/","title":{"rendered":"Carnaval Rio Billets"},"content":{"rendered":"<h1>Ticket Rio Carnaval 2026<\/h1>\n<h2>Un des plus grand vendeur de billets pour Rio de Janeiro Carnaval Sambadrome D\u00e9fil\u00e9 de Samba<\/h2>\n<div id=\"panel-0-0-0\" class=\"panel widget widget_text panel-first-child\">\n<div class=\"textwidget\" style=\"text-align: justify;\"><strong><br \/>\nTicket Rio fait partie du Carnaval \u00e0 Rio de Janeiro depuis plus de 10 ans. Notre agence de Voyage sp\u00e9cialis\u00e9e dans la vente des billets pour le Carnaval de Rio au Sambadrome et se trouve dans un magasin dans l&#8217;un des centres commerciaux les plus populaires \u00e0 Barra da Tijuca. Nous vous proposons tous les types de billets pour Sapucai. Notre forfait comprend les dons et toute l&#8217;aide dont vous pourriez avoir besoin. Profitez du plus grand spectacle sur les si\u00e8ges de la tribune de la Terre, des stands, des cabines et des cabines super salon VIP.<\/strong><\/div>\n<\/div>\n<div id=\"panel-0-0-1\" class=\"panel widget widget_button panel-last-child\">&nbsp;<\/div>\n<p><img loading=\"lazy\" decoding=\"async\" class=\"size-medium wp-image-82 alignleft\" src=\"https:\/\/carnival-ticketrio.com\/wp-content\/uploads\/2016\/10\/Frisas-view-with-color-indification-cropped-min-500x500-300x300.jpg\" alt=\"frisas-view-with-color-indification-cropped-min-500x500\" width=\"300\" height=\"300\" srcset=\"https:\/\/carnival.ticketrio.com.br\/wp-content\/uploads\/2016\/10\/Frisas-view-with-color-indification-cropped-min-500x500-300x300.jpg 300w, https:\/\/carnival.ticketrio.com.br\/wp-content\/uploads\/2016\/10\/Frisas-view-with-color-indification-cropped-min-500x500-150x150.jpg 150w, https:\/\/carnival.ticketrio.com.br\/wp-content\/uploads\/2016\/10\/Frisas-view-with-color-indification-cropped-min-500x500.jpg 500w\" sizes=\"auto, (max-width: 300px) 100vw, 300px\" \/><img loading=\"lazy\" decoding=\"async\" class=\"size-medium wp-image-83 alignleft\" src=\"https:\/\/carnival-ticketrio.com\/wp-content\/uploads\/2016\/10\/View-of-Arquibancadas-with-color-indicators-cropped-min-500x500-300x300.jpg\" alt=\"view-of-arquibancadas-with-color-indicators-cropped-min-500x500\" width=\"300\" height=\"300\" srcset=\"https:\/\/carnival.ticketrio.com.br\/wp-content\/uploads\/2016\/10\/View-of-Arquibancadas-with-color-indicators-cropped-min-500x500-300x300.jpg 300w, https:\/\/carnival.ticketrio.com.br\/wp-content\/uploads\/2016\/10\/View-of-Arquibancadas-with-color-indicators-cropped-min-500x500-150x150.jpg 150w, https:\/\/carnival.ticketrio.com.br\/wp-content\/uploads\/2016\/10\/View-of-Arquibancadas-with-color-indicators-cropped-min-500x500.jpg 500w\" sizes=\"auto, (max-width: 300px) 100vw, 300px\" \/><\/p>\n<p style=\"text-align: justify;\">Avec 30 000 participants qui font de la samba le long de la piste d&#8217;un demi-mille, et un espace assez grand pour accueillir plus de 90 000 spectateurs, le Sambadrome est sans aucun doute la plus grande sc\u00e8ne sur terre. Le stade a \u00e9t\u00e9 sp\u00e9cialement con\u00e7u pour la parade de samba au <a href=\"https:\/\/www.carnavalticketrio.com\/\">carnaval de Rio<\/a> avec un certain nombre de secteurs ind\u00e9pendants avec des si\u00e8ges de bo\u00eete et des tribunes des deux c\u00f4t\u00e9s de la piste de d\u00e9fil\u00e9. Pour des raisons vari\u00e9es, le stade est le favori de tous les designers de carnaval, qui gardent le <a href=\"https:\/\/www.carnavalticketrio.com\/rio-carnival-tickets-sambodrome-guide\">Sambadrome<\/a> \u00e0 l&#8217;esprit lors de la cr\u00e9ation de leur th\u00e8me pour le Carnaval. L&#8217;atmosph\u00e8re au Sambadrome sur les nuits de carnaval est vraiment \u00e9lectrisante. Le stade est bien \u00e9clair\u00e9 avec des effets sp\u00e9ciaux, tandis que les acclamations retentissantes des spectateurs et les rythmes palpitants des battements de samba peuvent \u00eatre entendus \u00e0 des milles autour.<\/p>\n<p style=\"text-align: justify;\"><strong>Billets pour Rio Carnival<\/strong><\/p>\n<p>Si\u00e8ges dans le Sambadromo est divis\u00e9 en 5 classe de services fournis. <a href=\"https:\/\/www.carnavalticketrio.com\/rio-carnival-parade-tickets-sambadrome\">Les billets de Sambadrome<\/a> peuvent \u00eatre achet\u00e9s en fonction du budget que vous avez. Tous les types de billets sont bons, mais le choix d\u00e9pend vraiment de ce que vous recherchez. Ci-dessous vous trouverez des informations sur les si\u00e8ges de la tribune, la bo\u00eete de devant, la chaise allou\u00e9e, le VIP Camarotes traditionnel et le salon de Super Camarotes.<\/p>\n<p><img loading=\"lazy\" decoding=\"async\" class=\"size-medium wp-image-117 alignleft\" src=\"https:\/\/carnival-ticketrio.com\/wp-content\/uploads\/2016\/10\/13-300x200.jpg\" alt=\"13\" width=\"300\" height=\"200\" srcset=\"https:\/\/carnival.ticketrio.com.br\/wp-content\/uploads\/2016\/10\/13-300x200.jpg 300w, https:\/\/carnival.ticketrio.com.br\/wp-content\/uploads\/2016\/10\/13-768x513.jpg 768w, https:\/\/carnival.ticketrio.com.br\/wp-content\/uploads\/2016\/10\/13-1024x683.jpg 1024w, https:\/\/carnival.ticketrio.com.br\/wp-content\/uploads\/2016\/10\/13.jpg 1476w\" sizes=\"auto, (max-width: 300px) 100vw, 300px\" \/><img loading=\"lazy\" decoding=\"async\" class=\"size-medium wp-image-111 alignleft\" src=\"https:\/\/carnival-ticketrio.com\/wp-content\/uploads\/2016\/10\/8-300x200.jpg\" alt=\"8\" width=\"300\" height=\"200\" srcset=\"https:\/\/carnival.ticketrio.com.br\/wp-content\/uploads\/2016\/10\/8-300x200.jpg 300w, https:\/\/carnival.ticketrio.com.br\/wp-content\/uploads\/2016\/10\/8-768x513.jpg 768w, https:\/\/carnival.ticketrio.com.br\/wp-content\/uploads\/2016\/10\/8-1024x683.jpg 1024w, https:\/\/carnival.ticketrio.com.br\/wp-content\/uploads\/2016\/10\/8.jpg 1476w\" sizes=\"auto, (max-width: 300px) 100vw, 300px\" \/><\/p>\n<h3>Types de billets<\/h3>\n<p>La premi\u00e8re chose que vous devriez consid\u00e9rer est le<br \/>\nTypes de billets que vous souhaitez acheter. Il existe cinq options:<\/p>\n<p style=\"text-align: justify;\"><strong><br \/>\nSI\u00c8GES tribune<\/strong><br \/>\nAutres noms: Arquibancadas, <a href=\"https:\/\/www.carnavalticketrio.com\/rio-carnival-parade-tickets-sambadrome\/rio-carnival-tickets-grandstand-tickets\">Grandstand Seats<\/a>, Bleachers, Tribune Si\u00e8ges.<br \/>\nLe plus grand vendeur. Grand aper\u00e7u d&#8217;o\u00f9 la plupart des br\u00e9siliens pr\u00e9f\u00e8rent regarder la parade. Tr\u00e8s abordable et passionnant endroit o\u00f9 s\u00e9journer. Pas de si\u00e8ges num\u00e9rot\u00e9s, ce qui signifie que vous devrez tenir votre place toute la nuit. Aussi, c&#8217;est une bonne id\u00e9e d&#8217;obtenir un peu t\u00f4t afin d&#8217;obtenir les meilleurs si\u00e8ges possibles.<\/p>\n<p style=\"text-align: justify;\"><strong><br \/>\nBO\u00ceTES AVANT<\/strong><br \/>\nAutres noms: Bo\u00eetes de devant, Frisas, <a href=\"https:\/\/www.carnavalticketrio.com\/rio-carnival-parade-tickets-sambadrome\/rio-carnival-tickets-open-box-cd\">Front boxes<\/a>, Open Boxes. Frisas sont consid\u00e9r\u00e9s comme les meilleurs si\u00e8ges pour ceux qui se soucient juste de regarder le d\u00e9fil\u00e9. Ils n&#8217;ont pas de service inclus, mais ils sont tr\u00e8s proches de la parade et c&#8217;est des si\u00e8ges num\u00e9rot\u00e9s. Frisas a 4 rang\u00e9es, et le prix d\u00e9pend de chaque ligne que vous obtenez. La rang\u00e9e A est juste \u00e0 c\u00f4t\u00e9 de l&#8217;avenue et la plus ch\u00e8re. Les rang\u00e9es B, C et D ont une \u00e9tape plus \u00e9lev\u00e9e que l&#8217;autre, donc aucune ligne n&#8217;est devant l&#8217;autre (bloquant la vue).<\/p>\n<p><strong>ALLOCATED CHAIRS<\/strong><br \/>\n<img loading=\"lazy\" decoding=\"async\" class=\"size-full wp-image-224 alignleft\" src=\"https:\/\/carnival-ticketrio.com\/wp-content\/uploads\/2016\/10\/Allocated-Chairs_carnival_rio.jpg\" alt=\"allocated-chairs_carnival_rio\" width=\"274\" height=\"240\" \/><\/p>\n<p style=\"text-align: justify;\">Autres noms: <a href=\"https:\/\/www.carnavalticketrio.com\/rio-carnival-parade-tickets-sambadrome\/rio-carnival-ticket-allocated-chair\">Pr\u00e9sident Track<\/a>,<br \/>\nChaises de piste, Chaises assign\u00e9es. Les chaises allou\u00e9es ne sont situ\u00e9s \u00e0 12 ou 13 secteur (partie terminale du Sambadrome). Ils sont plus abordables que la bo\u00eete ouverte et des gens comme eux, car ils sont \u00e9galement des si\u00e8ges num\u00e9rot\u00e9s.<\/p>\n<p style=\"text-align: justify;\"><strong><img loading=\"lazy\" decoding=\"async\" class=\"size-medium wp-image-288 alignright\" src=\"https:\/\/carnival-ticketrio.com\/wp-content\/uploads\/2016\/10\/vip-box-carnival-300x300.jpg\" alt=\"vip-box-carnival\" width=\"300\" height=\"300\" srcset=\"https:\/\/carnival.ticketrio.com.br\/wp-content\/uploads\/2016\/10\/vip-box-carnival-300x300.jpg 300w, https:\/\/carnival.ticketrio.com.br\/wp-content\/uploads\/2016\/10\/vip-box-carnival-150x150.jpg 150w, https:\/\/carnival.ticketrio.com.br\/wp-content\/uploads\/2016\/10\/vip-box-carnival.jpg 373w\" sizes=\"auto, (max-width: 300px) 100vw, 300px\" \/><br \/>\nTHE TRADITIONAL VIP CAMAROTES<br \/>\n<\/strong><\/p>\n<p style=\"text-align: justify;\">Autres noms: <a href=\"https:\/\/www.carnavalticketrio.com\/rio-carnival-parade-tickets-sambadrome\">Luxor couvert Suites<\/a>, Cabines, Suites priv\u00e9es.<br \/>\nLes cabines traditionnelles sont localise dans le premier ou deuxi\u00e8me \u00e9tage du Sambadrome. Le 1er \u00e9tage sont jusqu&#8217;\u00e0 15 personnes et 2\u00e8me \u00e9tage (dispose d&#8217;un balcon) sont jusqu&#8217;\u00e0 18 personnes. Ils sont de petites zones, mais avec service VIP tout compris. Vous pouvez acheter un seul billet et partager le lieu avec d&#8217;autres clients ou acheter toute la bo\u00eete pour votre groupe d&#8217;amis ou de la soci\u00e9t\u00e9. Ils sont plus indiqu\u00e9 pour les personnes qui veulent des services VIP avec la vie priv\u00e9e.<\/p>\n<p style=\"text-align: justify;\"><strong>SUPER CAMAROTES VIP LOUNGE&nbsp;<\/strong><br \/>\nAutres noms: Super salons VIP Suites, super Cabines, <a href=\"https:\/\/www.carnavalticketrio.com\/rio-carnival-parade-tickets-sambadrome\/rio-carnival-tickets-super-vip-lounge\">Super VIP lounges<\/a>.<img loading=\"lazy\" decoding=\"async\" class=\"size-medium wp-image-121 alignleft\" src=\"https:\/\/carnival-ticketrio.com\/wp-content\/uploads\/2016\/10\/global-300x225.jpg\" rel='magnific' alt=\"global\" width=\"300\" height=\"225\" srcset=\"https:\/\/carnival.ticketrio.com.br\/wp-content\/uploads\/2016\/10\/global-300x225.jpg 300w, https:\/\/carnival.ticketrio.com.br\/wp-content\/uploads\/2016\/10\/global-768x576.jpg 768w, https:\/\/carnival.ticketrio.com.br\/wp-content\/uploads\/2016\/10\/global.jpg 960w\" sizes=\"auto, (max-width: 300px) 100vw, 300px\" \/><img loading=\"lazy\" decoding=\"async\" class=\"size-medium wp-image-110 alignright\" src=\"https:\/\/carnival-ticketrio.com\/wp-content\/uploads\/2016\/10\/12651161_968996179804124_6043240267659987745_n-300x169.jpg\" alt=\"12651161_968996179804124_6043240267659987745_n\" width=\"300\" height=\"169\" srcset=\"https:\/\/carnival.ticketrio.com.br\/wp-content\/uploads\/2016\/10\/12651161_968996179804124_6043240267659987745_n-300x169.jpg 300w, https:\/\/carnival.ticketrio.com.br\/wp-content\/uploads\/2016\/10\/12651161_968996179804124_6043240267659987745_n-768x432.jpg 768w, https:\/\/carnival.ticketrio.com.br\/wp-content\/uploads\/2016\/10\/12651161_968996179804124_6043240267659987745_n.jpg 960w\" sizes=\"auto, (max-width: 300px) 100vw, 300px\" \/><br \/>\nLes Super Cabins sont immenses zones pour plus de 700 cents personnes a habituellement 2 \u00e9tages et offre des services tout compris (VIP Buffet, transfert in \/ Out, Open Bar) et de nombreuses attractions telles que Spa, maquillage Centre de beaut\u00e9, des concerts en direct dans les pauses , Djs et autres. Toutes les super Cabins a une superficie au premier \u00e9tage appel\u00e9 &#8220;salons&#8221; o\u00f9 vous pouvez voir le d\u00e9fil\u00e9 de samba tr\u00e8s proche de l&#8217;avenue (o\u00f9 il suppose \u00eatre les bo\u00eetes ouvertes). Super VIP Lounges boxs couverts sont l&#8217;exp\u00e9rience vraiment amusant et grand et il y a aussi une partie de plaisir. Ticket Rio offre le Super Cabins suit: <a href=\"https:\/\/www.carnavalticketrio.com\/rio-carnival-parade-tickets-sambadrome\/rio-carnival-tickets-super-vip-lounge\/folia-tropical\">Folia Tropical,<\/a> <a href=\"https:\/\/www.carnavalticketrio.com\/rio-carnival-parade-tickets-sambadrome\/rio-carnival-tickets-super-vip-lounge\/samba-carioca\">Global Executive<\/a> e <a href=\"https:\/\/www.carnavalticketrio.com\/rio-carnival-parade-tickets-sambadrome\/rio-carnival-tickets-super-vip-lounge\/lounge-carioca\">Lounge Carioca<\/a>.<\/p>\n","protected":false},"excerpt":{"rendered":"<p>Ticket Rio Carnaval 2026 Un des plus grand vendeur de billets pour Rio de Janeiro Carnaval Sambadrome D\u00e9fil\u00e9 de Samba Ticket Rio fait partie du Carnaval \u00e0 Rio de Janeiro depuis plus de 10 ans. Notre agence de Voyage sp\u00e9cialis\u00e9e <a href=\"https:\/\/carnival.ticketrio.com.br\/fr\/rio-carnaval-billets\/\"><\/p>\n<div class=\"read-more\">\n<p>Read more &#8250;<\/p>\n<\/div>\n<p><!-- end of .read-more --><\/a><\/p>\n","protected":false},"author":1,"featured_media":0,"parent":0,"menu_order":0,"comment_status":"closed","ping_status":"closed","template":"template-left-main-right.php","meta":{"_exactmetrics_skip_tracking":false,"_exactmetrics_sitenote_active":false,"_exactmetrics_sitenote_note":"","_exactmetrics_sitenote_category":0,"ngg_post_thumbnail":0,"_joinchat":[],"footnotes":""},"class_list":["post-395","page","type-page","status-publish","hentry"],"yoast_head":"<!-- This site is optimized with the Yoast SEO plugin v25.7 - https:\/\/yoast.com\/wordpress\/plugins\/seo\/ -->\n<title>R\u00e9servez vos billets pour le Sambadrome du Carnaval de Rio de Janeiro, o\u00f9 se d\u00e9roule la Parade Samba. Rio de Janeiro Carnaval billets. Billets Carnaval Rio. Rio carnival tickets. Rio de Janeiro Carnival Tickets.<\/title>\n<meta name=\"description\" content=\"R\u00e9servez vos billets pour le Sambadrome du Carnaval de Rio de Janeiro, o\u00f9 se d\u00e9roule la Parade Samba. Rio de Janeiro Carnaval billets. Billets Carnaval Rio. Rio carnival tickets. Rio de Janeiro Carnival Tickets.\" \/>\n<meta name=\"robots\" content=\"index, follow, max-snippet:-1, max-image-preview:large, max-video-preview:-1\" \/>\n<link rel=\"canonical\" href=\"https:\/\/carnival.ticketrio.com.br\/fr\/rio-carnaval-billets\/\" \/>\n<meta property=\"og:locale\" content=\"fr_FR\" \/>\n<meta property=\"og:type\" content=\"article\" \/>\n<meta property=\"og:title\" content=\"R\u00e9servez vos billets pour le Sambadrome du Carnaval de Rio de Janeiro, o\u00f9 se d\u00e9roule la Parade Samba. Rio de Janeiro Carnaval billets. Billets Carnaval Rio. Rio carnival tickets. Rio de Janeiro Carnival Tickets.\" \/>\n<meta property=\"og:description\" content=\"R\u00e9servez vos billets pour le Sambadrome du Carnaval de Rio de Janeiro, o\u00f9 se d\u00e9roule la Parade Samba. Rio de Janeiro Carnaval billets. Billets Carnaval Rio. Rio carnival tickets. Rio de Janeiro Carnival Tickets.\" \/>\n<meta property=\"og:url\" content=\"https:\/\/carnival.ticketrio.com.br\/fr\/rio-carnaval-billets\/\" \/>\n<meta property=\"og:site_name\" content=\"Ticket Rio - Billets Rio Carnaval, Tickets for Rio Carnival, Comprar Boletos Carnaval Rio, Rio Carnival Tickets. Karneval Rio Tickets, Rio Carnevale Biglietti, Rio de Janeiro Carnival Tickets Sambadrome. Boletos Carnaval R\u00edo.\" \/>\n<meta property=\"article:publisher\" content=\"https:\/\/www.facebook.com\/ticketrio\/?fref=nf\" \/>\n<meta property=\"article:modified_time\" content=\"2025-08-22T13:51:13+00:00\" \/>\n<meta property=\"og:image\" content=\"https:\/\/carnival-ticketrio.com\/wp-content\/uploads\/2016\/10\/Frisas-view-with-color-indification-cropped-min-500x500-300x300.jpg\" \/>\n<meta name=\"twitter:card\" content=\"summary_large_image\" \/>\n<meta name=\"twitter:site\" content=\"@carnavalticket\" \/>\n<meta name=\"twitter:label1\" content=\"Dur\u00e9e de lecture estim\u00e9e\" \/>\n\t<meta name=\"twitter:data1\" content=\"6 minutes\" \/>\n<!-- \/ Yoast SEO plugin. -->","yoast_head_json":{"title":"R\u00e9servez vos billets pour le Sambadrome du Carnaval de Rio de Janeiro, o\u00f9 se d\u00e9roule la Parade Samba. Rio de Janeiro Carnaval billets. Billets Carnaval Rio. Rio carnival tickets. Rio de Janeiro Carnival Tickets.","description":"R\u00e9servez vos billets pour le Sambadrome du Carnaval de Rio de Janeiro, o\u00f9 se d\u00e9roule la Parade Samba. Rio de Janeiro Carnaval billets. Billets Carnaval Rio. Rio carnival tickets. Rio de Janeiro Carnival Tickets.","robots":{"index":"index","follow":"follow","max-snippet":"max-snippet:-1","max-image-preview":"max-image-preview:large","max-video-preview":"max-video-preview:-1"},"canonical":"https:\/\/carnival.ticketrio.com.br\/fr\/rio-carnaval-billets\/","og_locale":"fr_FR","og_type":"article","og_title":"R\u00e9servez vos billets pour le Sambadrome du Carnaval de Rio de Janeiro, o\u00f9 se d\u00e9roule la Parade Samba. Rio de Janeiro Carnaval billets. Billets Carnaval Rio. Rio carnival tickets. Rio de Janeiro Carnival Tickets.","og_description":"R\u00e9servez vos billets pour le Sambadrome du Carnaval de Rio de Janeiro, o\u00f9 se d\u00e9roule la Parade Samba. Rio de Janeiro Carnaval billets. Billets Carnaval Rio. Rio carnival tickets. Rio de Janeiro Carnival Tickets.","og_url":"https:\/\/carnival.ticketrio.com.br\/fr\/rio-carnaval-billets\/","og_site_name":"Ticket Rio - Billets Rio Carnaval, Tickets for Rio Carnival, Comprar Boletos Carnaval Rio, Rio Carnival Tickets. Karneval Rio Tickets, Rio Carnevale Biglietti, Rio de Janeiro Carnival Tickets Sambadrome. Boletos Carnaval R\u00edo.","article_publisher":"https:\/\/www.facebook.com\/ticketrio\/?fref=nf","article_modified_time":"2025-08-22T13:51:13+00:00","og_image":[{"url":"https:\/\/carnival-ticketrio.com\/wp-content\/uploads\/2016\/10\/Frisas-view-with-color-indification-cropped-min-500x500-300x300.jpg","type":"","width":"","height":""}],"twitter_card":"summary_large_image","twitter_site":"@carnavalticket","twitter_misc":{"Dur\u00e9e de lecture estim\u00e9e":"6 minutes"},"schema":{"@context":"https:\/\/schema.org","@graph":[{"@type":"WebPage","@id":"https:\/\/carnival.ticketrio.com.br\/fr\/rio-carnaval-billets\/","url":"https:\/\/carnival.ticketrio.com.br\/fr\/rio-carnaval-billets\/","name":"R\u00e9servez vos billets pour le Sambadrome du Carnaval de Rio de Janeiro, o\u00f9 se d\u00e9roule la Parade Samba. Rio de Janeiro Carnaval billets. Billets Carnaval Rio. Rio carnival tickets. Rio de Janeiro Carnival Tickets.","isPartOf":{"@id":"https:\/\/carnival.ticketrio.com.br\/#website"},"primaryImageOfPage":{"@id":"https:\/\/carnival.ticketrio.com.br\/fr\/rio-carnaval-billets\/#primaryimage"},"image":{"@id":"https:\/\/carnival.ticketrio.com.br\/fr\/rio-carnaval-billets\/#primaryimage"},"thumbnailUrl":"https:\/\/carnival-ticketrio.com\/wp-content\/uploads\/2016\/10\/Frisas-view-with-color-indification-cropped-min-500x500-300x300.jpg","datePublished":"2016-10-31T22:18:45+00:00","dateModified":"2025-08-22T13:51:13+00:00","description":"R\u00e9servez vos billets pour le Sambadrome du Carnaval de Rio de Janeiro, o\u00f9 se d\u00e9roule la Parade Samba. Rio de Janeiro Carnaval billets. Billets Carnaval Rio. Rio carnival tickets. Rio de Janeiro Carnival Tickets.","breadcrumb":{"@id":"https:\/\/carnival.ticketrio.com.br\/fr\/rio-carnaval-billets\/#breadcrumb"},"inLanguage":"fr-FR","potentialAction":[{"@type":"ReadAction","target":["https:\/\/carnival.ticketrio.com.br\/fr\/rio-carnaval-billets\/"]}]},{"@type":"ImageObject","inLanguage":"fr-FR","@id":"https:\/\/carnival.ticketrio.com.br\/fr\/rio-carnaval-billets\/#primaryimage","url":"https:\/\/carnival-ticketrio.com\/wp-content\/uploads\/2016\/10\/Frisas-view-with-color-indification-cropped-min-500x500-300x300.jpg","contentUrl":"https:\/\/carnival-ticketrio.com\/wp-content\/uploads\/2016\/10\/Frisas-view-with-color-indification-cropped-min-500x500-300x300.jpg"},{"@type":"BreadcrumbList","@id":"https:\/\/carnival.ticketrio.com.br\/fr\/rio-carnaval-billets\/#breadcrumb","itemListElement":[{"@type":"ListItem","position":1,"name":"Home","item":"https:\/\/carnival.ticketrio.com.br\/"},{"@type":"ListItem","position":2,"name":"Carnaval Rio Billets"}]},{"@type":"WebSite","@id":"https:\/\/carnival.ticketrio.com.br\/#website","url":"https:\/\/carnival.ticketrio.com.br\/","name":"Ticket Rio - Billets Rio Carnaval, Tickets for Rio Carnival, Comprar Boletos Carnaval Rio, Rio Carnival Tickets. Karneval Rio Tickets, Rio Carnevale Biglietti, Rio de Janeiro Carnival Tickets Sambadrome. Boletos Carnaval R\u00edo.","description":"Rio carnival parade tickets sambadrome 2026. Acheter billets Rio Carnaval. Comprar Boletos Rio Carnaval boletos Carnevale di Rio biglietti Karneval Rio de Janeiro Carnaval tickets 2026. Boletos Carnaval R\u00edo. Rio de Janeiro Carnival Tickets. Tickets Rio Carnival Sambadrome.","publisher":{"@id":"https:\/\/carnival.ticketrio.com.br\/#organization"},"potentialAction":[{"@type":"SearchAction","target":{"@type":"EntryPoint","urlTemplate":"https:\/\/carnival.ticketrio.com.br\/?s={search_term_string}"},"query-input":{"@type":"PropertyValueSpecification","valueRequired":true,"valueName":"search_term_string"}}],"inLanguage":"fr-FR"},{"@type":"Organization","@id":"https:\/\/carnival.ticketrio.com.br\/#organization","name":"Rio Carnaval billet 2018 - Rio Carnaval Entradas, Rio Carnaval Billets, Rio Karneval Tickets, Rio Carnival Parade Sambadrome Tickets","url":"https:\/\/carnival.ticketrio.com.br\/","logo":{"@type":"ImageObject","inLanguage":"fr-FR","@id":"https:\/\/carnival.ticketrio.com.br\/#\/schema\/logo\/image\/","url":"https:\/\/carnival-ticketrio.com\/wp-content\/uploads\/2016\/10\/ticket01-e1476303239999.png","contentUrl":"https:\/\/carnival-ticketrio.com\/wp-content\/uploads\/2016\/10\/ticket01-e1476303239999.png","width":200,"height":99,"caption":"Rio Carnaval billet 2018 - Rio Carnaval Entradas, Rio Carnaval Billets, Rio Karneval Tickets, Rio Carnival Parade Sambadrome Tickets"},"image":{"@id":"https:\/\/carnival.ticketrio.com.br\/#\/schema\/logo\/image\/"},"sameAs":["https:\/\/www.facebook.com\/ticketrio\/?fref=nf","https:\/\/x.com\/carnavalticket","https:\/\/www.youtube.com\/watch?v=iApTAnu9-ho"]}]}},"_links":{"self":[{"href":"https:\/\/carnival.ticketrio.com.br\/fr\/wp-json\/wp\/v2\/pages\/395","targetHints":{"allow":["GET"]}}],"collection":[{"href":"https:\/\/carnival.ticketrio.com.br\/fr\/wp-json\/wp\/v2\/pages"}],"about":[{"href":"https:\/\/carnival.ticketrio.com.br\/fr\/wp-json\/wp\/v2\/types\/page"}],"author":[{"embeddable":true,"href":"https:\/\/carnival.ticketrio.com.br\/fr\/wp-json\/wp\/v2\/users\/1"}],"replies":[{"embeddable":true,"href":"https:\/\/carnival.ticketrio.com.br\/fr\/wp-json\/wp\/v2\/comments?post=395"}],"version-history":[{"count":25,"href":"https:\/\/carnival.ticketrio.com.br\/fr\/wp-json\/wp\/v2\/pages\/395\/revisions"}],"predecessor-version":[{"id":1947,"href":"https:\/\/carnival.ticketrio.com.br\/fr\/wp-json\/wp\/v2\/pages\/395\/revisions\/1947"}],"wp:attachment":[{"href":"https:\/\/carnival.ticketrio.com.br\/fr\/wp-json\/wp\/v2\/media?parent=395"}],"curies":[{"name":"wp","href":"https:\/\/api.w.org\/{rel}","templated":true}]}}