{"id":496,"date":"2016-11-24T20:03:50","date_gmt":"2016-11-24T20:03:50","guid":{"rendered":"https:\/\/carnival-ticketrio.com\/?page_id=496"},"modified":"2025-08-22T13:51:14","modified_gmt":"2025-08-22T13:51:14","slug":"rio-biglietti-carnival-2","status":"publish","type":"page","link":"https:\/\/carnival.ticketrio.com.br\/it\/rio-biglietti-carnival-2\/","title":{"rendered":"Rio de Janeiro Carnevale Biglietti"},"content":{"rendered":"<h1>Ticket Rio Carnevale 2026<\/h1>\n<h2>Uno dei pi\u00f9 grandi venditori pacchetti con biglietti per il Carnevale di Rio de Janeiro Sambodromo parata<\/h2>\n<div id=\"panel-0-0-0\" class=\"panel widget widget_text panel-first-child\">\n<div class=\"textwidget\" style=\"text-align: justify;\"><strong><br \/>\nTicket Rio \u00e8 presente nel Carnevale di Rio de Janeiro per oltre 10 anni. La nostra agenzia di viaggi specializzata nel Rio Sambodromo Carnevale e si trova in un negozio fisico in uno dei pi\u00f9 popolari centri commerciali a Barra da Tijuca. Offriamo tutti i tipi di biglietti per il Sapucai. Il nostro pacchetto comprende regali, il carnevale della metropolitana passano in \/ out, e qualsiasi all assistente potrebbe essere necessario. Godetevi il pi\u00f9 grande spettacolo sulla terra nei posti in tribuna, scatole aperte, suite di lusso coperto o biglietti VIP Super sdraio. <\/strong><\/div>\n<\/div>\n<div id=\"panel-0-0-1\" class=\"panel widget widget_button panel-last-child\">&nbsp;<\/div>\n<p><img loading=\"lazy\" decoding=\"async\" class=\"size-medium wp-image-82 alignleft\" src=\"https:\/\/carnival-ticketrio.com\/wp-content\/uploads\/2016\/10\/Frisas-view-with-color-indification-cropped-min-500x500-300x300.jpg\" alt=\"frisas-view-with-color-indification-cropped-min-500x500\" width=\"300\" height=\"300\" srcset=\"https:\/\/carnival.ticketrio.com.br\/wp-content\/uploads\/2016\/10\/Frisas-view-with-color-indification-cropped-min-500x500-300x300.jpg 300w, https:\/\/carnival.ticketrio.com.br\/wp-content\/uploads\/2016\/10\/Frisas-view-with-color-indification-cropped-min-500x500-150x150.jpg 150w, https:\/\/carnival.ticketrio.com.br\/wp-content\/uploads\/2016\/10\/Frisas-view-with-color-indification-cropped-min-500x500.jpg 500w\" sizes=\"auto, (max-width: 300px) 100vw, 300px\" \/><img loading=\"lazy\" decoding=\"async\" class=\"size-medium wp-image-83 alignleft\" src=\"https:\/\/carnival-ticketrio.com\/wp-content\/uploads\/2016\/10\/View-of-Arquibancadas-with-color-indicators-cropped-min-500x500-300x300.jpg\" alt=\"view-of-arquibancadas-with-color-indicators-cropped-min-500x500\" width=\"300\" height=\"300\" srcset=\"https:\/\/carnival.ticketrio.com.br\/wp-content\/uploads\/2016\/10\/View-of-Arquibancadas-with-color-indicators-cropped-min-500x500-300x300.jpg 300w, https:\/\/carnival.ticketrio.com.br\/wp-content\/uploads\/2016\/10\/View-of-Arquibancadas-with-color-indicators-cropped-min-500x500-150x150.jpg 150w, https:\/\/carnival.ticketrio.com.br\/wp-content\/uploads\/2016\/10\/View-of-Arquibancadas-with-color-indicators-cropped-min-500x500.jpg 500w\" sizes=\"auto, (max-width: 300px) 100vw, 300px\" \/><\/p>\n<p style=\"text-align: justify;\">Con trentamila partecipanti che fanno samba lungo il mezzo miglio della pista, e uno spazio abbastanza grande per ospitare oltre 90.000 spettatori, il <a href=\"https:\/\/www.carnavalticketrio.com\/rio-carnival-tickets-sambodrome-guide\">Sambodromo<\/a> \u00e8 senza dubbio il pi\u00f9 grande palcoscenico della terra. Lo stadio \u00e8 stato progettato appositamente per la Samba Parade al <a href=\"https:\/\/www.carnavalticketrio.com\/\">Carnevale di Rio<\/a>, con una serie di settori indipendenti con palchi e tribune su entrambi i lati della pista sfilata. Per svariate ragioni, lo stadio \u00e8 preferito ogni carnevale del designer, che mantengono il Sambodromo in mente quando si crea il loro tema per il Carnevale. L&#8217;atmosfera al Sambodromo nelle notti di Carnevale \u00e8 davvero elettrizzante. Lo stadio \u00e8 ben illuminata con effetti speciali, mentre gli applausi clamorosi degli spettatori e dei ritmi pulsanti delle battute samba pu\u00f2 essere sentito per miglia attorno.<\/p>\n<p style=\"text-align: justify;\"><strong>Rio Carnevale Biglietti<\/strong><\/p>\n<p>Posti a sedere nel Sambadromo \u00e8 diviso in 5 classe dei servizi forniti. I biglietti Sambodromo possono essere acquistati in base al budget che hai. Tutti i tipi di biglietti sono buone, ma la scelta in realt\u00e0 dipende da ci\u00f2 che si sta cercando. Qui sotto troverete alcune informazioni sui posti Tribuna, di dialogo Apri, sedia Assegnati, Tradizionale Suite VIP coperto e la scatola coperto Super Lounge.<br \/>\n<img loading=\"lazy\" decoding=\"async\" class=\"size-medium wp-image-117 alignleft\" src=\"https:\/\/carnival-ticketrio.com\/wp-content\/uploads\/2016\/10\/13-300x200.jpg\" alt=\"13\" width=\"300\" height=\"200\" srcset=\"https:\/\/carnival.ticketrio.com.br\/wp-content\/uploads\/2016\/10\/13-300x200.jpg 300w, https:\/\/carnival.ticketrio.com.br\/wp-content\/uploads\/2016\/10\/13-768x513.jpg 768w, https:\/\/carnival.ticketrio.com.br\/wp-content\/uploads\/2016\/10\/13-1024x683.jpg 1024w, https:\/\/carnival.ticketrio.com.br\/wp-content\/uploads\/2016\/10\/13.jpg 1476w\" sizes=\"auto, (max-width: 300px) 100vw, 300px\" \/><img loading=\"lazy\" decoding=\"async\" class=\"size-medium wp-image-111 alignleft\" src=\"https:\/\/carnival-ticketrio.com\/wp-content\/uploads\/2016\/10\/8-300x200.jpg\" alt=\"8\" width=\"300\" height=\"200\" srcset=\"https:\/\/carnival.ticketrio.com.br\/wp-content\/uploads\/2016\/10\/8-300x200.jpg 300w, https:\/\/carnival.ticketrio.com.br\/wp-content\/uploads\/2016\/10\/8-768x513.jpg 768w, https:\/\/carnival.ticketrio.com.br\/wp-content\/uploads\/2016\/10\/8-1024x683.jpg 1024w, https:\/\/carnival.ticketrio.com.br\/wp-content\/uploads\/2016\/10\/8.jpg 1476w\" sizes=\"auto, (max-width: 300px) 100vw, 300px\" \/><\/p>\n<h3>Tipi di biglietti<\/h3>\n<p>La prima cosa che si dovrebbe prendere in considerazione \u00e8 il<br \/>\ntipi di biglietti che si desidera acquistare. Ci sono cinque opzioni<\/p>\n<p style=\"text-align: justify;\"><strong><br \/>\nBiglietti tribuna SEDE <\/strong><br \/>\nAltri nomi: <a href=\"https:\/\/www.carnavalticketrio.com\/rio-carnival-parade-tickets-sambadrome\/rio-carnival-tickets-grandstand-tickets\">Arquibancadas<\/a>, Tribuna, Posti in tribuna.<br \/>\nIl pi\u00f9 grande venditore. Ottima panoramica da dove la maggior parte del brasiliano preferiscono assistere alla sfilata. Molto conveniente e luogo eccitante essere. No posti numerati che significa che si dovr\u00e0 tenere il posto per tutta la notte. Inoltre, \u00e8 una buona idea per ottenere un po &#8216;presto, al fine di ottenere i posti migliori possibili.<\/p>\n<p style=\"text-align: justify;\"><strong><br \/>\nOPEN BOXES <\/strong><br \/>\nAltri nomi: <a href=\"https:\/\/www.carnavalticketrio.com\/rio-carnival-parade-tickets-sambadrome\/rio-carnival-tickets-open-box-cd\">scatole frontali<\/a>, frise. Frise sono considerati i migliori posti per coloro che hanno solo a cuore a guardare la sfilata. Non hanno alcun servizio incluso, ma sono molto vicino alla parata ed \u00e8 numerato posti. Frise ha 4 righe, e il prezzo dipende di ogni riga che si ottiene. Esima riga A \u00e8 proprio accanto al viale e la pi\u00f9 costosa. Righe B, C e D presenta un gradino superiore rispetto all&#8217;altro cos\u00ec nessuna riga \u00e8 di fronte all&#8217;altra (bloccare la vista), fornendo una buona vista da ogni riga.<\/p>\n<p><strong>ALLOCATED CHAIRS<\/strong><br \/>\n<img loading=\"lazy\" decoding=\"async\" class=\"size-full wp-image-224 alignleft\" src=\"https:\/\/carnival-ticketrio.com\/wp-content\/uploads\/2016\/10\/Allocated-Chairs_carnival_rio.jpg\" alt=\"allocated-chairs_carnival_rio\" width=\"274\" height=\"240\" \/><\/p>\n<p style=\"text-align: justify;\">Other names: <a href=\"http:\/\/www.carnavalticketrio.com\/rio-carnival-tickets-sambodrome-2017\/rio-carnival-ticket-allocated-chair\">Numbered Chairs<\/a>,<br \/>\nCadeiras de Pista, Sedie assegnati. Le sedie assegnati si trovano solo al settore 12 o 13 (parte terminale del Sambodromo). Essi sono pi\u00f9 convenienti rispetto scatola aperta e persone come loro perch\u00e9 sono numerati posti a sedere. Davanti alle 2 Firsts caprioli delle sedie destinate troverete scatole aperte per il settore 12\/13. La maggior parte delle persone che lo amano o che non piace al tutto.<\/p>\n<p style=\"text-align: justify;\"><strong><img loading=\"lazy\" decoding=\"async\" class=\"size-medium wp-image-288 alignright\" src=\"https:\/\/carnival-ticketrio.com\/wp-content\/uploads\/2016\/10\/vip-box-carnival-300x300.jpg\" alt=\"vip-box-carnival\" width=\"300\" height=\"300\" srcset=\"https:\/\/carnival.ticketrio.com.br\/wp-content\/uploads\/2016\/10\/vip-box-carnival-300x300.jpg 300w, https:\/\/carnival.ticketrio.com.br\/wp-content\/uploads\/2016\/10\/vip-box-carnival-150x150.jpg 150w, https:\/\/carnival.ticketrio.com.br\/wp-content\/uploads\/2016\/10\/vip-box-carnival.jpg 373w\" sizes=\"auto, (max-width: 300px) 100vw, 300px\" \/><br \/>\nLE CAMAROTES lusso tradizionale<br \/>\n<\/strong><\/p>\n<p style=\"text-align: justify;\">Altri nomi: <a href=\"https:\/\/www.carnavalticketrio.com\/rio-carnival-parade-tickets-sambadrome\/rio-carnival-tickets-super-vip-lounge\">Luxor coperto Suites<\/a>, Camarotes, Private Suites.<br \/>\nI camarotes tradizionali sono individua nel primo o secondo piano di Sambodromo. Il 1 \u00ba piano sono fino a 15 persone e 2 \u00b0 piano (ha un balcone) sono fino a 18 persone. Si tratta di piccole aree, ma con VIP servizio all-inclusive. \u00c8 possibile acquistare un biglietto di sola andata e condividere il posto con altri clienti o comprare l&#8217;intera scatola per il vostro gruppo di amici o della societ\u00e0. Essi sono pi\u00f9 indicati per chi vuole servizi VIP con la privacy.<\/p>\n<p style=\"text-align: justify;\"><strong>SUPER LOUNGE VIP COVERED CAMAROTES<\/strong><br \/>\nAltri nomi: <a href=\"https:\/\/www.carnavalticketrio.com\/rio-carnival-parade-tickets-sambadrome\/rio-carnival-tickets-super-vip-lounge\">Super Sale VIP Suite<\/a>, Super Camarotes, Super VIP Lounge.<img loading=\"lazy\" decoding=\"async\" class=\"size-medium wp-image-121 alignleft\" src=\"https:\/\/carnival-ticketrio.com\/wp-content\/uploads\/2016\/10\/global-300x225.jpg\" rel='magnific' alt=\"global\" width=\"300\" height=\"225\" srcset=\"https:\/\/carnival.ticketrio.com.br\/wp-content\/uploads\/2016\/10\/global-300x225.jpg 300w, https:\/\/carnival.ticketrio.com.br\/wp-content\/uploads\/2016\/10\/global-768x576.jpg 768w, https:\/\/carnival.ticketrio.com.br\/wp-content\/uploads\/2016\/10\/global.jpg 960w\" sizes=\"auto, (max-width: 300px) 100vw, 300px\" \/><img loading=\"lazy\" decoding=\"async\" class=\"size-medium wp-image-110 alignright\" src=\"https:\/\/carnival-ticketrio.com\/wp-content\/uploads\/2016\/10\/12651161_968996179804124_6043240267659987745_n-300x169.jpg\" alt=\"12651161_968996179804124_6043240267659987745_n\" width=\"300\" height=\"169\" srcset=\"https:\/\/carnival.ticketrio.com.br\/wp-content\/uploads\/2016\/10\/12651161_968996179804124_6043240267659987745_n-300x169.jpg 300w, https:\/\/carnival.ticketrio.com.br\/wp-content\/uploads\/2016\/10\/12651161_968996179804124_6043240267659987745_n-768x432.jpg 768w, https:\/\/carnival.ticketrio.com.br\/wp-content\/uploads\/2016\/10\/12651161_968996179804124_6043240267659987745_n.jpg 960w\" sizes=\"auto, (max-width: 300px) 100vw, 300px\" \/><\/p>\n<p>Super Camarotes sono enormi aree per oltre 700 centinaio di persone di solito ha 2 piani e offre servizi all-inclusive (VIP a buffet, Transfer in \/ out, Open Bar) e molte le attrazioni come Spa, Make up Beauty center, Spettacoli live nelle pause, Dj e altri. Tutto Super Camarotes ha una superficie al primo piano chiamato &#8220;Lounge&#8221; in cui \u00e8 possibile vedere la sfilata di samba molto vicino al viale (dove supponiamo di essere le scatole aperte). Super Sale VIP scatole coperte sono un&#8217;esperienza davvero divertente e di grande ed \u00e8 anche una festa divertente. Biglietto Rio offre la segue Super Camarotes: <a href=\"http:\/\/www.carnavalticketrio.com\/rio-carnival-tickets-sambodrome-2017\/rio-carnival-tickets-super-vip-lounge\/folia-tropical\/\">Folia Tropical,<\/a> <a href=\"http:\/\/www.carnavalticketrio.com\/rio-carnival-tickets-sambodrome-2017\/rio-carnival-tickets-super-vip-lounge\/samba-carioca\/\">Global Executive<\/a> e <a href=\"http:\/\/www.carnavalticketrio.com\">Lounge Carioca<\/a>.<\/p>\n","protected":false},"excerpt":{"rendered":"<p>Ticket Rio Carnevale 2026 Uno dei pi\u00f9 grandi venditori pacchetti con biglietti per il Carnevale di Rio de Janeiro Sambodromo parata Ticket Rio \u00e8 presente nel Carnevale di Rio de Janeiro per oltre 10 anni. La nostra agenzia di viaggi <a href=\"https:\/\/carnival.ticketrio.com.br\/it\/rio-biglietti-carnival-2\/\"><\/p>\n<div class=\"read-more\">\n<p>Read more &#8250;<\/p>\n<\/div>\n<p><!-- end of .read-more --><\/a><\/p>\n","protected":false},"author":1,"featured_media":0,"parent":0,"menu_order":0,"comment_status":"closed","ping_status":"closed","template":"template-left-main-right.php","meta":{"_exactmetrics_skip_tracking":false,"_exactmetrics_sitenote_active":false,"_exactmetrics_sitenote_note":"","_exactmetrics_sitenote_category":0,"ngg_post_thumbnail":0,"_joinchat":[],"footnotes":""},"class_list":["post-496","page","type-page","status-publish","hentry"],"yoast_head":"<!-- This site is optimized with the Yoast SEO plugin v25.7 - https:\/\/yoast.com\/wordpress\/plugins\/seo\/ -->\n<title>Biglietti del Carnevale di Rio per la Parata di Samba. Tutto sulle tipologie dei biglietti disponibili per la prossima Parata di Samba. Carnevale Rio biglietti. Tickets Rio Carnevale Sambadrom.<\/title>\n<meta name=\"description\" content=\"Biglietti Carnevale Rio de Janeiro. Biglietti del Carnevale di Rio per la Parata di Samba. Tutto sulle tipologie dei biglietti disponibili per la prossima Parata di Samba. Biglietti del Carnevale di Rio per la Parata di Samba. Tutto sulle tipologie dei biglietti disponibili per la prossima Parata di Samba. Carnevale Rio biglietti. Tickets Rio Carnevale Sambadrom.\" \/>\n<meta name=\"robots\" content=\"index, follow, max-snippet:-1, max-image-preview:large, max-video-preview:-1\" \/>\n<link rel=\"canonical\" href=\"https:\/\/carnival.ticketrio.com.br\/it\/rio-biglietti-carnival-2\/\" \/>\n<meta property=\"og:locale\" content=\"fr_FR\" \/>\n<meta property=\"og:type\" content=\"article\" \/>\n<meta property=\"og:title\" content=\"Biglietti del Carnevale di Rio per la Parata di Samba. Tutto sulle tipologie dei biglietti disponibili per la prossima Parata di Samba. Carnevale Rio biglietti. Tickets Rio Carnevale Sambadrom.\" \/>\n<meta property=\"og:description\" content=\"Biglietti Carnevale Rio de Janeiro. Biglietti del Carnevale di Rio per la Parata di Samba. Tutto sulle tipologie dei biglietti disponibili per la prossima Parata di Samba. Biglietti del Carnevale di Rio per la Parata di Samba. Tutto sulle tipologie dei biglietti disponibili per la prossima Parata di Samba. Carnevale Rio biglietti. Tickets Rio Carnevale Sambadrom.\" \/>\n<meta property=\"og:url\" content=\"https:\/\/carnival.ticketrio.com.br\/it\/rio-biglietti-carnival-2\/\" \/>\n<meta property=\"og:site_name\" content=\"Ticket Rio - Billets Rio Carnaval, Tickets for Rio Carnival, Comprar Boletos Carnaval Rio, Rio Carnival Tickets. Karneval Rio Tickets, Rio Carnevale Biglietti, Rio de Janeiro Carnival Tickets Sambadrome. Boletos Carnaval R\u00edo.\" \/>\n<meta property=\"article:publisher\" content=\"https:\/\/www.facebook.com\/ticketrio\/?fref=nf\" \/>\n<meta property=\"article:modified_time\" content=\"2025-08-22T13:51:14+00:00\" \/>\n<meta property=\"og:image\" content=\"https:\/\/carnival-ticketrio.com\/wp-content\/uploads\/2016\/10\/Frisas-view-with-color-indification-cropped-min-500x500-300x300.jpg\" \/>\n<meta name=\"twitter:card\" content=\"summary_large_image\" \/>\n<meta name=\"twitter:site\" content=\"@carnavalticket\" \/>\n<meta name=\"twitter:label1\" content=\"Dur\u00e9e de lecture estim\u00e9e\" \/>\n\t<meta name=\"twitter:data1\" content=\"6 minutes\" \/>\n<!-- \/ Yoast SEO plugin. -->","yoast_head_json":{"title":"Biglietti del Carnevale di Rio per la Parata di Samba. Tutto sulle tipologie dei biglietti disponibili per la prossima Parata di Samba. Carnevale Rio biglietti. Tickets Rio Carnevale Sambadrom.","description":"Biglietti Carnevale Rio de Janeiro. Biglietti del Carnevale di Rio per la Parata di Samba. Tutto sulle tipologie dei biglietti disponibili per la prossima Parata di Samba. Biglietti del Carnevale di Rio per la Parata di Samba. Tutto sulle tipologie dei biglietti disponibili per la prossima Parata di Samba. Carnevale Rio biglietti. Tickets Rio Carnevale Sambadrom.","robots":{"index":"index","follow":"follow","max-snippet":"max-snippet:-1","max-image-preview":"max-image-preview:large","max-video-preview":"max-video-preview:-1"},"canonical":"https:\/\/carnival.ticketrio.com.br\/it\/rio-biglietti-carnival-2\/","og_locale":"fr_FR","og_type":"article","og_title":"Biglietti del Carnevale di Rio per la Parata di Samba. Tutto sulle tipologie dei biglietti disponibili per la prossima Parata di Samba. Carnevale Rio biglietti. Tickets Rio Carnevale Sambadrom.","og_description":"Biglietti Carnevale Rio de Janeiro. Biglietti del Carnevale di Rio per la Parata di Samba. Tutto sulle tipologie dei biglietti disponibili per la prossima Parata di Samba. Biglietti del Carnevale di Rio per la Parata di Samba. Tutto sulle tipologie dei biglietti disponibili per la prossima Parata di Samba. Carnevale Rio biglietti. Tickets Rio Carnevale Sambadrom.","og_url":"https:\/\/carnival.ticketrio.com.br\/it\/rio-biglietti-carnival-2\/","og_site_name":"Ticket Rio - Billets Rio Carnaval, Tickets for Rio Carnival, Comprar Boletos Carnaval Rio, Rio Carnival Tickets. Karneval Rio Tickets, Rio Carnevale Biglietti, Rio de Janeiro Carnival Tickets Sambadrome. Boletos Carnaval R\u00edo.","article_publisher":"https:\/\/www.facebook.com\/ticketrio\/?fref=nf","article_modified_time":"2025-08-22T13:51:14+00:00","og_image":[{"url":"https:\/\/carnival-ticketrio.com\/wp-content\/uploads\/2016\/10\/Frisas-view-with-color-indification-cropped-min-500x500-300x300.jpg","type":"","width":"","height":""}],"twitter_card":"summary_large_image","twitter_site":"@carnavalticket","twitter_misc":{"Dur\u00e9e de lecture estim\u00e9e":"6 minutes"},"schema":{"@context":"https:\/\/schema.org","@graph":[{"@type":"WebPage","@id":"https:\/\/carnival.ticketrio.com.br\/it\/rio-biglietti-carnival-2\/","url":"https:\/\/carnival.ticketrio.com.br\/it\/rio-biglietti-carnival-2\/","name":"Biglietti del Carnevale di Rio per la Parata di Samba. Tutto sulle tipologie dei biglietti disponibili per la prossima Parata di Samba. Carnevale Rio biglietti. Tickets Rio Carnevale Sambadrom.","isPartOf":{"@id":"https:\/\/carnival.ticketrio.com.br\/#website"},"primaryImageOfPage":{"@id":"https:\/\/carnival.ticketrio.com.br\/it\/rio-biglietti-carnival-2\/#primaryimage"},"image":{"@id":"https:\/\/carnival.ticketrio.com.br\/it\/rio-biglietti-carnival-2\/#primaryimage"},"thumbnailUrl":"https:\/\/carnival-ticketrio.com\/wp-content\/uploads\/2016\/10\/Frisas-view-with-color-indification-cropped-min-500x500-300x300.jpg","datePublished":"2016-11-24T20:03:50+00:00","dateModified":"2025-08-22T13:51:14+00:00","description":"Biglietti Carnevale Rio de Janeiro. Biglietti del Carnevale di Rio per la Parata di Samba. Tutto sulle tipologie dei biglietti disponibili per la prossima Parata di Samba. Biglietti del Carnevale di Rio per la Parata di Samba. Tutto sulle tipologie dei biglietti disponibili per la prossima Parata di Samba. Carnevale Rio biglietti. Tickets Rio Carnevale Sambadrom.","breadcrumb":{"@id":"https:\/\/carnival.ticketrio.com.br\/it\/rio-biglietti-carnival-2\/#breadcrumb"},"inLanguage":"fr-FR","potentialAction":[{"@type":"ReadAction","target":["https:\/\/carnival.ticketrio.com.br\/it\/rio-biglietti-carnival-2\/"]}]},{"@type":"ImageObject","inLanguage":"fr-FR","@id":"https:\/\/carnival.ticketrio.com.br\/it\/rio-biglietti-carnival-2\/#primaryimage","url":"https:\/\/carnival-ticketrio.com\/wp-content\/uploads\/2016\/10\/Frisas-view-with-color-indification-cropped-min-500x500-300x300.jpg","contentUrl":"https:\/\/carnival-ticketrio.com\/wp-content\/uploads\/2016\/10\/Frisas-view-with-color-indification-cropped-min-500x500-300x300.jpg"},{"@type":"BreadcrumbList","@id":"https:\/\/carnival.ticketrio.com.br\/it\/rio-biglietti-carnival-2\/#breadcrumb","itemListElement":[{"@type":"ListItem","position":1,"name":"Home","item":"https:\/\/carnival.ticketrio.com.br\/fr\/rio-carnaval-billets\/"},{"@type":"ListItem","position":2,"name":"Rio de Janeiro Carnevale Biglietti"}]},{"@type":"WebSite","@id":"https:\/\/carnival.ticketrio.com.br\/#website","url":"https:\/\/carnival.ticketrio.com.br\/","name":"Ticket Rio - Billets Rio Carnaval, Tickets for Rio Carnival, Comprar Boletos Carnaval Rio, Rio Carnival Tickets. Karneval Rio Tickets, Rio Carnevale Biglietti, Rio de Janeiro Carnival Tickets Sambadrome. Boletos Carnaval R\u00edo.","description":"Rio carnival parade tickets sambadrome 2026. Acheter billets Rio Carnaval. Comprar Boletos Rio Carnaval boletos Carnevale di Rio biglietti Karneval Rio de Janeiro Carnaval tickets 2026. Boletos Carnaval R\u00edo. Rio de Janeiro Carnival Tickets. Tickets Rio Carnival Sambadrome.","publisher":{"@id":"https:\/\/carnival.ticketrio.com.br\/#organization"},"potentialAction":[{"@type":"SearchAction","target":{"@type":"EntryPoint","urlTemplate":"https:\/\/carnival.ticketrio.com.br\/?s={search_term_string}"},"query-input":{"@type":"PropertyValueSpecification","valueRequired":true,"valueName":"search_term_string"}}],"inLanguage":"fr-FR"},{"@type":"Organization","@id":"https:\/\/carnival.ticketrio.com.br\/#organization","name":"Rio Carnaval billet 2018 - Rio Carnaval Entradas, Rio Carnaval Billets, Rio Karneval Tickets, Rio Carnival Parade Sambadrome Tickets","url":"https:\/\/carnival.ticketrio.com.br\/","logo":{"@type":"ImageObject","inLanguage":"fr-FR","@id":"https:\/\/carnival.ticketrio.com.br\/#\/schema\/logo\/image\/","url":"https:\/\/carnival-ticketrio.com\/wp-content\/uploads\/2016\/10\/ticket01-e1476303239999.png","contentUrl":"https:\/\/carnival-ticketrio.com\/wp-content\/uploads\/2016\/10\/ticket01-e1476303239999.png","width":200,"height":99,"caption":"Rio Carnaval billet 2018 - Rio Carnaval Entradas, Rio Carnaval Billets, Rio Karneval Tickets, Rio Carnival Parade Sambadrome Tickets"},"image":{"@id":"https:\/\/carnival.ticketrio.com.br\/#\/schema\/logo\/image\/"},"sameAs":["https:\/\/www.facebook.com\/ticketrio\/?fref=nf","https:\/\/x.com\/carnavalticket","https:\/\/www.youtube.com\/watch?v=iApTAnu9-ho"]}]}},"_links":{"self":[{"href":"https:\/\/carnival.ticketrio.com.br\/fr\/wp-json\/wp\/v2\/pages\/496","targetHints":{"allow":["GET"]}}],"collection":[{"href":"https:\/\/carnival.ticketrio.com.br\/fr\/wp-json\/wp\/v2\/pages"}],"about":[{"href":"https:\/\/carnival.ticketrio.com.br\/fr\/wp-json\/wp\/v2\/types\/page"}],"author":[{"embeddable":true,"href":"https:\/\/carnival.ticketrio.com.br\/fr\/wp-json\/wp\/v2\/users\/1"}],"replies":[{"embeddable":true,"href":"https:\/\/carnival.ticketrio.com.br\/fr\/wp-json\/wp\/v2\/comments?post=496"}],"version-history":[{"count":5,"href":"https:\/\/carnival.ticketrio.com.br\/fr\/wp-json\/wp\/v2\/pages\/496\/revisions"}],"predecessor-version":[{"id":1883,"href":"https:\/\/carnival.ticketrio.com.br\/fr\/wp-json\/wp\/v2\/pages\/496\/revisions\/1883"}],"wp:attachment":[{"href":"https:\/\/carnival.ticketrio.com.br\/fr\/wp-json\/wp\/v2\/media?parent=496"}],"curies":[{"name":"wp","href":"https:\/\/api.w.org\/{rel}","templated":true}]}}