{"id":680,"date":"2016-11-23T16:06:19","date_gmt":"2016-11-23T16:06:19","guid":{"rendered":"https:\/\/carnival-ticketrio.com\/?page_id=680"},"modified":"2025-04-25T15:39:49","modified_gmt":"2025-04-25T15:39:49","slug":"loja-no-rio-ticket-rio","status":"publish","type":"page","link":"https:\/\/carnival.ticketrio.com.br\/pt\/loja-no-rio-ticket-rio\/","title":{"rendered":"Loja No Rio"},"content":{"rendered":"<div class=\"page-title\">\n<h1><span style=\"color: #3366ff;\">Visite nossa Loja no Rio de Janeiro<\/span><\/h1>\n<h4>Somos a \u00fanica empresa de Carnaval com loja aberta o ano todo.&nbsp;<\/h4>\n<div class=\"page-title\">\n<h3><span style=\"color: #ff6600;\">Compre o seu Ingressos do Carnaval Rio Samb\u00f3dromo com Todo O Conforto e Seguran\u00e7a na nossa Loja F\u00edsica ou na nossa Loja Virtual <span style=\"color: #000000;\"><a style=\"color: #000000;\" href=\"https:\/\/www.carnavalticketrio.com\/pt\/\">http:\/\/www.carnavalticketrio.com\/pt\/<\/a><\/span><\/span><\/h3>\n<\/div>\n<\/div>\n<div class=\"std\">\n<p>&nbsp;<\/p>\n<p><strong>Endere\u00e7o:<\/strong> Avenida das Am\u00e9ricas, 700 Loja 112L&nbsp; Shopping Mall Citt\u00e1 Am\u00e9rica &#8211;&nbsp;&nbsp;Barra da Tijuca<br \/>\nRio de Janeiro CEP 22640-100<\/p>\n<p><strong>Telefone: (55)<\/strong> 21 3982-1515\/ 2025-5000<\/p>\n<p><span style=\"color: #339966;\"><strong>Whatsapp:<\/strong><\/span> +5521 98379-5068<\/p>\n<p><strong>Hor\u00e1rio de Funcionamento<\/strong>&nbsp;&#8211; Seg a Sex 09 \u00e1 18h.<\/p>\n<p><strong>Durante os Dias de Carnaval<\/strong>&nbsp;&#8211; Aberto todos os Dias. &nbsp;S\u00e1b\/ Dom\/ Seg &nbsp;de 09 \u00e1s 18h.<\/p>\n<p>&nbsp;<\/p>\n<\/div>\n","protected":false},"excerpt":{"rendered":"<p>Visite nossa Loja no Rio de Janeiro Somos a \u00fanica empresa de Carnaval com loja aberta o ano todo.&nbsp; Compre o seu Ingressos do Carnaval Rio Samb\u00f3dromo com Todo O Conforto e Seguran\u00e7a na nossa Loja F\u00edsica ou na nossa <a href=\"https:\/\/carnival.ticketrio.com.br\/pt\/loja-no-rio-ticket-rio\/\"><\/p>\n<div class=\"read-more\">\n<p>Read more &#8250;<\/p>\n<\/div>\n<p><!-- end of .read-more --><\/a><\/p>\n","protected":false},"author":1,"featured_media":0,"parent":0,"menu_order":0,"comment_status":"closed","ping_status":"closed","template":"","meta":{"_exactmetrics_skip_tracking":false,"_exactmetrics_sitenote_active":false,"_exactmetrics_sitenote_note":"","_exactmetrics_sitenote_category":0,"ngg_post_thumbnail":0,"_joinchat":[],"footnotes":""},"class_list":["post-680","page","type-page","status-publish","hentry"],"yoast_head":"<!-- This site is optimized with the Yoast SEO plugin v25.7 - https:\/\/yoast.com\/wordpress\/plugins\/seo\/ -->\n<title>Ticket Rio Carnaval Ingresso Carnaval Samb\u00f3dromo Rio de Janeiro Loja F\u00edsica no Rio. Compre o seu ingresso de carnaval do rio de janeiro<\/title>\n<meta name=\"description\" content=\"Ticket Rio Carnaval Ingresso Carnaval Samb\u00f3dromo Rio de Janeiro Compre com todo conforto e seguran\u00e7a o seu ingresso para o carnaval do Rio samb\u00f3dromo na nossa loja f\u00edsica ou loja virtual.\" \/>\n<meta name=\"robots\" content=\"index, follow, max-snippet:-1, max-image-preview:large, max-video-preview:-1\" \/>\n<link rel=\"canonical\" href=\"https:\/\/carnival.ticketrio.com.br\/pt\/loja-no-rio-ticket-rio\/\" \/>\n<meta property=\"og:locale\" content=\"fr_FR\" \/>\n<meta property=\"og:type\" content=\"article\" \/>\n<meta property=\"og:title\" content=\"Ticket Rio Carnaval Ingresso Carnaval Samb\u00f3dromo Rio de Janeiro Loja F\u00edsica no Rio. Compre o seu ingresso de carnaval do rio de janeiro\" \/>\n<meta property=\"og:description\" content=\"Ticket Rio Carnaval Ingresso Carnaval Samb\u00f3dromo Rio de Janeiro Compre com todo conforto e seguran\u00e7a o seu ingresso para o carnaval do Rio samb\u00f3dromo na nossa loja f\u00edsica ou loja virtual.\" \/>\n<meta property=\"og:url\" content=\"https:\/\/carnival.ticketrio.com.br\/pt\/loja-no-rio-ticket-rio\/\" \/>\n<meta property=\"og:site_name\" content=\"Ticket Rio - Billets Rio Carnaval, Tickets for Rio Carnival, Comprar Boletos Carnaval Rio, Rio Carnival Tickets. Karneval Rio Tickets, Rio Carnevale Biglietti, Rio de Janeiro Carnival Tickets Sambadrome. Boletos Carnaval R\u00edo.\" \/>\n<meta property=\"article:publisher\" content=\"https:\/\/www.facebook.com\/ticketrio\/?fref=nf\" \/>\n<meta property=\"article:modified_time\" content=\"2025-04-25T15:39:49+00:00\" \/>\n<meta name=\"twitter:card\" content=\"summary_large_image\" \/>\n<meta name=\"twitter:site\" content=\"@carnavalticket\" \/>\n<meta name=\"twitter:label1\" content=\"Dur\u00e9e de lecture estim\u00e9e\" \/>\n\t<meta name=\"twitter:data1\" content=\"1 minute\" \/>\n<!-- \/ Yoast SEO plugin. -->","yoast_head_json":{"title":"Ticket Rio Carnaval Ingresso Carnaval Samb\u00f3dromo Rio de Janeiro Loja F\u00edsica no Rio. Compre o seu ingresso de carnaval do rio de janeiro","description":"Ticket Rio Carnaval Ingresso Carnaval Samb\u00f3dromo Rio de Janeiro Compre com todo conforto e seguran\u00e7a o seu ingresso para o carnaval do Rio samb\u00f3dromo na nossa loja f\u00edsica ou loja virtual.","robots":{"index":"index","follow":"follow","max-snippet":"max-snippet:-1","max-image-preview":"max-image-preview:large","max-video-preview":"max-video-preview:-1"},"canonical":"https:\/\/carnival.ticketrio.com.br\/pt\/loja-no-rio-ticket-rio\/","og_locale":"fr_FR","og_type":"article","og_title":"Ticket Rio Carnaval Ingresso Carnaval Samb\u00f3dromo Rio de Janeiro Loja F\u00edsica no Rio. Compre o seu ingresso de carnaval do rio de janeiro","og_description":"Ticket Rio Carnaval Ingresso Carnaval Samb\u00f3dromo Rio de Janeiro Compre com todo conforto e seguran\u00e7a o seu ingresso para o carnaval do Rio samb\u00f3dromo na nossa loja f\u00edsica ou loja virtual.","og_url":"https:\/\/carnival.ticketrio.com.br\/pt\/loja-no-rio-ticket-rio\/","og_site_name":"Ticket Rio - Billets Rio Carnaval, Tickets for Rio Carnival, Comprar Boletos Carnaval Rio, Rio Carnival Tickets. Karneval Rio Tickets, Rio Carnevale Biglietti, Rio de Janeiro Carnival Tickets Sambadrome. Boletos Carnaval R\u00edo.","article_publisher":"https:\/\/www.facebook.com\/ticketrio\/?fref=nf","article_modified_time":"2025-04-25T15:39:49+00:00","twitter_card":"summary_large_image","twitter_site":"@carnavalticket","twitter_misc":{"Dur\u00e9e de lecture estim\u00e9e":"1 minute"},"schema":{"@context":"https:\/\/schema.org","@graph":[{"@type":"WebPage","@id":"https:\/\/carnival.ticketrio.com.br\/pt\/loja-no-rio-ticket-rio\/","url":"https:\/\/carnival.ticketrio.com.br\/pt\/loja-no-rio-ticket-rio\/","name":"Ticket Rio Carnaval Ingresso Carnaval Samb\u00f3dromo Rio de Janeiro Loja F\u00edsica no Rio. Compre o seu ingresso de carnaval do rio de janeiro","isPartOf":{"@id":"https:\/\/carnival.ticketrio.com.br\/#website"},"datePublished":"2016-11-23T16:06:19+00:00","dateModified":"2025-04-25T15:39:49+00:00","description":"Ticket Rio Carnaval Ingresso Carnaval Samb\u00f3dromo Rio de Janeiro Compre com todo conforto e seguran\u00e7a o seu ingresso para o carnaval do Rio samb\u00f3dromo na nossa loja f\u00edsica ou loja virtual.","breadcrumb":{"@id":"https:\/\/carnival.ticketrio.com.br\/pt\/loja-no-rio-ticket-rio\/#breadcrumb"},"inLanguage":"fr-FR","potentialAction":[{"@type":"ReadAction","target":["https:\/\/carnival.ticketrio.com.br\/pt\/loja-no-rio-ticket-rio\/"]}]},{"@type":"BreadcrumbList","@id":"https:\/\/carnival.ticketrio.com.br\/pt\/loja-no-rio-ticket-rio\/#breadcrumb","itemListElement":[{"@type":"ListItem","position":1,"name":"Home","item":"https:\/\/carnival.ticketrio.com.br\/pt\/rio-carnaval-ingressos\/"},{"@type":"ListItem","position":2,"name":"Loja No Rio"}]},{"@type":"WebSite","@id":"https:\/\/carnival.ticketrio.com.br\/#website","url":"https:\/\/carnival.ticketrio.com.br\/","name":"Ticket Rio - Billets Rio Carnaval, Tickets for Rio Carnival, Comprar Boletos Carnaval Rio, Rio Carnival Tickets. Karneval Rio Tickets, Rio Carnevale Biglietti, Rio de Janeiro Carnival Tickets Sambadrome. Boletos Carnaval R\u00edo.","description":"Rio carnival parade tickets sambadrome 2026. Acheter billets Rio Carnaval. Comprar Boletos Rio Carnaval boletos Carnevale di Rio biglietti Karneval Rio de Janeiro Carnaval tickets 2026. Boletos Carnaval R\u00edo. Rio de Janeiro Carnival Tickets. Tickets Rio Carnival Sambadrome.","publisher":{"@id":"https:\/\/carnival.ticketrio.com.br\/#organization"},"potentialAction":[{"@type":"SearchAction","target":{"@type":"EntryPoint","urlTemplate":"https:\/\/carnival.ticketrio.com.br\/?s={search_term_string}"},"query-input":{"@type":"PropertyValueSpecification","valueRequired":true,"valueName":"search_term_string"}}],"inLanguage":"fr-FR"},{"@type":"Organization","@id":"https:\/\/carnival.ticketrio.com.br\/#organization","name":"Rio Carnaval billet 2018 - Rio Carnaval Entradas, Rio Carnaval Billets, Rio Karneval Tickets, Rio Carnival Parade Sambadrome Tickets","url":"https:\/\/carnival.ticketrio.com.br\/","logo":{"@type":"ImageObject","inLanguage":"fr-FR","@id":"https:\/\/carnival.ticketrio.com.br\/#\/schema\/logo\/image\/","url":"https:\/\/carnival-ticketrio.com\/wp-content\/uploads\/2016\/10\/ticket01-e1476303239999.png","contentUrl":"https:\/\/carnival-ticketrio.com\/wp-content\/uploads\/2016\/10\/ticket01-e1476303239999.png","width":200,"height":99,"caption":"Rio Carnaval billet 2018 - Rio Carnaval Entradas, Rio Carnaval Billets, Rio Karneval Tickets, Rio Carnival Parade Sambadrome Tickets"},"image":{"@id":"https:\/\/carnival.ticketrio.com.br\/#\/schema\/logo\/image\/"},"sameAs":["https:\/\/www.facebook.com\/ticketrio\/?fref=nf","https:\/\/x.com\/carnavalticket","https:\/\/www.youtube.com\/watch?v=iApTAnu9-ho"]}]}},"_links":{"self":[{"href":"https:\/\/carnival.ticketrio.com.br\/fr\/wp-json\/wp\/v2\/pages\/680","targetHints":{"allow":["GET"]}}],"collection":[{"href":"https:\/\/carnival.ticketrio.com.br\/fr\/wp-json\/wp\/v2\/pages"}],"about":[{"href":"https:\/\/carnival.ticketrio.com.br\/fr\/wp-json\/wp\/v2\/types\/page"}],"author":[{"embeddable":true,"href":"https:\/\/carnival.ticketrio.com.br\/fr\/wp-json\/wp\/v2\/users\/1"}],"replies":[{"embeddable":true,"href":"https:\/\/carnival.ticketrio.com.br\/fr\/wp-json\/wp\/v2\/comments?post=680"}],"version-history":[{"count":2,"href":"https:\/\/carnival.ticketrio.com.br\/fr\/wp-json\/wp\/v2\/pages\/680\/revisions"}],"predecessor-version":[{"id":1985,"href":"https:\/\/carnival.ticketrio.com.br\/fr\/wp-json\/wp\/v2\/pages\/680\/revisions\/1985"}],"wp:attachment":[{"href":"https:\/\/carnival.ticketrio.com.br\/fr\/wp-json\/wp\/v2\/media?parent=680"}],"curies":[{"name":"wp","href":"https:\/\/api.w.org\/{rel}","templated":true}]}}