{"id":711,"date":"2016-11-23T18:06:08","date_gmt":"2016-11-23T18:06:08","guid":{"rendered":"https:\/\/carnival-ticketrio.com\/?page_id=711"},"modified":"2025-04-25T18:39:05","modified_gmt":"2025-04-25T18:39:05","slug":"carnevale-biglietto-rio-conservare-in-rio","status":"publish","type":"page","link":"https:\/\/carnival.ticketrio.com.br\/it\/carnevale-biglietto-rio-conservare-in-rio\/","title":{"rendered":"Conservare in Rio"},"content":{"rendered":"<div class=\"page-title\">\n<h3><span style=\"color: #ff6600;\">Visita il nostro negozio a Rio de Janeiro<\/span><\/h3>\n<h3>Acquista il tuo ingresso Carnevale di Rio in tutta comodit\u00e0 e sicurezza nel nostro negozio fisico o negozio online<\/h3>\n<h3><a href=\"https:\/\/www.carnavalticketrio.com\">https:\/\/www.carnavalticketrio.com<\/a><\/h3>\n<\/div>\n<div class=\"std\">\n<h4><strong>Visita il nostro negozio di Barra da Tijuca.<\/strong><\/h4>\n<p><strong>indirizzo:<\/strong> Shopping Mall Citt\u00e1 Am\u00e9rica &nbsp;&#8211; Avenida das Am\u00e9ricas, 700 Loja 112 L&nbsp; Barra da Tijuca<br \/>\nRio de Janeiro CEP 22640-100<\/p>\n<p>telefono:(55) 21 3982-1515\/ 2025-5000<\/p>\n<p><span style=\"color: #339966;\"><strong>Whatsapp:<\/strong><\/span> +5521 98379-5068<\/p>\n<p>orario&nbsp;&#8211; Egli stesso sesso 09 \u00e0 18h.<\/p>\n<p><strong>Durante i giorni di Carnevale<\/strong>&nbsp;&#8211;<br \/>\nAperto tutti i giorni. Sab \/ dom \/ lun dalle 09 alle 18h.<\/p>\n<p><img loading=\"lazy\" decoding=\"async\" class=\"alignnone size-medium wp-image-2009\" src=\"https:\/\/carnival.ticketrio.com.br\/wp-content\/uploads\/2025\/04\/ondeestamosmenor1-300x125.jpg\" alt=\"\" width=\"300\" height=\"125\" srcset=\"https:\/\/carnival.ticketrio.com.br\/wp-content\/uploads\/2025\/04\/ondeestamosmenor1-300x125.jpg 300w, https:\/\/carnival.ticketrio.com.br\/wp-content\/uploads\/2025\/04\/ondeestamosmenor1.jpg 600w\" sizes=\"auto, (max-width: 300px) 100vw, 300px\" \/>.&nbsp; &nbsp; &nbsp; &nbsp; <img loading=\"lazy\" decoding=\"async\" class=\"alignnone size-medium wp-image-2010\" src=\"https:\/\/carnival.ticketrio.com.br\/wp-content\/uploads\/2025\/04\/loja-300x209.png\" alt=\"\" width=\"300\" height=\"209\" srcset=\"https:\/\/carnival.ticketrio.com.br\/wp-content\/uploads\/2025\/04\/loja-300x209.png 300w, https:\/\/carnival.ticketrio.com.br\/wp-content\/uploads\/2025\/04\/loja.png 400w\" sizes=\"auto, (max-width: 300px) 100vw, 300px\" \/><\/p>\n<p>&nbsp;<\/p>\n<\/div>\n","protected":false},"excerpt":{"rendered":"<p>Visita il nostro negozio a Rio de Janeiro Acquista il tuo ingresso Carnevale di Rio in tutta comodit\u00e0 e sicurezza nel nostro negozio fisico o negozio online https:\/\/www.carnavalticketrio.com Visita il nostro negozio di Barra da Tijuca. indirizzo: Shopping Mall Citt\u00e1 <a href=\"https:\/\/carnival.ticketrio.com.br\/it\/carnevale-biglietto-rio-conservare-in-rio\/\"><\/p>\n<div class=\"read-more\">\n<p>Read more &#8250;<\/p>\n<\/div>\n<p><!-- end of .read-more --><\/a><\/p>\n","protected":false},"author":1,"featured_media":0,"parent":0,"menu_order":0,"comment_status":"closed","ping_status":"closed","template":"","meta":{"_exactmetrics_skip_tracking":false,"_exactmetrics_sitenote_active":false,"_exactmetrics_sitenote_note":"","_exactmetrics_sitenote_category":0,"ngg_post_thumbnail":0,"_joinchat":[],"footnotes":""},"class_list":["post-711","page","type-page","status-publish","hentry"],"yoast_head":"<!-- This site is optimized with the Yoast SEO plugin v25.7 - https:\/\/yoast.com\/wordpress\/plugins\/seo\/ -->\n<title>Acquista il biglietto per il Carnevale di Rio de Janeiro Carnevale Rio de Janeiro Biglietti vendita dei biglietti per le parate ufficiali Rio Carnival nel Samb\u00f3dromo.<\/title>\n<meta name=\"description\" content=\"Acquista il biglietto per il Carnevale di Rio de Janeiro Prenota Il Tuo Biglietto Per Rio Carnevale Di Rio 2026. Carnevale Rio de Janeiro Biglietti\" \/>\n<meta name=\"robots\" content=\"index, follow, max-snippet:-1, max-image-preview:large, max-video-preview:-1\" \/>\n<link rel=\"canonical\" href=\"https:\/\/carnival.ticketrio.com.br\/it\/carnevale-biglietto-rio-conservare-in-rio\/\" \/>\n<meta property=\"og:locale\" content=\"fr_FR\" \/>\n<meta property=\"og:type\" content=\"article\" \/>\n<meta property=\"og:title\" content=\"Acquista il biglietto per il Carnevale di Rio de Janeiro Carnevale Rio de Janeiro Biglietti vendita dei biglietti per le parate ufficiali Rio Carnival nel Samb\u00f3dromo.\" \/>\n<meta property=\"og:description\" content=\"Acquista il biglietto per il Carnevale di Rio de Janeiro Prenota Il Tuo Biglietto Per Rio Carnevale Di Rio 2026. Carnevale Rio de Janeiro Biglietti\" \/>\n<meta property=\"og:url\" content=\"https:\/\/carnival.ticketrio.com.br\/it\/carnevale-biglietto-rio-conservare-in-rio\/\" \/>\n<meta property=\"og:site_name\" content=\"Ticket Rio - Billets Rio Carnaval, Tickets for Rio Carnival, Comprar Boletos Carnaval Rio, Rio Carnival Tickets. Karneval Rio Tickets, Rio Carnevale Biglietti, Rio de Janeiro Carnival Tickets Sambadrome. Boletos Carnaval R\u00edo.\" \/>\n<meta property=\"article:publisher\" content=\"https:\/\/www.facebook.com\/ticketrio\/?fref=nf\" \/>\n<meta property=\"article:modified_time\" content=\"2025-04-25T18:39:05+00:00\" \/>\n<meta property=\"og:image\" content=\"https:\/\/carnival.ticketrio.com.br\/wp-content\/uploads\/2025\/04\/ondeestamosmenor1-300x125.jpg\" \/>\n<meta name=\"twitter:card\" content=\"summary_large_image\" \/>\n<meta name=\"twitter:site\" content=\"@carnavalticket\" \/>\n<meta name=\"twitter:label1\" content=\"Dur\u00e9e de lecture estim\u00e9e\" \/>\n\t<meta name=\"twitter:data1\" content=\"1 minute\" \/>\n<!-- \/ Yoast SEO plugin. -->","yoast_head_json":{"title":"Acquista il biglietto per il Carnevale di Rio de Janeiro Carnevale Rio de Janeiro Biglietti vendita dei biglietti per le parate ufficiali Rio Carnival nel Samb\u00f3dromo.","description":"Acquista il biglietto per il Carnevale di Rio de Janeiro Prenota Il Tuo Biglietto Per Rio Carnevale Di Rio 2026. Carnevale Rio de Janeiro Biglietti","robots":{"index":"index","follow":"follow","max-snippet":"max-snippet:-1","max-image-preview":"max-image-preview:large","max-video-preview":"max-video-preview:-1"},"canonical":"https:\/\/carnival.ticketrio.com.br\/it\/carnevale-biglietto-rio-conservare-in-rio\/","og_locale":"fr_FR","og_type":"article","og_title":"Acquista il biglietto per il Carnevale di Rio de Janeiro Carnevale Rio de Janeiro Biglietti vendita dei biglietti per le parate ufficiali Rio Carnival nel Samb\u00f3dromo.","og_description":"Acquista il biglietto per il Carnevale di Rio de Janeiro Prenota Il Tuo Biglietto Per Rio Carnevale Di Rio 2026. Carnevale Rio de Janeiro Biglietti","og_url":"https:\/\/carnival.ticketrio.com.br\/it\/carnevale-biglietto-rio-conservare-in-rio\/","og_site_name":"Ticket Rio - Billets Rio Carnaval, Tickets for Rio Carnival, Comprar Boletos Carnaval Rio, Rio Carnival Tickets. Karneval Rio Tickets, Rio Carnevale Biglietti, Rio de Janeiro Carnival Tickets Sambadrome. Boletos Carnaval R\u00edo.","article_publisher":"https:\/\/www.facebook.com\/ticketrio\/?fref=nf","article_modified_time":"2025-04-25T18:39:05+00:00","og_image":[{"url":"https:\/\/carnival.ticketrio.com.br\/wp-content\/uploads\/2025\/04\/ondeestamosmenor1-300x125.jpg","type":"","width":"","height":""}],"twitter_card":"summary_large_image","twitter_site":"@carnavalticket","twitter_misc":{"Dur\u00e9e de lecture estim\u00e9e":"1 minute"},"schema":{"@context":"https:\/\/schema.org","@graph":[{"@type":"WebPage","@id":"https:\/\/carnival.ticketrio.com.br\/it\/carnevale-biglietto-rio-conservare-in-rio\/","url":"https:\/\/carnival.ticketrio.com.br\/it\/carnevale-biglietto-rio-conservare-in-rio\/","name":"Acquista il biglietto per il Carnevale di Rio de Janeiro Carnevale Rio de Janeiro Biglietti vendita dei biglietti per le parate ufficiali Rio Carnival nel Samb\u00f3dromo.","isPartOf":{"@id":"https:\/\/carnival.ticketrio.com.br\/#website"},"primaryImageOfPage":{"@id":"https:\/\/carnival.ticketrio.com.br\/it\/carnevale-biglietto-rio-conservare-in-rio\/#primaryimage"},"image":{"@id":"https:\/\/carnival.ticketrio.com.br\/it\/carnevale-biglietto-rio-conservare-in-rio\/#primaryimage"},"thumbnailUrl":"https:\/\/carnival.ticketrio.com.br\/wp-content\/uploads\/2025\/04\/ondeestamosmenor1-300x125.jpg","datePublished":"2016-11-23T18:06:08+00:00","dateModified":"2025-04-25T18:39:05+00:00","description":"Acquista il biglietto per il Carnevale di Rio de Janeiro Prenota Il Tuo Biglietto Per Rio Carnevale Di Rio 2026. Carnevale Rio de Janeiro Biglietti","breadcrumb":{"@id":"https:\/\/carnival.ticketrio.com.br\/it\/carnevale-biglietto-rio-conservare-in-rio\/#breadcrumb"},"inLanguage":"fr-FR","potentialAction":[{"@type":"ReadAction","target":["https:\/\/carnival.ticketrio.com.br\/it\/carnevale-biglietto-rio-conservare-in-rio\/"]}]},{"@type":"ImageObject","inLanguage":"fr-FR","@id":"https:\/\/carnival.ticketrio.com.br\/it\/carnevale-biglietto-rio-conservare-in-rio\/#primaryimage","url":"https:\/\/carnival.ticketrio.com.br\/wp-content\/uploads\/2025\/04\/ondeestamosmenor1-300x125.jpg","contentUrl":"https:\/\/carnival.ticketrio.com.br\/wp-content\/uploads\/2025\/04\/ondeestamosmenor1-300x125.jpg"},{"@type":"BreadcrumbList","@id":"https:\/\/carnival.ticketrio.com.br\/it\/carnevale-biglietto-rio-conservare-in-rio\/#breadcrumb","itemListElement":[{"@type":"ListItem","position":1,"name":"Home","item":"https:\/\/carnival.ticketrio.com.br\/fr\/rio-carnaval-billets\/"},{"@type":"ListItem","position":2,"name":"Conservare in Rio"}]},{"@type":"WebSite","@id":"https:\/\/carnival.ticketrio.com.br\/#website","url":"https:\/\/carnival.ticketrio.com.br\/","name":"Ticket Rio - Billets Rio Carnaval, Tickets for Rio Carnival, Comprar Boletos Carnaval Rio, Rio Carnival Tickets. Karneval Rio Tickets, Rio Carnevale Biglietti, Rio de Janeiro Carnival Tickets Sambadrome. Boletos Carnaval R\u00edo.","description":"Rio carnival parade tickets sambadrome 2026. Acheter billets Rio Carnaval. Comprar Boletos Rio Carnaval boletos Carnevale di Rio biglietti Karneval Rio de Janeiro Carnaval tickets 2026. Boletos Carnaval R\u00edo. Rio de Janeiro Carnival Tickets. Tickets Rio Carnival Sambadrome.","publisher":{"@id":"https:\/\/carnival.ticketrio.com.br\/#organization"},"potentialAction":[{"@type":"SearchAction","target":{"@type":"EntryPoint","urlTemplate":"https:\/\/carnival.ticketrio.com.br\/?s={search_term_string}"},"query-input":{"@type":"PropertyValueSpecification","valueRequired":true,"valueName":"search_term_string"}}],"inLanguage":"fr-FR"},{"@type":"Organization","@id":"https:\/\/carnival.ticketrio.com.br\/#organization","name":"Rio Carnaval billet 2018 - Rio Carnaval Entradas, Rio Carnaval Billets, Rio Karneval Tickets, Rio Carnival Parade Sambadrome Tickets","url":"https:\/\/carnival.ticketrio.com.br\/","logo":{"@type":"ImageObject","inLanguage":"fr-FR","@id":"https:\/\/carnival.ticketrio.com.br\/#\/schema\/logo\/image\/","url":"https:\/\/carnival-ticketrio.com\/wp-content\/uploads\/2016\/10\/ticket01-e1476303239999.png","contentUrl":"https:\/\/carnival-ticketrio.com\/wp-content\/uploads\/2016\/10\/ticket01-e1476303239999.png","width":200,"height":99,"caption":"Rio Carnaval billet 2018 - Rio Carnaval Entradas, Rio Carnaval Billets, Rio Karneval Tickets, Rio Carnival Parade Sambadrome Tickets"},"image":{"@id":"https:\/\/carnival.ticketrio.com.br\/#\/schema\/logo\/image\/"},"sameAs":["https:\/\/www.facebook.com\/ticketrio\/?fref=nf","https:\/\/x.com\/carnavalticket","https:\/\/www.youtube.com\/watch?v=iApTAnu9-ho"]}]}},"_links":{"self":[{"href":"https:\/\/carnival.ticketrio.com.br\/fr\/wp-json\/wp\/v2\/pages\/711","targetHints":{"allow":["GET"]}}],"collection":[{"href":"https:\/\/carnival.ticketrio.com.br\/fr\/wp-json\/wp\/v2\/pages"}],"about":[{"href":"https:\/\/carnival.ticketrio.com.br\/fr\/wp-json\/wp\/v2\/types\/page"}],"author":[{"embeddable":true,"href":"https:\/\/carnival.ticketrio.com.br\/fr\/wp-json\/wp\/v2\/users\/1"}],"replies":[{"embeddable":true,"href":"https:\/\/carnival.ticketrio.com.br\/fr\/wp-json\/wp\/v2\/comments?post=711"}],"version-history":[{"count":2,"href":"https:\/\/carnival.ticketrio.com.br\/fr\/wp-json\/wp\/v2\/pages\/711\/revisions"}],"predecessor-version":[{"id":2008,"href":"https:\/\/carnival.ticketrio.com.br\/fr\/wp-json\/wp\/v2\/pages\/711\/revisions\/2008"}],"wp:attachment":[{"href":"https:\/\/carnival.ticketrio.com.br\/fr\/wp-json\/wp\/v2\/media?parent=711"}],"curies":[{"name":"wp","href":"https:\/\/api.w.org\/{rel}","templated":true}]}}