{"id":772,"date":"2016-11-23T20:21:59","date_gmt":"2016-11-23T20:21:59","guid":{"rendered":"https:\/\/carnival-ticketrio.com\/?page_id=772"},"modified":"2025-04-25T19:02:32","modified_gmt":"2025-04-25T19:02:32","slug":"kontakt-ticket-rio-karneval-tickets","status":"publish","type":"page","link":"https:\/\/carnival.ticketrio.com.br\/de\/kontakt-ticket-rio-karneval-tickets\/","title":{"rendered":"Kontakt"},"content":{"rendered":"<h2>Ticket Rio Karneval.&nbsp;Wir sind froh, jede Frage zu beantworten.<\/h2>\n<h4>Das Ladengesch\u00e4ft ist das ganze Jahr \u00fcber ge\u00f6ffnet.<\/h4>\n<p>Lagern Sie Rio de Janeiro<\/p>\n<p><strong>Adresse:<\/strong> Avenida das Americas, 700 Store 112 L&nbsp; &#8211; Barra da Tijuca &#8211; Rio de Janeiro &#8211; Brazil<\/p>\n<p><strong>BR Telefone<\/strong>: +55 21 3982-1515 \/ 2025-5000&nbsp;&nbsp;<\/p>\n<p>Arbeitszeit: 09 bis 18 Uhr Mo &#8211; Fr<\/p>\n<p><strong><span style=\"color: #ff0000;\">B\u00fcro USA<\/span><\/strong><\/p>\n<p>Adresse: 2907<strong>&nbsp;<\/strong>South Semoran Blvd. Suite #171 Orlando Florida FL 32822<\/p>\n<p><span style=\"color: #339966;\"><strong>Whatsapp<\/strong><\/span>: +55 2198379-5068<\/p>\n<p>Arbeitszeit: 09 Mo-Sa bis 18 Uhr.<\/p>\n<p><span style=\"color: #ff6600;\"><strong>E-mail<\/strong>:<\/span> atendimento@ticketrio.com.br<\/p>\n<p><img loading=\"lazy\" decoding=\"async\" class=\"alignnone size-medium wp-image-1551\" src=\"https:\/\/carnival.ticketrio.com.br\/wp-content\/uploads\/2017\/06\/tickets-rio-camarotes-300x300.png\" alt=\"\" width=\"300\" height=\"300\" srcset=\"https:\/\/carnival.ticketrio.com.br\/wp-content\/uploads\/2017\/06\/tickets-rio-camarotes-300x300.png 300w, https:\/\/carnival.ticketrio.com.br\/wp-content\/uploads\/2017\/06\/tickets-rio-camarotes-150x150.png 150w, https:\/\/carnival.ticketrio.com.br\/wp-content\/uploads\/2017\/06\/tickets-rio-camarotes-768x768.png 768w, https:\/\/carnival.ticketrio.com.br\/wp-content\/uploads\/2017\/06\/tickets-rio-camarotes.png 800w\" sizes=\"auto, (max-width: 300px) 100vw, 300px\" \/><img loading=\"lazy\" decoding=\"async\" class=\"alignnone size-medium wp-image-2010\" src=\"https:\/\/carnival.ticketrio.com.br\/wp-content\/uploads\/2025\/04\/loja-300x209.png\" alt=\"\" width=\"300\" height=\"209\" srcset=\"https:\/\/carnival.ticketrio.com.br\/wp-content\/uploads\/2025\/04\/loja-300x209.png 300w, https:\/\/carnival.ticketrio.com.br\/wp-content\/uploads\/2025\/04\/loja.png 400w\" sizes=\"auto, (max-width: 300px) 100vw, 300px\" \/><\/p>\n","protected":false},"excerpt":{"rendered":"<p>Ticket Rio Karneval.&nbsp;Wir sind froh, jede Frage zu beantworten. Das Ladengesch\u00e4ft ist das ganze Jahr \u00fcber ge\u00f6ffnet. Lagern Sie Rio de Janeiro Adresse: Avenida das Americas, 700 Store 112 L&nbsp; &#8211; Barra da Tijuca &#8211; Rio de Janeiro &#8211; Brazil <a href=\"https:\/\/carnival.ticketrio.com.br\/de\/kontakt-ticket-rio-karneval-tickets\/\"><\/p>\n<div class=\"read-more\">\n<p>Read more &#8250;<\/p>\n<\/div>\n<p><!-- end of .read-more --><\/a><\/p>\n","protected":false},"author":1,"featured_media":0,"parent":0,"menu_order":0,"comment_status":"closed","ping_status":"closed","template":"template-main-right.php","meta":{"_exactmetrics_skip_tracking":false,"_exactmetrics_sitenote_active":false,"_exactmetrics_sitenote_note":"","_exactmetrics_sitenote_category":0,"ngg_post_thumbnail":0,"_joinchat":[],"footnotes":""},"class_list":["post-772","page","type-page","status-publish","hentry"],"yoast_head":"<!-- This site is optimized with the Yoast SEO plugin v25.7 - https:\/\/yoast.com\/wordpress\/plugins\/seo\/ -->\n<title>Kontact Rio karneval tickets. Ladengesch\u00e4ft rio carnival Tickets zu kaufen<\/title>\n<meta name=\"description\" content=\"Karneval Rio de Janeiro tickets, tickets karneval Rio 2026, Rio Sambadrome Tickets\" \/>\n<meta name=\"robots\" content=\"index, follow, max-snippet:-1, max-image-preview:large, max-video-preview:-1\" \/>\n<link rel=\"canonical\" href=\"https:\/\/carnival.ticketrio.com.br\/de\/kontakt-ticket-rio-karneval-tickets\/\" \/>\n<meta property=\"og:locale\" content=\"fr_FR\" \/>\n<meta property=\"og:type\" content=\"article\" \/>\n<meta property=\"og:title\" content=\"Kontact Rio karneval tickets. Ladengesch\u00e4ft rio carnival Tickets zu kaufen\" \/>\n<meta property=\"og:description\" content=\"Karneval Rio de Janeiro tickets, tickets karneval Rio 2026, Rio Sambadrome Tickets\" \/>\n<meta property=\"og:url\" content=\"https:\/\/carnival.ticketrio.com.br\/de\/kontakt-ticket-rio-karneval-tickets\/\" \/>\n<meta property=\"og:site_name\" content=\"Ticket Rio - Billets Rio Carnaval, Tickets for Rio Carnival, Comprar Boletos Carnaval Rio, Rio Carnival Tickets. Karneval Rio Tickets, Rio Carnevale Biglietti, Rio de Janeiro Carnival Tickets Sambadrome. Boletos Carnaval R\u00edo.\" \/>\n<meta property=\"article:publisher\" content=\"https:\/\/www.facebook.com\/ticketrio\/?fref=nf\" \/>\n<meta property=\"article:modified_time\" content=\"2025-04-25T19:02:32+00:00\" \/>\n<meta property=\"og:image\" content=\"https:\/\/carnival.ticketrio.com.br\/wp-content\/uploads\/2017\/06\/tickets-rio-camarotes-300x300.png\" \/>\n<meta name=\"twitter:card\" content=\"summary_large_image\" \/>\n<meta name=\"twitter:site\" content=\"@carnavalticket\" \/>\n<meta name=\"twitter:label1\" content=\"Dur\u00e9e de lecture estim\u00e9e\" \/>\n\t<meta name=\"twitter:data1\" content=\"1 minute\" \/>\n<!-- \/ Yoast SEO plugin. -->","yoast_head_json":{"title":"Kontact Rio karneval tickets. Ladengesch\u00e4ft rio carnival Tickets zu kaufen","description":"Karneval Rio de Janeiro tickets, tickets karneval Rio 2026, Rio Sambadrome Tickets","robots":{"index":"index","follow":"follow","max-snippet":"max-snippet:-1","max-image-preview":"max-image-preview:large","max-video-preview":"max-video-preview:-1"},"canonical":"https:\/\/carnival.ticketrio.com.br\/de\/kontakt-ticket-rio-karneval-tickets\/","og_locale":"fr_FR","og_type":"article","og_title":"Kontact Rio karneval tickets. Ladengesch\u00e4ft rio carnival Tickets zu kaufen","og_description":"Karneval Rio de Janeiro tickets, tickets karneval Rio 2026, Rio Sambadrome Tickets","og_url":"https:\/\/carnival.ticketrio.com.br\/de\/kontakt-ticket-rio-karneval-tickets\/","og_site_name":"Ticket Rio - Billets Rio Carnaval, Tickets for Rio Carnival, Comprar Boletos Carnaval Rio, Rio Carnival Tickets. Karneval Rio Tickets, Rio Carnevale Biglietti, Rio de Janeiro Carnival Tickets Sambadrome. Boletos Carnaval R\u00edo.","article_publisher":"https:\/\/www.facebook.com\/ticketrio\/?fref=nf","article_modified_time":"2025-04-25T19:02:32+00:00","og_image":[{"url":"https:\/\/carnival.ticketrio.com.br\/wp-content\/uploads\/2017\/06\/tickets-rio-camarotes-300x300.png","type":"","width":"","height":""}],"twitter_card":"summary_large_image","twitter_site":"@carnavalticket","twitter_misc":{"Dur\u00e9e de lecture estim\u00e9e":"1 minute"},"schema":{"@context":"https:\/\/schema.org","@graph":[{"@type":"WebPage","@id":"https:\/\/carnival.ticketrio.com.br\/de\/kontakt-ticket-rio-karneval-tickets\/","url":"https:\/\/carnival.ticketrio.com.br\/de\/kontakt-ticket-rio-karneval-tickets\/","name":"Kontact Rio karneval tickets. Ladengesch\u00e4ft rio carnival Tickets zu kaufen","isPartOf":{"@id":"https:\/\/carnival.ticketrio.com.br\/#website"},"primaryImageOfPage":{"@id":"https:\/\/carnival.ticketrio.com.br\/de\/kontakt-ticket-rio-karneval-tickets\/#primaryimage"},"image":{"@id":"https:\/\/carnival.ticketrio.com.br\/de\/kontakt-ticket-rio-karneval-tickets\/#primaryimage"},"thumbnailUrl":"https:\/\/carnival.ticketrio.com.br\/wp-content\/uploads\/2017\/06\/tickets-rio-camarotes-300x300.png","datePublished":"2016-11-23T20:21:59+00:00","dateModified":"2025-04-25T19:02:32+00:00","description":"Karneval Rio de Janeiro tickets, tickets karneval Rio 2026, Rio Sambadrome Tickets","breadcrumb":{"@id":"https:\/\/carnival.ticketrio.com.br\/de\/kontakt-ticket-rio-karneval-tickets\/#breadcrumb"},"inLanguage":"fr-FR","potentialAction":[{"@type":"ReadAction","target":["https:\/\/carnival.ticketrio.com.br\/de\/kontakt-ticket-rio-karneval-tickets\/"]}]},{"@type":"ImageObject","inLanguage":"fr-FR","@id":"https:\/\/carnival.ticketrio.com.br\/de\/kontakt-ticket-rio-karneval-tickets\/#primaryimage","url":"https:\/\/carnival.ticketrio.com.br\/wp-content\/uploads\/2017\/06\/tickets-rio-camarotes-300x300.png","contentUrl":"https:\/\/carnival.ticketrio.com.br\/wp-content\/uploads\/2017\/06\/tickets-rio-camarotes-300x300.png"},{"@type":"BreadcrumbList","@id":"https:\/\/carnival.ticketrio.com.br\/de\/kontakt-ticket-rio-karneval-tickets\/#breadcrumb","itemListElement":[{"@type":"ListItem","position":1,"name":"Home","item":"https:\/\/carnival.ticketrio.com.br\/de\/rio-parade-carnival-tickets\/"},{"@type":"ListItem","position":2,"name":"Kontakt"}]},{"@type":"WebSite","@id":"https:\/\/carnival.ticketrio.com.br\/#website","url":"https:\/\/carnival.ticketrio.com.br\/","name":"Ticket Rio - Billets Rio Carnaval, Tickets for Rio Carnival, Comprar Boletos Carnaval Rio, Rio Carnival Tickets. Karneval Rio Tickets, Rio Carnevale Biglietti, Rio de Janeiro Carnival Tickets Sambadrome. Boletos Carnaval R\u00edo.","description":"Rio carnival parade tickets sambadrome 2026. Acheter billets Rio Carnaval. Comprar Boletos Rio Carnaval boletos Carnevale di Rio biglietti Karneval Rio de Janeiro Carnaval tickets 2026. Boletos Carnaval R\u00edo. Rio de Janeiro Carnival Tickets. Tickets Rio Carnival Sambadrome.","publisher":{"@id":"https:\/\/carnival.ticketrio.com.br\/#organization"},"potentialAction":[{"@type":"SearchAction","target":{"@type":"EntryPoint","urlTemplate":"https:\/\/carnival.ticketrio.com.br\/?s={search_term_string}"},"query-input":{"@type":"PropertyValueSpecification","valueRequired":true,"valueName":"search_term_string"}}],"inLanguage":"fr-FR"},{"@type":"Organization","@id":"https:\/\/carnival.ticketrio.com.br\/#organization","name":"Rio Carnaval billet 2018 - Rio Carnaval Entradas, Rio Carnaval Billets, Rio Karneval Tickets, Rio Carnival Parade Sambadrome Tickets","url":"https:\/\/carnival.ticketrio.com.br\/","logo":{"@type":"ImageObject","inLanguage":"fr-FR","@id":"https:\/\/carnival.ticketrio.com.br\/#\/schema\/logo\/image\/","url":"https:\/\/carnival-ticketrio.com\/wp-content\/uploads\/2016\/10\/ticket01-e1476303239999.png","contentUrl":"https:\/\/carnival-ticketrio.com\/wp-content\/uploads\/2016\/10\/ticket01-e1476303239999.png","width":200,"height":99,"caption":"Rio Carnaval billet 2018 - Rio Carnaval Entradas, Rio Carnaval Billets, Rio Karneval Tickets, Rio Carnival Parade Sambadrome Tickets"},"image":{"@id":"https:\/\/carnival.ticketrio.com.br\/#\/schema\/logo\/image\/"},"sameAs":["https:\/\/www.facebook.com\/ticketrio\/?fref=nf","https:\/\/x.com\/carnavalticket","https:\/\/www.youtube.com\/watch?v=iApTAnu9-ho"]}]}},"_links":{"self":[{"href":"https:\/\/carnival.ticketrio.com.br\/fr\/wp-json\/wp\/v2\/pages\/772","targetHints":{"allow":["GET"]}}],"collection":[{"href":"https:\/\/carnival.ticketrio.com.br\/fr\/wp-json\/wp\/v2\/pages"}],"about":[{"href":"https:\/\/carnival.ticketrio.com.br\/fr\/wp-json\/wp\/v2\/types\/page"}],"author":[{"embeddable":true,"href":"https:\/\/carnival.ticketrio.com.br\/fr\/wp-json\/wp\/v2\/users\/1"}],"replies":[{"embeddable":true,"href":"https:\/\/carnival.ticketrio.com.br\/fr\/wp-json\/wp\/v2\/comments?post=772"}],"version-history":[{"count":2,"href":"https:\/\/carnival.ticketrio.com.br\/fr\/wp-json\/wp\/v2\/pages\/772\/revisions"}],"predecessor-version":[{"id":2017,"href":"https:\/\/carnival.ticketrio.com.br\/fr\/wp-json\/wp\/v2\/pages\/772\/revisions\/2017"}],"wp:attachment":[{"href":"https:\/\/carnival.ticketrio.com.br\/fr\/wp-json\/wp\/v2\/media?parent=772"}],"curies":[{"name":"wp","href":"https:\/\/api.w.org\/{rel}","templated":true}]}}