{"id":820,"date":"2016-11-24T17:23:51","date_gmt":"2016-11-24T17:23:51","guid":{"rendered":"https:\/\/carnival-ticketrio.com\/?page_id=820"},"modified":"2025-04-25T15:31:06","modified_gmt":"2025-04-25T15:31:06","slug":"como-comprar-receber-o-seu-ingresso-carnaval-rio-sambodromo","status":"publish","type":"page","link":"https:\/\/carnival.ticketrio.com.br\/pt\/como-comprar-receber-o-seu-ingresso-carnaval-rio-sambodromo\/","title":{"rendered":"Como Comprar\/ Receber"},"content":{"rendered":"<h3><span style=\"color: #ff6600;\">Como Comprar \/ Receber o seu Ingressos para o Carnaval do Rio<\/span><\/h3>\n<p>&nbsp;<\/p>\n<h3><span style=\"color: #339966;\">V\u00e1 para a Nossa Loja Virtual em Ingl\u00eas&nbsp;<\/span> &nbsp;<a href=\"https:\/\/www.carnavalticketrio.com\">https:\/\/www.carnavalticketrio.com<img loading=\"lazy\" decoding=\"async\" class=\"wp-image-188 alignleft\" src=\"https:\/\/carnival.ticketrio.com.br\/wp-content\/uploads\/2016\/10\/ticketrio_logo-300x148.png\" rel='magnific' alt=\"\" width=\"174\" height=\"86\" \/><\/a><\/h3>\n<p><span id=\"result_box\" lang=\"en\"><span title=\"7.Concluido seu Pedido, voc\u00ea receber\u00e1 um email confirmando sua compra com o n\u00famero do seu pedido. \">Pague com Pay Pal. R\u00e1pido e Seguro.<\/span><\/span><\/p>\n<p>Voc\u00ea precisar\u00e1 escolher um local para retirada dos seus ingressos.<\/p>\n<p><strong>Loja Barra da Tijuca &nbsp;<\/strong>&#8211; Nossa loja f\u00edsica no Shopping Citt\u00e1 Am\u00e9rica que fica aberta o ano todo.<br \/>\nEndere\u00e7o: Av. das Am\u00e9ricas, 700 Loja 112 L &#8211; Barra da Tijuca<br \/>\nHor\u00e1rio de Funcionamento: 09 \u00e1s 18h (inclusive nos dias de carnaval)<\/p>\n<p>Ou<\/p>\n<p><strong>Copacabana Hotel VilaMar&nbsp;<\/strong>(Aberto apenas 1 semana antes do Carnaval para a entrega dos ingressos)<br \/>\nEndere\u00e7o: Hotel VilaMar &#8211; Rua Bolivar, 75 Copacabana<br \/>\nHor\u00e1rio de Funcionamento: 10h \u00e1s 18h (inclusive nos dias de carnaval carnival)<\/p>\n<p>&nbsp;<\/p>\n<p><strong><span style=\"color: #2595ba;\">Depois da Compra:<\/span><\/strong><span style=\"color: #2595ba;\" title=\"7.Concluido seu Pedido, voc\u00ea receber\u00e1 um email confirmando sua compra com o n\u00famero do seu pedido. \"><br \/>\n<\/span><\/p>\n<p><span lang=\"en\"><span title=\"Caso seu pedido seja negado, voc\u00ea ser\u00e1 notificado pela equipe da loja.ticketrio.com.br \"><span id=\"result_box\" lang=\"en\"><span title=\"Nosso Atendimento enviar\u00e1 pelo e-mail o Voucher Numerado referente ao Pedido.\">Ap\u00f3s a confirma\u00e7\u00e3o do pagamento o nosso atendimento ao cliente enviar\u00e1 <span style=\"color: #ff0000;\">o Voucher da Ticket Rio para o e-mail cadastrado<\/span>. Esse Voucher \u00e9 a confirma\u00e7\u00e3o da sua compra e fornece todos os dados do seu pedido<\/span><span title=\"Nosso Atendimento enviar\u00e1 pelo e-mail o Voucher Numerado referente ao Pedido.\">.&nbsp;<\/span><span title=\"Este Voucher \u00e9 o seu comprovante de compra para retirada do Ingresso. \">Por favor imprima este voucher e leve junto com o seu documento de identidade para retiradas dos ingressos no local escolhido.<\/span><\/span><\/span><\/span><\/p>\n<p><strong>Pol\u00edtica de Cancelamento: 7 dias corridos<\/strong><\/p>\n<p>Cancelamento solicitado dentro de sete (7) dias de calend\u00e1rio ap\u00f3s a compra por qualquer motivo s\u00e3o aceitos. Ap\u00f3s este per\u00edodo, por favor contacte o nosso servi\u00e7o de apoio ao cliente para saber a possibilidade de revender o seu pacote \/ bilhete para outro cliente (taxa de administra\u00e7\u00e3o pode aplicar).<\/p>\n<p><span style=\"color: #2595ba;\"><strong>COMO RECEBER&nbsp;<\/strong><\/span><\/p>\n<p><strong>&#8211; Arquibancadas e Cadeira de Pista<\/strong><\/p>\n<p><span style=\"text-decoration: underline;\">Os ingressos de arquibancadas agora s\u00e3o digitais. Acesse para mais informa\u00e7\u00f5es:<br \/>\n<\/span><a href=\"https:\/\/www.carnavalticketrio.com\/pt\/ingressos-digitais-rio-sambodromo-ingressos-de-carnaval\/\">https:\/\/www.carnavalticketrio.com\/pt\/ingressos-digitais-rio-sambodromo-ingressos-de-carnaval\/<\/a><\/p>\n<p><strong>&#8211; Frisas e Camarotes<\/strong><\/p>\n<p><span title=\"Consulte nosso atendimento a melhor forma de receb\u00ea-lo. \">Ainda s\u00e3o ingressos f\u00edsicos e precisam ser retirados no local escolhido.<\/span><\/p>\n<h4><strong><span lang=\"en\"><span title=\"Caso seu pedido seja negado, voc\u00ea ser\u00e1 notificado pela equipe da loja.ticketrio.com.br \"><span id=\"result_box\" lang=\"en\"><span title=\"IMPORTANTE: Pedido de Reserva para pagamento por Boleto ou Dep\u00f3sito tem o prazo de 48 horas para o Pagamento, ap\u00f3s este prazo o Ingresso retorna para venda.\"><br \/>\n<\/span><span style=\"color: #ff0000;\" title=\"Brindes Carnaval: \">Todos os Ingressos de Carnaval acompanham brindes.<\/span><\/span><\/span><\/span><\/strong><\/h4>\n","protected":false},"excerpt":{"rendered":"<p>Como Comprar \/ Receber o seu Ingressos para o Carnaval do Rio &nbsp; V\u00e1 para a Nossa Loja Virtual em Ingl\u00eas&nbsp; &nbsp;https:\/\/www.carnavalticketrio.com Pague com Pay Pal. R\u00e1pido e Seguro. Voc\u00ea precisar\u00e1 escolher um local para retirada dos seus ingressos. Loja <a href=\"https:\/\/carnival.ticketrio.com.br\/pt\/como-comprar-receber-o-seu-ingresso-carnaval-rio-sambodromo\/\"><\/p>\n<div class=\"read-more\">\n<p>Read more &#8250;<\/p>\n<\/div>\n<p><!-- end of .read-more --><\/a><\/p>\n","protected":false},"author":1,"featured_media":0,"parent":0,"menu_order":0,"comment_status":"closed","ping_status":"closed","template":"template-main-right.php","meta":{"_exactmetrics_skip_tracking":false,"_exactmetrics_sitenote_active":false,"_exactmetrics_sitenote_note":"","_exactmetrics_sitenote_category":0,"ngg_post_thumbnail":0,"_joinchat":[],"footnotes":""},"class_list":["post-820","page","type-page","status-publish","hentry"],"yoast_head":"<!-- This site is optimized with the Yoast SEO plugin v25.7 - https:\/\/yoast.com\/wordpress\/plugins\/seo\/ -->\n<title>Como Comprar Receber Ingressos Carnaval Samb\u00f3dromo Rio de Janeiro<\/title>\n<meta name=\"description\" content=\"Como comprar ingressos para o carnaval do samb\u00f3dromo do Rio. Compre on line com conforto o seu Ingressos para o Carnaval do Rio.\" \/>\n<meta name=\"robots\" content=\"index, follow, max-snippet:-1, max-image-preview:large, max-video-preview:-1\" \/>\n<link rel=\"canonical\" href=\"https:\/\/carnival.ticketrio.com.br\/pt\/como-comprar-receber-o-seu-ingresso-carnaval-rio-sambodromo\/\" \/>\n<meta property=\"og:locale\" content=\"fr_FR\" \/>\n<meta property=\"og:type\" content=\"article\" \/>\n<meta property=\"og:title\" content=\"Como Comprar Receber Ingressos Carnaval Samb\u00f3dromo Rio de Janeiro\" \/>\n<meta property=\"og:description\" content=\"Como comprar ingressos para o carnaval do samb\u00f3dromo do Rio. Compre on line com conforto o seu Ingressos para o Carnaval do Rio.\" \/>\n<meta property=\"og:url\" content=\"https:\/\/carnival.ticketrio.com.br\/pt\/como-comprar-receber-o-seu-ingresso-carnaval-rio-sambodromo\/\" \/>\n<meta property=\"og:site_name\" content=\"Ticket Rio - Billets Rio Carnaval, Tickets for Rio Carnival, Comprar Boletos Carnaval Rio, Rio Carnival Tickets. Karneval Rio Tickets, Rio Carnevale Biglietti, Rio de Janeiro Carnival Tickets Sambadrome. Boletos Carnaval R\u00edo.\" \/>\n<meta property=\"article:publisher\" content=\"https:\/\/www.facebook.com\/ticketrio\/?fref=nf\" \/>\n<meta property=\"article:modified_time\" content=\"2025-04-25T15:31:06+00:00\" \/>\n<meta property=\"og:image\" content=\"https:\/\/carnival.ticketrio.com.br\/wp-content\/uploads\/2016\/10\/ticketrio_logo-300x148.png\" \/>\n<meta name=\"twitter:card\" content=\"summary_large_image\" \/>\n<meta name=\"twitter:site\" content=\"@carnavalticket\" \/>\n<meta name=\"twitter:label1\" content=\"Dur\u00e9e de lecture estim\u00e9e\" \/>\n\t<meta name=\"twitter:data1\" content=\"2 minutes\" \/>\n<!-- \/ Yoast SEO plugin. -->","yoast_head_json":{"title":"Como Comprar Receber Ingressos Carnaval Samb\u00f3dromo Rio de Janeiro","description":"Como comprar ingressos para o carnaval do samb\u00f3dromo do Rio. Compre on line com conforto o seu Ingressos para o Carnaval do Rio.","robots":{"index":"index","follow":"follow","max-snippet":"max-snippet:-1","max-image-preview":"max-image-preview:large","max-video-preview":"max-video-preview:-1"},"canonical":"https:\/\/carnival.ticketrio.com.br\/pt\/como-comprar-receber-o-seu-ingresso-carnaval-rio-sambodromo\/","og_locale":"fr_FR","og_type":"article","og_title":"Como Comprar Receber Ingressos Carnaval Samb\u00f3dromo Rio de Janeiro","og_description":"Como comprar ingressos para o carnaval do samb\u00f3dromo do Rio. Compre on line com conforto o seu Ingressos para o Carnaval do Rio.","og_url":"https:\/\/carnival.ticketrio.com.br\/pt\/como-comprar-receber-o-seu-ingresso-carnaval-rio-sambodromo\/","og_site_name":"Ticket Rio - Billets Rio Carnaval, Tickets for Rio Carnival, Comprar Boletos Carnaval Rio, Rio Carnival Tickets. Karneval Rio Tickets, Rio Carnevale Biglietti, Rio de Janeiro Carnival Tickets Sambadrome. Boletos Carnaval R\u00edo.","article_publisher":"https:\/\/www.facebook.com\/ticketrio\/?fref=nf","article_modified_time":"2025-04-25T15:31:06+00:00","og_image":[{"url":"https:\/\/carnival.ticketrio.com.br\/wp-content\/uploads\/2016\/10\/ticketrio_logo-300x148.png","type":"","width":"","height":""}],"twitter_card":"summary_large_image","twitter_site":"@carnavalticket","twitter_misc":{"Dur\u00e9e de lecture estim\u00e9e":"2 minutes"},"schema":{"@context":"https:\/\/schema.org","@graph":[{"@type":"WebPage","@id":"https:\/\/carnival.ticketrio.com.br\/pt\/como-comprar-receber-o-seu-ingresso-carnaval-rio-sambodromo\/","url":"https:\/\/carnival.ticketrio.com.br\/pt\/como-comprar-receber-o-seu-ingresso-carnaval-rio-sambodromo\/","name":"Como Comprar Receber Ingressos Carnaval Samb\u00f3dromo Rio de Janeiro","isPartOf":{"@id":"https:\/\/carnival.ticketrio.com.br\/#website"},"primaryImageOfPage":{"@id":"https:\/\/carnival.ticketrio.com.br\/pt\/como-comprar-receber-o-seu-ingresso-carnaval-rio-sambodromo\/#primaryimage"},"image":{"@id":"https:\/\/carnival.ticketrio.com.br\/pt\/como-comprar-receber-o-seu-ingresso-carnaval-rio-sambodromo\/#primaryimage"},"thumbnailUrl":"https:\/\/carnival.ticketrio.com.br\/wp-content\/uploads\/2016\/10\/ticketrio_logo-300x148.png","datePublished":"2016-11-24T17:23:51+00:00","dateModified":"2025-04-25T15:31:06+00:00","description":"Como comprar ingressos para o carnaval do samb\u00f3dromo do Rio. Compre on line com conforto o seu Ingressos para o Carnaval do Rio.","breadcrumb":{"@id":"https:\/\/carnival.ticketrio.com.br\/pt\/como-comprar-receber-o-seu-ingresso-carnaval-rio-sambodromo\/#breadcrumb"},"inLanguage":"fr-FR","potentialAction":[{"@type":"ReadAction","target":["https:\/\/carnival.ticketrio.com.br\/pt\/como-comprar-receber-o-seu-ingresso-carnaval-rio-sambodromo\/"]}]},{"@type":"ImageObject","inLanguage":"fr-FR","@id":"https:\/\/carnival.ticketrio.com.br\/pt\/como-comprar-receber-o-seu-ingresso-carnaval-rio-sambodromo\/#primaryimage","url":"https:\/\/carnival.ticketrio.com.br\/wp-content\/uploads\/2016\/10\/ticketrio_logo-300x148.png","contentUrl":"https:\/\/carnival.ticketrio.com.br\/wp-content\/uploads\/2016\/10\/ticketrio_logo-300x148.png"},{"@type":"BreadcrumbList","@id":"https:\/\/carnival.ticketrio.com.br\/pt\/como-comprar-receber-o-seu-ingresso-carnaval-rio-sambodromo\/#breadcrumb","itemListElement":[{"@type":"ListItem","position":1,"name":"Home","item":"https:\/\/carnival.ticketrio.com.br\/de\/rio-parade-carnival-tickets\/"},{"@type":"ListItem","position":2,"name":"Como Comprar\/ Receber"}]},{"@type":"WebSite","@id":"https:\/\/carnival.ticketrio.com.br\/#website","url":"https:\/\/carnival.ticketrio.com.br\/","name":"Ticket Rio - Billets Rio Carnaval, Tickets for Rio Carnival, Comprar Boletos Carnaval Rio, Rio Carnival Tickets. Karneval Rio Tickets, Rio Carnevale Biglietti, Rio de Janeiro Carnival Tickets Sambadrome. Boletos Carnaval R\u00edo.","description":"Rio carnival parade tickets sambadrome 2026. Acheter billets Rio Carnaval. Comprar Boletos Rio Carnaval boletos Carnevale di Rio biglietti Karneval Rio de Janeiro Carnaval tickets 2026. Boletos Carnaval R\u00edo. Rio de Janeiro Carnival Tickets. Tickets Rio Carnival Sambadrome.","publisher":{"@id":"https:\/\/carnival.ticketrio.com.br\/#organization"},"potentialAction":[{"@type":"SearchAction","target":{"@type":"EntryPoint","urlTemplate":"https:\/\/carnival.ticketrio.com.br\/?s={search_term_string}"},"query-input":{"@type":"PropertyValueSpecification","valueRequired":true,"valueName":"search_term_string"}}],"inLanguage":"fr-FR"},{"@type":"Organization","@id":"https:\/\/carnival.ticketrio.com.br\/#organization","name":"Rio Carnaval billet 2018 - Rio Carnaval Entradas, Rio Carnaval Billets, Rio Karneval Tickets, Rio Carnival Parade Sambadrome Tickets","url":"https:\/\/carnival.ticketrio.com.br\/","logo":{"@type":"ImageObject","inLanguage":"fr-FR","@id":"https:\/\/carnival.ticketrio.com.br\/#\/schema\/logo\/image\/","url":"https:\/\/carnival-ticketrio.com\/wp-content\/uploads\/2016\/10\/ticket01-e1476303239999.png","contentUrl":"https:\/\/carnival-ticketrio.com\/wp-content\/uploads\/2016\/10\/ticket01-e1476303239999.png","width":200,"height":99,"caption":"Rio Carnaval billet 2018 - Rio Carnaval Entradas, Rio Carnaval Billets, Rio Karneval Tickets, Rio Carnival Parade Sambadrome Tickets"},"image":{"@id":"https:\/\/carnival.ticketrio.com.br\/#\/schema\/logo\/image\/"},"sameAs":["https:\/\/www.facebook.com\/ticketrio\/?fref=nf","https:\/\/x.com\/carnavalticket","https:\/\/www.youtube.com\/watch?v=iApTAnu9-ho"]}]}},"_links":{"self":[{"href":"https:\/\/carnival.ticketrio.com.br\/fr\/wp-json\/wp\/v2\/pages\/820","targetHints":{"allow":["GET"]}}],"collection":[{"href":"https:\/\/carnival.ticketrio.com.br\/fr\/wp-json\/wp\/v2\/pages"}],"about":[{"href":"https:\/\/carnival.ticketrio.com.br\/fr\/wp-json\/wp\/v2\/types\/page"}],"author":[{"embeddable":true,"href":"https:\/\/carnival.ticketrio.com.br\/fr\/wp-json\/wp\/v2\/users\/1"}],"replies":[{"embeddable":true,"href":"https:\/\/carnival.ticketrio.com.br\/fr\/wp-json\/wp\/v2\/comments?post=820"}],"version-history":[{"count":2,"href":"https:\/\/carnival.ticketrio.com.br\/fr\/wp-json\/wp\/v2\/pages\/820\/revisions"}],"predecessor-version":[{"id":1982,"href":"https:\/\/carnival.ticketrio.com.br\/fr\/wp-json\/wp\/v2\/pages\/820\/revisions\/1982"}],"wp:attachment":[{"href":"https:\/\/carnival.ticketrio.com.br\/fr\/wp-json\/wp\/v2\/media?parent=820"}],"curies":[{"name":"wp","href":"https:\/\/api.w.org\/{rel}","templated":true}]}}