{"id":991,"date":"2016-12-06T17:12:48","date_gmt":"2016-12-06T17:12:48","guid":{"rendered":"https:\/\/carnival-ticketrio.com\/?page_id=991"},"modified":"2020-03-14T01:31:40","modified_gmt":"2020-03-14T01:31:40","slug":"tickets-karneval-in-rio-parade","status":"publish","type":"page","link":"https:\/\/carnival.ticketrio.com.br\/de\/tickets-karneval-in-rio-parade\/","title":{"rendered":"Karneval Rio Tickets"},"content":{"rendered":"<h2 style=\"text-align: justify;\"><span style=\"color: #ff9900;\">Garantieren ihre <a href=\"https:\/\/www.carnavalticketrio.com\">Tickets f\u00fcr den Karneval<\/a> Sambadrome in Rio de Janeiro. Tickets f\u00fcr den Karneval in Rio sind hei\u00df umk\u00e4mpft und jedes Jahr ist schnell ersch\u00f6pft<\/span><\/h2>\n<h2 style=\"text-align: justify;\">Die wichtigste kulturelle Ereignis in Brasilien<\/h2>\n<p style=\"text-align: justify;\">Karneval ist eigentlich das wichtigste kulturelle Ereignis in Brasilien und den Sambadrome Ort &#8211; wo der offizielle Karneval-Parade stattfindet &#8211; ist das Epizentrum des Karnevals in Brasilien. Viele Menschen planen ein Jahr zuvor den Karneval in Rio de Janeiro.<\/p>\n<p style=\"text-align: justify;\">Der Karneval in Rio de Janeiro ist eine der magischen Shows der Welt. Alles geschieht im Sambadrome, wo die Parade Sambaschulen und im Wettbewerb die Besten der Besten zu sein<\/p>\n<h3>Arten von Rio Parade Tickets<\/h3>\n<p>Das erste, was Sie beachten sollten, sind die Arten von Tickets, die Sie kaufen m\u00f6chten. Es gibt f\u00fcnf M\u00f6glichkeiten:<\/p>\n<p><a href=\"http:\/\/www.carnavalticketrio.com\"><img loading=\"lazy\" decoding=\"async\" class=\"alignnone size-medium wp-image-963\" src=\"https:\/\/carnival-ticketrio.com\/wp-content\/uploads\/2016\/11\/tribunen-185x300.jpg\" rel='magnific' alt=\"tribunen\" width=\"185\" height=\"300\" srcset=\"https:\/\/carnival.ticketrio.com.br\/wp-content\/uploads\/2016\/11\/tribunen-185x300.jpg 185w, https:\/\/carnival.ticketrio.com.br\/wp-content\/uploads\/2016\/11\/tribunen-768x1246.jpg 768w, https:\/\/carnival.ticketrio.com.br\/wp-content\/uploads\/2016\/11\/tribunen-631x1024.jpg 631w, https:\/\/carnival.ticketrio.com.br\/wp-content\/uploads\/2016\/11\/tribunen.jpg 922w\" sizes=\"auto, (max-width: 185px) 100vw, 185px\" \/><\/a><a href=\"http:\/\/www.carnavalticketrio.com\"><img loading=\"lazy\" decoding=\"async\" class=\"alignnone size-medium wp-image-962\" src=\"https:\/\/carnival-ticketrio.com\/wp-content\/uploads\/2016\/11\/zugeordnetstuhle-185x300.jpg\" rel='magnific' alt=\"zugeordnetstuhle\" width=\"185\" height=\"300\" srcset=\"https:\/\/carnival.ticketrio.com.br\/wp-content\/uploads\/2016\/11\/zugeordnetstuhle-185x300.jpg 185w, https:\/\/carnival.ticketrio.com.br\/wp-content\/uploads\/2016\/11\/zugeordnetstuhle-768x1248.jpg 768w, https:\/\/carnival.ticketrio.com.br\/wp-content\/uploads\/2016\/11\/zugeordnetstuhle-630x1024.jpg 630w, https:\/\/carnival.ticketrio.com.br\/wp-content\/uploads\/2016\/11\/zugeordnetstuhle.jpg 921w\" sizes=\"auto, (max-width: 185px) 100vw, 185px\" \/><\/a><a href=\"http:\/\/www.carnavalticketrio.com\"><img loading=\"lazy\" decoding=\"async\" class=\"alignnone size-medium wp-image-961\" src=\"https:\/\/carnival-ticketrio.com\/wp-content\/uploads\/2016\/11\/frontbox1-1-185x300.jpg\" rel='magnific' alt=\"frontbox1-1\" width=\"185\" height=\"300\" srcset=\"https:\/\/carnival.ticketrio.com.br\/wp-content\/uploads\/2016\/11\/frontbox1-1-185x300.jpg 185w, https:\/\/carnival.ticketrio.com.br\/wp-content\/uploads\/2016\/11\/frontbox1-1-768x1247.jpg 768w, https:\/\/carnival.ticketrio.com.br\/wp-content\/uploads\/2016\/11\/frontbox1-1-631x1024.jpg 631w, https:\/\/carnival.ticketrio.com.br\/wp-content\/uploads\/2016\/11\/frontbox1-1.jpg 922w\" sizes=\"auto, (max-width: 185px) 100vw, 185px\" \/><\/a><a href=\"http:\/\/www.carnavalticketrio.com\"><img loading=\"lazy\" decoding=\"async\" class=\"alignnone size-medium wp-image-959\" src=\"https:\/\/carnival-ticketrio.com\/wp-content\/uploads\/2016\/11\/superviplounge-1-185x300.jpg\" rel='magnific' alt=\"superviplounge-1\" width=\"185\" height=\"300\" srcset=\"https:\/\/carnival.ticketrio.com.br\/wp-content\/uploads\/2016\/11\/superviplounge-1-185x300.jpg 185w, https:\/\/carnival.ticketrio.com.br\/wp-content\/uploads\/2016\/11\/superviplounge-1-768x1246.jpg 768w, https:\/\/carnival.ticketrio.com.br\/wp-content\/uploads\/2016\/11\/superviplounge-1-631x1024.jpg 631w, https:\/\/carnival.ticketrio.com.br\/wp-content\/uploads\/2016\/11\/superviplounge-1.jpg 922w\" sizes=\"auto, (max-width: 185px) 100vw, 185px\" \/><\/a><\/p>\n<h4><span style=\"color: #339966;\"><a style=\"color: #339966;\" href=\"https:\/\/www.carnavalticketrio.com\/rio-carnival-parade-tickets-sambadrome\/rio-carnival-tickets-grandstand-tickets.html\"><strong>TRIBUNEN &#8211; RIO KARNEVAL TICKETS<\/strong><\/a><\/span><\/h4>\n<p style=\"text-align: justify;\">Tribunen (Arquibancadas) bietet einen herrlichen Blick auf die Parade von oben am meisten erschwinglichen Preis. am Anfang jedes Sektors befindet.<\/p>\n<h4><span style=\"color: #339966;\"><a style=\"color: #339966;\" href=\"https:\/\/www.carnavalticketrio.com\/rio-carnival-parade-tickets-sambadrome\/rio-carnival-tickets-open-box-cd.html\"><strong>FRONT BOXES &#8211;&nbsp;RIO KARNEVAL TICKETS<\/strong><\/a><\/span><\/h4>\n<p style=\"text-align: justify;\">Frontboxen (Decken), die auf dem gleichen Niveau wie die Parade und sind so nah, k\u00f6nnen verfolgen die Energie von den Demonstranten n\u00e4ssende f\u00fchlen.<\/p>\n<h4><span style=\"color: #339966;\"><a style=\"color: #339966;\" href=\"https:\/\/www.carnavalticketrio.com\/rio-carnival-parade-tickets-sambadrome\/rio-carnival-ticket-allocated-chair.html\"><strong>ZUGEORNET STUHLE &#8211; RIO KARNEVAL TICKETS<\/strong><\/a><\/span><\/h4>\n<p style=\"text-align: justify;\">Andere Namen: <a href=\"http:\/\/www.carnavalticketrio.com\/rio-carnival-tickets-sambodrome-2017\/rio-carnival-ticket-allocated-chair\"> Nummerierte St\u00fchle <\/a>, Cadeiras Spur, Professuren. Die Zugeteilte St\u00fchle sind nur bei Sector 12 oder 13 (Endteil Sambadrome) gelegen. Sie sind g\u00fcnstiger als offener Kasten und Leute wie sie nummeriert sind, weil sie Platz finden. Vor den beiden Helden des allokierten St\u00fchle Premieren werden Sie Boxen f\u00fcr die Industrie finden offenen 13.12.<\/p>\n<h4><span style=\"color: #339966;\"><a style=\"color: #339966;\" href=\"https:\/\/www.carnavalticketrio.com\/rio-carnival-parade-tickets-sambadrome\/rio-carnival-tickets-luxury-suites-tickets.html\"><strong>LUXURY SUITES &#8211; RIO&nbsp;KARNEVAL TICKETS<\/strong><\/a><\/span><\/h4>\n<p style=\"text-align: justify;\">VIP Stateroom (VIP-Tickets): erm\u00f6glicht den Zugriff auf das Innere eingerichtete Suite sowie VIP-Service mit einem Buffet, offene Bar, Catering-Service und besondere Anl\u00e4sse.<\/p>\n<h4><span style=\"color: #339966;\"><a style=\"color: #339966;\" href=\"https:\/\/www.carnavalticketrio.com\/rio-carnival-parade-tickets-sambadrome\/rio-carnival-tickets-super-vip-lounge.html\"><strong>SUPER LOUNGE VIP BOX &#8211; RIO&nbsp;KARNEVAL TICKETS<\/strong><\/a><\/span><\/h4>\n<p style=\"text-align: justify;\">Andere Namen: Super-VIP-Lounges Covered Suites, Super-Prunkr\u00e4ume<br \/>\nDie Super-Kabinen sind riesige Fl\u00e4chen f\u00fcr mehr als 600 hundert Menschen hat in der Regel 2 Etagen und bietet All-Inclusive-Services (VIP Buffet, Transfer in \/ out, Open Bar) und viele Attraktionen: wie Spa, Make-up Beauty-Center, Live-Shows in den Pausen und Djs. Super Alle Kabinen haben eine Fl\u00e4che in der ersten Etage namens &#8220;Lounges&#8221;, wo Sie die Samba-Parade in unmittelbarer N\u00e4he der Stra\u00dfe sehen kann (wo es annehmen, die offenen Boxen zu sein). Super-VIP-Lounges Covered boxs sind wirklich Spa\u00df und tolle Erfahrung. Folgt dem Rio Ticket-Angebot Super-Prunkr\u00e4ume:&nbsp;<a href=\"http:\/\/www.carnavalticketrio.com\/rio-carnival-tickets-sambodrome-2017\/rio-carnival-tickets-super-vip-lounge\/folia-tropical\/\">Folia Tropical,<\/a>&nbsp;<a href=\"http:\/\/www.carnavalticketrio.com\/rio-carnival-tickets-sambodrome-2017\/rio-carnival-tickets-super-vip-lounge\/samba-carioca\/\">Global Executive<\/a>&nbsp;e&nbsp;<a href=\"http:\/\/www.carnavalticketrio.com\/rio-carnival-tickets-sambodrome-2017\/rio-carnival-tickets-super-vip-lounge\/allegria\">Super Sapucai<\/a>.<\/p>\n","protected":false},"excerpt":{"rendered":"<p>Garantieren ihre Tickets f\u00fcr den Karneval Sambadrome in Rio de Janeiro. Tickets f\u00fcr den Karneval in Rio sind hei\u00df umk\u00e4mpft und jedes Jahr ist schnell ersch\u00f6pft Die wichtigste kulturelle Ereignis in Brasilien Karneval ist eigentlich das wichtigste kulturelle Ereignis in <a href=\"https:\/\/carnival.ticketrio.com.br\/de\/tickets-karneval-in-rio-parade\/\"><\/p>\n<div class=\"read-more\">\n<p>Read more &#8250;<\/p>\n<\/div>\n<p><!-- end of .read-more --><\/a><\/p>\n","protected":false},"author":1,"featured_media":0,"parent":0,"menu_order":0,"comment_status":"closed","ping_status":"closed","template":"template-main-right.php","meta":{"_exactmetrics_skip_tracking":false,"_exactmetrics_sitenote_active":false,"_exactmetrics_sitenote_note":"","_exactmetrics_sitenote_category":0,"ngg_post_thumbnail":0,"_joinchat":[],"footnotes":""},"class_list":["post-991","page","type-page","status-publish","hentry"],"yoast_head":"<!-- This site is optimized with the Yoast SEO plugin v25.7 - https:\/\/yoast.com\/wordpress\/plugins\/seo\/ -->\n<title>Rio de Janeiro Karneval tickets. Carnival Rio Tickets Sambodrom<\/title>\n<meta name=\"description\" content=\"Rio de Janeiro Karneval tickets. Carnival Rio Tickets Sambodrom. Karneval Rio de Janeiro Tickets. Tickets parade carnival Rio de Janeiro\" \/>\n<meta name=\"robots\" content=\"index, follow, max-snippet:-1, max-image-preview:large, max-video-preview:-1\" \/>\n<link rel=\"canonical\" href=\"https:\/\/carnival.ticketrio.com.br\/de\/tickets-karneval-in-rio-parade\/\" \/>\n<meta property=\"og:locale\" content=\"fr_FR\" \/>\n<meta property=\"og:type\" content=\"article\" \/>\n<meta property=\"og:title\" content=\"Rio de Janeiro Karneval tickets. Carnival Rio Tickets Sambodrom\" \/>\n<meta property=\"og:description\" content=\"Rio de Janeiro Karneval tickets. Carnival Rio Tickets Sambodrom. Karneval Rio de Janeiro Tickets. Tickets parade carnival Rio de Janeiro\" \/>\n<meta property=\"og:url\" content=\"https:\/\/carnival.ticketrio.com.br\/de\/tickets-karneval-in-rio-parade\/\" \/>\n<meta property=\"og:site_name\" content=\"Ticket Rio - Billets Rio Carnaval, Tickets for Rio Carnival, Comprar Boletos Carnaval Rio, Rio Carnival Tickets. Karneval Rio Tickets, Rio Carnevale Biglietti, Rio de Janeiro Carnival Tickets Sambadrome. Boletos Carnaval R\u00edo.\" \/>\n<meta property=\"article:publisher\" content=\"https:\/\/www.facebook.com\/ticketrio\/?fref=nf\" \/>\n<meta property=\"article:modified_time\" content=\"2020-03-14T01:31:40+00:00\" \/>\n<meta property=\"og:image\" content=\"https:\/\/carnival-ticketrio.com\/wp-content\/uploads\/2016\/11\/tribunen-185x300.jpg\" \/>\n<meta name=\"twitter:card\" content=\"summary_large_image\" \/>\n<meta name=\"twitter:site\" content=\"@carnavalticket\" \/>\n<meta name=\"twitter:label1\" content=\"Dur\u00e9e de lecture estim\u00e9e\" \/>\n\t<meta name=\"twitter:data1\" content=\"2 minutes\" \/>\n<!-- \/ Yoast SEO plugin. -->","yoast_head_json":{"title":"Rio de Janeiro Karneval tickets. Carnival Rio Tickets Sambodrom","description":"Rio de Janeiro Karneval tickets. Carnival Rio Tickets Sambodrom. Karneval Rio de Janeiro Tickets. Tickets parade carnival Rio de Janeiro","robots":{"index":"index","follow":"follow","max-snippet":"max-snippet:-1","max-image-preview":"max-image-preview:large","max-video-preview":"max-video-preview:-1"},"canonical":"https:\/\/carnival.ticketrio.com.br\/de\/tickets-karneval-in-rio-parade\/","og_locale":"fr_FR","og_type":"article","og_title":"Rio de Janeiro Karneval tickets. Carnival Rio Tickets Sambodrom","og_description":"Rio de Janeiro Karneval tickets. Carnival Rio Tickets Sambodrom. Karneval Rio de Janeiro Tickets. Tickets parade carnival Rio de Janeiro","og_url":"https:\/\/carnival.ticketrio.com.br\/de\/tickets-karneval-in-rio-parade\/","og_site_name":"Ticket Rio - Billets Rio Carnaval, Tickets for Rio Carnival, Comprar Boletos Carnaval Rio, Rio Carnival Tickets. Karneval Rio Tickets, Rio Carnevale Biglietti, Rio de Janeiro Carnival Tickets Sambadrome. Boletos Carnaval R\u00edo.","article_publisher":"https:\/\/www.facebook.com\/ticketrio\/?fref=nf","article_modified_time":"2020-03-14T01:31:40+00:00","og_image":[{"url":"https:\/\/carnival-ticketrio.com\/wp-content\/uploads\/2016\/11\/tribunen-185x300.jpg","type":"","width":"","height":""}],"twitter_card":"summary_large_image","twitter_site":"@carnavalticket","twitter_misc":{"Dur\u00e9e de lecture estim\u00e9e":"2 minutes"},"schema":{"@context":"https:\/\/schema.org","@graph":[{"@type":"WebPage","@id":"https:\/\/carnival.ticketrio.com.br\/de\/tickets-karneval-in-rio-parade\/","url":"https:\/\/carnival.ticketrio.com.br\/de\/tickets-karneval-in-rio-parade\/","name":"Rio de Janeiro Karneval tickets. Carnival Rio Tickets Sambodrom","isPartOf":{"@id":"https:\/\/carnival.ticketrio.com.br\/#website"},"primaryImageOfPage":{"@id":"https:\/\/carnival.ticketrio.com.br\/de\/tickets-karneval-in-rio-parade\/#primaryimage"},"image":{"@id":"https:\/\/carnival.ticketrio.com.br\/de\/tickets-karneval-in-rio-parade\/#primaryimage"},"thumbnailUrl":"https:\/\/carnival-ticketrio.com\/wp-content\/uploads\/2016\/11\/tribunen-185x300.jpg","datePublished":"2016-12-06T17:12:48+00:00","dateModified":"2020-03-14T01:31:40+00:00","description":"Rio de Janeiro Karneval tickets. Carnival Rio Tickets Sambodrom. Karneval Rio de Janeiro Tickets. Tickets parade carnival Rio de Janeiro","breadcrumb":{"@id":"https:\/\/carnival.ticketrio.com.br\/de\/tickets-karneval-in-rio-parade\/#breadcrumb"},"inLanguage":"fr-FR","potentialAction":[{"@type":"ReadAction","target":["https:\/\/carnival.ticketrio.com.br\/de\/tickets-karneval-in-rio-parade\/"]}]},{"@type":"ImageObject","inLanguage":"fr-FR","@id":"https:\/\/carnival.ticketrio.com.br\/de\/tickets-karneval-in-rio-parade\/#primaryimage","url":"https:\/\/carnival-ticketrio.com\/wp-content\/uploads\/2016\/11\/tribunen-185x300.jpg","contentUrl":"https:\/\/carnival-ticketrio.com\/wp-content\/uploads\/2016\/11\/tribunen-185x300.jpg"},{"@type":"BreadcrumbList","@id":"https:\/\/carnival.ticketrio.com.br\/de\/tickets-karneval-in-rio-parade\/#breadcrumb","itemListElement":[{"@type":"ListItem","position":1,"name":"Home","item":"https:\/\/carnival.ticketrio.com.br\/fr\/rio-carnaval-billets\/"},{"@type":"ListItem","position":2,"name":"Karneval Rio Tickets"}]},{"@type":"WebSite","@id":"https:\/\/carnival.ticketrio.com.br\/#website","url":"https:\/\/carnival.ticketrio.com.br\/","name":"Ticket Rio - Billets Rio Carnaval, Tickets for Rio Carnival, Comprar Boletos Carnaval Rio, Rio Carnival Tickets. Karneval Rio Tickets, Rio Carnevale Biglietti, Rio de Janeiro Carnival Tickets Sambadrome. Boletos Carnaval R\u00edo.","description":"Rio carnival parade tickets sambadrome 2026. Acheter billets Rio Carnaval. Comprar Boletos Rio Carnaval boletos Carnevale di Rio biglietti Karneval Rio de Janeiro Carnaval tickets 2026. Boletos Carnaval R\u00edo. Rio de Janeiro Carnival Tickets. Tickets Rio Carnival Sambadrome.","publisher":{"@id":"https:\/\/carnival.ticketrio.com.br\/#organization"},"potentialAction":[{"@type":"SearchAction","target":{"@type":"EntryPoint","urlTemplate":"https:\/\/carnival.ticketrio.com.br\/?s={search_term_string}"},"query-input":{"@type":"PropertyValueSpecification","valueRequired":true,"valueName":"search_term_string"}}],"inLanguage":"fr-FR"},{"@type":"Organization","@id":"https:\/\/carnival.ticketrio.com.br\/#organization","name":"Rio Carnaval billet 2018 - Rio Carnaval Entradas, Rio Carnaval Billets, Rio Karneval Tickets, Rio Carnival Parade Sambadrome Tickets","url":"https:\/\/carnival.ticketrio.com.br\/","logo":{"@type":"ImageObject","inLanguage":"fr-FR","@id":"https:\/\/carnival.ticketrio.com.br\/#\/schema\/logo\/image\/","url":"https:\/\/carnival-ticketrio.com\/wp-content\/uploads\/2016\/10\/ticket01-e1476303239999.png","contentUrl":"https:\/\/carnival-ticketrio.com\/wp-content\/uploads\/2016\/10\/ticket01-e1476303239999.png","width":200,"height":99,"caption":"Rio Carnaval billet 2018 - Rio Carnaval Entradas, Rio Carnaval Billets, Rio Karneval Tickets, Rio Carnival Parade Sambadrome Tickets"},"image":{"@id":"https:\/\/carnival.ticketrio.com.br\/#\/schema\/logo\/image\/"},"sameAs":["https:\/\/www.facebook.com\/ticketrio\/?fref=nf","https:\/\/x.com\/carnavalticket","https:\/\/www.youtube.com\/watch?v=iApTAnu9-ho"]}]}},"_links":{"self":[{"href":"https:\/\/carnival.ticketrio.com.br\/fr\/wp-json\/wp\/v2\/pages\/991","targetHints":{"allow":["GET"]}}],"collection":[{"href":"https:\/\/carnival.ticketrio.com.br\/fr\/wp-json\/wp\/v2\/pages"}],"about":[{"href":"https:\/\/carnival.ticketrio.com.br\/fr\/wp-json\/wp\/v2\/types\/page"}],"author":[{"embeddable":true,"href":"https:\/\/carnival.ticketrio.com.br\/fr\/wp-json\/wp\/v2\/users\/1"}],"replies":[{"embeddable":true,"href":"https:\/\/carnival.ticketrio.com.br\/fr\/wp-json\/wp\/v2\/comments?post=991"}],"version-history":[{"count":1,"href":"https:\/\/carnival.ticketrio.com.br\/fr\/wp-json\/wp\/v2\/pages\/991\/revisions"}],"predecessor-version":[{"id":1811,"href":"https:\/\/carnival.ticketrio.com.br\/fr\/wp-json\/wp\/v2\/pages\/991\/revisions\/1811"}],"wp:attachment":[{"href":"https:\/\/carnival.ticketrio.com.br\/fr\/wp-json\/wp\/v2\/media?parent=991"}],"curies":[{"name":"wp","href":"https:\/\/api.w.org\/{rel}","templated":true}]}}