{"id":381,"date":"2016-10-28T23:10:29","date_gmt":"2016-10-28T23:10:29","guid":{"rendered":"https:\/\/carnival-ticketrio.com\/?page_id=381"},"modified":"2025-04-25T15:22:27","modified_gmt":"2025-04-25T15:22:27","slug":"wie-kaufen-empfangen-rio-karneval-tickets","status":"publish","type":"page","link":"https:\/\/carnival.ticketrio.com.br\/de\/wie-kaufen-empfangen-rio-karneval-tickets\/","title":{"rendered":"Wie kaufen \/ Empfangen"},"content":{"rendered":"<h2><span style=\"color: #ff6600;\">Wie zu kaufen \/ Receive Your Ticket Karneval in Rio<\/span><\/h2>\n<p>&nbsp;<\/p>\n<h3><span style=\"color: #339966;\">Auf unserer Seite auf Linie STORE &nbsp; <a style=\"color: #339966;\" href=\"http:\/\/www.carnavalticketrio.com\">http:\/\/www.carnavalticketrio.com<\/a><\/span><a href=\"http:\/\/www.carnavalticketrio.com\" rel=\"http:\/\/www.carnavalticketrio.com\"><img loading=\"lazy\" decoding=\"async\" class=\"alignleft wp-image-13\" src=\"https:\/\/carnival-ticketrio.com\/wp-content\/uploads\/2016\/10\/cropped-cropped-a-empresa-ticket-rio-logos-1.png\" rel='magnific' alt=\"cropped-cropped-a-empresa-ticket-rio-logos-1.png\" width=\"149\" height=\"160\" \/><\/a><\/h3>\n<p><strong>Mit PayPal bezahlen. Einfach und sicher Weise zu zahlen.<\/strong><\/p>\n<p>Sie m\u00fcssen den Ort, den Sie UP Ihr Tickets W\u00e4hlen Sie wollen w\u00e4hlen.<\/p>\n<p><strong>Barra da Tijuca Store&nbsp;<\/strong>&#8211; Unser Phisical Speicher \u00f6ffnet sich das ganze Jahr \u00fcber Adresse: Av. das Am\u00e9ricas, 700 Loja 112 L &#8211; Barra da Tijuca \u00d6ffnet Zeiten: 09 bis 18 Uhr (einschlie\u00dflich Fasnachtstage)<\/p>\n<pre id=\"tw-target-text\" class=\"tw-data-text tw-ta tw-text-large\" dir=\"ltr\" data-placeholder=\"Translation\" data-fulltext=\"\"><span lang=\"de\">ODER<\/span><\/pre>\n<p><strong>Copacabana Hotel VilaMar Hospitality Desk&nbsp;<\/strong>\u00d6ffnet nur in Fev. f\u00fcr den Karneval.<br \/>\nAdresse: Hotel Vilamar &#8211; Rua Bolivar, 75 Copacabana<br \/>\n\u00d6ffnet Zeiten: 10 bis 18 Uhr (Fasnachtstage eingeschlossen)<\/p>\n<p><strong><span style=\"color: #1f90c4;\">Nach dem Kauf:<\/span><\/strong><\/p>\n<p>Unser Service Der Kunde wird per E-Mail den <strong><span style=\"color: #ff0000;\">TicketRio Gutschein<\/span><\/strong> mit Ihrer Bestellung Details zu senden. Dieser Gutschein ist Ihre purchase&#8217;s Best\u00e4tigung. Bitte drucken Sie es aus und nehmen Sie Ihre Tickets zu erhalten.<\/p>\n<p><strong>Stornierungen: 7 Kalendertage<\/strong><\/p>\n<p>Stornierung angefordert innerhalb von sieben (7) Kalendertagen nach dem Kauf aus irgendeinem Grund angenommen werden. Nach Ablauf dieser Zeit bitte an unseren Kundendienst die M\u00f6glichkeit, Reselling Ihr Paket \/ Ticket an einen anderen Kunden zu kennen (Verwaltungsgeb\u00fchr Geb\u00fchr).<\/p>\n<p><span style=\"color: #1f90c4;\"><strong><br \/>\nWIE ERHALTEN.<\/strong><\/span><\/p>\n<p><strong>&#8211; Trib\u00fcnen Tickets &amp; Zugeteilte St\u00fchle&nbsp;<\/strong><\/p>\n<p><strong>Trib\u00fcnen- und Track Chair-Tickets sind jetzt digital erh\u00e4ltlich. Weitere Informationen finden Sie unter:<\/strong><br \/>\n<a href=\"https:\/\/www.carnavalticketrio.com\/de\/digitale-tickets-rio-sambadrome-karnevalstickets\/\">https:\/\/www.carnavalticketrio.com\/de\/digitale-tickets-rio-sambadrome-karnevalstickets\/<\/a><\/p>\n<p><span title=\"Frisa e Camarote: Estar\u00e3o liberados pela Liesa \u2013 Liga Independente das Escolas de Samba na semana do carnaval.\"><strong>&#8211; Offene Boxen &amp; VIP Luxury Suites -l.<\/strong><\/span><\/p>\n<p>Es handelt sich weiterhin um physische Tickets, die am gew\u00e4hlten Ort abgeholt werden m\u00fcssen.<\/p>\n","protected":false},"excerpt":{"rendered":"<p>Wie zu kaufen \/ Receive Your Ticket Karneval in Rio &nbsp; Auf unserer Seite auf Linie STORE &nbsp; http:\/\/www.carnavalticketrio.com Mit PayPal bezahlen. Einfach und sicher Weise zu zahlen. Sie m\u00fcssen den Ort, den Sie UP Ihr Tickets W\u00e4hlen Sie wollen <a href=\"https:\/\/carnival.ticketrio.com.br\/de\/wie-kaufen-empfangen-rio-karneval-tickets\/\"><\/p>\n<div class=\"read-more\">\n<p>Read more &#8250;<\/p>\n<\/div>\n<p><!-- end of .read-more --><\/a><\/p>\n","protected":false},"author":1,"featured_media":0,"parent":0,"menu_order":0,"comment_status":"closed","ping_status":"closed","template":"template-main-right.php","meta":{"_exactmetrics_skip_tracking":false,"_exactmetrics_sitenote_active":false,"_exactmetrics_sitenote_note":"","_exactmetrics_sitenote_category":0,"ngg_post_thumbnail":0,"_joinchat":[],"footnotes":""},"class_list":["post-381","page","type-page","status-publish","hentry"],"yoast_head":"<!-- This site is optimized with the Yoast SEO plugin v25.7 - https:\/\/yoast.com\/wordpress\/plugins\/seo\/ -->\n<title>Wie zu kaufen \/ Receive Your Ticket Karneval in Rio<\/title>\n<meta name=\"description\" content=\"Ticket Rio karneval. Wie zu kaufen \/ Receive Your Ticket Karneval in Rio, karneval rio de janeiro tickets, tickets karneval Rio\" \/>\n<meta name=\"robots\" content=\"index, follow, max-snippet:-1, max-image-preview:large, max-video-preview:-1\" \/>\n<link rel=\"canonical\" href=\"https:\/\/carnival.ticketrio.com.br\/de\/wie-kaufen-empfangen-rio-karneval-tickets\/\" \/>\n<meta property=\"og:locale\" content=\"it_IT\" \/>\n<meta property=\"og:type\" content=\"article\" \/>\n<meta property=\"og:title\" content=\"Wie zu kaufen \/ Receive Your Ticket Karneval in Rio\" \/>\n<meta property=\"og:description\" content=\"Ticket Rio karneval. Wie zu kaufen \/ Receive Your Ticket Karneval in Rio, karneval rio de janeiro tickets, tickets karneval Rio\" \/>\n<meta property=\"og:url\" content=\"https:\/\/carnival.ticketrio.com.br\/de\/wie-kaufen-empfangen-rio-karneval-tickets\/\" \/>\n<meta property=\"og:site_name\" content=\"Ticket Rio - Billets Rio Carnaval, Tickets for Rio Carnival, Comprar Boletos Carnaval Rio, Rio Carnival Tickets. Karneval Rio Tickets, Rio Carnevale Biglietti, Rio de Janeiro Carnival Tickets Sambadrome. Boletos Carnaval R\u00edo.\" \/>\n<meta property=\"article:publisher\" content=\"https:\/\/www.facebook.com\/ticketrio\/?fref=nf\" \/>\n<meta property=\"article:modified_time\" content=\"2025-04-25T15:22:27+00:00\" \/>\n<meta property=\"og:image\" content=\"https:\/\/carnival-ticketrio.com\/wp-content\/uploads\/2016\/10\/cropped-cropped-a-empresa-ticket-rio-logos-1.png\" \/>\n<meta name=\"twitter:card\" content=\"summary_large_image\" \/>\n<meta name=\"twitter:site\" content=\"@carnavalticket\" \/>\n<meta name=\"twitter:label1\" content=\"Tempo di lettura stimato\" \/>\n\t<meta name=\"twitter:data1\" content=\"2 minutes\" \/>\n<!-- \/ Yoast SEO plugin. -->","yoast_head_json":{"title":"Wie zu kaufen \/ Receive Your Ticket Karneval in Rio","description":"Ticket Rio karneval. Wie zu kaufen \/ Receive Your Ticket Karneval in Rio, karneval rio de janeiro tickets, tickets karneval Rio","robots":{"index":"index","follow":"follow","max-snippet":"max-snippet:-1","max-image-preview":"max-image-preview:large","max-video-preview":"max-video-preview:-1"},"canonical":"https:\/\/carnival.ticketrio.com.br\/de\/wie-kaufen-empfangen-rio-karneval-tickets\/","og_locale":"it_IT","og_type":"article","og_title":"Wie zu kaufen \/ Receive Your Ticket Karneval in Rio","og_description":"Ticket Rio karneval. Wie zu kaufen \/ Receive Your Ticket Karneval in Rio, karneval rio de janeiro tickets, tickets karneval Rio","og_url":"https:\/\/carnival.ticketrio.com.br\/de\/wie-kaufen-empfangen-rio-karneval-tickets\/","og_site_name":"Ticket Rio - Billets Rio Carnaval, Tickets for Rio Carnival, Comprar Boletos Carnaval Rio, Rio Carnival Tickets. Karneval Rio Tickets, Rio Carnevale Biglietti, Rio de Janeiro Carnival Tickets Sambadrome. Boletos Carnaval R\u00edo.","article_publisher":"https:\/\/www.facebook.com\/ticketrio\/?fref=nf","article_modified_time":"2025-04-25T15:22:27+00:00","og_image":[{"url":"https:\/\/carnival-ticketrio.com\/wp-content\/uploads\/2016\/10\/cropped-cropped-a-empresa-ticket-rio-logos-1.png","type":"","width":"","height":""}],"twitter_card":"summary_large_image","twitter_site":"@carnavalticket","twitter_misc":{"Tempo di lettura stimato":"2 minutes"},"schema":{"@context":"https:\/\/schema.org","@graph":[{"@type":"WebPage","@id":"https:\/\/carnival.ticketrio.com.br\/de\/wie-kaufen-empfangen-rio-karneval-tickets\/","url":"https:\/\/carnival.ticketrio.com.br\/de\/wie-kaufen-empfangen-rio-karneval-tickets\/","name":"Wie zu kaufen \/ Receive Your Ticket Karneval in Rio","isPartOf":{"@id":"https:\/\/carnival.ticketrio.com.br\/#website"},"primaryImageOfPage":{"@id":"https:\/\/carnival.ticketrio.com.br\/de\/wie-kaufen-empfangen-rio-karneval-tickets\/#primaryimage"},"image":{"@id":"https:\/\/carnival.ticketrio.com.br\/de\/wie-kaufen-empfangen-rio-karneval-tickets\/#primaryimage"},"thumbnailUrl":"https:\/\/carnival-ticketrio.com\/wp-content\/uploads\/2016\/10\/cropped-cropped-a-empresa-ticket-rio-logos-1.png","datePublished":"2016-10-28T23:10:29+00:00","dateModified":"2025-04-25T15:22:27+00:00","description":"Ticket Rio karneval. Wie zu kaufen \/ Receive Your Ticket Karneval in Rio, karneval rio de janeiro tickets, tickets karneval Rio","breadcrumb":{"@id":"https:\/\/carnival.ticketrio.com.br\/de\/wie-kaufen-empfangen-rio-karneval-tickets\/#breadcrumb"},"inLanguage":"it-IT","potentialAction":[{"@type":"ReadAction","target":["https:\/\/carnival.ticketrio.com.br\/de\/wie-kaufen-empfangen-rio-karneval-tickets\/"]}]},{"@type":"ImageObject","inLanguage":"it-IT","@id":"https:\/\/carnival.ticketrio.com.br\/de\/wie-kaufen-empfangen-rio-karneval-tickets\/#primaryimage","url":"https:\/\/carnival-ticketrio.com\/wp-content\/uploads\/2016\/10\/cropped-cropped-a-empresa-ticket-rio-logos-1.png","contentUrl":"https:\/\/carnival-ticketrio.com\/wp-content\/uploads\/2016\/10\/cropped-cropped-a-empresa-ticket-rio-logos-1.png"},{"@type":"BreadcrumbList","@id":"https:\/\/carnival.ticketrio.com.br\/de\/wie-kaufen-empfangen-rio-karneval-tickets\/#breadcrumb","itemListElement":[{"@type":"ListItem","position":1,"name":"Home","item":"https:\/\/carnival.ticketrio.com.br\/fr\/rio-carnaval-billets\/"},{"@type":"ListItem","position":2,"name":"Wie kaufen \/ Empfangen"}]},{"@type":"WebSite","@id":"https:\/\/carnival.ticketrio.com.br\/#website","url":"https:\/\/carnival.ticketrio.com.br\/","name":"Ticket Rio - Billets Rio Carnaval, Tickets for Rio Carnival, Comprar Boletos Carnaval Rio, Rio Carnival Tickets. Karneval Rio Tickets, Rio Carnevale Biglietti, Rio de Janeiro Carnival Tickets Sambadrome. Boletos Carnaval R\u00edo.","description":"Rio carnival parade tickets sambadrome 2026. Acheter billets Rio Carnaval. Comprar Boletos Rio Carnaval boletos Carnevale di Rio biglietti Karneval Rio de Janeiro Carnaval tickets 2026. Boletos Carnaval R\u00edo. Rio de Janeiro Carnival Tickets. Tickets Rio Carnival Sambadrome.","publisher":{"@id":"https:\/\/carnival.ticketrio.com.br\/#organization"},"potentialAction":[{"@type":"SearchAction","target":{"@type":"EntryPoint","urlTemplate":"https:\/\/carnival.ticketrio.com.br\/?s={search_term_string}"},"query-input":{"@type":"PropertyValueSpecification","valueRequired":true,"valueName":"search_term_string"}}],"inLanguage":"it-IT"},{"@type":"Organization","@id":"https:\/\/carnival.ticketrio.com.br\/#organization","name":"Rio Carnaval billet 2018 - Rio Carnaval Entradas, Rio Carnaval Billets, Rio Karneval Tickets, Rio Carnival Parade Sambadrome Tickets","url":"https:\/\/carnival.ticketrio.com.br\/","logo":{"@type":"ImageObject","inLanguage":"it-IT","@id":"https:\/\/carnival.ticketrio.com.br\/#\/schema\/logo\/image\/","url":"https:\/\/carnival-ticketrio.com\/wp-content\/uploads\/2016\/10\/ticket01-e1476303239999.png","contentUrl":"https:\/\/carnival-ticketrio.com\/wp-content\/uploads\/2016\/10\/ticket01-e1476303239999.png","width":200,"height":99,"caption":"Rio Carnaval billet 2018 - Rio Carnaval Entradas, Rio Carnaval Billets, Rio Karneval Tickets, Rio Carnival Parade Sambadrome Tickets"},"image":{"@id":"https:\/\/carnival.ticketrio.com.br\/#\/schema\/logo\/image\/"},"sameAs":["https:\/\/www.facebook.com\/ticketrio\/?fref=nf","https:\/\/x.com\/carnavalticket","https:\/\/www.youtube.com\/watch?v=iApTAnu9-ho"]}]}},"_links":{"self":[{"href":"https:\/\/carnival.ticketrio.com.br\/it\/wp-json\/wp\/v2\/pages\/381","targetHints":{"allow":["GET"]}}],"collection":[{"href":"https:\/\/carnival.ticketrio.com.br\/it\/wp-json\/wp\/v2\/pages"}],"about":[{"href":"https:\/\/carnival.ticketrio.com.br\/it\/wp-json\/wp\/v2\/types\/page"}],"author":[{"embeddable":true,"href":"https:\/\/carnival.ticketrio.com.br\/it\/wp-json\/wp\/v2\/users\/1"}],"replies":[{"embeddable":true,"href":"https:\/\/carnival.ticketrio.com.br\/it\/wp-json\/wp\/v2\/comments?post=381"}],"version-history":[{"count":2,"href":"https:\/\/carnival.ticketrio.com.br\/it\/wp-json\/wp\/v2\/pages\/381\/revisions"}],"predecessor-version":[{"id":1975,"href":"https:\/\/carnival.ticketrio.com.br\/it\/wp-json\/wp\/v2\/pages\/381\/revisions\/1975"}],"wp:attachment":[{"href":"https:\/\/carnival.ticketrio.com.br\/it\/wp-json\/wp\/v2\/media?parent=381"}],"curies":[{"name":"wp","href":"https:\/\/api.w.org\/{rel}","templated":true}]}}