{"id":49,"date":"2016-10-03T17:32:59","date_gmt":"2016-10-03T17:32:59","guid":{"rendered":"https:\/\/carnival-ticketrio.com\/?page_id=49"},"modified":"2025-04-25T15:49:10","modified_gmt":"2025-04-25T15:49:10","slug":"store-ticket-rio","status":"publish","type":"page","link":"https:\/\/carnival.ticketrio.com.br\/store-ticket-rio\/","title":{"rendered":"Store in Rio"},"content":{"rendered":"<div class=\"page-title\">\n<h1>The only Carnival company with a phisical store all year round.<\/h1>\n<\/div>\n<div class=\"std\">\n<h3><span style=\"color: #ff6600;\">Shop running All Year round <\/span><\/h3>\n<h3>Buy Rio Carnival Parade Tickets Sambadrome with confort and security at our phisical store or at <a href=\"https:\/\/www.carnavalticketrio.com\">https:\/\/www.carnavalticketrio.com<\/a><\/h3>\n<p>&nbsp;<\/p>\n<p><strong>Address:<\/strong> Avenida das Am\u00e9ricas, 700 Loja 112 L&nbsp; Shopping Citt\u00e1 Am\u00e9rica &#8211; Barra da Tijuca<br \/>\nRio de Janeiro CEP 22640-100 Brazil<\/p>\n<p><span style=\"color: #339966;\"><strong>Whatsapp:<\/strong><\/span> +55 21 98379-5068<\/p>\n<p><strong>Phone: (+55)<\/strong> 21 3982-1515\/ 2025-5000\/ Whatsapp +55 21 98379-5068<\/p>\n<p><strong>Working Hours<\/strong>&nbsp;&#8211; Mon to Fri from 09 to 18h.<\/p>\n<p><strong>Carnival Days<\/strong>&nbsp;&#8211; Open all Carnival days. &nbsp;Sat\/ Sun\/ Mon&nbsp;09 to 18h.<\/p>\n<table border=\"0\">\n<tbody>\n<tr>\n<td>&nbsp;&nbsp;<img decoding=\"async\" src=\"http:\/\/www.carnavalticketrio.com\/media\/wysiwyg\/ondeestamosmenor.jpg\" alt=\"\" \/><\/td>\n<td><img decoding=\"async\" src=\"http:\/\/www.carnavalticketrio.com\/media\/wysiwyg\/loja-fisica_menor.jpg\" alt=\"\" \/><\/td>\n<\/tr>\n<\/tbody>\n<\/table>\n<p>&nbsp;<\/p>\n<p>&nbsp;<\/p>\n<\/div>\n","protected":false},"excerpt":{"rendered":"<p>The only Carnival company with a phisical store all year round. Shop running All Year round Buy Rio Carnival Parade Tickets Sambadrome with confort and security at our phisical store or at https:\/\/www.carnavalticketrio.com &nbsp; Address: Avenida das Am\u00e9ricas, 700 Loja <a href=\"https:\/\/carnival.ticketrio.com.br\/store-ticket-rio\/\"><\/p>\n<div class=\"read-more\">\n<p>Read more &#8250;<\/p>\n<\/div>\n<p><!-- end of .read-more --><\/a><\/p>\n","protected":false},"author":1,"featured_media":0,"parent":0,"menu_order":0,"comment_status":"closed","ping_status":"closed","template":"template-main-right.php","meta":{"_exactmetrics_skip_tracking":false,"_exactmetrics_sitenote_active":false,"_exactmetrics_sitenote_note":"","_exactmetrics_sitenote_category":0,"ngg_post_thumbnail":0,"_joinchat":[],"footnotes":""},"class_list":["post-49","page","type-page","status-publish","hentry"],"yoast_head":"<!-- This site is optimized with the Yoast SEO plugin v25.7 - https:\/\/yoast.com\/wordpress\/plugins\/seo\/ -->\n<title>Ticket Rio Carnival Sambadrome Tickets, Rio Carnival Tickets 2026<\/title>\n<meta name=\"description\" content=\"Ticket Rio Carnival Store. Visit our Rio de Janeiro phisical store. Buy rio parade carnival tickets for rio sambadrome 2026. Carnival Rio Tickets\" \/>\n<meta name=\"robots\" content=\"index, follow, max-snippet:-1, max-image-preview:large, max-video-preview:-1\" \/>\n<link rel=\"canonical\" href=\"https:\/\/carnival.ticketrio.com.br\/store-ticket-rio\/\" \/>\n<meta property=\"og:locale\" content=\"it_IT\" \/>\n<meta property=\"og:type\" content=\"article\" \/>\n<meta property=\"og:title\" content=\"Ticket Rio Carnival Sambadrome Tickets, Rio Carnival Tickets 2026\" \/>\n<meta property=\"og:description\" content=\"Ticket Rio Carnival Store. Visit our Rio de Janeiro phisical store. Buy rio parade carnival tickets for rio sambadrome 2026. Carnival Rio Tickets\" \/>\n<meta property=\"og:url\" content=\"https:\/\/carnival.ticketrio.com.br\/store-ticket-rio\/\" \/>\n<meta property=\"og:site_name\" content=\"Ticket Rio - Billets Rio Carnaval, Tickets for Rio Carnival, Comprar Boletos Carnaval Rio, Rio Carnival Tickets. Karneval Rio Tickets, Rio Carnevale Biglietti, Rio de Janeiro Carnival Tickets Sambadrome. Boletos Carnaval R\u00edo.\" \/>\n<meta property=\"article:publisher\" content=\"https:\/\/www.facebook.com\/ticketrio\/?fref=nf\" \/>\n<meta property=\"article:modified_time\" content=\"2025-04-25T15:49:10+00:00\" \/>\n<meta property=\"og:image\" content=\"http:\/\/www.carnavalticketrio.com\/media\/wysiwyg\/ondeestamosmenor.jpg\" \/>\n<meta name=\"twitter:card\" content=\"summary_large_image\" \/>\n<meta name=\"twitter:site\" content=\"@carnavalticket\" \/>\n<meta name=\"twitter:label1\" content=\"Tempo di lettura stimato\" \/>\n\t<meta name=\"twitter:data1\" content=\"1 minute\" \/>\n<!-- \/ Yoast SEO plugin. -->","yoast_head_json":{"title":"Ticket Rio Carnival Sambadrome Tickets, Rio Carnival Tickets 2026","description":"Ticket Rio Carnival Store. Visit our Rio de Janeiro phisical store. Buy rio parade carnival tickets for rio sambadrome 2026. Carnival Rio Tickets","robots":{"index":"index","follow":"follow","max-snippet":"max-snippet:-1","max-image-preview":"max-image-preview:large","max-video-preview":"max-video-preview:-1"},"canonical":"https:\/\/carnival.ticketrio.com.br\/store-ticket-rio\/","og_locale":"it_IT","og_type":"article","og_title":"Ticket Rio Carnival Sambadrome Tickets, Rio Carnival Tickets 2026","og_description":"Ticket Rio Carnival Store. Visit our Rio de Janeiro phisical store. Buy rio parade carnival tickets for rio sambadrome 2026. Carnival Rio Tickets","og_url":"https:\/\/carnival.ticketrio.com.br\/store-ticket-rio\/","og_site_name":"Ticket Rio - Billets Rio Carnaval, Tickets for Rio Carnival, Comprar Boletos Carnaval Rio, Rio Carnival Tickets. Karneval Rio Tickets, Rio Carnevale Biglietti, Rio de Janeiro Carnival Tickets Sambadrome. Boletos Carnaval R\u00edo.","article_publisher":"https:\/\/www.facebook.com\/ticketrio\/?fref=nf","article_modified_time":"2025-04-25T15:49:10+00:00","og_image":[{"url":"http:\/\/www.carnavalticketrio.com\/media\/wysiwyg\/ondeestamosmenor.jpg","type":"","width":"","height":""}],"twitter_card":"summary_large_image","twitter_site":"@carnavalticket","twitter_misc":{"Tempo di lettura stimato":"1 minute"},"schema":{"@context":"https:\/\/schema.org","@graph":[{"@type":"WebPage","@id":"https:\/\/carnival.ticketrio.com.br\/store-ticket-rio\/","url":"https:\/\/carnival.ticketrio.com.br\/store-ticket-rio\/","name":"Ticket Rio Carnival Sambadrome Tickets, Rio Carnival Tickets 2026","isPartOf":{"@id":"https:\/\/carnival.ticketrio.com.br\/#website"},"primaryImageOfPage":{"@id":"https:\/\/carnival.ticketrio.com.br\/store-ticket-rio\/#primaryimage"},"image":{"@id":"https:\/\/carnival.ticketrio.com.br\/store-ticket-rio\/#primaryimage"},"thumbnailUrl":"http:\/\/www.carnavalticketrio.com\/media\/wysiwyg\/ondeestamosmenor.jpg","datePublished":"2016-10-03T17:32:59+00:00","dateModified":"2025-04-25T15:49:10+00:00","description":"Ticket Rio Carnival Store. Visit our Rio de Janeiro phisical store. Buy rio parade carnival tickets for rio sambadrome 2026. Carnival Rio Tickets","breadcrumb":{"@id":"https:\/\/carnival.ticketrio.com.br\/store-ticket-rio\/#breadcrumb"},"inLanguage":"it-IT","potentialAction":[{"@type":"ReadAction","target":["https:\/\/carnival.ticketrio.com.br\/store-ticket-rio\/"]}]},{"@type":"ImageObject","inLanguage":"it-IT","@id":"https:\/\/carnival.ticketrio.com.br\/store-ticket-rio\/#primaryimage","url":"http:\/\/www.carnavalticketrio.com\/media\/wysiwyg\/ondeestamosmenor.jpg","contentUrl":"http:\/\/www.carnavalticketrio.com\/media\/wysiwyg\/ondeestamosmenor.jpg"},{"@type":"BreadcrumbList","@id":"https:\/\/carnival.ticketrio.com.br\/store-ticket-rio\/#breadcrumb","itemListElement":[{"@type":"ListItem","position":1,"name":"Home","item":"https:\/\/carnival.ticketrio.com.br\/it\/rio-biglietti-carnival-2\/"},{"@type":"ListItem","position":2,"name":"Store in Rio"}]},{"@type":"WebSite","@id":"https:\/\/carnival.ticketrio.com.br\/#website","url":"https:\/\/carnival.ticketrio.com.br\/","name":"Ticket Rio - Billets Rio Carnaval, Tickets for Rio Carnival, Comprar Boletos Carnaval Rio, Rio Carnival Tickets. Karneval Rio Tickets, Rio Carnevale Biglietti, Rio de Janeiro Carnival Tickets Sambadrome. Boletos Carnaval R\u00edo.","description":"Rio carnival parade tickets sambadrome 2026. Acheter billets Rio Carnaval. Comprar Boletos Rio Carnaval boletos Carnevale di Rio biglietti Karneval Rio de Janeiro Carnaval tickets 2026. Boletos Carnaval R\u00edo. Rio de Janeiro Carnival Tickets. Tickets Rio Carnival Sambadrome.","publisher":{"@id":"https:\/\/carnival.ticketrio.com.br\/#organization"},"potentialAction":[{"@type":"SearchAction","target":{"@type":"EntryPoint","urlTemplate":"https:\/\/carnival.ticketrio.com.br\/?s={search_term_string}"},"query-input":{"@type":"PropertyValueSpecification","valueRequired":true,"valueName":"search_term_string"}}],"inLanguage":"it-IT"},{"@type":"Organization","@id":"https:\/\/carnival.ticketrio.com.br\/#organization","name":"Rio Carnaval billet 2018 - Rio Carnaval Entradas, Rio Carnaval Billets, Rio Karneval Tickets, Rio Carnival Parade Sambadrome Tickets","url":"https:\/\/carnival.ticketrio.com.br\/","logo":{"@type":"ImageObject","inLanguage":"it-IT","@id":"https:\/\/carnival.ticketrio.com.br\/#\/schema\/logo\/image\/","url":"https:\/\/carnival-ticketrio.com\/wp-content\/uploads\/2016\/10\/ticket01-e1476303239999.png","contentUrl":"https:\/\/carnival-ticketrio.com\/wp-content\/uploads\/2016\/10\/ticket01-e1476303239999.png","width":200,"height":99,"caption":"Rio Carnaval billet 2018 - Rio Carnaval Entradas, Rio Carnaval Billets, Rio Karneval Tickets, Rio Carnival Parade Sambadrome Tickets"},"image":{"@id":"https:\/\/carnival.ticketrio.com.br\/#\/schema\/logo\/image\/"},"sameAs":["https:\/\/www.facebook.com\/ticketrio\/?fref=nf","https:\/\/x.com\/carnavalticket","https:\/\/www.youtube.com\/watch?v=iApTAnu9-ho"]}]}},"_links":{"self":[{"href":"https:\/\/carnival.ticketrio.com.br\/it\/wp-json\/wp\/v2\/pages\/49","targetHints":{"allow":["GET"]}}],"collection":[{"href":"https:\/\/carnival.ticketrio.com.br\/it\/wp-json\/wp\/v2\/pages"}],"about":[{"href":"https:\/\/carnival.ticketrio.com.br\/it\/wp-json\/wp\/v2\/types\/page"}],"author":[{"embeddable":true,"href":"https:\/\/carnival.ticketrio.com.br\/it\/wp-json\/wp\/v2\/users\/1"}],"replies":[{"embeddable":true,"href":"https:\/\/carnival.ticketrio.com.br\/it\/wp-json\/wp\/v2\/comments?post=49"}],"version-history":[{"count":7,"href":"https:\/\/carnival.ticketrio.com.br\/it\/wp-json\/wp\/v2\/pages\/49\/revisions"}],"predecessor-version":[{"id":1988,"href":"https:\/\/carnival.ticketrio.com.br\/it\/wp-json\/wp\/v2\/pages\/49\/revisions\/1988"}],"wp:attachment":[{"href":"https:\/\/carnival.ticketrio.com.br\/it\/wp-json\/wp\/v2\/media?parent=49"}],"curies":[{"name":"wp","href":"https:\/\/api.w.org\/{rel}","templated":true}]}}