{"id":507,"date":"2016-11-02T20:48:18","date_gmt":"2016-11-02T20:48:18","guid":{"rendered":"https:\/\/carnival-ticketrio.com\/?page_id=507"},"modified":"2025-08-23T14:51:59","modified_gmt":"2025-08-23T14:51:59","slug":"comment-acheter-recevoir-2","status":"publish","type":"page","link":"https:\/\/carnival.ticketrio.com.br\/fr\/comment-acheter-recevoir-2\/","title":{"rendered":"Comment acheter \/ Recevoir"},"content":{"rendered":"<h3>COMMENT ACHETER \/ GET VOS BILLETS POUR LE CARNAVAL DE RIO<\/h3>\n<p>&nbsp;<\/p>\n<p><span style=\"color: #339966;\"><strong> Allez \u00e0 notre magasin en ligne<\/strong><\/span> &nbsp; <a href=\"http:\/\/www.carnavalticketrio.com\">http:\/\/www.carnavalticketrio.com<\/a><a href=\"http:\/\/www.carnavalticketrio.com\" rel=\"http:\/\/www.carnavalticketrio.com\"><img loading=\"lazy\" decoding=\"async\" class=\"alignleft wp-image-13\" src=\"https:\/\/carnival-ticketrio.com\/wp-content\/uploads\/2016\/10\/cropped-cropped-a-empresa-ticket-rio-logos-1.png\" rel='magnific' alt=\"cropped-cropped-a-empresa-ticket-rio-logos-1.png\" width=\"149\" height=\"160\" \/><\/a><\/p>\n<p><span id=\"result_box\" lang=\"en\"><span title=\"7.Concluido seu Pedido, voc\u00ea receber\u00e1 um email confirmando sua compra com o n\u00famero do seu pedido. \">Payer avec PayPal. de mani\u00e8re s\u00fbre et facile \u00e0 payer.<\/span><\/span><\/p>\n<p>Vous devez choisir l&#8217;endroit o\u00f9 vous voulez prendre votre Billets.<\/p>\n<p><strong>Barra da Tijuca Store &#8211; <\/strong>Notre magasin Phisical Ouvre l&#8217;ann\u00e9e enti\u00e8re<br \/>\nAdresse: Av. das Am\u00e9ricas, 700 Loja 201 A &#8211; Barra da Tijuca<br \/>\nOuvre heures: 09 \u00e0 18h (y compris les jours de carnaval)<\/p>\n<p>Ou<\/p>\n<p><strong>Copacabana VilaMar Hotel Hospitality Desk&nbsp;<\/strong><br \/>\nOuvre juste \u00e0 Fev. 2018 pour Carnival.<br \/>\nAdresse: H\u00f4tel Vilamar &#8211; Rua Bolivar, 75 Copacabana<br \/>\nOuvre Heures: 10h \u00e0 18h (inclus jours de carnaval)<\/p>\n<p><span id=\"result_box\" lang=\"en\"><strong><br \/>\nApr\u00e8s l&#8217;achat:<\/strong><span title=\"7.Concluido seu Pedido, voc\u00ea receber\u00e1 um email confirmando sua compra com o n\u00famero do seu pedido. \"><br \/>\n<\/span><\/span><\/p>\n<p>Notre service client enverra par email <span style=\"color: #ff0000;\"><strong>le Ticket Rio de bon<\/strong> <\/span>avec les d\u00e9tails de votre achat. Ce bon est la confirmation de votre Pedio. S&#8217;il vous pla\u00eet imprimer et \u00e0 prendre avec vous pour acheter vos billets.<\/p>\n<p style=\"text-align: justify;\"><span title=\"Pol\u00edtica de Cancelamento: 7 dias corridos \"><strong><br \/>\nConditions d&#8217;annulation: 7 jours civils<\/strong><br \/>\n<\/span>Annulation demand\u00e9e dans les sept (7) jours calendaires apr\u00e8s l&#8217;achat pour une raison quelconque sont accept\u00e9es. Apr\u00e8s cette p\u00e9riode, s&#8217;il vous pla\u00eet communiquer avec notre service \u00e0 la client\u00e8le pour conna\u00eetre la possibilit\u00e9 de revendre votre forfait \/ billet \u00e0 un autre client (frais d&#8217;administration peut demander).<\/p>\n<h4><strong><br \/>\n<span style=\"color: #3366ff;\">COMMENT RECEVOIR RIO CARNAVAL BILLETS<\/span><\/strong><\/h4>\n<p style=\"text-align: justify;\"><span lang=\"en\"><span title=\"Caso seu pedido seja negado, voc\u00ea ser\u00e1 notificado pela equipe da loja.ticketrio.com.br \"><span id=\"result_box\" lang=\"en\"><span title=\"Arquibancada \u2013 Entrega do Cart\u00e3o Magn\u00e9tico ser\u00e1 na nossa loja no Shopping Citt\u00e0 America, na Barra da Tijuca a partir do dia 15 de Fevereiro de 2014 &nbsp;&nbsp;&nbsp;&nbsp;\"><strong>&#8211; Tribunes Billets &amp; Allou\u00e9es Chaises &#8211;<br \/>\n<\/strong>Livraison de la carte magn\u00e9tique sera disponible \u00e0 notre magasin \u00e0 Barra da Tijuca ou \u00e0 Copacabana help desk (H\u00f4tel Vila Mar) <strong>\u00e0 partir de F\u00e9vrier 2018 et jusqu&#8217;en le dernier jour du carnaval.<\/strong><br \/>\n<\/span><span title=\"Frisa e Camarote: Estar\u00e3o liberados pela Liesa \u2013 Liga Independente das Escolas de Samba na semana do carnaval.\"><br \/>\n<strong>&#8211; Ouvert Bo\u00eetes et VIP Luxury Suites &#8211;<br \/>\n<\/strong><\/span><span title=\"Consulte nosso atendimento a melhor forma de receb\u00ea-lo. \">Comme une question de logistique et de grande valeur ces billets sont lib\u00e9r\u00e9s par Liesa &#8211; Ligue ind\u00e9pendante des \u00e9coles de samba juste \u00e0 c\u00f4t\u00e9 de la semaine de carnaval. Donc, notre livraison pour bo\u00eetes ouvertes et billets VIP <strong>sera \u00e0 Carnival Week.<\/strong> Livraison de la carte magn\u00e9tique sera dans notre magasin \u00e0 notre boutique \u00e0 Barra da Tijuca ou de notre Help Desk Copacabana H\u00f4tel Vila Mar. Vous devez choisir une de ces options dans le milieu de sur le processus de ligne.<br \/>\n<\/span><\/span><\/span><\/span><\/p>\n<p><span lang=\"en\"><span title=\"Caso seu pedido seja negado, voc\u00ea ser\u00e1 notificado pela equipe da loja.ticketrio.com.br \"><span id=\"result_box\" lang=\"en\"><span title=\"IMPORTANTE: Pedido de Reserva para pagamento por Boleto ou Dep\u00f3sito tem o prazo de 48 horas para o Pagamento, ap\u00f3s este prazo o Ingresso retorna para venda.\"><br \/>\n<\/span><span title=\"Brindes Carnaval: \"><strong>Tous les billets est livr\u00e9 avec des cadeaux:<\/strong><\/span><\/span><\/span><\/span><\/p>\n<p><strong>Tribunes:<\/strong> cadeaux 2018 \u00e0 confirmer<br \/>\n<strong>Bo\u00eetes ouvertes:<\/strong> cadeaux 2018 \u00e0 confirmer<br \/>\n<strong>Suites de luxe et salons VIP<\/strong>: 2018 cadeaux \u00e0 confirmer<\/p>\n<p>PS:. Les cadeaux sont livr\u00e9s seulement dans notre magasin et l&#8217;h\u00f4tel bureau d&#8217;aide physique.<\/p>\n<table border=\"0\">\n<tbody>\n<tr>\n<td><img loading=\"lazy\" decoding=\"async\" src=\"http:\/\/www.carnavalticketrio.com\/media\/wysiwyg\/capa-chuva-transparente.jpg\" alt=\"\" width=\"208\" height=\"208\" \/><\/td>\n<td><img loading=\"lazy\" decoding=\"async\" src=\"http:\/\/www.carnavalticketrio.com\/media\/wysiwyg\/bag-branca2.jpg\" alt=\"\" width=\"154\" height=\"160\" \/><\/p>\n<p>&nbsp;<\/td>\n<td><img loading=\"lazy\" decoding=\"async\" src=\"http:\/\/www.carnavalticketrio.com\/media\/wysiwyg\/camisa1_menor.jpg\" alt=\"\" width=\"155\" height=\"158\" \/><\/td>\n<td>&nbsp;&nbsp;&nbsp;&nbsp;&nbsp;&nbsp;&nbsp;&nbsp;&nbsp;&nbsp;<img loading=\"lazy\" decoding=\"async\" src=\"http:\/\/www.carnavalticketrio.com\/media\/wysiwyg\/cd2013.jpg\" alt=\"\" width=\"82\" height=\"82\" \/><\/td>\n<\/tr>\n<\/tbody>\n<\/table>\n","protected":false},"excerpt":{"rendered":"<p>COMMENT ACHETER \/ GET VOS BILLETS POUR LE CARNAVAL DE RIO &nbsp; Allez \u00e0 notre magasin en ligne &nbsp; http:\/\/www.carnavalticketrio.com Payer avec PayPal. de mani\u00e8re s\u00fbre et facile \u00e0 payer. Vous devez choisir l&#8217;endroit o\u00f9 vous voulez prendre votre Billets. <a href=\"https:\/\/carnival.ticketrio.com.br\/fr\/comment-acheter-recevoir-2\/\"><\/p>\n<div class=\"read-more\">\n<p>Read more &#8250;<\/p>\n<\/div>\n<p><!-- end of .read-more --><\/a><\/p>\n","protected":false},"author":1,"featured_media":0,"parent":0,"menu_order":0,"comment_status":"closed","ping_status":"closed","template":"template-main-right.php","meta":{"_exactmetrics_skip_tracking":false,"_exactmetrics_sitenote_active":false,"_exactmetrics_sitenote_note":"","_exactmetrics_sitenote_category":0,"ngg_post_thumbnail":0,"_joinchat":[],"footnotes":""},"class_list":["post-507","page","type-page","status-publish","hentry"],"yoast_head":"<!-- This site is optimized with the Yoast SEO plugin v25.7 - https:\/\/yoast.com\/wordpress\/plugins\/seo\/ -->\n<title>Comment acheter \/ Recevoir - Ticket Rio - Billets Rio Carnaval, Tickets for Rio Carnival, Comprar Boletos Carnaval Rio, Rio Carnival Tickets. Karneval Rio Tickets, Rio Carnevale Biglietti, Rio de Janeiro Carnival Tickets Sambadrome. Boletos Carnaval R\u00edo.<\/title>\n<meta name=\"description\" content=\"Rio Carnaval billet, Carnaval R\u00edo Entradas, Billets Carnaval de Rio, Rio Karneval Tickets, Rio Carnevale Biglietti, Rio Carnival Parade Tickets.\" \/>\n<meta name=\"robots\" content=\"index, follow, max-snippet:-1, max-image-preview:large, max-video-preview:-1\" \/>\n<link rel=\"canonical\" href=\"https:\/\/carnival.ticketrio.com.br\/fr\/comment-acheter-recevoir-2\/\" \/>\n<meta property=\"og:locale\" content=\"it_IT\" \/>\n<meta property=\"og:type\" content=\"article\" \/>\n<meta property=\"og:title\" content=\"Comment acheter \/ Recevoir - Ticket Rio - Billets Rio Carnaval, Tickets for Rio Carnival, Comprar Boletos Carnaval Rio, Rio Carnival Tickets. Karneval Rio Tickets, Rio Carnevale Biglietti, Rio de Janeiro Carnival Tickets Sambadrome. Boletos Carnaval R\u00edo.\" \/>\n<meta property=\"og:description\" content=\"Rio Carnaval billet, Carnaval R\u00edo Entradas, Billets Carnaval de Rio, Rio Karneval Tickets, Rio Carnevale Biglietti, Rio Carnival Parade Tickets.\" \/>\n<meta property=\"og:url\" content=\"https:\/\/carnival.ticketrio.com.br\/fr\/comment-acheter-recevoir-2\/\" \/>\n<meta property=\"og:site_name\" content=\"Ticket Rio - Billets Rio Carnaval, Tickets for Rio Carnival, Comprar Boletos Carnaval Rio, Rio Carnival Tickets. Karneval Rio Tickets, Rio Carnevale Biglietti, Rio de Janeiro Carnival Tickets Sambadrome. Boletos Carnaval R\u00edo.\" \/>\n<meta property=\"article:publisher\" content=\"https:\/\/www.facebook.com\/ticketrio\/?fref=nf\" \/>\n<meta property=\"article:modified_time\" content=\"2025-08-23T14:51:59+00:00\" \/>\n<meta property=\"og:image\" content=\"https:\/\/carnival-ticketrio.com\/wp-content\/uploads\/2016\/10\/cropped-cropped-a-empresa-ticket-rio-logos-1.png\" \/>\n<meta name=\"twitter:card\" content=\"summary_large_image\" \/>\n<meta name=\"twitter:site\" content=\"@carnavalticket\" \/>\n<meta name=\"twitter:label1\" content=\"Tempo di lettura stimato\" \/>\n\t<meta name=\"twitter:data1\" content=\"2 minutes\" \/>\n<!-- \/ Yoast SEO plugin. -->","yoast_head_json":{"title":"Comment acheter \/ Recevoir - Ticket Rio - Billets Rio Carnaval, Tickets for Rio Carnival, Comprar Boletos Carnaval Rio, Rio Carnival Tickets. Karneval Rio Tickets, Rio Carnevale Biglietti, Rio de Janeiro Carnival Tickets Sambadrome. Boletos Carnaval R\u00edo.","description":"Rio Carnaval billet, Carnaval R\u00edo Entradas, Billets Carnaval de Rio, Rio Karneval Tickets, Rio Carnevale Biglietti, Rio Carnival Parade Tickets.","robots":{"index":"index","follow":"follow","max-snippet":"max-snippet:-1","max-image-preview":"max-image-preview:large","max-video-preview":"max-video-preview:-1"},"canonical":"https:\/\/carnival.ticketrio.com.br\/fr\/comment-acheter-recevoir-2\/","og_locale":"it_IT","og_type":"article","og_title":"Comment acheter \/ Recevoir - Ticket Rio - Billets Rio Carnaval, Tickets for Rio Carnival, Comprar Boletos Carnaval Rio, Rio Carnival Tickets. Karneval Rio Tickets, Rio Carnevale Biglietti, Rio de Janeiro Carnival Tickets Sambadrome. Boletos Carnaval R\u00edo.","og_description":"Rio Carnaval billet, Carnaval R\u00edo Entradas, Billets Carnaval de Rio, Rio Karneval Tickets, Rio Carnevale Biglietti, Rio Carnival Parade Tickets.","og_url":"https:\/\/carnival.ticketrio.com.br\/fr\/comment-acheter-recevoir-2\/","og_site_name":"Ticket Rio - Billets Rio Carnaval, Tickets for Rio Carnival, Comprar Boletos Carnaval Rio, Rio Carnival Tickets. Karneval Rio Tickets, Rio Carnevale Biglietti, Rio de Janeiro Carnival Tickets Sambadrome. Boletos Carnaval R\u00edo.","article_publisher":"https:\/\/www.facebook.com\/ticketrio\/?fref=nf","article_modified_time":"2025-08-23T14:51:59+00:00","og_image":[{"url":"https:\/\/carnival-ticketrio.com\/wp-content\/uploads\/2016\/10\/cropped-cropped-a-empresa-ticket-rio-logos-1.png","type":"","width":"","height":""}],"twitter_card":"summary_large_image","twitter_site":"@carnavalticket","twitter_misc":{"Tempo di lettura stimato":"2 minutes"},"schema":{"@context":"https:\/\/schema.org","@graph":[{"@type":"WebPage","@id":"https:\/\/carnival.ticketrio.com.br\/fr\/comment-acheter-recevoir-2\/","url":"https:\/\/carnival.ticketrio.com.br\/fr\/comment-acheter-recevoir-2\/","name":"Comment acheter \/ Recevoir - Ticket Rio - Billets Rio Carnaval, Tickets for Rio Carnival, Comprar Boletos Carnaval Rio, Rio Carnival Tickets. Karneval Rio Tickets, Rio Carnevale Biglietti, Rio de Janeiro Carnival Tickets Sambadrome. Boletos Carnaval R\u00edo.","isPartOf":{"@id":"https:\/\/carnival.ticketrio.com.br\/#website"},"primaryImageOfPage":{"@id":"https:\/\/carnival.ticketrio.com.br\/fr\/comment-acheter-recevoir-2\/#primaryimage"},"image":{"@id":"https:\/\/carnival.ticketrio.com.br\/fr\/comment-acheter-recevoir-2\/#primaryimage"},"thumbnailUrl":"https:\/\/carnival-ticketrio.com\/wp-content\/uploads\/2016\/10\/cropped-cropped-a-empresa-ticket-rio-logos-1.png","datePublished":"2016-11-02T20:48:18+00:00","dateModified":"2025-08-23T14:51:59+00:00","description":"Rio Carnaval billet, Carnaval R\u00edo Entradas, Billets Carnaval de Rio, Rio Karneval Tickets, Rio Carnevale Biglietti, Rio Carnival Parade Tickets.","breadcrumb":{"@id":"https:\/\/carnival.ticketrio.com.br\/fr\/comment-acheter-recevoir-2\/#breadcrumb"},"inLanguage":"it-IT","potentialAction":[{"@type":"ReadAction","target":["https:\/\/carnival.ticketrio.com.br\/fr\/comment-acheter-recevoir-2\/"]}]},{"@type":"ImageObject","inLanguage":"it-IT","@id":"https:\/\/carnival.ticketrio.com.br\/fr\/comment-acheter-recevoir-2\/#primaryimage","url":"https:\/\/carnival-ticketrio.com\/wp-content\/uploads\/2016\/10\/cropped-cropped-a-empresa-ticket-rio-logos-1.png","contentUrl":"https:\/\/carnival-ticketrio.com\/wp-content\/uploads\/2016\/10\/cropped-cropped-a-empresa-ticket-rio-logos-1.png"},{"@type":"BreadcrumbList","@id":"https:\/\/carnival.ticketrio.com.br\/fr\/comment-acheter-recevoir-2\/#breadcrumb","itemListElement":[{"@type":"ListItem","position":1,"name":"Home","item":"https:\/\/carnival.ticketrio.com.br\/es\/entradas-carnavales\/"},{"@type":"ListItem","position":2,"name":"Comment acheter \/ Recevoir"}]},{"@type":"WebSite","@id":"https:\/\/carnival.ticketrio.com.br\/#website","url":"https:\/\/carnival.ticketrio.com.br\/","name":"Ticket Rio - Billets Rio Carnaval, Tickets for Rio Carnival, Comprar Boletos Carnaval Rio, Rio Carnival Tickets. Karneval Rio Tickets, Rio Carnevale Biglietti, Rio de Janeiro Carnival Tickets Sambadrome. Boletos Carnaval R\u00edo.","description":"Rio carnival parade tickets sambadrome 2026. Acheter billets Rio Carnaval. Comprar Boletos Rio Carnaval boletos Carnevale di Rio biglietti Karneval Rio de Janeiro Carnaval tickets 2026. Boletos Carnaval R\u00edo. Rio de Janeiro Carnival Tickets. Tickets Rio Carnival Sambadrome.","publisher":{"@id":"https:\/\/carnival.ticketrio.com.br\/#organization"},"potentialAction":[{"@type":"SearchAction","target":{"@type":"EntryPoint","urlTemplate":"https:\/\/carnival.ticketrio.com.br\/?s={search_term_string}"},"query-input":{"@type":"PropertyValueSpecification","valueRequired":true,"valueName":"search_term_string"}}],"inLanguage":"it-IT"},{"@type":"Organization","@id":"https:\/\/carnival.ticketrio.com.br\/#organization","name":"Rio Carnaval billet 2018 - Rio Carnaval Entradas, Rio Carnaval Billets, Rio Karneval Tickets, Rio Carnival Parade Sambadrome Tickets","url":"https:\/\/carnival.ticketrio.com.br\/","logo":{"@type":"ImageObject","inLanguage":"it-IT","@id":"https:\/\/carnival.ticketrio.com.br\/#\/schema\/logo\/image\/","url":"https:\/\/carnival-ticketrio.com\/wp-content\/uploads\/2016\/10\/ticket01-e1476303239999.png","contentUrl":"https:\/\/carnival-ticketrio.com\/wp-content\/uploads\/2016\/10\/ticket01-e1476303239999.png","width":200,"height":99,"caption":"Rio Carnaval billet 2018 - Rio Carnaval Entradas, Rio Carnaval Billets, Rio Karneval Tickets, Rio Carnival Parade Sambadrome Tickets"},"image":{"@id":"https:\/\/carnival.ticketrio.com.br\/#\/schema\/logo\/image\/"},"sameAs":["https:\/\/www.facebook.com\/ticketrio\/?fref=nf","https:\/\/x.com\/carnavalticket","https:\/\/www.youtube.com\/watch?v=iApTAnu9-ho"]}]}},"_links":{"self":[{"href":"https:\/\/carnival.ticketrio.com.br\/it\/wp-json\/wp\/v2\/pages\/507","targetHints":{"allow":["GET"]}}],"collection":[{"href":"https:\/\/carnival.ticketrio.com.br\/it\/wp-json\/wp\/v2\/pages"}],"about":[{"href":"https:\/\/carnival.ticketrio.com.br\/it\/wp-json\/wp\/v2\/types\/page"}],"author":[{"embeddable":true,"href":"https:\/\/carnival.ticketrio.com.br\/it\/wp-json\/wp\/v2\/users\/1"}],"replies":[{"embeddable":true,"href":"https:\/\/carnival.ticketrio.com.br\/it\/wp-json\/wp\/v2\/comments?post=507"}],"version-history":[{"count":1,"href":"https:\/\/carnival.ticketrio.com.br\/it\/wp-json\/wp\/v2\/pages\/507\/revisions"}],"predecessor-version":[{"id":513,"href":"https:\/\/carnival.ticketrio.com.br\/it\/wp-json\/wp\/v2\/pages\/507\/revisions\/513"}],"wp:attachment":[{"href":"https:\/\/carnival.ticketrio.com.br\/it\/wp-json\/wp\/v2\/media?parent=507"}],"curies":[{"name":"wp","href":"https:\/\/api.w.org\/{rel}","templated":true}]}}