{"id":549,"date":"2016-11-19T00:54:26","date_gmt":"2016-11-19T00:54:26","guid":{"rendered":"https:\/\/carnival-ticketrio.com\/?page_id=549"},"modified":"2017-08-28T19:55:50","modified_gmt":"2017-08-28T19:55:50","slug":"ticket-rio-carnaval-rio-entradas","status":"publish","type":"page","link":"https:\/\/carnival.ticketrio.com.br\/es\/ticket-rio-carnaval-rio-entradas\/","title":{"rendered":"TICKET RIO"},"content":{"rendered":"<h2 style=\"text-align: justify;\">Ticket Rio Carnaval\u00a0Su agencia para asistir al desfile de carnaval del samb\u00f3dromo rio de janeiro. Compre su entrada com comodidad y seguridad.<\/h2>\n<p style=\"text-align: justify;\"><img loading=\"lazy\" decoding=\"async\" class=\"size-medium wp-image-5 alignleft\" src=\"https:\/\/carnival-ticketrio.com\/wp-content\/uploads\/2016\/10\/a-empresa-ticket-rio-logos-300x141.png\" alt=\"a-empresa-ticket-rio-logos\" width=\"300\" height=\"141\" srcset=\"https:\/\/carnival.ticketrio.com.br\/wp-content\/uploads\/2016\/10\/a-empresa-ticket-rio-logos-300x141.png 300w, https:\/\/carnival.ticketrio.com.br\/wp-content\/uploads\/2016\/10\/a-empresa-ticket-rio-logos-768x360.png 768w, https:\/\/carnival.ticketrio.com.br\/wp-content\/uploads\/2016\/10\/a-empresa-ticket-rio-logos.png 980w\" sizes=\"auto, (max-width: 300px) 100vw, 300px\" \/><\/p>\n<p style=\"text-align: justify;\">Ticket Rio Agencia de viajes se especializa en la venta de paquetes para eventos importantes como Carnaval do Rio, Parques Tem\u00e1ticos y Espect\u00e1culos, agregando los servicios de recepci\u00f3n, transporte y gu\u00eda.<\/p>\n<p style=\"text-align: justify;\">Adem\u00e1s de Carnival Packeages y Tickets, ofrecemos tours para grupos de Corcovado, Pan de Az\u00facar, playas, Angra dos Reis e Ilha Grande, as\u00ed como cruceros, city tours, reservas de hoteles, traslados, entre otros.<\/p>\n<p style=\"text-align: justify;\">Para comprar nuestros productos y servicios, visite las tiendas en l\u00ednea o hable con nuestro servicio personalizado por tel\u00e9fono, skype, correo electr\u00f3nico o chat en l\u00ednea.<\/p>\n<div>\n<h2 class=\"widget-title\"><strong> Nuestro equipo<br \/>\n<\/strong><\/h2>\n<div class=\"textwidget\">\n<p>Contamos con un equipo especializado que le dar\u00e1 todo el apoyo y atenci\u00f3n personalizada. Cont\u00e1ctenos por correo electr\u00f3nico, en persona o incluso chat. \u00a1Estamos a tu disposici\u00f3n! Hablamos portugu\u00e9s, ingl\u00e9s y espa\u00f1ol.<\/p>\n<p><img loading=\"lazy\" decoding=\"async\" class=\"alignnone size-medium wp-image-185\" src=\"https:\/\/carnival-ticketrio.com\/wp-content\/uploads\/2016\/10\/team_ticketrio_menor1-300x174.jpg\" alt=\"team_ticketrio_menor1\" width=\"300\" height=\"174\" srcset=\"https:\/\/carnival.ticketrio.com.br\/wp-content\/uploads\/2016\/10\/team_ticketrio_menor1-300x174.jpg 300w, https:\/\/carnival.ticketrio.com.br\/wp-content\/uploads\/2016\/10\/team_ticketrio_menor1.jpg 640w\" sizes=\"auto, (max-width: 300px) 100vw, 300px\" \/><\/p>\n<h2><strong>Servicios<\/strong><\/h2>\n<p style=\"text-align: justify;\">Ofrecemos la reserva tradicional de turismo en R\u00edo de Janeiro, operaciones de paquetes con entrada al samb\u00f3dromo, pasaportes a parques tem\u00e1ticos y parques nacionales e internacionales. Tambi\u00e9n organizamos eventos especiales para grupos y tours que incluyen transporte privado (autob\u00fas, minib\u00fas), gu\u00eda tur\u00edstico, reservas de hoteles, viajes en cruceros, entre otros.<br \/>\nSomos afiliados a Embratur &#8211; Instituto Federal de Turismo y Abav &#8211; Asociaci\u00f3n Brasile\u00f1a de Agencias de Viajes.<br \/>\nHaga clic en las im\u00e1genes para ver nuestros certificados.<\/p>\n<p><a href=\"http:\/\/www.cadastur.turismo.gov.br\/cadastur\/DocumentoAction.mtur?method:certificadoOficialPessoaJuridica&amp;ativpjdto.nuPessoaJuridica=21262&amp;ativpjdto.nuTipoAtividade=10\"><img loading=\"lazy\" decoding=\"async\" class=\"alignnone wp-image-147 size-full\" src=\"https:\/\/carnival-ticketrio.com\/wp-content\/uploads\/2016\/10\/cadastro_embratur.png\" rel='magnific' alt=\"cadastro_embratur\" width=\"181\" height=\"101\" \/><\/a> <a href=\"http:\/\/www.abavrio.com.br\/associados_agencia2.asp?a=22602\"><img loading=\"lazy\" decoding=\"async\" class=\"alignnone wp-image-146 size-full\" src=\"https:\/\/carnival-ticketrio.com\/wp-content\/uploads\/2016\/10\/associado_abav-3.png\" rel='magnific' alt=\"associado_abav-3\" width=\"180\" height=\"107\" \/><\/a><\/p>\n<h2><strong>Brasil Store<br \/>\n<\/strong><\/h2>\n<p><strong>Address<\/strong>: Av. das Am\u00e9ricas 700\u00a0 Loja 201A Bloco 8 Shopping Citt\u00e1 Am\u00e9rica\u00a0 Barra da Tijuca \u2013 RJ<\/p>\n<p><strong>Tel\u00e9fonos:<\/strong>\u00a05521 3982-1515 \/ 2025-5000\/<img loading=\"lazy\" decoding=\"async\" class=\"size-medium wp-image-173 alignright\" src=\"https:\/\/carnival-ticketrio.com\/wp-content\/uploads\/2016\/10\/loja-fisica_google-300x225.jpg\" alt=\"loja-fisica_google\" width=\"300\" height=\"225\" srcset=\"https:\/\/carnival.ticketrio.com.br\/wp-content\/uploads\/2016\/10\/loja-fisica_google-300x225.jpg 300w, https:\/\/carnival.ticketrio.com.br\/wp-content\/uploads\/2016\/10\/loja-fisica_google.jpg 720w\" sizes=\"auto, (max-width: 300px) 100vw, 300px\" \/><\/p>\n<p>Horario: de 09 a 18h (de lunes a viernes)<\/p>\n<h2><strong>USA Office<br \/>\n<\/strong><\/h2>\n<p><strong><\/p>\n<p>Direcci\u00f3n<\/strong>: 2907 South Semoran Blvd Suite #171<br \/>\nOrlando FL 32822<\/p>\n<p><strong>Tel\u00e9fonos:<\/strong>\u00a0+1 407 978-4355<\/p>\n<p>Horario: de 09 a 18h (de lunes a viernes)<\/p>\n<p><strong>Nuestros sitios web<\/strong><\/p>\n<ul class=\"xoxo blogroll\">\n<li><a title=\"Ticket Rio\" href=\"http:\/\/loja.ticketrio.com.br\/\" target=\"_blank\" rel=\"me\">http:\/\/loja.ticketrio.com.br<\/a><\/li>\n<li><a href=\"http:\/\/www.ticketrio.com\">http:\/\/www.ticketrio.com<\/a><\/li>\n<li><a title=\"Carnival Rio Blog\" href=\"http:\/\/www.blocofolia.com.br\/\" target=\"_blank\" rel=\"me\">http:\/\/www.blocofolia.com.br<\/a><\/li>\n<li><a title=\"Carnival Rio Blog\" href=\"https:\/\/carnival-ticketrio.com\/\" target=\"_blank\" rel=\"me\">https:\/\/carnival-ticketrio.com<\/a><\/li>\n<li><a title=\"Carnival Rio Blog\" href=\"http:\/\/www.entradascarnavalrio-ticketrio.com\/\" target=\"_blank\" rel=\"me\">http:\/\/www.entradascarnavalrio-ticketrio.com<\/a><\/li>\n<li><a href=\"http:\/\/www.camarotescarnavalticketrio.com.br\/\" target=\"_blank\" rel=\"me\">http:\/\/www.camarotescarnavalticketrio.com.br<\/a><\/li>\n<li><a href=\"http:\/\/www.carnavalticketrio.com\/\" target=\"_blank\">http:\/\/www.carnavalticketrio.com<\/a><\/li>\n<li><a href=\"http:\/\/www.ingressoscarnavalticketrio.com.br\/\" target=\"_blank\">http:\/\/www.ingressoscarnavalticketrio.com.br<\/a><\/li>\n<li><a href=\"http:\/\/www.ticketriocarnaval.com.br\" target=\"_blank\">http:\/\/www.ticketriocarnaval.com.br<\/a>\n<li><a href=\"http:\/\/www.ticketrio.com.br\/site\/\" target=\"_blank\">http:\/\/www.ticketrio.com.br<\/a>\n<li><a href=\"http:\/\/carnaval.ticketrio.com.br\" target=\"_blank\">http:\/\/carnaval.ticketrio.com.br<\/a>\n<\/li>\n<\/ul>\n<\/div>\n<\/div>\n","protected":false},"excerpt":{"rendered":"<p>Ticket Rio Carnaval\u00a0Su agencia para asistir al desfile de carnaval del samb\u00f3dromo rio de janeiro. Compre su entrada com comodidad y seguridad. Ticket Rio Agencia de viajes se especializa en la venta de paquetes para eventos importantes como Carnaval do <a href=\"https:\/\/carnival.ticketrio.com.br\/es\/ticket-rio-carnaval-rio-entradas\/\"><\/p>\n<div class=\"read-more\">\n<p>Read more &#8250;<\/p>\n<\/div>\n<p><!-- end of .read-more --><\/a><\/p>\n","protected":false},"author":1,"featured_media":0,"parent":0,"menu_order":0,"comment_status":"closed","ping_status":"closed","template":"template-main-right.php","meta":{"_exactmetrics_skip_tracking":false,"_exactmetrics_sitenote_active":false,"_exactmetrics_sitenote_note":"","_exactmetrics_sitenote_category":0,"ngg_post_thumbnail":0,"_joinchat":[],"footnotes":""},"class_list":["post-549","page","type-page","status-publish","hentry"],"yoast_head":"<!-- This site is optimized with the Yoast SEO plugin v25.7 - https:\/\/yoast.com\/wordpress\/plugins\/seo\/ -->\n<title>Ticket Rio Su agencia para asistir al desfile de carnaval del samb\u00f3dromo rio de janeiro<\/title>\n<meta name=\"description\" content=\"Compre su entrada para carnaval de R\u00edo. Ticket Rio Su agencia para asistir al desfile de carnaval del samb\u00f3dromo rio de janeiro\" \/>\n<meta name=\"robots\" content=\"index, follow, max-snippet:-1, max-image-preview:large, max-video-preview:-1\" \/>\n<link rel=\"canonical\" href=\"https:\/\/carnival.ticketrio.com.br\/es\/ticket-rio-carnaval-rio-entradas\/\" \/>\n<meta property=\"og:locale\" content=\"it_IT\" \/>\n<meta property=\"og:type\" content=\"article\" \/>\n<meta property=\"og:title\" content=\"Ticket Rio Su agencia para asistir al desfile de carnaval del samb\u00f3dromo rio de janeiro\" \/>\n<meta property=\"og:description\" content=\"Compre su entrada para carnaval de R\u00edo. Ticket Rio Su agencia para asistir al desfile de carnaval del samb\u00f3dromo rio de janeiro\" \/>\n<meta property=\"og:url\" content=\"https:\/\/carnival.ticketrio.com.br\/es\/ticket-rio-carnaval-rio-entradas\/\" \/>\n<meta property=\"og:site_name\" content=\"Ticket Rio - Billets Rio Carnaval, Tickets for Rio Carnival, Comprar Boletos Carnaval Rio, Rio Carnival Tickets. Karneval Rio Tickets, Rio Carnevale Biglietti, Rio de Janeiro Carnival Tickets Sambadrome. Boletos Carnaval R\u00edo.\" \/>\n<meta property=\"article:publisher\" content=\"https:\/\/www.facebook.com\/ticketrio\/?fref=nf\" \/>\n<meta property=\"article:modified_time\" content=\"2017-08-28T19:55:50+00:00\" \/>\n<meta property=\"og:image\" content=\"https:\/\/carnival-ticketrio.com\/wp-content\/uploads\/2016\/10\/a-empresa-ticket-rio-logos-300x141.png\" \/>\n<meta name=\"twitter:card\" content=\"summary_large_image\" \/>\n<meta name=\"twitter:site\" content=\"@carnavalticket\" \/>\n<meta name=\"twitter:label1\" content=\"Tempo di lettura stimato\" \/>\n\t<meta name=\"twitter:data1\" content=\"2 minutes\" \/>\n<!-- \/ Yoast SEO plugin. -->","yoast_head_json":{"title":"Ticket Rio Su agencia para asistir al desfile de carnaval del samb\u00f3dromo rio de janeiro","description":"Compre su entrada para carnaval de R\u00edo. Ticket Rio Su agencia para asistir al desfile de carnaval del samb\u00f3dromo rio de janeiro","robots":{"index":"index","follow":"follow","max-snippet":"max-snippet:-1","max-image-preview":"max-image-preview:large","max-video-preview":"max-video-preview:-1"},"canonical":"https:\/\/carnival.ticketrio.com.br\/es\/ticket-rio-carnaval-rio-entradas\/","og_locale":"it_IT","og_type":"article","og_title":"Ticket Rio Su agencia para asistir al desfile de carnaval del samb\u00f3dromo rio de janeiro","og_description":"Compre su entrada para carnaval de R\u00edo. Ticket Rio Su agencia para asistir al desfile de carnaval del samb\u00f3dromo rio de janeiro","og_url":"https:\/\/carnival.ticketrio.com.br\/es\/ticket-rio-carnaval-rio-entradas\/","og_site_name":"Ticket Rio - Billets Rio Carnaval, Tickets for Rio Carnival, Comprar Boletos Carnaval Rio, Rio Carnival Tickets. Karneval Rio Tickets, Rio Carnevale Biglietti, Rio de Janeiro Carnival Tickets Sambadrome. Boletos Carnaval R\u00edo.","article_publisher":"https:\/\/www.facebook.com\/ticketrio\/?fref=nf","article_modified_time":"2017-08-28T19:55:50+00:00","og_image":[{"url":"https:\/\/carnival-ticketrio.com\/wp-content\/uploads\/2016\/10\/a-empresa-ticket-rio-logos-300x141.png","type":"","width":"","height":""}],"twitter_card":"summary_large_image","twitter_site":"@carnavalticket","twitter_misc":{"Tempo di lettura stimato":"2 minutes"},"schema":{"@context":"https:\/\/schema.org","@graph":[{"@type":"WebPage","@id":"https:\/\/carnival.ticketrio.com.br\/es\/ticket-rio-carnaval-rio-entradas\/","url":"https:\/\/carnival.ticketrio.com.br\/es\/ticket-rio-carnaval-rio-entradas\/","name":"Ticket Rio Su agencia para asistir al desfile de carnaval del samb\u00f3dromo rio de janeiro","isPartOf":{"@id":"https:\/\/carnival.ticketrio.com.br\/#website"},"primaryImageOfPage":{"@id":"https:\/\/carnival.ticketrio.com.br\/es\/ticket-rio-carnaval-rio-entradas\/#primaryimage"},"image":{"@id":"https:\/\/carnival.ticketrio.com.br\/es\/ticket-rio-carnaval-rio-entradas\/#primaryimage"},"thumbnailUrl":"https:\/\/carnival-ticketrio.com\/wp-content\/uploads\/2016\/10\/a-empresa-ticket-rio-logos-300x141.png","datePublished":"2016-11-19T00:54:26+00:00","dateModified":"2017-08-28T19:55:50+00:00","description":"Compre su entrada para carnaval de R\u00edo. Ticket Rio Su agencia para asistir al desfile de carnaval del samb\u00f3dromo rio de janeiro","breadcrumb":{"@id":"https:\/\/carnival.ticketrio.com.br\/es\/ticket-rio-carnaval-rio-entradas\/#breadcrumb"},"inLanguage":"it-IT","potentialAction":[{"@type":"ReadAction","target":["https:\/\/carnival.ticketrio.com.br\/es\/ticket-rio-carnaval-rio-entradas\/"]}]},{"@type":"ImageObject","inLanguage":"it-IT","@id":"https:\/\/carnival.ticketrio.com.br\/es\/ticket-rio-carnaval-rio-entradas\/#primaryimage","url":"https:\/\/carnival-ticketrio.com\/wp-content\/uploads\/2016\/10\/a-empresa-ticket-rio-logos-300x141.png","contentUrl":"https:\/\/carnival-ticketrio.com\/wp-content\/uploads\/2016\/10\/a-empresa-ticket-rio-logos-300x141.png"},{"@type":"BreadcrumbList","@id":"https:\/\/carnival.ticketrio.com.br\/es\/ticket-rio-carnaval-rio-entradas\/#breadcrumb","itemListElement":[{"@type":"ListItem","position":1,"name":"Home","item":"https:\/\/carnival.ticketrio.com.br\/pt\/rio-carnaval-ingressos\/"},{"@type":"ListItem","position":2,"name":"TICKET RIO"}]},{"@type":"WebSite","@id":"https:\/\/carnival.ticketrio.com.br\/#website","url":"https:\/\/carnival.ticketrio.com.br\/","name":"Ticket Rio - Billets Rio Carnaval, Tickets for Rio Carnival, Comprar Boletos Carnaval Rio, Rio Carnival Tickets. Karneval Rio Tickets, Rio Carnevale Biglietti, Rio de Janeiro Carnival Tickets Sambadrome. Boletos Carnaval R\u00edo.","description":"Rio carnival parade tickets sambadrome 2026. Acheter billets Rio Carnaval. Comprar Boletos Rio Carnaval boletos Carnevale di Rio biglietti Karneval Rio de Janeiro Carnaval tickets 2026. Boletos Carnaval R\u00edo. Rio de Janeiro Carnival Tickets. Tickets Rio Carnival Sambadrome.","publisher":{"@id":"https:\/\/carnival.ticketrio.com.br\/#organization"},"potentialAction":[{"@type":"SearchAction","target":{"@type":"EntryPoint","urlTemplate":"https:\/\/carnival.ticketrio.com.br\/?s={search_term_string}"},"query-input":{"@type":"PropertyValueSpecification","valueRequired":true,"valueName":"search_term_string"}}],"inLanguage":"it-IT"},{"@type":"Organization","@id":"https:\/\/carnival.ticketrio.com.br\/#organization","name":"Rio Carnaval billet 2018 - Rio Carnaval Entradas, Rio Carnaval Billets, Rio Karneval Tickets, Rio Carnival Parade Sambadrome Tickets","url":"https:\/\/carnival.ticketrio.com.br\/","logo":{"@type":"ImageObject","inLanguage":"it-IT","@id":"https:\/\/carnival.ticketrio.com.br\/#\/schema\/logo\/image\/","url":"https:\/\/carnival-ticketrio.com\/wp-content\/uploads\/2016\/10\/ticket01-e1476303239999.png","contentUrl":"https:\/\/carnival-ticketrio.com\/wp-content\/uploads\/2016\/10\/ticket01-e1476303239999.png","width":200,"height":99,"caption":"Rio Carnaval billet 2018 - Rio Carnaval Entradas, Rio Carnaval Billets, Rio Karneval Tickets, Rio Carnival Parade Sambadrome Tickets"},"image":{"@id":"https:\/\/carnival.ticketrio.com.br\/#\/schema\/logo\/image\/"},"sameAs":["https:\/\/www.facebook.com\/ticketrio\/?fref=nf","https:\/\/x.com\/carnavalticket","https:\/\/www.youtube.com\/watch?v=iApTAnu9-ho"]}]}},"_links":{"self":[{"href":"https:\/\/carnival.ticketrio.com.br\/it\/wp-json\/wp\/v2\/pages\/549","targetHints":{"allow":["GET"]}}],"collection":[{"href":"https:\/\/carnival.ticketrio.com.br\/it\/wp-json\/wp\/v2\/pages"}],"about":[{"href":"https:\/\/carnival.ticketrio.com.br\/it\/wp-json\/wp\/v2\/types\/page"}],"author":[{"embeddable":true,"href":"https:\/\/carnival.ticketrio.com.br\/it\/wp-json\/wp\/v2\/users\/1"}],"replies":[{"embeddable":true,"href":"https:\/\/carnival.ticketrio.com.br\/it\/wp-json\/wp\/v2\/comments?post=549"}],"version-history":[{"count":1,"href":"https:\/\/carnival.ticketrio.com.br\/it\/wp-json\/wp\/v2\/pages\/549\/revisions"}],"predecessor-version":[{"id":556,"href":"https:\/\/carnival.ticketrio.com.br\/it\/wp-json\/wp\/v2\/pages\/549\/revisions\/556"}],"wp:attachment":[{"href":"https:\/\/carnival.ticketrio.com.br\/it\/wp-json\/wp\/v2\/media?parent=549"}],"curies":[{"name":"wp","href":"https:\/\/api.w.org\/{rel}","templated":true}]}}