{"id":580,"date":"2016-11-22T21:30:34","date_gmt":"2016-11-22T21:30:34","guid":{"rendered":"https:\/\/carnival-ticketrio.com\/?page_id=580"},"modified":"2017-08-28T19:57:35","modified_gmt":"2017-08-28T19:57:35","slug":"karneval-ticket-rio-2","status":"publish","type":"page","link":"https:\/\/carnival.ticketrio.com.br\/de\/karneval-ticket-rio-2\/","title":{"rendered":"Ticket Rio"},"content":{"rendered":"<p style=\"text-align: justify;\"><img loading=\"lazy\" decoding=\"async\" class=\"size-medium wp-image-5 alignleft\" src=\"https:\/\/carnival-ticketrio.com\/wp-content\/uploads\/2016\/10\/a-empresa-ticket-rio-logos-300x141.png\" alt=\"a-empresa-ticket-rio-logos\" width=\"300\" height=\"141\" srcset=\"https:\/\/carnival.ticketrio.com.br\/wp-content\/uploads\/2016\/10\/a-empresa-ticket-rio-logos-300x141.png 300w, https:\/\/carnival.ticketrio.com.br\/wp-content\/uploads\/2016\/10\/a-empresa-ticket-rio-logos-768x360.png 768w, https:\/\/carnival.ticketrio.com.br\/wp-content\/uploads\/2016\/10\/a-empresa-ticket-rio-logos.png 980w\" sizes=\"auto, (max-width: 300px) 100vw, 300px\" \/>Ticket Rio Reiseb\u00fcro ist spezialisiert auf den Verkauf von Pakete f\u00fcr gro\u00dfe Veranstaltungen wie Karneval, Themenparks und Shows, indem die Rezeption Dienstleistungen, Transport und F\u00fchrer.<\/p>\n<p style=\"text-align: justify;\">Neben Karnevalspaketen und Eintrittskarten bieten wir Touren f\u00fcr Gruppen nach Corcovado, Sugar Loaf, Str\u00e4nde, Angra dos Reis und Ilha Grande sowie Kreuzfahrten, Stadtrundfahrten, Buchungshotels, Transfers ua an.<\/p>\n<p style=\"text-align: justify;\">Um unsere Produkte und Dienstleistungen kaufen, besuchen Sie die Online-Shops oder sprechen Sie mit unseren pers\u00f6nlichen Service per Telefon, Skype, E-Mail oder Online-Chat.<\/p>\n<div>\n<h2 class=\"widget-title\"><strong>Unser Team<\/strong><\/h2>\n<div class=\"textwidget\">\n<p>Wir haben ein spezialisiertes Team, das Ihnen alle Unterst\u00fctzung und personalisierte Aufmerksamkeit. Kontaktieren Sie uns per E-Mail, pers\u00f6nlich oder sogar chatten. Wir stehen zu Ihrer Verf\u00fcgung! Wir sprechen Portugiesisch, Englisch und Spanisch.<\/p>\n<p><img loading=\"lazy\" decoding=\"async\" class=\"alignnone size-medium wp-image-185\" src=\"https:\/\/carnival-ticketrio.com\/wp-content\/uploads\/2016\/10\/team_ticketrio_menor1-300x174.jpg\" alt=\"team_ticketrio_menor1\" width=\"300\" height=\"174\" srcset=\"https:\/\/carnival.ticketrio.com.br\/wp-content\/uploads\/2016\/10\/team_ticketrio_menor1-300x174.jpg 300w, https:\/\/carnival.ticketrio.com.br\/wp-content\/uploads\/2016\/10\/team_ticketrio_menor1.jpg 640w\" sizes=\"auto, (max-width: 300px) 100vw, 300px\" \/><\/p>\n<h2><strong>Dienstleistungen<\/strong><\/h2>\n<p style=\"text-align: justify;\">Wir bieten die traditionelle Reservierung von Sightseeing in Rio de Janeiro, Operationen von Paketen mit Eingang zum sambodrome, P\u00e4sse zu Themenparks und nationalen und internationalen Parks. Wir organisieren auch spezielle Veranstaltungen f\u00fcr Gruppen und Touren mit privaten Shuttle (Bus, Minibus), Reisef\u00fchrer, Hotelreservierungen, Reisen auf Kreuzfahrten, unter anderem.<br \/>\nWir sind Mitglied bei Embratur &#8211; Federal Turism Institute und Abav &#8211; Brasilianische Reiseb\u00fcrovereinigung.<br \/>\nKlicken Sie auf die Bilder, um unsere Zertifikate zu sehen.<\/p>\n<p><a href=\"http:\/\/www.cadastur.turismo.gov.br\/cadastur\/DocumentoAction.mtur?method:certificadoOficialPessoaJuridica&amp;ativpjdto.nuPessoaJuridica=21262&amp;ativpjdto.nuTipoAtividade=10\"><img loading=\"lazy\" decoding=\"async\" class=\"alignnone wp-image-147 size-full\" src=\"https:\/\/carnival-ticketrio.com\/wp-content\/uploads\/2016\/10\/cadastro_embratur.png\" rel='magnific' alt=\"cadastro_embratur\" width=\"181\" height=\"101\" \/><\/a> <a href=\"http:\/\/www.abavrio.com.br\/associados_agencia2.asp?a=22602\"><img loading=\"lazy\" decoding=\"async\" class=\"alignnone wp-image-146 size-full\" src=\"https:\/\/carnival-ticketrio.com\/wp-content\/uploads\/2016\/10\/associado_abav-3.png\" rel='magnific' alt=\"associado_abav-3\" width=\"180\" height=\"107\" \/><\/a><\/p>\n<h2><strong>Brasilien-Speicher<br \/>\n<\/strong><\/h2>\n<p><strong><br \/>\nAdresse<\/strong>: Av. das Am\u00e9ricas 700\u00a0 Loja 201A Bloco 8 Shopping Citt\u00e1 Am\u00e9rica\u00a0 Barra da Tijuca \u2013 RJ<br \/>\n<strong>Phones:<\/strong>\u00a05521 3982-1515 \/ 2025-5000\/<img loading=\"lazy\" decoding=\"async\" class=\"size-medium wp-image-173 alignright\" src=\"https:\/\/carnival-ticketrio.com\/wp-content\/uploads\/2016\/10\/loja-fisica_google-300x225.jpg\" alt=\"loja-fisica_google\" width=\"300\" height=\"225\" srcset=\"https:\/\/carnival.ticketrio.com.br\/wp-content\/uploads\/2016\/10\/loja-fisica_google-300x225.jpg 300w, https:\/\/carnival.ticketrio.com.br\/wp-content\/uploads\/2016\/10\/loja-fisica_google.jpg 720w\" sizes=\"auto, (max-width: 300px) 100vw, 300px\" \/><br \/>\nArbeitszeit: 09 bis 18 Uhr (Mo &#8211; Fr)<\/p>\n<h2><strong>USA B\u00fcro<br \/>\n<\/strong><\/h2>\n<p><strong>Adresse<\/strong>: 2907 South Semoran Blvd Suite #171<br \/>\nOrlando FL 32822<br \/>\n<strong>Telefone:<\/strong>\u00a0+1 407 978-4355<br \/>\nArbeitszeit: 09 bis 18 Uhr (Mo &#8211; Fr)<\/p>\n<p><strong><br \/>\nUnsere Webseiten<\/strong><\/p>\n<ul class=\"xoxo blogroll\">\n<li><a title=\"Ticket Rio\" href=\"http:\/\/loja.ticketrio.com.br\/\" target=\"_blank\" rel=\"me\">http:\/\/loja.ticketrio.com.br<\/a><\/li>\n<li><a href=\"http:\/\/www.ticketrio.com\">http:\/\/www.ticketrio.com<\/a><\/li>\n<li><a title=\"Carnival Rio Blog\" href=\"http:\/\/www.blocofolia.com.br\/\" target=\"_blank\" rel=\"me\">http:\/\/www.blocofolia.com.br<\/a><\/li>\n<li><a title=\"Carnival Rio Blog\" href=\"https:\/\/carnival-ticketrio.com\/\" target=\"_blank\" rel=\"me\">https:\/\/carnival-ticketrio.com<\/a><\/li>\n<li><a title=\"Carnival Rio Blog\" href=\"http:\/\/www.entradascarnavalrio-ticketrio.com\/\" target=\"_blank\" rel=\"me\">http:\/\/www.entradascarnavalrio-ticketrio.com<\/a><\/li>\n<li><a href=\"http:\/\/www.camarotescarnavalticketrio.com.br\/\" target=\"_blank\" rel=\"me\">http:\/\/www.camarotescarnavalticketrio.com.br<\/a><\/li>\n<li><a href=\"http:\/\/www.carnavalticketrio.com\/\" target=\"_blank\">http:\/\/www.carnavalticketrio.com<\/a><\/li>\n<li><a href=\"http:\/\/www.ingressoscarnavalticketrio.com.br\/\" target=\"_blank\">http:\/\/www.ingressoscarnavalticketrio.com.br<\/a><\/li>\n<li><a href=\"http:\/\/www.ticketriocarnaval.com.br\" target=\"_blank\">http:\/\/www.ticketriocarnaval.com.br<\/a>\n<li><a href=\"http:\/\/www.ticketrio.com.br\/site\/\" target=\"_blank\">http:\/\/www.ticketrio.com.br<\/a>\n<li><a href=\"http:\/\/carnaval.ticketrio.com.br\" target=\"_blank\">http:\/\/carnaval.ticketrio.com.br<\/a>\n<\/li>\n<\/ul>\n<\/div>\n<\/div>\n","protected":false},"excerpt":{"rendered":"<p>Ticket Rio Reiseb\u00fcro ist spezialisiert auf den Verkauf von Pakete f\u00fcr gro\u00dfe Veranstaltungen wie Karneval, Themenparks und Shows, indem die Rezeption Dienstleistungen, Transport und F\u00fchrer. Neben Karnevalspaketen und Eintrittskarten bieten wir Touren f\u00fcr Gruppen nach Corcovado, Sugar Loaf, Str\u00e4nde, Angra <a href=\"https:\/\/carnival.ticketrio.com.br\/de\/karneval-ticket-rio-2\/\"><\/p>\n<div class=\"read-more\">\n<p>Read more &#8250;<\/p>\n<\/div>\n<p><!-- end of .read-more --><\/a><\/p>\n","protected":false},"author":1,"featured_media":0,"parent":0,"menu_order":0,"comment_status":"closed","ping_status":"closed","template":"","meta":{"_exactmetrics_skip_tracking":false,"_exactmetrics_sitenote_active":false,"_exactmetrics_sitenote_note":"","_exactmetrics_sitenote_category":0,"ngg_post_thumbnail":0,"_joinchat":[],"footnotes":""},"class_list":["post-580","page","type-page","status-publish","hentry"],"yoast_head":"<!-- This site is optimized with the Yoast SEO plugin v25.7 - https:\/\/yoast.com\/wordpress\/plugins\/seo\/ -->\n<title>Ticket Rio - Ticket Rio - Billets Rio Carnaval, Tickets for Rio Carnival, Comprar Boletos Carnaval Rio, Rio Carnival Tickets. Karneval Rio Tickets, Rio Carnevale Biglietti, Rio de Janeiro Carnival Tickets Sambadrome. Boletos Carnaval R\u00edo.<\/title>\n<meta name=\"description\" content=\"Rio Carnaval billet, Carnaval R\u00edo Entradas, Billets Carnaval de Rio, Rio Karneval Tickets, Rio Carnevale Biglietti, Rio Carnival Parade Tickets.\" \/>\n<meta name=\"robots\" content=\"index, follow, max-snippet:-1, max-image-preview:large, max-video-preview:-1\" \/>\n<link rel=\"canonical\" href=\"https:\/\/carnival.ticketrio.com.br\/de\/karneval-ticket-rio-2\/\" \/>\n<meta property=\"og:locale\" content=\"it_IT\" \/>\n<meta property=\"og:type\" content=\"article\" \/>\n<meta property=\"og:title\" content=\"Ticket Rio - Ticket Rio - Billets Rio Carnaval, Tickets for Rio Carnival, Comprar Boletos Carnaval Rio, Rio Carnival Tickets. Karneval Rio Tickets, Rio Carnevale Biglietti, Rio de Janeiro Carnival Tickets Sambadrome. Boletos Carnaval R\u00edo.\" \/>\n<meta property=\"og:description\" content=\"Rio Carnaval billet, Carnaval R\u00edo Entradas, Billets Carnaval de Rio, Rio Karneval Tickets, Rio Carnevale Biglietti, Rio Carnival Parade Tickets.\" \/>\n<meta property=\"og:url\" content=\"https:\/\/carnival.ticketrio.com.br\/de\/karneval-ticket-rio-2\/\" \/>\n<meta property=\"og:site_name\" content=\"Ticket Rio - Billets Rio Carnaval, Tickets for Rio Carnival, Comprar Boletos Carnaval Rio, Rio Carnival Tickets. Karneval Rio Tickets, Rio Carnevale Biglietti, Rio de Janeiro Carnival Tickets Sambadrome. Boletos Carnaval R\u00edo.\" \/>\n<meta property=\"article:publisher\" content=\"https:\/\/www.facebook.com\/ticketrio\/?fref=nf\" \/>\n<meta property=\"article:modified_time\" content=\"2017-08-28T19:57:35+00:00\" \/>\n<meta property=\"og:image\" content=\"https:\/\/carnival-ticketrio.com\/wp-content\/uploads\/2016\/10\/a-empresa-ticket-rio-logos-300x141.png\" \/>\n<meta name=\"twitter:card\" content=\"summary_large_image\" \/>\n<meta name=\"twitter:site\" content=\"@carnavalticket\" \/>\n<meta name=\"twitter:label1\" content=\"Tempo di lettura stimato\" \/>\n\t<meta name=\"twitter:data1\" content=\"1 minute\" \/>\n<!-- \/ Yoast SEO plugin. -->","yoast_head_json":{"title":"Ticket Rio - Ticket Rio - Billets Rio Carnaval, Tickets for Rio Carnival, Comprar Boletos Carnaval Rio, Rio Carnival Tickets. Karneval Rio Tickets, Rio Carnevale Biglietti, Rio de Janeiro Carnival Tickets Sambadrome. Boletos Carnaval R\u00edo.","description":"Rio Carnaval billet, Carnaval R\u00edo Entradas, Billets Carnaval de Rio, Rio Karneval Tickets, Rio Carnevale Biglietti, Rio Carnival Parade Tickets.","robots":{"index":"index","follow":"follow","max-snippet":"max-snippet:-1","max-image-preview":"max-image-preview:large","max-video-preview":"max-video-preview:-1"},"canonical":"https:\/\/carnival.ticketrio.com.br\/de\/karneval-ticket-rio-2\/","og_locale":"it_IT","og_type":"article","og_title":"Ticket Rio - Ticket Rio - Billets Rio Carnaval, Tickets for Rio Carnival, Comprar Boletos Carnaval Rio, Rio Carnival Tickets. Karneval Rio Tickets, Rio Carnevale Biglietti, Rio de Janeiro Carnival Tickets Sambadrome. Boletos Carnaval R\u00edo.","og_description":"Rio Carnaval billet, Carnaval R\u00edo Entradas, Billets Carnaval de Rio, Rio Karneval Tickets, Rio Carnevale Biglietti, Rio Carnival Parade Tickets.","og_url":"https:\/\/carnival.ticketrio.com.br\/de\/karneval-ticket-rio-2\/","og_site_name":"Ticket Rio - Billets Rio Carnaval, Tickets for Rio Carnival, Comprar Boletos Carnaval Rio, Rio Carnival Tickets. Karneval Rio Tickets, Rio Carnevale Biglietti, Rio de Janeiro Carnival Tickets Sambadrome. Boletos Carnaval R\u00edo.","article_publisher":"https:\/\/www.facebook.com\/ticketrio\/?fref=nf","article_modified_time":"2017-08-28T19:57:35+00:00","og_image":[{"url":"https:\/\/carnival-ticketrio.com\/wp-content\/uploads\/2016\/10\/a-empresa-ticket-rio-logos-300x141.png","type":"","width":"","height":""}],"twitter_card":"summary_large_image","twitter_site":"@carnavalticket","twitter_misc":{"Tempo di lettura stimato":"1 minute"},"schema":{"@context":"https:\/\/schema.org","@graph":[{"@type":"WebPage","@id":"https:\/\/carnival.ticketrio.com.br\/de\/karneval-ticket-rio-2\/","url":"https:\/\/carnival.ticketrio.com.br\/de\/karneval-ticket-rio-2\/","name":"Ticket Rio - Ticket Rio - Billets Rio Carnaval, Tickets for Rio Carnival, Comprar Boletos Carnaval Rio, Rio Carnival Tickets. Karneval Rio Tickets, Rio Carnevale Biglietti, Rio de Janeiro Carnival Tickets Sambadrome. Boletos Carnaval R\u00edo.","isPartOf":{"@id":"https:\/\/carnival.ticketrio.com.br\/#website"},"primaryImageOfPage":{"@id":"https:\/\/carnival.ticketrio.com.br\/de\/karneval-ticket-rio-2\/#primaryimage"},"image":{"@id":"https:\/\/carnival.ticketrio.com.br\/de\/karneval-ticket-rio-2\/#primaryimage"},"thumbnailUrl":"https:\/\/carnival-ticketrio.com\/wp-content\/uploads\/2016\/10\/a-empresa-ticket-rio-logos-300x141.png","datePublished":"2016-11-22T21:30:34+00:00","dateModified":"2017-08-28T19:57:35+00:00","description":"Rio Carnaval billet, Carnaval R\u00edo Entradas, Billets Carnaval de Rio, Rio Karneval Tickets, Rio Carnevale Biglietti, Rio Carnival Parade Tickets.","breadcrumb":{"@id":"https:\/\/carnival.ticketrio.com.br\/de\/karneval-ticket-rio-2\/#breadcrumb"},"inLanguage":"it-IT","potentialAction":[{"@type":"ReadAction","target":["https:\/\/carnival.ticketrio.com.br\/de\/karneval-ticket-rio-2\/"]}]},{"@type":"ImageObject","inLanguage":"it-IT","@id":"https:\/\/carnival.ticketrio.com.br\/de\/karneval-ticket-rio-2\/#primaryimage","url":"https:\/\/carnival-ticketrio.com\/wp-content\/uploads\/2016\/10\/a-empresa-ticket-rio-logos-300x141.png","contentUrl":"https:\/\/carnival-ticketrio.com\/wp-content\/uploads\/2016\/10\/a-empresa-ticket-rio-logos-300x141.png"},{"@type":"BreadcrumbList","@id":"https:\/\/carnival.ticketrio.com.br\/de\/karneval-ticket-rio-2\/#breadcrumb","itemListElement":[{"@type":"ListItem","position":1,"name":"Home","item":"https:\/\/carnival.ticketrio.com.br\/es\/entradas-carnavales\/"},{"@type":"ListItem","position":2,"name":"Ticket Rio"}]},{"@type":"WebSite","@id":"https:\/\/carnival.ticketrio.com.br\/#website","url":"https:\/\/carnival.ticketrio.com.br\/","name":"Ticket Rio - Billets Rio Carnaval, Tickets for Rio Carnival, Comprar Boletos Carnaval Rio, Rio Carnival Tickets. Karneval Rio Tickets, Rio Carnevale Biglietti, Rio de Janeiro Carnival Tickets Sambadrome. Boletos Carnaval R\u00edo.","description":"Rio carnival parade tickets sambadrome 2026. Acheter billets Rio Carnaval. Comprar Boletos Rio Carnaval boletos Carnevale di Rio biglietti Karneval Rio de Janeiro Carnaval tickets 2026. Boletos Carnaval R\u00edo. Rio de Janeiro Carnival Tickets. Tickets Rio Carnival Sambadrome.","publisher":{"@id":"https:\/\/carnival.ticketrio.com.br\/#organization"},"potentialAction":[{"@type":"SearchAction","target":{"@type":"EntryPoint","urlTemplate":"https:\/\/carnival.ticketrio.com.br\/?s={search_term_string}"},"query-input":{"@type":"PropertyValueSpecification","valueRequired":true,"valueName":"search_term_string"}}],"inLanguage":"it-IT"},{"@type":"Organization","@id":"https:\/\/carnival.ticketrio.com.br\/#organization","name":"Rio Carnaval billet 2018 - Rio Carnaval Entradas, Rio Carnaval Billets, Rio Karneval Tickets, Rio Carnival Parade Sambadrome Tickets","url":"https:\/\/carnival.ticketrio.com.br\/","logo":{"@type":"ImageObject","inLanguage":"it-IT","@id":"https:\/\/carnival.ticketrio.com.br\/#\/schema\/logo\/image\/","url":"https:\/\/carnival-ticketrio.com\/wp-content\/uploads\/2016\/10\/ticket01-e1476303239999.png","contentUrl":"https:\/\/carnival-ticketrio.com\/wp-content\/uploads\/2016\/10\/ticket01-e1476303239999.png","width":200,"height":99,"caption":"Rio Carnaval billet 2018 - Rio Carnaval Entradas, Rio Carnaval Billets, Rio Karneval Tickets, Rio Carnival Parade Sambadrome Tickets"},"image":{"@id":"https:\/\/carnival.ticketrio.com.br\/#\/schema\/logo\/image\/"},"sameAs":["https:\/\/www.facebook.com\/ticketrio\/?fref=nf","https:\/\/x.com\/carnavalticket","https:\/\/www.youtube.com\/watch?v=iApTAnu9-ho"]}]}},"_links":{"self":[{"href":"https:\/\/carnival.ticketrio.com.br\/it\/wp-json\/wp\/v2\/pages\/580","targetHints":{"allow":["GET"]}}],"collection":[{"href":"https:\/\/carnival.ticketrio.com.br\/it\/wp-json\/wp\/v2\/pages"}],"about":[{"href":"https:\/\/carnival.ticketrio.com.br\/it\/wp-json\/wp\/v2\/types\/page"}],"author":[{"embeddable":true,"href":"https:\/\/carnival.ticketrio.com.br\/it\/wp-json\/wp\/v2\/users\/1"}],"replies":[{"embeddable":true,"href":"https:\/\/carnival.ticketrio.com.br\/it\/wp-json\/wp\/v2\/comments?post=580"}],"version-history":[{"count":1,"href":"https:\/\/carnival.ticketrio.com.br\/it\/wp-json\/wp\/v2\/pages\/580\/revisions"}],"predecessor-version":[{"id":589,"href":"https:\/\/carnival.ticketrio.com.br\/it\/wp-json\/wp\/v2\/pages\/580\/revisions\/589"}],"wp:attachment":[{"href":"https:\/\/carnival.ticketrio.com.br\/it\/wp-json\/wp\/v2\/media?parent=580"}],"curies":[{"name":"wp","href":"https:\/\/api.w.org\/{rel}","templated":true}]}}