{"id":652,"date":"2016-11-23T03:19:56","date_gmt":"2016-11-23T03:19:56","guid":{"rendered":"https:\/\/carnival-ticketrio.com\/?page_id=652"},"modified":"2018-05-22T16:15:49","modified_gmt":"2018-05-22T16:15:49","slug":"comprare-biglietti-rio-de-janeiro-carnevale","status":"publish","type":"page","link":"https:\/\/carnival.ticketrio.com.br\/it\/comprare-biglietti-rio-de-janeiro-carnevale\/","title":{"rendered":"Comprare Rio carnevale biglietti"},"content":{"rendered":"<p><strong>Programma del Rio Carnevale<\/strong><\/p>\n<p>Il Carnevale di Rio inizia ufficialmente il venerd\u00ec e il mercoled\u00ec \u00e8 terminato. Durante questo periodo si tengono numerose feste in strada, balli di carnevale e altri eventi, ma la principale attrazione \u00e8 la Parata di Samba al sambodromo. Se volete andare in vacanza a Rio in questo periodo per poter vivere il meglio della cultura brasiliana dovrete organizzarvi con molto anticipo.<\/p>\n<h3 class=\"tw-data-text tw-ta tw-text-medium\" dir=\"ltr\" data-placeholder=\"Tradu\u00e7\u00e3o\"><a href=\"http:\/\/www.carnavalticketrio.com\"><span style=\"color: #ff0000;\"><strong><span lang=\"it\">Acquista i Rio Carnevale biglietti online &#8211; clicca qui<\/span><\/strong><\/span><\/a><\/h3>\n<p>&nbsp;<\/p>\n<h3>Opzioni sui posti a sedere dei biglietti del Carnevale di Rio<\/h3>\n<p>Ci sono quattro tipi di posti a sedere al sambodromo e offrono servizi diversi. Potete acquistare i biglietti del Carnevale di Rio a seconda del budget disponibile. Quelli per le gradinate sono i pi\u00f9 economici. La zona delle sedie assegnate ha posti numerati, mentre i parterre offrono sei posti a sedere con un tavolino. I biglietti per i palchi privati sono i pi\u00f9 costosi e sono ideali per gruppi di dodici persone o pi\u00f9. I biglietti per il Carnevale di Rio in questa sezione includono la cena a buffet, le bevande, il servizio al tavolo e la sicurezza.<\/p>\n<p><a href=\"http:\/\/www.carnavalticketrio.com\/\"><img loading=\"lazy\" decoding=\"async\" class=\"alignnone wp-image-930 size-medium\" src=\"https:\/\/carnival-ticketrio.com\/wp-content\/uploads\/2016\/11\/2_arq-185x300.jpg\" rel='magnific' sizes=\"auto, (max-width: 185px) 100vw, 185px\" srcset=\"https:\/\/carnival-ticketrio.com\/wp-content\/uploads\/2016\/11\/2_arq-185x300.jpg 185w, https:\/\/carnival-ticketrio.com\/wp-content\/uploads\/2016\/11\/2_arq-768x1247.jpg 768w, https:\/\/carnival-ticketrio.com\/wp-content\/uploads\/2016\/11\/2_arq-631x1024.jpg 631w, https:\/\/carnival-ticketrio.com\/wp-content\/uploads\/2016\/11\/2_arq.jpg 922w\" alt=\"2_arq\" width=\"185\" height=\"300\" \/><\/a>\u00a0<a href=\"http:\/\/www.carnavalticketrio.com\/\"><img loading=\"lazy\" decoding=\"async\" class=\"alignnone wp-image-929 size-medium\" src=\"https:\/\/carnival-ticketrio.com\/wp-content\/uploads\/2016\/11\/1_frisa-185x300.jpg\" rel='magnific' sizes=\"auto, (max-width: 185px) 100vw, 185px\" srcset=\"https:\/\/carnival-ticketrio.com\/wp-content\/uploads\/2016\/11\/1_frisa-185x300.jpg 185w, https:\/\/carnival-ticketrio.com\/wp-content\/uploads\/2016\/11\/1_frisa-768x1247.jpg 768w, https:\/\/carnival-ticketrio.com\/wp-content\/uploads\/2016\/11\/1_frisa-631x1024.jpg 631w, https:\/\/carnival-ticketrio.com\/wp-content\/uploads\/2016\/11\/1_frisa.jpg 922w\" alt=\"1_frisa\" width=\"185\" height=\"300\" \/><\/a> \u00a0<a href=\"http:\/\/www.carnavalticketrio.com\/\"><img loading=\"lazy\" decoding=\"async\" class=\"alignnone wp-image-931 size-medium\" src=\"https:\/\/carnival-ticketrio.com\/wp-content\/uploads\/2016\/11\/3_pista-185x300.jpg\" rel='magnific' sizes=\"auto, (max-width: 185px) 100vw, 185px\" srcset=\"https:\/\/carnival-ticketrio.com\/wp-content\/uploads\/2016\/11\/3_pista-185x300.jpg 185w, https:\/\/carnival-ticketrio.com\/wp-content\/uploads\/2016\/11\/3_pista-768x1247.jpg 768w, https:\/\/carnival-ticketrio.com\/wp-content\/uploads\/2016\/11\/3_pista-631x1024.jpg 631w, https:\/\/carnival-ticketrio.com\/wp-content\/uploads\/2016\/11\/3_pista.jpg 922w\" alt=\"3_pista\" width=\"185\" height=\"300\" \/><\/a> <a href=\"http:\/\/www.carnavalticketrio.com\/\"><img loading=\"lazy\" decoding=\"async\" class=\"alignnone wp-image-932 size-medium\" src=\"https:\/\/carnival-ticketrio.com\/wp-content\/uploads\/2016\/11\/4_camarote-185x300.jpg\" rel='magnific' sizes=\"auto, (max-width: 185px) 100vw, 185px\" srcset=\"https:\/\/carnival-ticketrio.com\/wp-content\/uploads\/2016\/11\/4_camarote-185x300.jpg 185w, https:\/\/carnival-ticketrio.com\/wp-content\/uploads\/2016\/11\/4_camarote-768x1247.jpg 768w, https:\/\/carnival-ticketrio.com\/wp-content\/uploads\/2016\/11\/4_camarote-631x1024.jpg 631w, https:\/\/carnival-ticketrio.com\/wp-content\/uploads\/2016\/11\/4_camarote.jpg 922w\" alt=\"4_camarote\" width=\"185\" height=\"300\" \/><\/a><\/p>\n<h3>La storia del carnevale Rio de Janeiro<\/h3>\n<p>I portoghesi hanno portato il carnevale in Brasile, che all\u2019epoca consisteva in una battaglia che si svolgeva in tutta Rio a colpi di fango e spruzzi d\u2019acqua. Col passar del tempo, questa selvaggia baldoria ha lasciato il posto a sofisticate sfilate con costumi eleganti ed elaborati, il che \u00e8 ci\u00f2 per cui il carnevale \u00e8 famoso oggi. I balli in maschera iniziarono a tenersi a Rio nel 1841 e la musica del carnevale si basava sui ritmi di polka e valzer. La moglie di un ambasciatore italiano organizz\u00f2 il primo ballo mascherato in citt\u00e0, al quale parteciparono molte persone del\u2019\u00e9lite portoghese. Le bande militari divennero ben presto il fulcro dell\u2019attenzione nelle sfilate del tardo Ottocento e, con la crescente popolarit\u00e0 del carnevale, nei quartieri dove si svolgevano le feste di strada iniziarono a formarsi dei gruppi, oggi conosciuti come blocos. Assicuratevi di partecipare a uno di questi eventi durante il Carnevale di Rio del 2017<\/p>\n","protected":false},"excerpt":{"rendered":"<p>Programma del Rio Carnevale Il Carnevale di Rio inizia ufficialmente il venerd\u00ec e il mercoled\u00ec \u00e8 terminato. Durante questo periodo si tengono numerose feste in strada, balli di carnevale e altri eventi, ma la principale attrazione \u00e8 la Parata di <a href=\"https:\/\/carnival.ticketrio.com.br\/it\/comprare-biglietti-rio-de-janeiro-carnevale\/\"><\/p>\n<div class=\"read-more\">\n<p>Read more &#8250;<\/p>\n<\/div>\n<p><!-- end of .read-more --><\/a><\/p>\n","protected":false},"author":1,"featured_media":0,"parent":0,"menu_order":0,"comment_status":"closed","ping_status":"closed","template":"","meta":{"_exactmetrics_skip_tracking":false,"_exactmetrics_sitenote_active":false,"_exactmetrics_sitenote_note":"","_exactmetrics_sitenote_category":0,"ngg_post_thumbnail":0,"_joinchat":[],"footnotes":""},"class_list":["post-652","page","type-page","status-publish","hentry"],"yoast_head":"<!-- This site is optimized with the Yoast SEO plugin v25.7 - https:\/\/yoast.com\/wordpress\/plugins\/seo\/ -->\n<title>Comprare Rio carnevale biglietti - Ticket Rio - Billets Rio Carnaval, Tickets for Rio Carnival, Comprar Boletos Carnaval Rio, Rio Carnival Tickets. Karneval Rio Tickets, Rio Carnevale Biglietti, Rio de Janeiro Carnival Tickets Sambadrome. Boletos Carnaval R\u00edo.<\/title>\n<meta name=\"description\" content=\"Rio Carnaval billet, Carnaval R\u00edo Entradas, Billets Carnaval de Rio, Rio Karneval Tickets, Rio Carnevale Biglietti, Rio Carnival Parade Tickets.\" \/>\n<meta name=\"robots\" content=\"index, follow, max-snippet:-1, max-image-preview:large, max-video-preview:-1\" \/>\n<link rel=\"canonical\" href=\"https:\/\/carnival.ticketrio.com.br\/it\/comprare-biglietti-rio-de-janeiro-carnevale\/\" \/>\n<meta property=\"og:locale\" content=\"it_IT\" \/>\n<meta property=\"og:type\" content=\"article\" \/>\n<meta property=\"og:title\" content=\"Comprare Rio carnevale biglietti - Ticket Rio - Billets Rio Carnaval, Tickets for Rio Carnival, Comprar Boletos Carnaval Rio, Rio Carnival Tickets. Karneval Rio Tickets, Rio Carnevale Biglietti, Rio de Janeiro Carnival Tickets Sambadrome. Boletos Carnaval R\u00edo.\" \/>\n<meta property=\"og:description\" content=\"Rio Carnaval billet, Carnaval R\u00edo Entradas, Billets Carnaval de Rio, Rio Karneval Tickets, Rio Carnevale Biglietti, Rio Carnival Parade Tickets.\" \/>\n<meta property=\"og:url\" content=\"https:\/\/carnival.ticketrio.com.br\/it\/comprare-biglietti-rio-de-janeiro-carnevale\/\" \/>\n<meta property=\"og:site_name\" content=\"Ticket Rio - Billets Rio Carnaval, Tickets for Rio Carnival, Comprar Boletos Carnaval Rio, Rio Carnival Tickets. Karneval Rio Tickets, Rio Carnevale Biglietti, Rio de Janeiro Carnival Tickets Sambadrome. Boletos Carnaval R\u00edo.\" \/>\n<meta property=\"article:publisher\" content=\"https:\/\/www.facebook.com\/ticketrio\/?fref=nf\" \/>\n<meta property=\"article:modified_time\" content=\"2018-05-22T16:15:49+00:00\" \/>\n<meta property=\"og:image\" content=\"https:\/\/carnival-ticketrio.com\/wp-content\/uploads\/2016\/11\/2_arq-185x300.jpg\" \/>\n<meta name=\"twitter:card\" content=\"summary_large_image\" \/>\n<meta name=\"twitter:site\" content=\"@carnavalticket\" \/>\n<meta name=\"twitter:label1\" content=\"Tempo di lettura stimato\" \/>\n\t<meta name=\"twitter:data1\" content=\"2 minutes\" \/>\n<!-- \/ Yoast SEO plugin. -->","yoast_head_json":{"title":"Comprare Rio carnevale biglietti - Ticket Rio - Billets Rio Carnaval, Tickets for Rio Carnival, Comprar Boletos Carnaval Rio, Rio Carnival Tickets. Karneval Rio Tickets, Rio Carnevale Biglietti, Rio de Janeiro Carnival Tickets Sambadrome. Boletos Carnaval R\u00edo.","description":"Rio Carnaval billet, Carnaval R\u00edo Entradas, Billets Carnaval de Rio, Rio Karneval Tickets, Rio Carnevale Biglietti, Rio Carnival Parade Tickets.","robots":{"index":"index","follow":"follow","max-snippet":"max-snippet:-1","max-image-preview":"max-image-preview:large","max-video-preview":"max-video-preview:-1"},"canonical":"https:\/\/carnival.ticketrio.com.br\/it\/comprare-biglietti-rio-de-janeiro-carnevale\/","og_locale":"it_IT","og_type":"article","og_title":"Comprare Rio carnevale biglietti - Ticket Rio - Billets Rio Carnaval, Tickets for Rio Carnival, Comprar Boletos Carnaval Rio, Rio Carnival Tickets. Karneval Rio Tickets, Rio Carnevale Biglietti, Rio de Janeiro Carnival Tickets Sambadrome. Boletos Carnaval R\u00edo.","og_description":"Rio Carnaval billet, Carnaval R\u00edo Entradas, Billets Carnaval de Rio, Rio Karneval Tickets, Rio Carnevale Biglietti, Rio Carnival Parade Tickets.","og_url":"https:\/\/carnival.ticketrio.com.br\/it\/comprare-biglietti-rio-de-janeiro-carnevale\/","og_site_name":"Ticket Rio - Billets Rio Carnaval, Tickets for Rio Carnival, Comprar Boletos Carnaval Rio, Rio Carnival Tickets. Karneval Rio Tickets, Rio Carnevale Biglietti, Rio de Janeiro Carnival Tickets Sambadrome. Boletos Carnaval R\u00edo.","article_publisher":"https:\/\/www.facebook.com\/ticketrio\/?fref=nf","article_modified_time":"2018-05-22T16:15:49+00:00","og_image":[{"url":"https:\/\/carnival-ticketrio.com\/wp-content\/uploads\/2016\/11\/2_arq-185x300.jpg","type":"","width":"","height":""}],"twitter_card":"summary_large_image","twitter_site":"@carnavalticket","twitter_misc":{"Tempo di lettura stimato":"2 minutes"},"schema":{"@context":"https:\/\/schema.org","@graph":[{"@type":"WebPage","@id":"https:\/\/carnival.ticketrio.com.br\/it\/comprare-biglietti-rio-de-janeiro-carnevale\/","url":"https:\/\/carnival.ticketrio.com.br\/it\/comprare-biglietti-rio-de-janeiro-carnevale\/","name":"Comprare Rio carnevale biglietti - Ticket Rio - Billets Rio Carnaval, Tickets for Rio Carnival, Comprar Boletos Carnaval Rio, Rio Carnival Tickets. Karneval Rio Tickets, Rio Carnevale Biglietti, Rio de Janeiro Carnival Tickets Sambadrome. Boletos Carnaval R\u00edo.","isPartOf":{"@id":"https:\/\/carnival.ticketrio.com.br\/#website"},"primaryImageOfPage":{"@id":"https:\/\/carnival.ticketrio.com.br\/it\/comprare-biglietti-rio-de-janeiro-carnevale\/#primaryimage"},"image":{"@id":"https:\/\/carnival.ticketrio.com.br\/it\/comprare-biglietti-rio-de-janeiro-carnevale\/#primaryimage"},"thumbnailUrl":"https:\/\/carnival-ticketrio.com\/wp-content\/uploads\/2016\/11\/2_arq-185x300.jpg","datePublished":"2016-11-23T03:19:56+00:00","dateModified":"2018-05-22T16:15:49+00:00","description":"Rio Carnaval billet, Carnaval R\u00edo Entradas, Billets Carnaval de Rio, Rio Karneval Tickets, Rio Carnevale Biglietti, Rio Carnival Parade Tickets.","breadcrumb":{"@id":"https:\/\/carnival.ticketrio.com.br\/it\/comprare-biglietti-rio-de-janeiro-carnevale\/#breadcrumb"},"inLanguage":"it-IT","potentialAction":[{"@type":"ReadAction","target":["https:\/\/carnival.ticketrio.com.br\/it\/comprare-biglietti-rio-de-janeiro-carnevale\/"]}]},{"@type":"ImageObject","inLanguage":"it-IT","@id":"https:\/\/carnival.ticketrio.com.br\/it\/comprare-biglietti-rio-de-janeiro-carnevale\/#primaryimage","url":"https:\/\/carnival-ticketrio.com\/wp-content\/uploads\/2016\/11\/2_arq-185x300.jpg","contentUrl":"https:\/\/carnival-ticketrio.com\/wp-content\/uploads\/2016\/11\/2_arq-185x300.jpg"},{"@type":"BreadcrumbList","@id":"https:\/\/carnival.ticketrio.com.br\/it\/comprare-biglietti-rio-de-janeiro-carnevale\/#breadcrumb","itemListElement":[{"@type":"ListItem","position":1,"name":"Home","item":"https:\/\/carnival.ticketrio.com.br\/it\/rio-biglietti-carnival-2\/"},{"@type":"ListItem","position":2,"name":"Comprare Rio carnevale biglietti"}]},{"@type":"WebSite","@id":"https:\/\/carnival.ticketrio.com.br\/#website","url":"https:\/\/carnival.ticketrio.com.br\/","name":"Ticket Rio - Billets Rio Carnaval, Tickets for Rio Carnival, Comprar Boletos Carnaval Rio, Rio Carnival Tickets. Karneval Rio Tickets, Rio Carnevale Biglietti, Rio de Janeiro Carnival Tickets Sambadrome. Boletos Carnaval R\u00edo.","description":"Rio carnival parade tickets sambadrome 2026. Acheter billets Rio Carnaval. Comprar Boletos Rio Carnaval boletos Carnevale di Rio biglietti Karneval Rio de Janeiro Carnaval tickets 2026. Boletos Carnaval R\u00edo. Rio de Janeiro Carnival Tickets. Tickets Rio Carnival Sambadrome.","publisher":{"@id":"https:\/\/carnival.ticketrio.com.br\/#organization"},"potentialAction":[{"@type":"SearchAction","target":{"@type":"EntryPoint","urlTemplate":"https:\/\/carnival.ticketrio.com.br\/?s={search_term_string}"},"query-input":{"@type":"PropertyValueSpecification","valueRequired":true,"valueName":"search_term_string"}}],"inLanguage":"it-IT"},{"@type":"Organization","@id":"https:\/\/carnival.ticketrio.com.br\/#organization","name":"Rio Carnaval billet 2018 - Rio Carnaval Entradas, Rio Carnaval Billets, Rio Karneval Tickets, Rio Carnival Parade Sambadrome Tickets","url":"https:\/\/carnival.ticketrio.com.br\/","logo":{"@type":"ImageObject","inLanguage":"it-IT","@id":"https:\/\/carnival.ticketrio.com.br\/#\/schema\/logo\/image\/","url":"https:\/\/carnival-ticketrio.com\/wp-content\/uploads\/2016\/10\/ticket01-e1476303239999.png","contentUrl":"https:\/\/carnival-ticketrio.com\/wp-content\/uploads\/2016\/10\/ticket01-e1476303239999.png","width":200,"height":99,"caption":"Rio Carnaval billet 2018 - Rio Carnaval Entradas, Rio Carnaval Billets, Rio Karneval Tickets, Rio Carnival Parade Sambadrome Tickets"},"image":{"@id":"https:\/\/carnival.ticketrio.com.br\/#\/schema\/logo\/image\/"},"sameAs":["https:\/\/www.facebook.com\/ticketrio\/?fref=nf","https:\/\/x.com\/carnavalticket","https:\/\/www.youtube.com\/watch?v=iApTAnu9-ho"]}]}},"_links":{"self":[{"href":"https:\/\/carnival.ticketrio.com.br\/it\/wp-json\/wp\/v2\/pages\/652","targetHints":{"allow":["GET"]}}],"collection":[{"href":"https:\/\/carnival.ticketrio.com.br\/it\/wp-json\/wp\/v2\/pages"}],"about":[{"href":"https:\/\/carnival.ticketrio.com.br\/it\/wp-json\/wp\/v2\/types\/page"}],"author":[{"embeddable":true,"href":"https:\/\/carnival.ticketrio.com.br\/it\/wp-json\/wp\/v2\/users\/1"}],"replies":[{"embeddable":true,"href":"https:\/\/carnival.ticketrio.com.br\/it\/wp-json\/wp\/v2\/comments?post=652"}],"version-history":[{"count":7,"href":"https:\/\/carnival.ticketrio.com.br\/it\/wp-json\/wp\/v2\/pages\/652\/revisions"}],"predecessor-version":[{"id":1755,"href":"https:\/\/carnival.ticketrio.com.br\/it\/wp-json\/wp\/v2\/pages\/652\/revisions\/1755"}],"wp:attachment":[{"href":"https:\/\/carnival.ticketrio.com.br\/it\/wp-json\/wp\/v2\/media?parent=652"}],"curies":[{"name":"wp","href":"https:\/\/api.w.org\/{rel}","templated":true}]}}