{"id":701,"date":"2016-11-23T17:57:39","date_gmt":"2016-11-23T17:57:39","guid":{"rendered":"https:\/\/carnival-ticketrio.com\/?page_id=701"},"modified":"2017-08-02T19:15:38","modified_gmt":"2017-08-02T19:15:38","slug":"tienda-en-rio-carnaval-entradas-sambodromo","status":"publish","type":"page","link":"https:\/\/carnival.ticketrio.com.br\/es\/tienda-en-rio-carnaval-entradas-sambodromo\/","title":{"rendered":"Tienda en Rio"},"content":{"rendered":"<div class=\"page-title\">\n<p><h1>Visita nuestra tienda en R\u00edo de Janeiro<\/h1>\n<\/p>\n<p><h3>Compra tu entrada carnaval R\u00edo con toda comodidad y seguridad en nuestra tienda f\u00edsica o tienda virtual <a href=\"https:\/\/www.carnavalticketrio.com\">https:\/\/www.carnavalticketrio.com<\/a><\/h3>\n<\/p>\n<\/div>\n<p><div class=\"std\">Visita nuestra tienda en Barra da Tijuca.<\/p>\n<p><strong>direcci\u00f3n:<\/strong>\u00a0Avenida das Am\u00e9ricas, 700 Loja 201A \u00a0Shopping Mall Citt\u00e1 Am\u00e9rica &#8211; Barra da Tijuca<br \/>\nRio de Janeiro CEP 22640-100<strong><\/p>\n<p>tel\u00e9fono: (55)<\/strong>\u00a021 3982-1515\/ 2025-5000\/ Cel. 98636-1515<\/p>\n<p><strong>Horario<\/strong>\u00a0&#8211; L a V 09 se 18h.<\/p>\n<p><strong>Durante los d\u00edas de Carnaval<\/strong>\u00a0-Abierto todos los d\u00edas. Sab \/ Dom \/ Lun 10 18h.<\/p>\n<table border=\"0\">\n<tbody>\n<tr>\n<td>\u00a0\u00a0<img decoding=\"async\" src=\"http:\/\/www.carnavalticketrio.com\/media\/wysiwyg\/ondeestamosmenor.jpg\" alt=\"\" \/><\/td>\n<td><\/td>\n<\/tr>\n<\/tbody>\n<\/table>\n<p><img decoding=\"async\" src=\"http:\/\/www.carnavalticketrio.com\/media\/wysiwyg\/loja-fisica_menor.jpg\" alt=\"\" \/><\/p>\n<p>&nbsp;<\/p>\n<\/div>\n","protected":false},"excerpt":{"rendered":"<p>Visita nuestra tienda en R\u00edo de Janeiro Compra tu entrada carnaval R\u00edo con toda comodidad y seguridad en nuestra tienda f\u00edsica o tienda virtual https:\/\/www.carnavalticketrio.com Visita nuestra tienda en Barra da Tijuca. direcci\u00f3n:\u00a0Avenida das Am\u00e9ricas, 700 Loja 201A \u00a0Shopping Mall <a href=\"https:\/\/carnival.ticketrio.com.br\/es\/tienda-en-rio-carnaval-entradas-sambodromo\/\"><\/p>\n<div class=\"read-more\">\n<p>Read more &#8250;<\/p>\n<\/div>\n<p><!-- end of .read-more --><\/a><\/p>\n","protected":false},"author":1,"featured_media":0,"parent":0,"menu_order":0,"comment_status":"closed","ping_status":"closed","template":"template-main-right.php","meta":{"_exactmetrics_skip_tracking":false,"_exactmetrics_sitenote_active":false,"_exactmetrics_sitenote_note":"","_exactmetrics_sitenote_category":0,"ngg_post_thumbnail":0,"_joinchat":[],"footnotes":""},"class_list":["post-701","page","type-page","status-publish","hentry"],"yoast_head":"<!-- This site is optimized with the Yoast SEO plugin v25.7 - https:\/\/yoast.com\/wordpress\/plugins\/seo\/ -->\n<title>Tienda en Rio. Donde comprar entradas para el carnava del r\u00edo<\/title>\n<meta name=\"description\" content=\"Tienda en Rio. Donde comprar entradas para el carnava del r\u00edo. Comprar Carnaval Rio de Janeiro entradas 2018.\" \/>\n<meta name=\"robots\" content=\"index, follow, max-snippet:-1, max-image-preview:large, max-video-preview:-1\" \/>\n<link rel=\"canonical\" href=\"https:\/\/carnival.ticketrio.com.br\/es\/tienda-en-rio-carnaval-entradas-sambodromo\/\" \/>\n<meta property=\"og:locale\" content=\"it_IT\" \/>\n<meta property=\"og:type\" content=\"article\" \/>\n<meta property=\"og:title\" content=\"Tienda en Rio. Donde comprar entradas para el carnava del r\u00edo\" \/>\n<meta property=\"og:description\" content=\"Tienda en Rio. Donde comprar entradas para el carnava del r\u00edo. Comprar Carnaval Rio de Janeiro entradas 2018.\" \/>\n<meta property=\"og:url\" content=\"https:\/\/carnival.ticketrio.com.br\/es\/tienda-en-rio-carnaval-entradas-sambodromo\/\" \/>\n<meta property=\"og:site_name\" content=\"Ticket Rio - Billets Rio Carnaval, Tickets for Rio Carnival, Comprar Boletos Carnaval Rio, Rio Carnival Tickets. Karneval Rio Tickets, Rio Carnevale Biglietti, Rio de Janeiro Carnival Tickets Sambadrome. Boletos Carnaval R\u00edo.\" \/>\n<meta property=\"article:publisher\" content=\"https:\/\/www.facebook.com\/ticketrio\/?fref=nf\" \/>\n<meta property=\"article:modified_time\" content=\"2017-08-02T19:15:38+00:00\" \/>\n<meta property=\"og:image\" content=\"http:\/\/www.carnavalticketrio.com\/media\/wysiwyg\/ondeestamosmenor.jpg\" \/>\n<meta name=\"twitter:card\" content=\"summary_large_image\" \/>\n<meta name=\"twitter:site\" content=\"@carnavalticket\" \/>\n<!-- \/ Yoast SEO plugin. -->","yoast_head_json":{"title":"Tienda en Rio. Donde comprar entradas para el carnava del r\u00edo","description":"Tienda en Rio. Donde comprar entradas para el carnava del r\u00edo. Comprar Carnaval Rio de Janeiro entradas 2018.","robots":{"index":"index","follow":"follow","max-snippet":"max-snippet:-1","max-image-preview":"max-image-preview:large","max-video-preview":"max-video-preview:-1"},"canonical":"https:\/\/carnival.ticketrio.com.br\/es\/tienda-en-rio-carnaval-entradas-sambodromo\/","og_locale":"it_IT","og_type":"article","og_title":"Tienda en Rio. Donde comprar entradas para el carnava del r\u00edo","og_description":"Tienda en Rio. Donde comprar entradas para el carnava del r\u00edo. Comprar Carnaval Rio de Janeiro entradas 2018.","og_url":"https:\/\/carnival.ticketrio.com.br\/es\/tienda-en-rio-carnaval-entradas-sambodromo\/","og_site_name":"Ticket Rio - Billets Rio Carnaval, Tickets for Rio Carnival, Comprar Boletos Carnaval Rio, Rio Carnival Tickets. Karneval Rio Tickets, Rio Carnevale Biglietti, Rio de Janeiro Carnival Tickets Sambadrome. Boletos Carnaval R\u00edo.","article_publisher":"https:\/\/www.facebook.com\/ticketrio\/?fref=nf","article_modified_time":"2017-08-02T19:15:38+00:00","og_image":[{"url":"http:\/\/www.carnavalticketrio.com\/media\/wysiwyg\/ondeestamosmenor.jpg","type":"","width":"","height":""}],"twitter_card":"summary_large_image","twitter_site":"@carnavalticket","schema":{"@context":"https:\/\/schema.org","@graph":[{"@type":"WebPage","@id":"https:\/\/carnival.ticketrio.com.br\/es\/tienda-en-rio-carnaval-entradas-sambodromo\/","url":"https:\/\/carnival.ticketrio.com.br\/es\/tienda-en-rio-carnaval-entradas-sambodromo\/","name":"Tienda en Rio. Donde comprar entradas para el carnava del r\u00edo","isPartOf":{"@id":"https:\/\/carnival.ticketrio.com.br\/#website"},"primaryImageOfPage":{"@id":"https:\/\/carnival.ticketrio.com.br\/es\/tienda-en-rio-carnaval-entradas-sambodromo\/#primaryimage"},"image":{"@id":"https:\/\/carnival.ticketrio.com.br\/es\/tienda-en-rio-carnaval-entradas-sambodromo\/#primaryimage"},"thumbnailUrl":"http:\/\/www.carnavalticketrio.com\/media\/wysiwyg\/ondeestamosmenor.jpg","datePublished":"2016-11-23T17:57:39+00:00","dateModified":"2017-08-02T19:15:38+00:00","description":"Tienda en Rio. Donde comprar entradas para el carnava del r\u00edo. Comprar Carnaval Rio de Janeiro entradas 2018.","breadcrumb":{"@id":"https:\/\/carnival.ticketrio.com.br\/es\/tienda-en-rio-carnaval-entradas-sambodromo\/#breadcrumb"},"inLanguage":"it-IT","potentialAction":[{"@type":"ReadAction","target":["https:\/\/carnival.ticketrio.com.br\/es\/tienda-en-rio-carnaval-entradas-sambodromo\/"]}]},{"@type":"ImageObject","inLanguage":"it-IT","@id":"https:\/\/carnival.ticketrio.com.br\/es\/tienda-en-rio-carnaval-entradas-sambodromo\/#primaryimage","url":"http:\/\/www.carnavalticketrio.com\/media\/wysiwyg\/ondeestamosmenor.jpg","contentUrl":"http:\/\/www.carnavalticketrio.com\/media\/wysiwyg\/ondeestamosmenor.jpg"},{"@type":"BreadcrumbList","@id":"https:\/\/carnival.ticketrio.com.br\/es\/tienda-en-rio-carnaval-entradas-sambodromo\/#breadcrumb","itemListElement":[{"@type":"ListItem","position":1,"name":"Home","item":"https:\/\/carnival.ticketrio.com.br\/es\/entradas-carnavales\/"},{"@type":"ListItem","position":2,"name":"Tienda en Rio"}]},{"@type":"WebSite","@id":"https:\/\/carnival.ticketrio.com.br\/#website","url":"https:\/\/carnival.ticketrio.com.br\/","name":"Ticket Rio - Billets Rio Carnaval, Tickets for Rio Carnival, Comprar Boletos Carnaval Rio, Rio Carnival Tickets. Karneval Rio Tickets, Rio Carnevale Biglietti, Rio de Janeiro Carnival Tickets Sambadrome. Boletos Carnaval R\u00edo.","description":"Rio carnival parade tickets sambadrome 2026. Acheter billets Rio Carnaval. Comprar Boletos Rio Carnaval boletos Carnevale di Rio biglietti Karneval Rio de Janeiro Carnaval tickets 2026. Boletos Carnaval R\u00edo. Rio de Janeiro Carnival Tickets. Tickets Rio Carnival Sambadrome.","publisher":{"@id":"https:\/\/carnival.ticketrio.com.br\/#organization"},"potentialAction":[{"@type":"SearchAction","target":{"@type":"EntryPoint","urlTemplate":"https:\/\/carnival.ticketrio.com.br\/?s={search_term_string}"},"query-input":{"@type":"PropertyValueSpecification","valueRequired":true,"valueName":"search_term_string"}}],"inLanguage":"it-IT"},{"@type":"Organization","@id":"https:\/\/carnival.ticketrio.com.br\/#organization","name":"Rio Carnaval billet 2018 - Rio Carnaval Entradas, Rio Carnaval Billets, Rio Karneval Tickets, Rio Carnival Parade Sambadrome Tickets","url":"https:\/\/carnival.ticketrio.com.br\/","logo":{"@type":"ImageObject","inLanguage":"it-IT","@id":"https:\/\/carnival.ticketrio.com.br\/#\/schema\/logo\/image\/","url":"https:\/\/carnival-ticketrio.com\/wp-content\/uploads\/2016\/10\/ticket01-e1476303239999.png","contentUrl":"https:\/\/carnival-ticketrio.com\/wp-content\/uploads\/2016\/10\/ticket01-e1476303239999.png","width":200,"height":99,"caption":"Rio Carnaval billet 2018 - Rio Carnaval Entradas, Rio Carnaval Billets, Rio Karneval Tickets, Rio Carnival Parade Sambadrome Tickets"},"image":{"@id":"https:\/\/carnival.ticketrio.com.br\/#\/schema\/logo\/image\/"},"sameAs":["https:\/\/www.facebook.com\/ticketrio\/?fref=nf","https:\/\/x.com\/carnavalticket","https:\/\/www.youtube.com\/watch?v=iApTAnu9-ho"]}]}},"_links":{"self":[{"href":"https:\/\/carnival.ticketrio.com.br\/it\/wp-json\/wp\/v2\/pages\/701","targetHints":{"allow":["GET"]}}],"collection":[{"href":"https:\/\/carnival.ticketrio.com.br\/it\/wp-json\/wp\/v2\/pages"}],"about":[{"href":"https:\/\/carnival.ticketrio.com.br\/it\/wp-json\/wp\/v2\/types\/page"}],"author":[{"embeddable":true,"href":"https:\/\/carnival.ticketrio.com.br\/it\/wp-json\/wp\/v2\/users\/1"}],"replies":[{"embeddable":true,"href":"https:\/\/carnival.ticketrio.com.br\/it\/wp-json\/wp\/v2\/comments?post=701"}],"version-history":[{"count":1,"href":"https:\/\/carnival.ticketrio.com.br\/it\/wp-json\/wp\/v2\/pages\/701\/revisions"}],"predecessor-version":[{"id":709,"href":"https:\/\/carnival.ticketrio.com.br\/it\/wp-json\/wp\/v2\/pages\/701\/revisions\/709"}],"wp:attachment":[{"href":"https:\/\/carnival.ticketrio.com.br\/it\/wp-json\/wp\/v2\/media?parent=701"}],"curies":[{"name":"wp","href":"https:\/\/api.w.org\/{rel}","templated":true}]}}