{"id":1026,"date":"2016-12-07T21:01:57","date_gmt":"2016-12-07T21:01:57","guid":{"rendered":"https:\/\/carnival-ticketrio.com\/?page_id=1026"},"modified":"2020-03-14T01:30:29","modified_gmt":"2020-03-14T01:30:29","slug":"rio-carnevale-biglietti-sambodromo","status":"publish","type":"page","link":"https:\/\/carnival.ticketrio.com.br\/it\/rio-carnevale-biglietti-sambodromo\/","title":{"rendered":"Carnevale di Rio"},"content":{"rendered":"<h2>Garantire i loro biglietti per il Carnevale Sambodromo di Rio de Janeiro. I biglietti per il carnevale di Rio sono conteso e ogni anno \u00e8 rapidamente esauriti<\/h2>\n<p><strong><br \/>\nProgramma del Rio Carnevale<\/strong><\/p>\n<p style=\"text-align: justify;\">Il Carnevale di Rio inizia ufficialmente il venerd\u00ec e il mercoled\u00ec \u00e8 terminato. Durante questo periodo si tengono numerose feste in strada, balli di carnevale e altri eventi, ma la principale attrazione \u00e8 la Parata di Samba al sambodromo. Se volete andare in vacanza a Rio in questo periodo per poter vivere il meglio della cultura brasiliana dovrete organizzarvi con molto anticipo.<\/p>\n<h2 class=\"tw-data-text tw-ta tw-text-large\" dir=\"ltr\" data-placeholder=\"Translation\"><span lang=\"it\" style=\"color: #ff0000;\"><a href=\"https:\/\/www.carnavalticketrio.com\">Clicca qui per &#8211; Acquistare Biglietto Carnevale di Rio <\/a><\/span><\/h2>\n<h3>Informazioni Per L&#8217;Acquisto Del <em>Biglietto Del Carnevale Di Rio<\/em>: Gradinate, Parterre, Sedie Assegnate E Palchi Privati.<\/h3>\n<h3>Opzioni sui posti a sedere dei biglietti del Carnevale di Rio<\/h3>\n<p style=\"text-align: justify;\">Ci sono quattro tipi di posti a sedere al rio sambodromo e offrono servizi diversi. Potete acquistare i biglietti del Carnevale di Rio a seconda del budget disponibile. Quelli per le gradinate sono i pi\u00f9 economici. La zona delle sedie assegnate ha posti numerati, mentre i parterre offrono sei posti a sedere con un tavolino. I biglietti per i palchi privati sono i pi\u00f9 costosi e sono ideali per gruppi di dodici persone o pi\u00f9. I biglietti per il Carnevale di Rio in questa sezione includono la cena a buffet, le bevande, il servizio al tavolo e la sicurezza.<\/p>\n<p><a href=\"http:\/\/www.carnavalticketrio.com\"><img loading=\"lazy\" decoding=\"async\" class=\"alignnone wp-image-930 size-medium\" src=\"https:\/\/carnival-ticketrio.com\/wp-content\/uploads\/2016\/11\/2_arq-185x300.jpg\" rel='magnific' alt=\"2_arq\" width=\"185\" height=\"300\" srcset=\"https:\/\/carnival.ticketrio.com.br\/wp-content\/uploads\/2016\/11\/2_arq-185x300.jpg 185w, https:\/\/carnival.ticketrio.com.br\/wp-content\/uploads\/2016\/11\/2_arq-768x1247.jpg 768w, https:\/\/carnival.ticketrio.com.br\/wp-content\/uploads\/2016\/11\/2_arq-631x1024.jpg 631w, https:\/\/carnival.ticketrio.com.br\/wp-content\/uploads\/2016\/11\/2_arq.jpg 922w\" sizes=\"auto, (max-width: 185px) 100vw, 185px\" \/><\/a>&nbsp;<a href=\"http:\/\/www.carnavalticketrio.com\"><img loading=\"lazy\" decoding=\"async\" class=\"alignnone wp-image-929 size-medium\" src=\"https:\/\/carnival-ticketrio.com\/wp-content\/uploads\/2016\/11\/1_frisa-185x300.jpg\" rel='magnific' alt=\"1_frisa\" width=\"185\" height=\"300\" srcset=\"https:\/\/carnival.ticketrio.com.br\/wp-content\/uploads\/2016\/11\/1_frisa-185x300.jpg 185w, https:\/\/carnival.ticketrio.com.br\/wp-content\/uploads\/2016\/11\/1_frisa-768x1247.jpg 768w, https:\/\/carnival.ticketrio.com.br\/wp-content\/uploads\/2016\/11\/1_frisa-631x1024.jpg 631w, https:\/\/carnival.ticketrio.com.br\/wp-content\/uploads\/2016\/11\/1_frisa.jpg 922w\" sizes=\"auto, (max-width: 185px) 100vw, 185px\" \/><\/a> &nbsp;<a href=\"http:\/\/www.carnavalticketrio.com\"><img loading=\"lazy\" decoding=\"async\" class=\"alignnone wp-image-931 size-medium\" src=\"https:\/\/carnival-ticketrio.com\/wp-content\/uploads\/2016\/11\/3_pista-185x300.jpg\" rel='magnific' alt=\"3_pista\" width=\"185\" height=\"300\" srcset=\"https:\/\/carnival.ticketrio.com.br\/wp-content\/uploads\/2016\/11\/3_pista-185x300.jpg 185w, https:\/\/carnival.ticketrio.com.br\/wp-content\/uploads\/2016\/11\/3_pista-768x1247.jpg 768w, https:\/\/carnival.ticketrio.com.br\/wp-content\/uploads\/2016\/11\/3_pista-631x1024.jpg 631w, https:\/\/carnival.ticketrio.com.br\/wp-content\/uploads\/2016\/11\/3_pista.jpg 922w\" sizes=\"auto, (max-width: 185px) 100vw, 185px\" \/><\/a> <a href=\"http:\/\/www.carnavalticketrio.com\"><img loading=\"lazy\" decoding=\"async\" class=\"alignnone wp-image-932 size-medium\" src=\"https:\/\/carnival-ticketrio.com\/wp-content\/uploads\/2016\/11\/4_camarote-185x300.jpg\" rel='magnific' alt=\"4_camarote\" width=\"185\" height=\"300\" srcset=\"https:\/\/carnival.ticketrio.com.br\/wp-content\/uploads\/2016\/11\/4_camarote-185x300.jpg 185w, https:\/\/carnival.ticketrio.com.br\/wp-content\/uploads\/2016\/11\/4_camarote-768x1247.jpg 768w, https:\/\/carnival.ticketrio.com.br\/wp-content\/uploads\/2016\/11\/4_camarote-631x1024.jpg 631w, https:\/\/carnival.ticketrio.com.br\/wp-content\/uploads\/2016\/11\/4_camarote.jpg 922w\" sizes=\"auto, (max-width: 185px) 100vw, 185px\" \/><\/a><\/p>\n<h3>&nbsp;<\/h3>\n<h3>Gradinate<\/h3>\n<p>Quelli per le gradinate sono biglietti di ingresso generici con una visuale sulla sfilata di samba dagli alti spalti del sambodromo. I biglietti per le gradinate non sono numerati, tranne che nel settore 9 che \u00e8 il settore per i turisti.<\/p>\n<h3>Ingresso per le gradinate<\/h3>\n<p>Come abbiamo accennato, i biglietti per il Carnevale di Rio di solito non sono numerati e consentono solo di assistere alla grande Parata di Samba al sambodromo. Se siete un turista \u00e8 consigliabile procurarsi i biglietti per il settore 9, che offre biglietti per posti a sedere numerati. Questi biglietti sono comunque per le gradinate in cemento, non per parterre o sedie.<\/p>\n<h3>Scegliere il posto migliore sulle gradinate<\/h3>\n<p>Per i turisti \u00e8 preferibile scegliere il settore 9.<\/p>\n<p>Coloro che sono pi\u00f9 interessati a sentire i tamburi dovrebbero puntare alle sezioni 9 e 11, visto che \u00e8 proprio qui che si trova la nicchia del batterista.<\/p>\n<p>Il riscaldamento e l\u2019inizio della parata sono in prossimit\u00e0 dei settori 2 e 3. Scegliere questi settori significa quindi poter assistere a qualcosa in pi\u00f9 durante ogni parata.<\/p>\n<p>Per poter avere una buona visuale con diverse angolazioni sull\u2019intera pista di parata, non esitate a scegliere il settore 11, \u00e8 quello pi\u00f9 adatto.<\/p>\n<p>Per coloro che preferiscono stare nei settori pi\u00f9 moderni, i settori pari saranno la scelta perfetta dal momento che sono attualmente in ricostruzione.<\/p>\n<p>Anche se non esiste niente di meglio di un posto che offre ogni possibile angolazione, scegliete comunque quello che soddisfa le vostre specifiche esigenze.<\/p>\n<h3>Sedie assegnate<\/h3>\n<p>Le sedie assegnate sono posti a sedere numerati, disponibili solo nei settori 12 e 13 del sambodromo di Rio e sono i pi\u00f9 convenienti tra i biglietti numerati del sambodromo per il Carnevale di Rio. Si trovano al termine della sfilata di samba, vicino all&#8217;Apoteosi. Le sedie sono organizzate in un\u2019arena con lunghe file di sedie di fronte alla parata. Le sedie assegnate sono l\u2019ideale per coloro che vogliono garantirsi il posto senza pagare i prezzi dei parterre.<\/p>\n<p>Vedere le immagini e avere ulteriori informazioni sulle sedie assegnate prima di prenotare i biglietti del Carnevale di Rio.<\/p>\n<h3>Acquisto dei biglietti per le sedie assegnate<\/h3>\n<p>Se non volete spendere troppo per i biglietti, al posto dei parterre potreste optare per le sedie assegnate che si trovano nei settori 12 e 13, nell\u2019ultimo tratto del percorso di parata. Sono tra i biglietti pi\u00f9 economici nel complesso del sambodromo.<\/p>\n<h3>Risparmiare denaro con le sedie assegnate<\/h3>\n<p>Oltre ad essere il modo meno costoso per assistere alla parata, le sedie assegnate possono venire utilizzate per tutta la notte. Come ulteriore bonus, sarete in grado di godere di una visuale completa della sfilata intera senza dovervi preoccupare di perdere il posto se vi assentate un momento. C\u2019\u00e8 un periodo di attesa di circa mezz&#8217;ora tra una parata e l\u2019altra, e sicuramente far\u00e0 piacere poter lasciare il proprio posto per mangiare qualcosa o svolgere altre attivit\u00e0 mentre si attende di assistere allo spettacolo successivo.<\/p>\n<h3>Parterre o frisas<\/h3>\n<p>I parterre, conosciuti come frisas al sambodromo del Carnevale di Rio, sono i migliori biglietti che vi potete procurare per assistere alle sfilate di samba. I settori dei parterre si trovano al piano terra, molto vicino alla pista di sfilata, in quattro file dalla A alla D. Ogni parterre offre sei posti a sedere numerati. Un piccolo tavolino completa l\u2019allestimento del parterre.<img decoding=\"async\" title=\"\" src=\"http:\/\/www.riocarnaval.org\/photos\/br-rio-de-janeiro-carnaval-2012-mangueira-flickr-42.jpg\" alt=\"\" \/><\/p>\n<p>I parterre sono il vostro posto ideale? Continuate a leggere per avere maggiori informazioni sui migliori biglietti del Carnevale di Rio.<\/p>\n<h3>I posti migliori al sambodromo<\/h3>\n<p>Se volete i migliori posti al sambodromo, potreste considerare i frisas. Questi posti sono sullo stesso livello della pista di parata. Coloro a cui piace essere il pi\u00f9 vicino possibile all&#8217;emozione apprezzeranno sicuramente questi posti a sedere. Ogni parterre pu\u00f2 ospitare sei persone e ha anche un piccolo tavolino per la vostra comodit\u00e0. Se desiderate prenotare un posto a sedere in parterre, potete scegliere nei settori da 2 a 11, includendo i settori recentemente ricostruiti. Alcune caratteristiche da tenere a mente:<\/p>\n<p>Ci sono quattro file di parterre, dalla A alla D. I parterre nella sezione D sono pi\u00f9 lontano dalla pista mentre quelli nella sezione A sono i pi\u00f9 vicini<\/p>\n<p>Se scegliete posti nel settore A, preparatevi a vedere molti fotografi al lavoro. Per coloro che preferiscono pi\u00f9 tranquillit\u00e0 sar\u00e0 meglio scegliere i settori B, C e D<\/p>\n<p>Se acquistate un biglietto per il parterre e siete soli, avrete comunque la compagnia di altre cinque persone. La nostra opinione sui diversi posti a sedere al sambodromo<\/p>\n<p>Noi preferiamo i parterre alle gradinate o ai palchi privati anche in caso di maltempo<\/p>\n<p>Se desiderate il meglio in assoluto, compresi l\u2019open bar e il buffet, vi consigliamo i palchi privati<\/p>\n<p>Gli spuntini e le bevande disponibili per gli spettatori in parterre rendono questi posti a sedere molto confortevoli anche se si rimane al sambodromo tutta la notte<\/p>\n<p>Anche se i parterre offrono una meravigliosa visuale, non \u00e8 semplice per tutti e sei gli occupanti del parterre vedere allo stesso momento. Si consiglia di visitare il buffet di lusso per poter avere una visuale migliore quando le parate prendono l\u2019avvio<\/p>\n<h3>Palchi privati o camarotes<\/h3>\n<p>I biglietti per i camarotes, i palchi privati o tribune coperte, sono disponibili in tutto il sambodromo di Rio, dal settore 2 al settore 11. Sono considerati i biglietti pi\u00f9 esclusivi, che offrono una splendida visuale sullo spettacolo da una suite privata con servizio di prima classe, cameriere, buffet e open bar. Ma i palchi privati potrebbero non essere la soluzione migliore: la finestra non \u00e8 sufficientemente ampia per consentire a dodici persone di assistere allo spettacolo allo stesso momento. Noi li consigliamo solo per gruppi chiusi di 12, 24 o 36 persone. I parterre potrebbero essere un&#8217;opzione migliore, se non volete condividere il piccolo spazio alla finestra con altri ospiti. Altre informazioni sui palchi privati.<\/p>\n<p>I camarotes si caratterizzano per essere coperti e includere il servizio buffet e bar. Potete acquistare i biglietti per i palchi privati nei settori da 2 a 11 del sambodromo. Oltre ad offrire le migliori visuali sulla sfilata, i camarotes sono completamente godibili anche in caso di maltempo. Vantaggi a parte, si dovrebbe tenere a mente che ogni palco \u00e8 progettato per ospitare dodici persone e quindi si divider\u00e0 con degli estranei, a meno che non si prenoti un palco privato per un gruppo chiuso. Dal momento che la finestra \u00e8 piuttosto piccola, probabilmente vi dovrete alternare nell\u2019assistere allo spettacolo.<\/p>\n<h3>Qual\u2019\u00e8 la Parata di Samba migliore a cui assistere?<\/h3>\n<p>Nei giorni di carnevale tutti gli occhi sono puntati sulle Parate di Samba al sambodromo. Ogni anno la sfilata di samba del Carnevale di Rio inizia con la parata dei bambini, seguita dalle sfilate di samba del Gruppo di Accesso, del Gruppo Speciale (suddivise su due giorni) e del Gruppo B. Ogni scuola di samba di Rio de Janeiro compone una propria canzone di samba e organizza uno spettacolo con diversi temi samba coreografati alla perfezione.<\/p>\n<h3>&nbsp;<\/h3>\n","protected":false},"excerpt":{"rendered":"<p>Garantire i loro biglietti per il Carnevale Sambodromo di Rio de Janeiro. I biglietti per il carnevale di Rio sono conteso e ogni anno \u00e8 rapidamente esauriti Programma del Rio Carnevale Il Carnevale di Rio inizia ufficialmente il venerd\u00ec e <a href=\"https:\/\/carnival.ticketrio.com.br\/it\/rio-carnevale-biglietti-sambodromo\/\"><\/p>\n<div class=\"read-more\">\n<p>Read more &#8250;<\/p>\n<\/div>\n<p><!-- end of .read-more --><\/a><\/p>\n","protected":false},"author":1,"featured_media":0,"parent":0,"menu_order":0,"comment_status":"closed","ping_status":"closed","template":"template-main-right.php","meta":{"_exactmetrics_skip_tracking":false,"_exactmetrics_sitenote_active":false,"_exactmetrics_sitenote_note":"","_exactmetrics_sitenote_category":0,"ngg_post_thumbnail":0,"_joinchat":[],"footnotes":""},"class_list":["post-1026","page","type-page","status-publish","hentry"],"yoast_head":"<!-- This site is optimized with the Yoast SEO plugin v25.7 - https:\/\/yoast.com\/wordpress\/plugins\/seo\/ -->\n<title>dove acquistare i biglietti de Janeiro carnevale di Rio o Samb\u00f3dromo<\/title>\n<meta name=\"description\" content=\"carnevale rio de janeiro biglietti sambodromo\" \/>\n<meta name=\"robots\" content=\"index, follow, max-snippet:-1, max-image-preview:large, max-video-preview:-1\" \/>\n<link rel=\"canonical\" href=\"https:\/\/carnival.ticketrio.com.br\/it\/rio-carnevale-biglietti-sambodromo\/\" \/>\n<meta property=\"og:locale\" content=\"pt_BR\" \/>\n<meta property=\"og:type\" content=\"article\" \/>\n<meta property=\"og:title\" content=\"dove acquistare i biglietti de Janeiro carnevale di Rio o Samb\u00f3dromo\" \/>\n<meta property=\"og:description\" content=\"carnevale rio de janeiro biglietti sambodromo\" \/>\n<meta property=\"og:url\" content=\"https:\/\/carnival.ticketrio.com.br\/it\/rio-carnevale-biglietti-sambodromo\/\" \/>\n<meta property=\"og:site_name\" content=\"Ticket Rio - Billets Rio Carnaval, Tickets for Rio Carnival, Comprar Boletos Carnaval Rio, Rio Carnival Tickets. Karneval Rio Tickets, Rio Carnevale Biglietti, Rio de Janeiro Carnival Tickets Sambadrome. Boletos Carnaval R\u00edo.\" \/>\n<meta property=\"article:publisher\" content=\"https:\/\/www.facebook.com\/ticketrio\/?fref=nf\" \/>\n<meta property=\"article:modified_time\" content=\"2020-03-14T01:30:29+00:00\" \/>\n<meta property=\"og:image\" content=\"https:\/\/carnival-ticketrio.com\/wp-content\/uploads\/2016\/11\/2_arq-185x300.jpg\" \/>\n<meta name=\"twitter:card\" content=\"summary_large_image\" \/>\n<meta name=\"twitter:site\" content=\"@carnavalticket\" \/>\n<meta name=\"twitter:label1\" content=\"Est. tempo de leitura\" \/>\n\t<meta name=\"twitter:data1\" content=\"7 minutos\" \/>\n<!-- \/ Yoast SEO plugin. -->","yoast_head_json":{"title":"dove acquistare i biglietti de Janeiro carnevale di Rio o Samb\u00f3dromo","description":"carnevale rio de janeiro biglietti sambodromo","robots":{"index":"index","follow":"follow","max-snippet":"max-snippet:-1","max-image-preview":"max-image-preview:large","max-video-preview":"max-video-preview:-1"},"canonical":"https:\/\/carnival.ticketrio.com.br\/it\/rio-carnevale-biglietti-sambodromo\/","og_locale":"pt_BR","og_type":"article","og_title":"dove acquistare i biglietti de Janeiro carnevale di Rio o Samb\u00f3dromo","og_description":"carnevale rio de janeiro biglietti sambodromo","og_url":"https:\/\/carnival.ticketrio.com.br\/it\/rio-carnevale-biglietti-sambodromo\/","og_site_name":"Ticket Rio - Billets Rio Carnaval, Tickets for Rio Carnival, Comprar Boletos Carnaval Rio, Rio Carnival Tickets. Karneval Rio Tickets, Rio Carnevale Biglietti, Rio de Janeiro Carnival Tickets Sambadrome. Boletos Carnaval R\u00edo.","article_publisher":"https:\/\/www.facebook.com\/ticketrio\/?fref=nf","article_modified_time":"2020-03-14T01:30:29+00:00","og_image":[{"url":"https:\/\/carnival-ticketrio.com\/wp-content\/uploads\/2016\/11\/2_arq-185x300.jpg","type":"","width":"","height":""}],"twitter_card":"summary_large_image","twitter_site":"@carnavalticket","twitter_misc":{"Est. tempo de leitura":"7 minutos"},"schema":{"@context":"https:\/\/schema.org","@graph":[{"@type":"WebPage","@id":"https:\/\/carnival.ticketrio.com.br\/it\/rio-carnevale-biglietti-sambodromo\/","url":"https:\/\/carnival.ticketrio.com.br\/it\/rio-carnevale-biglietti-sambodromo\/","name":"dove acquistare i biglietti de Janeiro carnevale di Rio o Samb\u00f3dromo","isPartOf":{"@id":"https:\/\/carnival.ticketrio.com.br\/#website"},"primaryImageOfPage":{"@id":"https:\/\/carnival.ticketrio.com.br\/it\/rio-carnevale-biglietti-sambodromo\/#primaryimage"},"image":{"@id":"https:\/\/carnival.ticketrio.com.br\/it\/rio-carnevale-biglietti-sambodromo\/#primaryimage"},"thumbnailUrl":"https:\/\/carnival-ticketrio.com\/wp-content\/uploads\/2016\/11\/2_arq-185x300.jpg","datePublished":"2016-12-07T21:01:57+00:00","dateModified":"2020-03-14T01:30:29+00:00","description":"carnevale rio de janeiro biglietti sambodromo","breadcrumb":{"@id":"https:\/\/carnival.ticketrio.com.br\/it\/rio-carnevale-biglietti-sambodromo\/#breadcrumb"},"inLanguage":"pt-BR","potentialAction":[{"@type":"ReadAction","target":["https:\/\/carnival.ticketrio.com.br\/it\/rio-carnevale-biglietti-sambodromo\/"]}]},{"@type":"ImageObject","inLanguage":"pt-BR","@id":"https:\/\/carnival.ticketrio.com.br\/it\/rio-carnevale-biglietti-sambodromo\/#primaryimage","url":"https:\/\/carnival-ticketrio.com\/wp-content\/uploads\/2016\/11\/2_arq-185x300.jpg","contentUrl":"https:\/\/carnival-ticketrio.com\/wp-content\/uploads\/2016\/11\/2_arq-185x300.jpg"},{"@type":"BreadcrumbList","@id":"https:\/\/carnival.ticketrio.com.br\/it\/rio-carnevale-biglietti-sambodromo\/#breadcrumb","itemListElement":[{"@type":"ListItem","position":1,"name":"Home","item":"https:\/\/carnival.ticketrio.com.br\/fr\/rio-carnaval-billets\/"},{"@type":"ListItem","position":2,"name":"Carnevale di Rio"}]},{"@type":"WebSite","@id":"https:\/\/carnival.ticketrio.com.br\/#website","url":"https:\/\/carnival.ticketrio.com.br\/","name":"Ticket Rio - Billets Rio Carnaval, Tickets for Rio Carnival, Comprar Boletos Carnaval Rio, Rio Carnival Tickets. Karneval Rio Tickets, Rio Carnevale Biglietti, Rio de Janeiro Carnival Tickets Sambadrome. Boletos Carnaval R\u00edo.","description":"Rio carnival parade tickets sambadrome 2026. Acheter billets Rio Carnaval. Comprar Boletos Rio Carnaval boletos Carnevale di Rio biglietti Karneval Rio de Janeiro Carnaval tickets 2026. Boletos Carnaval R\u00edo. Rio de Janeiro Carnival Tickets. Tickets Rio Carnival Sambadrome.","publisher":{"@id":"https:\/\/carnival.ticketrio.com.br\/#organization"},"potentialAction":[{"@type":"SearchAction","target":{"@type":"EntryPoint","urlTemplate":"https:\/\/carnival.ticketrio.com.br\/?s={search_term_string}"},"query-input":{"@type":"PropertyValueSpecification","valueRequired":true,"valueName":"search_term_string"}}],"inLanguage":"pt-BR"},{"@type":"Organization","@id":"https:\/\/carnival.ticketrio.com.br\/#organization","name":"Rio Carnaval billet 2018 - Rio Carnaval Entradas, Rio Carnaval Billets, Rio Karneval Tickets, Rio Carnival Parade Sambadrome Tickets","url":"https:\/\/carnival.ticketrio.com.br\/","logo":{"@type":"ImageObject","inLanguage":"pt-BR","@id":"https:\/\/carnival.ticketrio.com.br\/#\/schema\/logo\/image\/","url":"https:\/\/carnival-ticketrio.com\/wp-content\/uploads\/2016\/10\/ticket01-e1476303239999.png","contentUrl":"https:\/\/carnival-ticketrio.com\/wp-content\/uploads\/2016\/10\/ticket01-e1476303239999.png","width":200,"height":99,"caption":"Rio Carnaval billet 2018 - Rio Carnaval Entradas, Rio Carnaval Billets, Rio Karneval Tickets, Rio Carnival Parade Sambadrome Tickets"},"image":{"@id":"https:\/\/carnival.ticketrio.com.br\/#\/schema\/logo\/image\/"},"sameAs":["https:\/\/www.facebook.com\/ticketrio\/?fref=nf","https:\/\/x.com\/carnavalticket","https:\/\/www.youtube.com\/watch?v=iApTAnu9-ho"]}]}},"_links":{"self":[{"href":"https:\/\/carnival.ticketrio.com.br\/pt\/wp-json\/wp\/v2\/pages\/1026","targetHints":{"allow":["GET"]}}],"collection":[{"href":"https:\/\/carnival.ticketrio.com.br\/pt\/wp-json\/wp\/v2\/pages"}],"about":[{"href":"https:\/\/carnival.ticketrio.com.br\/pt\/wp-json\/wp\/v2\/types\/page"}],"author":[{"embeddable":true,"href":"https:\/\/carnival.ticketrio.com.br\/pt\/wp-json\/wp\/v2\/users\/1"}],"replies":[{"embeddable":true,"href":"https:\/\/carnival.ticketrio.com.br\/pt\/wp-json\/wp\/v2\/comments?post=1026"}],"version-history":[{"count":1,"href":"https:\/\/carnival.ticketrio.com.br\/pt\/wp-json\/wp\/v2\/pages\/1026\/revisions"}],"predecessor-version":[{"id":1810,"href":"https:\/\/carnival.ticketrio.com.br\/pt\/wp-json\/wp\/v2\/pages\/1026\/revisions\/1810"}],"wp:attachment":[{"href":"https:\/\/carnival.ticketrio.com.br\/pt\/wp-json\/wp\/v2\/media?parent=1026"}],"curies":[{"name":"wp","href":"https:\/\/api.w.org\/{rel}","templated":true}]}}