{"id":378,"date":"2016-10-28T01:49:21","date_gmt":"2016-10-28T01:49:21","guid":{"rendered":"https:\/\/carnival-ticketrio.com\/?page_id=378"},"modified":"2025-04-25T15:04:18","modified_gmt":"2025-04-25T15:04:18","slug":"comment-acheter-recevoir-rio-carnival-billets","status":"publish","type":"page","link":"https:\/\/carnival.ticketrio.com.br\/fr\/comment-acheter-recevoir-rio-carnival-billets\/","title":{"rendered":"Comment acheter \/ Recevoir"},"content":{"rendered":"<h3>COMMENT ACHETER \/ GET VOS BILLETS POUR LE CARNAVAL DE RIO<span style=\"color: #339966;\"><strong><br \/>\n&nbsp;<\/strong><\/span><\/h3>\n<h3 style=\"text-align: right;\"><span style=\"color: #339966;\"><strong>&nbsp;Allez \u00e0 notre magasin en ligne<\/strong><\/span> &nbsp; <a href=\"http:\/\/www.carnavalticketrio.com\">http:\/\/www.carnavalticketrio.com<img loading=\"lazy\" decoding=\"async\" class=\" wp-image-188 alignleft\" src=\"https:\/\/carnival.ticketrio.com.br\/wp-content\/uploads\/2016\/10\/ticketrio_logo-300x148.png\" rel='magnific' alt=\"\" width=\"288\" height=\"142\" \/><\/a><\/h3>\n<p>Payer avec PayPal. de mani\u00e8re s\u00fbre et facile \u00e0 payer.<\/p>\n<p>Vous devez choisir l&#8217;endroit o\u00f9 vous voulez prendre votre Billets.<\/p>\n<p><strong>Barra da Tijuca Store &#8211; <\/strong>Notre magasin Phisical Ouvre l&#8217;ann\u00e9e enti\u00e8re<br \/>\nAdresse: Av. das Am\u00e9ricas, 700 Loja 112 L &#8211; Barra da Tijuca<br \/>\nOuvre heures: 09 \u00e0 18h (y compris les jours de carnaval)<\/p>\n<p>Ou<\/p>\n<p><strong>Copacabana VilaMar Hotel Hospitality Desk&nbsp;<\/strong><br \/>\nOuvre juste \u00e0 Fev. pour Carnival.<br \/>\nAdresse: H\u00f4tel Vilamar &#8211; Rua Bolivar, 75 Copacabana<br \/>\nOuvre Heures: 10h \u00e0 18h (inclus jours de carnaval)<\/p>\n<p><span id=\"result_box\" lang=\"en\"><strong><br \/>\n<span style=\"color: #339966;\">Apr\u00e8s l&#8217;achat:<\/span><\/strong><span title=\"7.Concluido seu Pedido, voc\u00ea receber\u00e1 um email confirmando sua compra com o n\u00famero do seu pedido. \"><br \/>\n<\/span><\/span><\/p>\n<p>Notre service client enverra par email <span style=\"color: #ff0000;\"><strong>le Ticket Rio de bon<\/strong> <\/span>avec les d\u00e9tails de votre achat. Ce bon est la confirmation de votre Pedio. S&#8217;il vous pla\u00eet imprimer et \u00e0 prendre avec vous pour acheter vos billets.<\/p>\n<p style=\"text-align: justify;\"><span title=\"Pol\u00edtica de Cancelamento: 7 dias corridos \"><strong><br \/>\nConditions d&#8217;annulation: 7 jours civils<\/strong><\/span><\/p>\n<p>Annulation demand\u00e9e dans les sept (7) jours calendaires apr\u00e8s l&#8217;achat pour une raison quelconque sont accept\u00e9es. Apr\u00e8s cette p\u00e9riode, s&#8217;il vous pla\u00eet communiquer avec notre service \u00e0 la client\u00e8le pour conna\u00eetre la possibilit\u00e9 de revendre votre forfait \/ billet \u00e0 un autre client (frais d&#8217;administration peut demander).<\/p>\n<p><strong><span style=\"color: #3366ff;\">COMMENT RECEVOIR RIO CARNAVAL BILLETS<\/span><\/strong><\/p>\n<p><strong>&#8211; Tribunes Billets &amp; Allou\u00e9es Chaises<br \/>\nLes tribunes et les si\u00e8ges de piste sont d\u00e9sormais disponibles en ligne. Pour plus d&#8217;informations, rendez-vous sur&nbsp;:<br \/>\n<a href=\"https:\/\/www.carnavalticketrio.com\/fr\/billets-numeriques-rio-sambadrome-carnival-tickets\/\">https:\/\/www.carnavalticketrio.com\/fr\/billets-numeriques-rio-sambadrome-carnival-tickets\/<\/a><\/strong><\/p>\n<p><strong>&#8211; Ouvert Bo\u00eetes et VIP Luxury Suites<br \/>\n<\/strong><span title=\"Consulte nosso atendimento a melhor forma de receb\u00ea-lo. \">Comme une question de logistique et de grande valeur ces billets sont lib\u00e9r\u00e9s par Liesa &#8211; Ligue ind\u00e9pendante des \u00e9coles de samba juste \u00e0 c\u00f4t\u00e9 de la semaine de carnaval. Donc, notre livraison pour bo\u00eetes ouvertes et billets VIP <span style=\"text-decoration: underline;\">sera \u00e0 Carnival Week<\/span><\/span><\/p>\n<h4><span lang=\"en\"><span title=\"Caso seu pedido seja negado, voc\u00ea ser\u00e1 notificado pela equipe da loja.ticketrio.com.br \"><span lang=\"en\"><span title=\"IMPORTANTE: Pedido de Reserva para pagamento por Boleto ou Dep\u00f3sito tem o prazo de 48 horas para o Pagamento, ap\u00f3s este prazo o Ingresso retorna para venda.\"><br \/>\n<\/span><span title=\"Brindes Carnaval: \"><strong>Tous les carnaval billets est livr\u00e9 avec des cadeaux<\/strong><\/span><\/span><\/span><\/span><\/h4>\n","protected":false},"excerpt":{"rendered":"<p>COMMENT ACHETER \/ GET VOS BILLETS POUR LE CARNAVAL DE RIO &nbsp; &nbsp;Allez \u00e0 notre magasin en ligne &nbsp; http:\/\/www.carnavalticketrio.com Payer avec PayPal. de mani\u00e8re s\u00fbre et facile \u00e0 payer. Vous devez choisir l&#8217;endroit o\u00f9 vous voulez prendre votre Billets. <a href=\"https:\/\/carnival.ticketrio.com.br\/fr\/comment-acheter-recevoir-rio-carnival-billets\/\"><\/p>\n<div class=\"read-more\">\n<p>Read more &#8250;<\/p>\n<\/div>\n<p><!-- end of .read-more --><\/a><\/p>\n","protected":false},"author":1,"featured_media":0,"parent":0,"menu_order":0,"comment_status":"closed","ping_status":"closed","template":"template-main-right.php","meta":{"_exactmetrics_skip_tracking":false,"_exactmetrics_sitenote_active":false,"_exactmetrics_sitenote_note":"","_exactmetrics_sitenote_category":0,"ngg_post_thumbnail":0,"_joinchat":[],"footnotes":""},"class_list":["post-378","page","type-page","status-publish","hentry"],"yoast_head":"<!-- This site is optimized with the Yoast SEO plugin v25.7 - https:\/\/yoast.com\/wordpress\/plugins\/seo\/ -->\n<title>Rio Carnaval billets 2026. COMMENT ACHETER GET VOS BILLETS POUR LE CARNAVAL DE RIO<\/title>\n<meta name=\"description\" content=\"Carnaval Rio billets. COMMENT ACHETER GET VOS BILLETS POUR LE CARNAVAL DE RIO, BILLET CARNAVAL RIO\" \/>\n<meta name=\"robots\" content=\"index, follow, max-snippet:-1, max-image-preview:large, max-video-preview:-1\" \/>\n<link rel=\"canonical\" href=\"https:\/\/carnival.ticketrio.com.br\/fr\/comment-acheter-recevoir-rio-carnival-billets\/\" \/>\n<meta property=\"og:locale\" content=\"pt_BR\" \/>\n<meta property=\"og:type\" content=\"article\" \/>\n<meta property=\"og:title\" content=\"Rio Carnaval billets 2026. COMMENT ACHETER GET VOS BILLETS POUR LE CARNAVAL DE RIO\" \/>\n<meta property=\"og:description\" content=\"Carnaval Rio billets. COMMENT ACHETER GET VOS BILLETS POUR LE CARNAVAL DE RIO, BILLET CARNAVAL RIO\" \/>\n<meta property=\"og:url\" content=\"https:\/\/carnival.ticketrio.com.br\/fr\/comment-acheter-recevoir-rio-carnival-billets\/\" \/>\n<meta property=\"og:site_name\" content=\"Ticket Rio - Billets Rio Carnaval, Tickets for Rio Carnival, Comprar Boletos Carnaval Rio, Rio Carnival Tickets. Karneval Rio Tickets, Rio Carnevale Biglietti, Rio de Janeiro Carnival Tickets Sambadrome. Boletos Carnaval R\u00edo.\" \/>\n<meta property=\"article:publisher\" content=\"https:\/\/www.facebook.com\/ticketrio\/?fref=nf\" \/>\n<meta property=\"article:modified_time\" content=\"2025-04-25T15:04:18+00:00\" \/>\n<meta property=\"og:image\" content=\"https:\/\/carnival.ticketrio.com.br\/wp-content\/uploads\/2016\/10\/ticketrio_logo-300x148.png\" \/>\n<meta name=\"twitter:card\" content=\"summary_large_image\" \/>\n<meta name=\"twitter:site\" content=\"@carnavalticket\" \/>\n<meta name=\"twitter:label1\" content=\"Est. tempo de leitura\" \/>\n\t<meta name=\"twitter:data1\" content=\"2 minutos\" \/>\n<!-- \/ Yoast SEO plugin. -->","yoast_head_json":{"title":"Rio Carnaval billets 2026. COMMENT ACHETER GET VOS BILLETS POUR LE CARNAVAL DE RIO","description":"Carnaval Rio billets. COMMENT ACHETER GET VOS BILLETS POUR LE CARNAVAL DE RIO, BILLET CARNAVAL RIO","robots":{"index":"index","follow":"follow","max-snippet":"max-snippet:-1","max-image-preview":"max-image-preview:large","max-video-preview":"max-video-preview:-1"},"canonical":"https:\/\/carnival.ticketrio.com.br\/fr\/comment-acheter-recevoir-rio-carnival-billets\/","og_locale":"pt_BR","og_type":"article","og_title":"Rio Carnaval billets 2026. COMMENT ACHETER GET VOS BILLETS POUR LE CARNAVAL DE RIO","og_description":"Carnaval Rio billets. COMMENT ACHETER GET VOS BILLETS POUR LE CARNAVAL DE RIO, BILLET CARNAVAL RIO","og_url":"https:\/\/carnival.ticketrio.com.br\/fr\/comment-acheter-recevoir-rio-carnival-billets\/","og_site_name":"Ticket Rio - Billets Rio Carnaval, Tickets for Rio Carnival, Comprar Boletos Carnaval Rio, Rio Carnival Tickets. Karneval Rio Tickets, Rio Carnevale Biglietti, Rio de Janeiro Carnival Tickets Sambadrome. Boletos Carnaval R\u00edo.","article_publisher":"https:\/\/www.facebook.com\/ticketrio\/?fref=nf","article_modified_time":"2025-04-25T15:04:18+00:00","og_image":[{"url":"https:\/\/carnival.ticketrio.com.br\/wp-content\/uploads\/2016\/10\/ticketrio_logo-300x148.png","type":"","width":"","height":""}],"twitter_card":"summary_large_image","twitter_site":"@carnavalticket","twitter_misc":{"Est. tempo de leitura":"2 minutos"},"schema":{"@context":"https:\/\/schema.org","@graph":[{"@type":"WebPage","@id":"https:\/\/carnival.ticketrio.com.br\/fr\/comment-acheter-recevoir-rio-carnival-billets\/","url":"https:\/\/carnival.ticketrio.com.br\/fr\/comment-acheter-recevoir-rio-carnival-billets\/","name":"Rio Carnaval billets 2026. COMMENT ACHETER GET VOS BILLETS POUR LE CARNAVAL DE RIO","isPartOf":{"@id":"https:\/\/carnival.ticketrio.com.br\/#website"},"primaryImageOfPage":{"@id":"https:\/\/carnival.ticketrio.com.br\/fr\/comment-acheter-recevoir-rio-carnival-billets\/#primaryimage"},"image":{"@id":"https:\/\/carnival.ticketrio.com.br\/fr\/comment-acheter-recevoir-rio-carnival-billets\/#primaryimage"},"thumbnailUrl":"https:\/\/carnival.ticketrio.com.br\/wp-content\/uploads\/2016\/10\/ticketrio_logo-300x148.png","datePublished":"2016-10-28T01:49:21+00:00","dateModified":"2025-04-25T15:04:18+00:00","description":"Carnaval Rio billets. COMMENT ACHETER GET VOS BILLETS POUR LE CARNAVAL DE RIO, BILLET CARNAVAL RIO","breadcrumb":{"@id":"https:\/\/carnival.ticketrio.com.br\/fr\/comment-acheter-recevoir-rio-carnival-billets\/#breadcrumb"},"inLanguage":"pt-BR","potentialAction":[{"@type":"ReadAction","target":["https:\/\/carnival.ticketrio.com.br\/fr\/comment-acheter-recevoir-rio-carnival-billets\/"]}]},{"@type":"ImageObject","inLanguage":"pt-BR","@id":"https:\/\/carnival.ticketrio.com.br\/fr\/comment-acheter-recevoir-rio-carnival-billets\/#primaryimage","url":"https:\/\/carnival.ticketrio.com.br\/wp-content\/uploads\/2016\/10\/ticketrio_logo-300x148.png","contentUrl":"https:\/\/carnival.ticketrio.com.br\/wp-content\/uploads\/2016\/10\/ticketrio_logo-300x148.png"},{"@type":"BreadcrumbList","@id":"https:\/\/carnival.ticketrio.com.br\/fr\/comment-acheter-recevoir-rio-carnival-billets\/#breadcrumb","itemListElement":[{"@type":"ListItem","position":1,"name":"Home","item":"https:\/\/carnival.ticketrio.com.br\/it\/rio-biglietti-carnival-2\/"},{"@type":"ListItem","position":2,"name":"Comment acheter \/ Recevoir"}]},{"@type":"WebSite","@id":"https:\/\/carnival.ticketrio.com.br\/#website","url":"https:\/\/carnival.ticketrio.com.br\/","name":"Ticket Rio - Billets Rio Carnaval, Tickets for Rio Carnival, Comprar Boletos Carnaval Rio, Rio Carnival Tickets. Karneval Rio Tickets, Rio Carnevale Biglietti, Rio de Janeiro Carnival Tickets Sambadrome. Boletos Carnaval R\u00edo.","description":"Rio carnival parade tickets sambadrome 2026. Acheter billets Rio Carnaval. Comprar Boletos Rio Carnaval boletos Carnevale di Rio biglietti Karneval Rio de Janeiro Carnaval tickets 2026. Boletos Carnaval R\u00edo. Rio de Janeiro Carnival Tickets. Tickets Rio Carnival Sambadrome.","publisher":{"@id":"https:\/\/carnival.ticketrio.com.br\/#organization"},"potentialAction":[{"@type":"SearchAction","target":{"@type":"EntryPoint","urlTemplate":"https:\/\/carnival.ticketrio.com.br\/?s={search_term_string}"},"query-input":{"@type":"PropertyValueSpecification","valueRequired":true,"valueName":"search_term_string"}}],"inLanguage":"pt-BR"},{"@type":"Organization","@id":"https:\/\/carnival.ticketrio.com.br\/#organization","name":"Rio Carnaval billet 2018 - Rio Carnaval Entradas, Rio Carnaval Billets, Rio Karneval Tickets, Rio Carnival Parade Sambadrome Tickets","url":"https:\/\/carnival.ticketrio.com.br\/","logo":{"@type":"ImageObject","inLanguage":"pt-BR","@id":"https:\/\/carnival.ticketrio.com.br\/#\/schema\/logo\/image\/","url":"https:\/\/carnival-ticketrio.com\/wp-content\/uploads\/2016\/10\/ticket01-e1476303239999.png","contentUrl":"https:\/\/carnival-ticketrio.com\/wp-content\/uploads\/2016\/10\/ticket01-e1476303239999.png","width":200,"height":99,"caption":"Rio Carnaval billet 2018 - Rio Carnaval Entradas, Rio Carnaval Billets, Rio Karneval Tickets, Rio Carnival Parade Sambadrome Tickets"},"image":{"@id":"https:\/\/carnival.ticketrio.com.br\/#\/schema\/logo\/image\/"},"sameAs":["https:\/\/www.facebook.com\/ticketrio\/?fref=nf","https:\/\/x.com\/carnavalticket","https:\/\/www.youtube.com\/watch?v=iApTAnu9-ho"]}]}},"_links":{"self":[{"href":"https:\/\/carnival.ticketrio.com.br\/pt\/wp-json\/wp\/v2\/pages\/378","targetHints":{"allow":["GET"]}}],"collection":[{"href":"https:\/\/carnival.ticketrio.com.br\/pt\/wp-json\/wp\/v2\/pages"}],"about":[{"href":"https:\/\/carnival.ticketrio.com.br\/pt\/wp-json\/wp\/v2\/types\/page"}],"author":[{"embeddable":true,"href":"https:\/\/carnival.ticketrio.com.br\/pt\/wp-json\/wp\/v2\/users\/1"}],"replies":[{"embeddable":true,"href":"https:\/\/carnival.ticketrio.com.br\/pt\/wp-json\/wp\/v2\/comments?post=378"}],"version-history":[{"count":2,"href":"https:\/\/carnival.ticketrio.com.br\/pt\/wp-json\/wp\/v2\/pages\/378\/revisions"}],"predecessor-version":[{"id":1968,"href":"https:\/\/carnival.ticketrio.com.br\/pt\/wp-json\/wp\/v2\/pages\/378\/revisions\/1968"}],"wp:attachment":[{"href":"https:\/\/carnival.ticketrio.com.br\/pt\/wp-json\/wp\/v2\/media?parent=378"}],"curies":[{"name":"wp","href":"https:\/\/api.w.org\/{rel}","templated":true}]}}